{"id":10081,"date":"2022-04-26T20:00:21","date_gmt":"2022-04-26T18:00:21","guid":{"rendered":"https:\/\/tannaskroket.se\/?page_id=10081"},"modified":"2025-02-20T15:50:24","modified_gmt":"2025-02-20T14:50:24","slug":"einen-sup-funasfjallen-mieten","status":"publish","type":"page","link":"https:\/\/tannaskroket.se\/de\/sommar\/hyr-en-sup-funasfjallen\/","title":{"rendered":"Paddeln S.U.P."},"content":{"rendered":"\t\t<div data-elementor-type=\"wp-page\" data-elementor-id=\"10081\" class=\"elementor elementor-10081\" data-elementor-post-type=\"page\">\n\t\t\t\t\t\t<section class=\"elementor-section elementor-top-section elementor-element elementor-element-0f52069 elementor-section-height-min-height full-height-header elementor-section-boxed elementor-section-height-default elementor-section-items-middle\" data-id=\"0f52069\" data-element_type=\"section\" data-e-type=\"section\" data-settings=\"{&quot;background_background&quot;:&quot;classic&quot;,&quot;sticky&quot;:&quot;top&quot;,&quot;sticky_offset&quot;:95,&quot;sticky_on&quot;:[&quot;desktop&quot;,&quot;tablet&quot;,&quot;mobile&quot;],&quot;sticky_effects_offset&quot;:0,&quot;sticky_anchor_link_offset&quot;:0}\">\n\t\t\t\t\t\t<div class=\"elementor-container elementor-column-gap-default\">\n\t\t\t\t\t<div class=\"elementor-column elementor-col-100 elementor-top-column elementor-element elementor-element-27b4c23\" data-id=\"27b4c23\" data-element_type=\"column\" data-e-type=\"column\">\n\t\t\t<div class=\"elementor-widget-wrap elementor-element-populated\">\n\t\t\t\t\t\t<section class=\"elementor-section elementor-inner-section elementor-element elementor-element-48f780c full-height-header-content elementor-section-boxed elementor-section-height-default elementor-section-height-default\" data-id=\"48f780c\" data-element_type=\"section\" data-e-type=\"section\" data-settings=\"{&quot;background_background&quot;:&quot;classic&quot;}\">\n\t\t\t\t\t\t<div class=\"elementor-container elementor-column-gap-default\">\n\t\t\t\t\t<div class=\"elementor-column elementor-col-100 elementor-inner-column elementor-element elementor-element-a92cf38\" data-id=\"a92cf38\" data-element_type=\"column\" data-e-type=\"column\">\n\t\t\t<div class=\"elementor-widget-wrap elementor-element-populated\">\n\t\t\t\t\t\t<div class=\"elementor-element elementor-element-15c6a9e full-height-header-content-h1 elementor-widget elementor-widget-heading\" data-id=\"15c6a9e\" data-element_type=\"widget\" data-e-type=\"widget\" data-widget_type=\"heading.default\">\n\t\t\t\t<div class=\"elementor-widget-container\">\n\t\t\t\t\t<h1 class=\"elementor-heading-title elementor-size-default\">Upplev fj\u00e4llen fr\u00e5n vattnet<\/h1>\t\t\t\t<\/div>\n\t\t\t\t<\/div>\n\t\t\t\t<div class=\"elementor-element elementor-element-fc91e80 full-height-header-content-more elementor-widget elementor-widget-heading\" data-id=\"fc91e80\" data-element_type=\"widget\" data-e-type=\"widget\" data-widget_type=\"heading.default\">\n\t\t\t\t<div class=\"elementor-widget-container\">\n\t\t\t\t\t<h3 class=\"elementor-heading-title elementor-size-default\">L\u00e4s mer<\/h3>\t\t\t\t<\/div>\n\t\t\t\t<\/div>\n\t\t\t\t<div class=\"elementor-element elementor-element-ff089bd full-height-header-content-icon elementor-view-default elementor-widget elementor-widget-icon\" data-id=\"ff089bd\" data-element_type=\"widget\" data-e-type=\"widget\" data-widget_type=\"icon.default\">\n\t\t\t\t<div class=\"elementor-widget-container\">\n\t\t\t\t\t\t\t<div class=\"elementor-icon-wrapper\">\n\t\t\t<div class=\"elementor-icon\">\n\t\t\t<i aria-hidden=\"true\" class=\"fas fa-chevron-down\"><\/i>\t\t\t<\/div>\n\t\t<\/div>\n\t\t\t\t\t\t<\/div>\n\t\t\t\t<\/div>\n\t\t\t\t\t<\/div>\n\t\t<\/div>\n\t\t\t\t\t<\/div>\n\t\t<\/section>\n\t\t\t\t\t<\/div>\n\t\t<\/div>\n\t\t\t\t\t<\/div>\n\t\t<\/section>\n\t\t\t\t<section class=\"elementor-section elementor-top-section elementor-element elementor-element-549293f elementor-standard-section elementor-section-boxed elementor-section-height-default elementor-section-height-default\" data-id=\"549293f\" data-element_type=\"section\" data-e-type=\"section\" data-settings=\"{&quot;background_background&quot;:&quot;classic&quot;}\">\n\t\t\t\t\t\t<div class=\"elementor-container elementor-column-gap-default\">\n\t\t\t\t\t<div class=\"elementor-column elementor-col-100 elementor-top-column elementor-element elementor-element-6439840\" data-id=\"6439840\" data-element_type=\"column\" data-e-type=\"column\">\n\t\t\t<div class=\"elementor-widget-wrap elementor-element-populated\">\n\t\t\t\t\t\t<section class=\"elementor-section elementor-inner-section elementor-element elementor-element-081d327 elementor-section-boxed elementor-section-height-default elementor-section-height-default\" data-id=\"081d327\" data-element_type=\"section\" data-e-type=\"section\">\n\t\t\t\t\t\t<div class=\"elementor-container elementor-column-gap-default\">\n\t\t\t\t\t<div class=\"elementor-column elementor-col-100 elementor-inner-column elementor-element elementor-element-5cfaf46\" data-id=\"5cfaf46\" data-element_type=\"column\" data-e-type=\"column\">\n\t\t\t<div class=\"elementor-widget-wrap elementor-element-populated\">\n\t\t\t\t\t\t<div class=\"elementor-element elementor-element-4a6ea63 elementor-widget elementor-widget-heading\" data-id=\"4a6ea63\" data-element_type=\"widget\" data-e-type=\"widget\" data-widget_type=\"heading.default\">\n\t\t\t\t<div class=\"elementor-widget-container\">\n\t\t\t\t\t<h2 class=\"elementor-heading-title elementor-size-default\">STAND-UP-PADDLE BR\u00c4DA<\/h2>\t\t\t\t<\/div>\n\t\t\t\t<\/div>\n\t\t\t\t\t<\/div>\n\t\t<\/div>\n\t\t\t\t\t<\/div>\n\t\t<\/section>\n\t\t\t\t<section class=\"elementor-section elementor-inner-section elementor-element elementor-element-518af28 elementor-section-boxed elementor-section-height-default elementor-section-height-default\" data-id=\"518af28\" data-element_type=\"section\" data-e-type=\"section\">\n\t\t\t\t\t\t<div class=\"elementor-container elementor-column-gap-default\">\n\t\t\t\t\t<div class=\"elementor-column elementor-col-33 elementor-inner-column elementor-element elementor-element-d41ab39\" data-id=\"d41ab39\" data-element_type=\"column\" data-e-type=\"column\">\n\t\t\t<div class=\"elementor-widget-wrap elementor-element-populated\">\n\t\t\t\t\t\t<div class=\"elementor-element elementor-element-14b192f elementor-widget elementor-widget-text-editor\" data-id=\"14b192f\" data-element_type=\"widget\" data-e-type=\"widget\" data-widget_type=\"text-editor.default\">\n\t\t\t\t<div class=\"elementor-widget-container\">\n\t\t\t\t\t\t\t\t\t<h3>Stand Up Paddling<\/h3><div id=\"cb_js_detail_info_1930164\" class=\"cb-clmn-2\"><div class=\"cb-descr cb-text-format\"><div class=\"cb-cnt-tgl cb-clpsd cb-js-descr\">Att paddla Stand Up Paddleboard (SUP) \u00e4r ett annorlunda s\u00e4tt att ta sig fram p\u00e5 vattnet. Du anv\u00e4nder hela kroppen samtidigt som du kan njuta av underbara vyer i fj\u00e4llmilj\u00f6.\u00a0Hyr din Stand Up Paddle br\u00e4da och ge dig ut p\u00e5 en upplevelse p\u00e5 vattnet. Den \u00e4r uppbl\u00e5sbar s\u00e5 vill man utforska Fun\u00e4sfj\u00e4llens vatten finns alla m\u00f6jligheter. Paddel och flytv\u00e4st ing\u00e5r.<\/div><div class=\"cb-cnt-tgl cb-clpsd cb-js-descr\">B\u00f6rja din upplevelse p\u00e5 v\u00e5r fina tj\u00e4rn vid T\u00e4nn\u00e4skr\u00f6ket. L\u00e4ngs Ljusnan kan man b\u00e5de paddla SUP och ta ett bad. Ta med dig v\u00e4skan med v\u00e5r uppbl\u00e5sbara SUP i och njut av Ljusnans ringlande vatten fr\u00e5n Flon i Bruksvallarna till Bruksg\u00e5rden. Efter Bruksg\u00e5rden s\u00e5 blir det mer str\u00f6mmande vatten. Du passerar m\u00e5nga fina stopp f\u00f6r lunch och fika p\u00e5 de m\u00e5nga str\u00e4nderna l\u00e4ngs v\u00e4gen, det finns \u00e4ven m\u00f6jlighet till att fiska och bada i det kristallklara vattnet.\u00a0T\u00e4nk p\u00e5\u00a0att detta \u00e4r en l\u00e4ngre tur s\u00e5 starta vid Flon paddla nedstr\u00f6ms i lugn takt, njut av omgivningen och v\u00e4nd n\u00e4r det passar dig.<\/div><\/div><\/div>\t\t\t\t\t\t\t\t<\/div>\n\t\t\t\t<\/div>\n\t\t\t\t\t<\/div>\n\t\t<\/div>\n\t\t\t\t<div class=\"elementor-column elementor-col-33 elementor-inner-column elementor-element elementor-element-1e78a17\" data-id=\"1e78a17\" data-element_type=\"column\" data-e-type=\"column\">\n\t\t\t<div class=\"elementor-widget-wrap elementor-element-populated\">\n\t\t\t\t\t\t<div class=\"elementor-element elementor-element-de5aade elementor-widget elementor-widget-image\" data-id=\"de5aade\" data-element_type=\"widget\" data-e-type=\"widget\" data-widget_type=\"image.default\">\n\t\t\t\t<div class=\"elementor-widget-container\">\n\t\t\t\t\t\t\t\t\t\t\t\t\t\t\t<img fetchpriority=\"high\" decoding=\"async\" width=\"683\" height=\"1024\" src=\"https:\/\/tannaskroket.se\/wp-content\/uploads\/2023\/04\/SUP22-683x1024.jpg\" class=\"attachment-large size-large wp-image-10082\" alt=\"SUP\" srcset=\"https:\/\/tannaskroket.se\/wp-content\/uploads\/2023\/04\/SUP22-683x1024.jpg 683w, https:\/\/tannaskroket.se\/wp-content\/uploads\/2023\/04\/SUP22-200x300.jpg 200w, https:\/\/tannaskroket.se\/wp-content\/uploads\/2023\/04\/SUP22-768x1152.jpg 768w, https:\/\/tannaskroket.se\/wp-content\/uploads\/2023\/04\/SUP22-1024x1536.jpg 1024w, https:\/\/tannaskroket.se\/wp-content\/uploads\/2023\/04\/SUP22-1365x2048.jpg 1365w, https:\/\/tannaskroket.se\/wp-content\/uploads\/2023\/04\/SUP22-8x12.jpg 8w, https:\/\/tannaskroket.se\/wp-content\/uploads\/2023\/04\/SUP22-16x24.jpg 16w, https:\/\/tannaskroket.se\/wp-content\/uploads\/2023\/04\/SUP22-24x36.jpg 24w, https:\/\/tannaskroket.se\/wp-content\/uploads\/2023\/04\/SUP22-32x48.jpg 32w, https:\/\/tannaskroket.se\/wp-content\/uploads\/2023\/04\/SUP22-scaled.jpg 1707w\" sizes=\"(max-width: 683px) 100vw, 683px\" \/>\t\t\t\t\t\t\t\t\t\t\t\t\t\t\t<\/div>\n\t\t\t\t<\/div>\n\t\t\t\t\t<\/div>\n\t\t<\/div>\n\t\t\t\t<div class=\"elementor-column elementor-col-33 elementor-inner-column elementor-element elementor-element-6b1d78c\" data-id=\"6b1d78c\" data-element_type=\"column\" data-e-type=\"column\">\n\t\t\t<div class=\"elementor-widget-wrap\">\n\t\t\t\t\t\t\t<\/div>\n\t\t<\/div>\n\t\t\t\t\t<\/div>\n\t\t<\/section>\n\t\t\t\t\t<\/div>\n\t\t<\/div>\n\t\t\t\t\t<\/div>\n\t\t<\/section>\n\t\t\t\t<\/div>\n\t\t","protected":false},"excerpt":{"rendered":"<p>Upplev fj\u00e4llen fr\u00e5n vattnet L\u00e4s mer STAND-UP-PADDLE BR\u00c4DA Stand Up Paddling Att paddla Stand Up Paddleboard (SUP) \u00e4r ett annorlunda s\u00e4tt att ta sig fram p\u00e5 vattnet. Du anv\u00e4nder hela kroppen samtidigt som du kan njuta av underbara vyer i fj\u00e4llmilj\u00f6.\u00a0Hyr din Stand Up Paddle br\u00e4da och ge dig ut p\u00e5 en upplevelse p\u00e5 vattnet. [&hellip;]<\/p>\n","protected":false},"author":2,"featured_media":10097,"parent":1468,"menu_order":0,"comment_status":"closed","ping_status":"closed","template":"","meta":{"site-sidebar-layout":"no-sidebar","site-content-layout":"page-builder","ast-site-content-layout":"default","site-content-style":"default","site-sidebar-style":"default","ast-global-header-display":"","ast-banner-title-visibility":"","ast-main-header-display":"","ast-hfb-above-header-display":"","ast-hfb-below-header-display":"","ast-hfb-mobile-header-display":"","site-post-title":"disabled","ast-breadcrumbs-content":"","ast-featured-img":"disabled","footer-sml-layout":"","ast-disable-related-posts":"","theme-transparent-header-meta":"","adv-header-id-meta":"","stick-header-meta":"","header-above-stick-meta":"","header-main-stick-meta":"","header-below-stick-meta":"","astra-migrate-meta-layouts":"default","ast-page-background-enabled":"default","ast-page-background-meta":{"desktop":{"background-color":"var(--ast-global-color-4)","background-image":"","background-repeat":"repeat","background-position":"center center","background-size":"auto","background-attachment":"scroll","background-type":"","background-media":"","overlay-type":"","overlay-color":"","overlay-opacity":"","overlay-gradient":""},"tablet":{"background-color":"","background-image":"","background-repeat":"repeat","background-position":"center center","background-size":"auto","background-attachment":"scroll","background-type":"","background-media":"","overlay-type":"","overlay-color":"","overlay-opacity":"","overlay-gradient":""},"mobile":{"background-color":"","background-image":"","background-repeat":"repeat","background-position":"center center","background-size":"auto","background-attachment":"scroll","background-type":"","background-media":"","overlay-type":"","overlay-color":"","overlay-opacity":"","overlay-gradient":""}},"ast-content-background-meta":{"desktop":{"background-color":"var(--ast-global-color-5)","background-image":"","background-repeat":"repeat","background-position":"center center","background-size":"auto","background-attachment":"scroll","background-type":"","background-media":"","overlay-type":"","overlay-color":"","overlay-opacity":"","overlay-gradient":""},"tablet":{"background-color":"var(--ast-global-color-5)","background-image":"","background-repeat":"repeat","background-position":"center center","background-size":"auto","background-attachment":"scroll","background-type":"","background-media":"","overlay-type":"","overlay-color":"","overlay-opacity":"","overlay-gradient":""},"mobile":{"background-color":"var(--ast-global-color-5)","background-image":"","background-repeat":"repeat","background-position":"center center","background-size":"auto","background-attachment":"scroll","background-type":"","background-media":"","overlay-type":"","overlay-color":"","overlay-opacity":"","overlay-gradient":""}},"footnotes":""},"sidkategorier":[51],"class_list":["post-10081","page","type-page","status-publish","has-post-thumbnail","hentry","sidkategorier-sommar"],"yoast_head":"<!-- This site is optimized with the Yoast SEO plugin v27.1.1 - https:\/\/yoast.com\/product\/yoast-seo-wordpress\/ -->\n<title>Paddla S.U.P. - T\u00e4nn\u00e4skr\u00f6ket<\/title>\n<meta name=\"robots\" content=\"index, follow, max-snippet:-1, max-image-preview:large, max-video-preview:-1\" \/>\n<link rel=\"canonical\" href=\"https:\/\/tannaskroket.se\/de\/sommer\/einen-sup-funasfjallen-mieten\/\" \/>\n<meta property=\"og:locale\" content=\"de_DE\" \/>\n<meta property=\"og:type\" content=\"article\" \/>\n<meta property=\"og:title\" content=\"Paddla S.U.P. - T\u00e4nn\u00e4skr\u00f6ket\" \/>\n<meta property=\"og:description\" content=\"Upplev fj\u00e4llen fr\u00e5n vattnet L\u00e4s mer STAND-UP-PADDLE BR\u00c4DA Stand Up Paddling Att paddla Stand Up Paddleboard (SUP) \u00e4r ett annorlunda s\u00e4tt att ta sig fram p\u00e5 vattnet. Du anv\u00e4nder hela kroppen samtidigt som du kan njuta av underbara vyer i fj\u00e4llmilj\u00f6.\u00a0Hyr din Stand Up Paddle br\u00e4da och ge dig ut p\u00e5 en upplevelse p\u00e5 vattnet. [&hellip;]\" \/>\n<meta property=\"og:url\" content=\"https:\/\/tannaskroket.se\/de\/sommer\/einen-sup-funasfjallen-mieten\/\" \/>\n<meta property=\"og:site_name\" content=\"T\u00e4nn\u00e4skr\u00f6ket\" \/>\n<meta property=\"article:publisher\" content=\"https:\/\/www.facebook.com\/Tannaskroket\/\" \/>\n<meta property=\"article:modified_time\" content=\"2025-02-20T14:50:24+00:00\" \/>\n<meta property=\"og:image\" content=\"https:\/\/tannaskroket.se\/wp-content\/uploads\/2023\/04\/hemkroket1-scaled.jpg\" \/>\n\t<meta property=\"og:image:width\" content=\"2560\" \/>\n\t<meta property=\"og:image:height\" content=\"1707\" \/>\n\t<meta property=\"og:image:type\" content=\"image\/jpeg\" \/>\n<meta name=\"twitter:card\" content=\"summary_large_image\" \/>\n<meta name=\"twitter:label1\" content=\"Gesch\u00e4tzte Lesezeit\" \/>\n\t<meta name=\"twitter:data1\" content=\"1\u00a0Minute\" \/>\n<script type=\"application\/ld+json\" class=\"yoast-schema-graph\">{\"@context\":\"https:\/\/schema.org\",\"@graph\":[{\"@type\":\"WebPage\",\"@id\":\"https:\/\/tannaskroket.se\/sommar\/hyr-en-sup-funasfjallen\/\",\"url\":\"https:\/\/tannaskroket.se\/sommar\/hyr-en-sup-funasfjallen\/\",\"name\":\"Paddla S.U.P. - T\u00e4nn\u00e4skr\u00f6ket\",\"isPartOf\":{\"@id\":\"https:\/\/tannaskroket.se\/#website\"},\"primaryImageOfPage\":{\"@id\":\"https:\/\/tannaskroket.se\/sommar\/hyr-en-sup-funasfjallen\/#primaryimage\"},\"image\":{\"@id\":\"https:\/\/tannaskroket.se\/sommar\/hyr-en-sup-funasfjallen\/#primaryimage\"},\"thumbnailUrl\":\"https:\/\/tannaskroket.se\/wp-content\/uploads\/2023\/04\/hemkroket1-scaled.jpg\",\"datePublished\":\"2022-04-26T18:00:21+00:00\",\"dateModified\":\"2025-02-20T14:50:24+00:00\",\"breadcrumb\":{\"@id\":\"https:\/\/tannaskroket.se\/sommar\/hyr-en-sup-funasfjallen\/#breadcrumb\"},\"inLanguage\":\"de\",\"potentialAction\":[{\"@type\":\"ReadAction\",\"target\":[\"https:\/\/tannaskroket.se\/sommar\/hyr-en-sup-funasfjallen\/\"]}]},{\"@type\":\"ImageObject\",\"inLanguage\":\"de\",\"@id\":\"https:\/\/tannaskroket.se\/sommar\/hyr-en-sup-funasfjallen\/#primaryimage\",\"url\":\"https:\/\/tannaskroket.se\/wp-content\/uploads\/2023\/04\/hemkroket1-scaled.jpg\",\"contentUrl\":\"https:\/\/tannaskroket.se\/wp-content\/uploads\/2023\/04\/hemkroket1-scaled.jpg\",\"width\":2560,\"height\":1707,\"caption\":\"Paddla SUP br\u00e4da i Fun\u00e4sfj\u00e4llen\"},{\"@type\":\"BreadcrumbList\",\"@id\":\"https:\/\/tannaskroket.se\/sommar\/hyr-en-sup-funasfjallen\/#breadcrumb\",\"itemListElement\":[{\"@type\":\"ListItem\",\"position\":1,\"name\":\"Home\",\"item\":\"https:\/\/tannaskroket.se\/\"},{\"@type\":\"ListItem\",\"position\":2,\"name\":\"Sommar\",\"item\":\"https:\/\/tannaskroket.se\/sommar\/\"},{\"@type\":\"ListItem\",\"position\":3,\"name\":\"Paddla S.U.P.\"}]},{\"@type\":\"WebSite\",\"@id\":\"https:\/\/tannaskroket.se\/#website\",\"url\":\"https:\/\/tannaskroket.se\/\",\"name\":\"T\u00e4nn\u00e4skr\u00f6ket\",\"description\":\"Ett eget st\u00e4lle i fj\u00e4llen\",\"publisher\":{\"@id\":\"https:\/\/tannaskroket.se\/#organization\"},\"potentialAction\":[{\"@type\":\"SearchAction\",\"target\":{\"@type\":\"EntryPoint\",\"urlTemplate\":\"https:\/\/tannaskroket.se\/?s={search_term_string}\"},\"query-input\":{\"@type\":\"PropertyValueSpecification\",\"valueRequired\":true,\"valueName\":\"search_term_string\"}}],\"inLanguage\":\"de\"},{\"@type\":\"Organization\",\"@id\":\"https:\/\/tannaskroket.se\/#organization\",\"name\":\"T\u00e4nn\u00e4skr\u00f6ket\",\"url\":\"https:\/\/tannaskroket.se\/\",\"logo\":{\"@type\":\"ImageObject\",\"inLanguage\":\"de\",\"@id\":\"https:\/\/tannaskroket.se\/#\/schema\/logo\/image\/\",\"url\":\"https:\/\/tannaskroket.se\/wp-content\/uploads\/2022\/10\/tk_logo_100_s2.png\",\"contentUrl\":\"https:\/\/tannaskroket.se\/wp-content\/uploads\/2022\/10\/tk_logo_100_s2.png\",\"width\":100,\"height\":100,\"caption\":\"T\u00e4nn\u00e4skr\u00f6ket\"},\"image\":{\"@id\":\"https:\/\/tannaskroket.se\/#\/schema\/logo\/image\/\"},\"sameAs\":[\"https:\/\/www.facebook.com\/Tannaskroket\/\",\"https:\/\/www.instagram.com\/tannaskroket\/\"]}]}<\/script>\n<!-- \/ Yoast SEO plugin. -->","yoast_head_json":{"title":"Paddeln S.U.P. - T\u00e4nn\u00e4skr\u00f6ket","robots":{"index":"index","follow":"follow","max-snippet":"max-snippet:-1","max-image-preview":"max-image-preview:large","max-video-preview":"max-video-preview:-1"},"canonical":"https:\/\/tannaskroket.se\/de\/sommer\/einen-sup-funasfjallen-mieten\/","og_locale":"de_DE","og_type":"article","og_title":"Paddla S.U.P. - T\u00e4nn\u00e4skr\u00f6ket","og_description":"Upplev fj\u00e4llen fr\u00e5n vattnet L\u00e4s mer STAND-UP-PADDLE BR\u00c4DA Stand Up Paddling Att paddla Stand Up Paddleboard (SUP) \u00e4r ett annorlunda s\u00e4tt att ta sig fram p\u00e5 vattnet. Du anv\u00e4nder hela kroppen samtidigt som du kan njuta av underbara vyer i fj\u00e4llmilj\u00f6.\u00a0Hyr din Stand Up Paddle br\u00e4da och ge dig ut p\u00e5 en upplevelse p\u00e5 vattnet. [&hellip;]","og_url":"https:\/\/tannaskroket.se\/de\/sommer\/einen-sup-funasfjallen-mieten\/","og_site_name":"T\u00e4nn\u00e4skr\u00f6ket","article_publisher":"https:\/\/www.facebook.com\/Tannaskroket\/","article_modified_time":"2025-02-20T14:50:24+00:00","og_image":[{"width":2560,"height":1707,"url":"https:\/\/tannaskroket.se\/wp-content\/uploads\/2023\/04\/hemkroket1-scaled.jpg","type":"image\/jpeg"}],"twitter_card":"summary_large_image","twitter_misc":{"Gesch\u00e4tzte Lesezeit":"1\u00a0Minute"},"schema":{"@context":"https:\/\/schema.org","@graph":[{"@type":"WebPage","@id":"https:\/\/tannaskroket.se\/sommar\/hyr-en-sup-funasfjallen\/","url":"https:\/\/tannaskroket.se\/sommar\/hyr-en-sup-funasfjallen\/","name":"Paddeln S.U.P. - T\u00e4nn\u00e4skr\u00f6ket","isPartOf":{"@id":"https:\/\/tannaskroket.se\/#website"},"primaryImageOfPage":{"@id":"https:\/\/tannaskroket.se\/sommar\/hyr-en-sup-funasfjallen\/#primaryimage"},"image":{"@id":"https:\/\/tannaskroket.se\/sommar\/hyr-en-sup-funasfjallen\/#primaryimage"},"thumbnailUrl":"https:\/\/tannaskroket.se\/wp-content\/uploads\/2023\/04\/hemkroket1-scaled.jpg","datePublished":"2022-04-26T18:00:21+00:00","dateModified":"2025-02-20T14:50:24+00:00","breadcrumb":{"@id":"https:\/\/tannaskroket.se\/sommar\/hyr-en-sup-funasfjallen\/#breadcrumb"},"inLanguage":"de","potentialAction":[{"@type":"ReadAction","target":["https:\/\/tannaskroket.se\/sommar\/hyr-en-sup-funasfjallen\/"]}]},{"@type":"ImageObject","inLanguage":"de","@id":"https:\/\/tannaskroket.se\/sommar\/hyr-en-sup-funasfjallen\/#primaryimage","url":"https:\/\/tannaskroket.se\/wp-content\/uploads\/2023\/04\/hemkroket1-scaled.jpg","contentUrl":"https:\/\/tannaskroket.se\/wp-content\/uploads\/2023\/04\/hemkroket1-scaled.jpg","width":2560,"height":1707,"caption":"Paddla SUP br\u00e4da i Fun\u00e4sfj\u00e4llen"},{"@type":"BreadcrumbList","@id":"https:\/\/tannaskroket.se\/sommar\/hyr-en-sup-funasfjallen\/#breadcrumb","itemListElement":[{"@type":"ListItem","position":1,"name":"Home","item":"https:\/\/tannaskroket.se\/"},{"@type":"ListItem","position":2,"name":"Sommar","item":"https:\/\/tannaskroket.se\/sommar\/"},{"@type":"ListItem","position":3,"name":"Paddla S.U.P."}]},{"@type":"WebSite","@id":"https:\/\/tannaskroket.se\/#website","url":"https:\/\/tannaskroket.se\/","name":"T\u00e4nn\u00e4skr\u00f6ket","description":"Ein eigener Platz in den Bergen","publisher":{"@id":"https:\/\/tannaskroket.se\/#organization"},"potentialAction":[{"@type":"SearchAction","target":{"@type":"EntryPoint","urlTemplate":"https:\/\/tannaskroket.se\/?s={search_term_string}"},"query-input":{"@type":"PropertyValueSpecification","valueRequired":true,"valueName":"search_term_string"}}],"inLanguage":"de"},{"@type":"Organization","@id":"https:\/\/tannaskroket.se\/#organization","name":"T\u00e4nn\u00e4skr\u00f6ket","url":"https:\/\/tannaskroket.se\/","logo":{"@type":"ImageObject","inLanguage":"de","@id":"https:\/\/tannaskroket.se\/#\/schema\/logo\/image\/","url":"https:\/\/tannaskroket.se\/wp-content\/uploads\/2022\/10\/tk_logo_100_s2.png","contentUrl":"https:\/\/tannaskroket.se\/wp-content\/uploads\/2022\/10\/tk_logo_100_s2.png","width":100,"height":100,"caption":"T\u00e4nn\u00e4skr\u00f6ket"},"image":{"@id":"https:\/\/tannaskroket.se\/#\/schema\/logo\/image\/"},"sameAs":["https:\/\/www.facebook.com\/Tannaskroket\/","https:\/\/www.instagram.com\/tannaskroket\/"]}]}},"_links":{"self":[{"href":"https:\/\/tannaskroket.se\/de\/wp-json\/wp\/v2\/pages\/10081","targetHints":{"allow":["GET"]}}],"collection":[{"href":"https:\/\/tannaskroket.se\/de\/wp-json\/wp\/v2\/pages"}],"about":[{"href":"https:\/\/tannaskroket.se\/de\/wp-json\/wp\/v2\/types\/page"}],"author":[{"embeddable":true,"href":"https:\/\/tannaskroket.se\/de\/wp-json\/wp\/v2\/users\/2"}],"replies":[{"embeddable":true,"href":"https:\/\/tannaskroket.se\/de\/wp-json\/wp\/v2\/comments?post=10081"}],"version-history":[{"count":16,"href":"https:\/\/tannaskroket.se\/de\/wp-json\/wp\/v2\/pages\/10081\/revisions"}],"predecessor-version":[{"id":13843,"href":"https:\/\/tannaskroket.se\/de\/wp-json\/wp\/v2\/pages\/10081\/revisions\/13843"}],"up":[{"embeddable":true,"href":"https:\/\/tannaskroket.se\/de\/wp-json\/wp\/v2\/pages\/1468"}],"wp:featuredmedia":[{"embeddable":true,"href":"https:\/\/tannaskroket.se\/de\/wp-json\/wp\/v2\/media\/10097"}],"wp:attachment":[{"href":"https:\/\/tannaskroket.se\/de\/wp-json\/wp\/v2\/media?parent=10081"}],"wp:term":[{"taxonomy":"sidkategorier","embeddable":true,"href":"https:\/\/tannaskroket.se\/de\/wp-json\/wp\/v2\/sidkategorier?post=10081"}],"curies":[{"name":"wp","href":"https:\/\/api.w.org\/{rel}","templated":true}]}}