{"id":1461,"date":"2014-12-01T23:23:38","date_gmt":"2014-12-01T22:23:38","guid":{"rendered":"https:\/\/dev.tannaskroket.se\/?page_id=1461"},"modified":"2023-08-03T08:47:15","modified_gmt":"2023-08-03T06:47:15","slug":"winterfischen","status":"publish","type":"page","link":"https:\/\/tannaskroket.se\/de\/vinter\/vinterfiske\/","title":{"rendered":"Winterangeln - Eisbarsch &amp; Jigging-Ruten"},"content":{"rendered":"\t\t<div data-elementor-type=\"wp-page\" data-elementor-id=\"1461\" class=\"elementor elementor-1461\" data-elementor-post-type=\"page\">\n\t\t\t\t\t\t<section class=\"elementor-section elementor-top-section elementor-element elementor-element-c5aa002 elementor-section-height-min-height full-height-header elementor-section-boxed elementor-section-height-default elementor-section-items-middle\" data-id=\"c5aa002\" data-element_type=\"section\" data-e-type=\"section\" data-settings=\"{&quot;background_background&quot;:&quot;classic&quot;,&quot;sticky&quot;:&quot;top&quot;,&quot;sticky_offset&quot;:95,&quot;sticky_on&quot;:[&quot;desktop&quot;,&quot;tablet&quot;,&quot;mobile&quot;],&quot;sticky_effects_offset&quot;:0,&quot;sticky_anchor_link_offset&quot;:0}\">\n\t\t\t\t\t\t<div class=\"elementor-container elementor-column-gap-default\">\n\t\t\t\t\t<div class=\"elementor-column elementor-col-100 elementor-top-column elementor-element elementor-element-cd81b7a\" data-id=\"cd81b7a\" data-element_type=\"column\" data-e-type=\"column\">\n\t\t\t<div class=\"elementor-widget-wrap elementor-element-populated\">\n\t\t\t\t\t\t<section class=\"elementor-section elementor-inner-section elementor-element elementor-element-6446f8d full-height-header-content elementor-section-boxed elementor-section-height-default elementor-section-height-default\" data-id=\"6446f8d\" data-element_type=\"section\" data-e-type=\"section\" data-settings=\"{&quot;background_background&quot;:&quot;classic&quot;}\">\n\t\t\t\t\t\t<div class=\"elementor-container elementor-column-gap-default\">\n\t\t\t\t\t<div class=\"elementor-column elementor-col-100 elementor-inner-column elementor-element elementor-element-63aa099\" data-id=\"63aa099\" data-element_type=\"column\" data-e-type=\"column\">\n\t\t\t<div class=\"elementor-widget-wrap elementor-element-populated\">\n\t\t\t\t\t\t<div class=\"elementor-element elementor-element-2a80425 full-height-header-h1 elementor-widget elementor-widget-heading\" data-id=\"2a80425\" data-element_type=\"widget\" data-e-type=\"widget\" data-widget_type=\"heading.default\">\n\t\t\t\t<div class=\"elementor-widget-container\">\n\t\t\t\t\t<h1 class=\"elementor-heading-title elementor-size-default\">N\u00c5GONSTANS D\u00c4R NERE UNDER ISEN SIMMAR DEN. DET \u00c4R BARA ATT V\u00c4NTA<\/h1>\t\t\t\t<\/div>\n\t\t\t\t<\/div>\n\t\t\t\t<div class=\"elementor-element elementor-element-858dd19 full-height-header-subheading elementor-widget elementor-widget-heading\" data-id=\"858dd19\" data-element_type=\"widget\" data-e-type=\"widget\" data-widget_type=\"heading.default\">\n\t\t\t\t<div class=\"elementor-widget-container\">\n\t\t\t\t\t<span class=\"elementor-heading-title elementor-size-default\">Isborr, pimpelsp\u00f6, t\u00e4nd en brasa och dra upp en \u00f6ring eller r\u00f6ding.<\/span>\t\t\t\t<\/div>\n\t\t\t\t<\/div>\n\t\t\t\t<div class=\"elementor-element elementor-element-1e31296 full-height-header-content-more elementor-widget elementor-widget-heading\" data-id=\"1e31296\" data-element_type=\"widget\" data-e-type=\"widget\" data-widget_type=\"heading.default\">\n\t\t\t\t<div class=\"elementor-widget-container\">\n\t\t\t\t\t<h3 class=\"elementor-heading-title elementor-size-default\">L\u00e4s mer<\/h3>\t\t\t\t<\/div>\n\t\t\t\t<\/div>\n\t\t\t\t<div class=\"elementor-element elementor-element-27be0b7 full-height-header-content-icon elementor-view-default elementor-widget elementor-widget-icon\" data-id=\"27be0b7\" data-element_type=\"widget\" data-e-type=\"widget\" data-widget_type=\"icon.default\">\n\t\t\t\t<div class=\"elementor-widget-container\">\n\t\t\t\t\t\t\t<div class=\"elementor-icon-wrapper\">\n\t\t\t<div class=\"elementor-icon\">\n\t\t\t<i aria-hidden=\"true\" class=\"fas fa-chevron-down\"><\/i>\t\t\t<\/div>\n\t\t<\/div>\n\t\t\t\t\t\t<\/div>\n\t\t\t\t<\/div>\n\t\t\t\t\t<\/div>\n\t\t<\/div>\n\t\t\t\t\t<\/div>\n\t\t<\/section>\n\t\t\t\t\t<\/div>\n\t\t<\/div>\n\t\t\t\t\t<\/div>\n\t\t<\/section>\n\t\t\t\t<section class=\"elementor-section elementor-top-section elementor-element elementor-element-d2d05f7 elementor-standard-section elementor-section-boxed elementor-section-height-default elementor-section-height-default\" data-id=\"d2d05f7\" data-element_type=\"section\" data-e-type=\"section\" data-settings=\"{&quot;background_background&quot;:&quot;classic&quot;}\">\n\t\t\t\t\t\t<div class=\"elementor-container elementor-column-gap-default\">\n\t\t\t\t\t<div class=\"elementor-column elementor-col-100 elementor-top-column elementor-element elementor-element-6ea614e\" data-id=\"6ea614e\" data-element_type=\"column\" data-e-type=\"column\">\n\t\t\t<div class=\"elementor-widget-wrap elementor-element-populated\">\n\t\t\t\t\t\t<section class=\"elementor-section elementor-inner-section elementor-element elementor-element-3e355f0 elementor-section-boxed elementor-section-height-default elementor-section-height-default\" data-id=\"3e355f0\" data-element_type=\"section\" data-e-type=\"section\">\n\t\t\t\t\t\t<div class=\"elementor-container elementor-column-gap-default\">\n\t\t\t\t\t<div class=\"elementor-column elementor-col-100 elementor-inner-column elementor-element elementor-element-20e842e\" data-id=\"20e842e\" data-element_type=\"column\" data-e-type=\"column\">\n\t\t\t<div class=\"elementor-widget-wrap elementor-element-populated\">\n\t\t\t\t\t\t<div class=\"elementor-element elementor-element-d294d19 elementor-widget elementor-widget-heading\" data-id=\"d294d19\" data-element_type=\"widget\" data-e-type=\"widget\" data-widget_type=\"heading.default\">\n\t\t\t\t<div class=\"elementor-widget-container\">\n\t\t\t\t\t<h2 class=\"elementor-heading-title elementor-size-default\">Fiske i T\u00e4nn\u00e4s<\/h2>\t\t\t\t<\/div>\n\t\t\t\t<\/div>\n\t\t\t\t\t<\/div>\n\t\t<\/div>\n\t\t\t\t\t<\/div>\n\t\t<\/section>\n\t\t\t\t<section class=\"elementor-section elementor-inner-section elementor-element elementor-element-0d4bf54 elementor-section-boxed elementor-section-height-default elementor-section-height-default\" data-id=\"0d4bf54\" data-element_type=\"section\" data-e-type=\"section\">\n\t\t\t\t\t\t<div class=\"elementor-container elementor-column-gap-default\">\n\t\t\t\t\t<div class=\"elementor-column elementor-col-33 elementor-inner-column elementor-element elementor-element-722702a\" data-id=\"722702a\" data-element_type=\"column\" data-e-type=\"column\">\n\t\t\t<div class=\"elementor-widget-wrap elementor-element-populated\">\n\t\t\t\t\t\t<div class=\"elementor-element elementor-element-52afb85 elementor-widget elementor-widget-text-editor\" data-id=\"52afb85\" data-element_type=\"widget\" data-e-type=\"widget\" data-widget_type=\"text-editor.default\">\n\t\t\t\t<div class=\"elementor-widget-container\">\n\t\t\t\t\t\t\t\t\t<p>Det \u00e4r n\u00e5got speciellt med vinterfiske. T\u00e4nk dig att ligga p\u00e5 ett mjukt renskinn. Den starka senvintersolens str\u00e5lar f\u00e5r isen p\u00e5 sj\u00f6n Lossen att gnistra till lite extra. V\u00e4ntan kan bli l\u00e5ng, men vem klagar p\u00e5 en naturupplevelse som denna? Sp\u00e4nningen som h\u00f6r till vinterfiske \u00e4r sv\u00e5r att s\u00e4tta ord p\u00e5. N\u00e5gonstans d\u00e4r nere under isen simmar den. Snart kommer kanske det d\u00e4r magiska rycket n\u00e4r fisken nappar p\u00e5 kroken. K\u00e4nslan \u00e4r obeskrivlig.<\/p>\t\t\t\t\t\t\t\t<\/div>\n\t\t\t\t<\/div>\n\t\t\t\t\t<\/div>\n\t\t<\/div>\n\t\t\t\t<div class=\"elementor-column elementor-col-33 elementor-inner-column elementor-element elementor-element-4325591\" data-id=\"4325591\" data-element_type=\"column\" data-e-type=\"column\">\n\t\t\t<div class=\"elementor-widget-wrap elementor-element-populated\">\n\t\t\t\t\t\t<div class=\"elementor-element elementor-element-173c1d9 elementor-widget elementor-widget-text-editor\" data-id=\"173c1d9\" data-element_type=\"widget\" data-e-type=\"widget\" data-widget_type=\"text-editor.default\">\n\t\t\t\t<div class=\"elementor-widget-container\">\n\t\t\t\t\t\t\t\t\tT\u00e4nn\u00e4skr\u00f6ket och Fun\u00e4sfj\u00e4llen lockar m\u00e5nga vinterfiskare d\u00e5 det anses vara ett av Sveriges b\u00e4sta omr\u00e5den med m\u00e5nga och varierade fiskevatten. M\u00e5nga av dessa vatten n\u00e5s l\u00e4tt med skidor eller sn\u00f6skoter direkt fr\u00e5n v\u00e5ra stugor.\t\t\t\t\t\t\t\t<\/div>\n\t\t\t\t<\/div>\n\t\t\t\t\t<\/div>\n\t\t<\/div>\n\t\t\t\t<div class=\"elementor-column elementor-col-33 elementor-inner-column elementor-element elementor-element-1d9c609\" data-id=\"1d9c609\" data-element_type=\"column\" data-e-type=\"column\">\n\t\t\t<div class=\"elementor-widget-wrap elementor-element-populated\">\n\t\t\t\t\t\t<div class=\"elementor-element elementor-element-ac833ff elementor-widget elementor-widget-text-editor\" data-id=\"ac833ff\" data-element_type=\"widget\" data-e-type=\"widget\" data-widget_type=\"text-editor.default\">\n\t\t\t\t<div class=\"elementor-widget-container\">\n\t\t\t\t\t\t\t\t\t<p>T\u00e4nn\u00e4s \u00e4r allm\u00e4nt k\u00e4nt f\u00f6r sin harr. Harren \u00e4r till och med s\u00e5 vanlig att den har blivit H\u00e4rjedalens landskapsfisk. Den \u00e4r perfekt f\u00f6r vinterfiske och en rolig utmaning \u00e4ven f\u00f6r den vana fiskaren. \u00c4ven \u00f6ringfisket \u00e4r mycket popul\u00e4rt, och det finns \u00e4ven r\u00f6ding. Varf\u00f6r inte kombinera skidsemestern med lite avkopplande vinterfiske?<\/p>\t\t\t\t\t\t\t\t<\/div>\n\t\t\t\t<\/div>\n\t\t\t\t\t<\/div>\n\t\t<\/div>\n\t\t\t\t\t<\/div>\n\t\t<\/section>\n\t\t\t\t<section class=\"elementor-section elementor-inner-section elementor-element elementor-element-a8778eb elementor-section-boxed elementor-section-height-default elementor-section-height-default\" data-id=\"a8778eb\" data-element_type=\"section\" data-e-type=\"section\">\n\t\t\t\t\t\t<div class=\"elementor-container elementor-column-gap-default\">\n\t\t\t\t\t<div class=\"elementor-column elementor-col-50 elementor-inner-column elementor-element elementor-element-a17da9b\" data-id=\"a17da9b\" data-element_type=\"column\" data-e-type=\"column\">\n\t\t\t<div class=\"elementor-widget-wrap elementor-element-populated\">\n\t\t\t\t\t\t<div class=\"elementor-element elementor-element-0aacd20 elementor-widget elementor-widget-image\" data-id=\"0aacd20\" data-element_type=\"widget\" data-e-type=\"widget\" data-widget_type=\"image.default\">\n\t\t\t\t<div class=\"elementor-widget-container\">\n\t\t\t\t\t\t\t\t\t\t\t\t\t\t\t<img fetchpriority=\"high\" decoding=\"async\" width=\"441\" height=\"292\" src=\"https:\/\/tannaskroket.se\/wp-content\/uploads\/2014\/12\/winter-fishing-01.jpg\" class=\"attachment-large size-large wp-image-1920\" alt=\"\" srcset=\"https:\/\/tannaskroket.se\/wp-content\/uploads\/2014\/12\/winter-fishing-01.jpg 441w, https:\/\/tannaskroket.se\/wp-content\/uploads\/2014\/12\/winter-fishing-01-300x199.jpg 300w\" sizes=\"(max-width: 441px) 100vw, 441px\" \/>\t\t\t\t\t\t\t\t\t\t\t\t\t\t\t<\/div>\n\t\t\t\t<\/div>\n\t\t\t\t\t<\/div>\n\t\t<\/div>\n\t\t\t\t<div class=\"elementor-column elementor-col-50 elementor-inner-column elementor-element elementor-element-db9058e\" data-id=\"db9058e\" data-element_type=\"column\" data-e-type=\"column\">\n\t\t\t<div class=\"elementor-widget-wrap elementor-element-populated\">\n\t\t\t\t\t\t<div class=\"elementor-element elementor-element-af70bbf elementor-widget elementor-widget-image\" data-id=\"af70bbf\" data-element_type=\"widget\" data-e-type=\"widget\" data-widget_type=\"image.default\">\n\t\t\t\t<div class=\"elementor-widget-container\">\n\t\t\t\t\t\t\t\t\t\t\t\t\t\t\t<img decoding=\"async\" width=\"435\" height=\"588\" src=\"https:\/\/tannaskroket.se\/wp-content\/uploads\/2014\/12\/winter-fishing-02.jpg\" class=\"attachment-large size-large wp-image-1921\" alt=\"\" srcset=\"https:\/\/tannaskroket.se\/wp-content\/uploads\/2014\/12\/winter-fishing-02.jpg 435w, https:\/\/tannaskroket.se\/wp-content\/uploads\/2014\/12\/winter-fishing-02-222x300.jpg 222w\" sizes=\"(max-width: 435px) 100vw, 435px\" \/>\t\t\t\t\t\t\t\t\t\t\t\t\t\t\t<\/div>\n\t\t\t\t<\/div>\n\t\t\t\t\t<\/div>\n\t\t<\/div>\n\t\t\t\t\t<\/div>\n\t\t<\/section>\n\t\t\t\t\t<\/div>\n\t\t<\/div>\n\t\t\t\t\t<\/div>\n\t\t<\/section>\n\t\t\t\t<\/div>\n\t\t","protected":false},"excerpt":{"rendered":"<p>N\u00c5GONSTANS D\u00c4R NERE UNDER ISEN SIMMAR DEN. DET \u00c4R BARA ATT V\u00c4NTA Isborr, pimpelsp\u00f6, t\u00e4nd en brasa och dra upp en \u00f6ring eller r\u00f6ding. L\u00e4s mer Fiske i T\u00e4nn\u00e4s Det \u00e4r n\u00e5got speciellt med vinterfiske. T\u00e4nk dig att ligga p\u00e5 ett mjukt renskinn. Den starka senvintersolens str\u00e5lar f\u00e5r isen p\u00e5 sj\u00f6n Lossen att gnistra till [&hellip;]<\/p>\n","protected":false},"author":1,"featured_media":2288,"parent":1459,"menu_order":5,"comment_status":"closed","ping_status":"open","template":"","meta":{"site-sidebar-layout":"no-sidebar","site-content-layout":"page-builder","ast-site-content-layout":"default","site-content-style":"default","site-sidebar-style":"default","ast-global-header-display":"","ast-banner-title-visibility":"","ast-main-header-display":"","ast-hfb-above-header-display":"","ast-hfb-below-header-display":"","ast-hfb-mobile-header-display":"","site-post-title":"disabled","ast-breadcrumbs-content":"","ast-featured-img":"disabled","footer-sml-layout":"","ast-disable-related-posts":"","theme-transparent-header-meta":"","adv-header-id-meta":"","stick-header-meta":"","header-above-stick-meta":"","header-main-stick-meta":"","header-below-stick-meta":"","astra-migrate-meta-layouts":"default","ast-page-background-enabled":"default","ast-page-background-meta":{"desktop":{"background-color":"var(--ast-global-color-4)","background-image":"","background-repeat":"repeat","background-position":"center center","background-size":"auto","background-attachment":"scroll","background-type":"","background-media":"","overlay-type":"","overlay-color":"","overlay-opacity":"","overlay-gradient":""},"tablet":{"background-color":"","background-image":"","background-repeat":"repeat","background-position":"center center","background-size":"auto","background-attachment":"scroll","background-type":"","background-media":"","overlay-type":"","overlay-color":"","overlay-opacity":"","overlay-gradient":""},"mobile":{"background-color":"","background-image":"","background-repeat":"repeat","background-position":"center center","background-size":"auto","background-attachment":"scroll","background-type":"","background-media":"","overlay-type":"","overlay-color":"","overlay-opacity":"","overlay-gradient":""}},"ast-content-background-meta":{"desktop":{"background-color":"var(--ast-global-color-5)","background-image":"","background-repeat":"repeat","background-position":"center center","background-size":"auto","background-attachment":"scroll","background-type":"","background-media":"","overlay-type":"","overlay-color":"","overlay-opacity":"","overlay-gradient":""},"tablet":{"background-color":"var(--ast-global-color-5)","background-image":"","background-repeat":"repeat","background-position":"center center","background-size":"auto","background-attachment":"scroll","background-type":"","background-media":"","overlay-type":"","overlay-color":"","overlay-opacity":"","overlay-gradient":""},"mobile":{"background-color":"var(--ast-global-color-5)","background-image":"","background-repeat":"repeat","background-position":"center center","background-size":"auto","background-attachment":"scroll","background-type":"","background-media":"","overlay-type":"","overlay-color":"","overlay-opacity":"","overlay-gradient":""}},"footnotes":""},"sidkategorier":[50],"class_list":["post-1461","page","type-page","status-publish","has-post-thumbnail","hentry","sidkategorier-vinter"],"yoast_head":"<!-- This site is optimized with the Yoast SEO plugin v27.1.1 - https:\/\/yoast.com\/product\/yoast-seo-wordpress\/ -->\n<title>Vinterfiske i fj\u00e4llen runt Fun\u00e4sdalen - T\u00e4nn\u00e4skr\u00f6ket<\/title>\n<meta name=\"robots\" content=\"index, follow, max-snippet:-1, max-image-preview:large, max-video-preview:-1\" \/>\n<link rel=\"canonical\" href=\"https:\/\/tannaskroket.se\/de\/winter\/winterfischen\/\" \/>\n<meta property=\"og:locale\" content=\"de_DE\" \/>\n<meta property=\"og:type\" content=\"article\" \/>\n<meta property=\"og:title\" content=\"Vinterfiske i fj\u00e4llen runt Fun\u00e4sdalen - T\u00e4nn\u00e4skr\u00f6ket\" \/>\n<meta property=\"og:description\" content=\"N\u00c5GONSTANS D\u00c4R NERE UNDER ISEN SIMMAR DEN. DET \u00c4R BARA ATT V\u00c4NTA Isborr, pimpelsp\u00f6, t\u00e4nd en brasa och dra upp en \u00f6ring eller r\u00f6ding. L\u00e4s mer Fiske i T\u00e4nn\u00e4s Det \u00e4r n\u00e5got speciellt med vinterfiske. T\u00e4nk dig att ligga p\u00e5 ett mjukt renskinn. Den starka senvintersolens str\u00e5lar f\u00e5r isen p\u00e5 sj\u00f6n Lossen att gnistra till [&hellip;]\" \/>\n<meta property=\"og:url\" content=\"https:\/\/tannaskroket.se\/de\/winter\/winterfischen\/\" \/>\n<meta property=\"og:site_name\" content=\"T\u00e4nn\u00e4skr\u00f6ket\" \/>\n<meta property=\"article:publisher\" content=\"https:\/\/www.facebook.com\/Tannaskroket\/\" \/>\n<meta property=\"article:modified_time\" content=\"2023-08-03T06:47:15+00:00\" \/>\n<meta property=\"og:image\" content=\"https:\/\/tannaskroket.se\/wp-content\/uploads\/2014\/12\/winter-fishing1.jpg\" \/>\n\t<meta property=\"og:image:width\" content=\"1440\" \/>\n\t<meta property=\"og:image:height\" content=\"899\" \/>\n\t<meta property=\"og:image:type\" content=\"image\/jpeg\" \/>\n<meta name=\"twitter:card\" content=\"summary_large_image\" \/>\n<meta name=\"twitter:label1\" content=\"Gesch\u00e4tzte Lesezeit\" \/>\n\t<meta name=\"twitter:data1\" content=\"2\u00a0Minuten\" \/>\n<script type=\"application\/ld+json\" class=\"yoast-schema-graph\">{\"@context\":\"https:\/\/schema.org\",\"@graph\":[{\"@type\":\"WebPage\",\"@id\":\"https:\/\/tannaskroket.se\/vinter\/vinterfiske\/\",\"url\":\"https:\/\/tannaskroket.se\/vinter\/vinterfiske\/\",\"name\":\"Vinterfiske i fj\u00e4llen runt Fun\u00e4sdalen - T\u00e4nn\u00e4skr\u00f6ket\",\"isPartOf\":{\"@id\":\"https:\/\/tannaskroket.se\/#website\"},\"primaryImageOfPage\":{\"@id\":\"https:\/\/tannaskroket.se\/vinter\/vinterfiske\/#primaryimage\"},\"image\":{\"@id\":\"https:\/\/tannaskroket.se\/vinter\/vinterfiske\/#primaryimage\"},\"thumbnailUrl\":\"https:\/\/tannaskroket.se\/wp-content\/uploads\/2014\/12\/winter-fishing1.jpg\",\"datePublished\":\"2014-12-01T22:23:38+00:00\",\"dateModified\":\"2023-08-03T06:47:15+00:00\",\"breadcrumb\":{\"@id\":\"https:\/\/tannaskroket.se\/vinter\/vinterfiske\/#breadcrumb\"},\"inLanguage\":\"de\",\"potentialAction\":[{\"@type\":\"ReadAction\",\"target\":[\"https:\/\/tannaskroket.se\/vinter\/vinterfiske\/\"]}]},{\"@type\":\"ImageObject\",\"inLanguage\":\"de\",\"@id\":\"https:\/\/tannaskroket.se\/vinter\/vinterfiske\/#primaryimage\",\"url\":\"https:\/\/tannaskroket.se\/wp-content\/uploads\/2014\/12\/winter-fishing1.jpg\",\"contentUrl\":\"https:\/\/tannaskroket.se\/wp-content\/uploads\/2014\/12\/winter-fishing1.jpg\",\"width\":1440,\"height\":899},{\"@type\":\"BreadcrumbList\",\"@id\":\"https:\/\/tannaskroket.se\/vinter\/vinterfiske\/#breadcrumb\",\"itemListElement\":[{\"@type\":\"ListItem\",\"position\":1,\"name\":\"Home\",\"item\":\"https:\/\/tannaskroket.se\/\"},{\"@type\":\"ListItem\",\"position\":2,\"name\":\"Vinter\",\"item\":\"https:\/\/tannaskroket.se\/vinter\/\"},{\"@type\":\"ListItem\",\"position\":3,\"name\":\"Vinterfiske &#8211; isborr &#038; pimpelsp\u00f6\"}]},{\"@type\":\"WebSite\",\"@id\":\"https:\/\/tannaskroket.se\/#website\",\"url\":\"https:\/\/tannaskroket.se\/\",\"name\":\"T\u00e4nn\u00e4skr\u00f6ket\",\"description\":\"Ett eget st\u00e4lle i fj\u00e4llen\",\"publisher\":{\"@id\":\"https:\/\/tannaskroket.se\/#organization\"},\"potentialAction\":[{\"@type\":\"SearchAction\",\"target\":{\"@type\":\"EntryPoint\",\"urlTemplate\":\"https:\/\/tannaskroket.se\/?s={search_term_string}\"},\"query-input\":{\"@type\":\"PropertyValueSpecification\",\"valueRequired\":true,\"valueName\":\"search_term_string\"}}],\"inLanguage\":\"de\"},{\"@type\":\"Organization\",\"@id\":\"https:\/\/tannaskroket.se\/#organization\",\"name\":\"T\u00e4nn\u00e4skr\u00f6ket\",\"url\":\"https:\/\/tannaskroket.se\/\",\"logo\":{\"@type\":\"ImageObject\",\"inLanguage\":\"de\",\"@id\":\"https:\/\/tannaskroket.se\/#\/schema\/logo\/image\/\",\"url\":\"https:\/\/tannaskroket.se\/wp-content\/uploads\/2022\/10\/tk_logo_100_s2.png\",\"contentUrl\":\"https:\/\/tannaskroket.se\/wp-content\/uploads\/2022\/10\/tk_logo_100_s2.png\",\"width\":100,\"height\":100,\"caption\":\"T\u00e4nn\u00e4skr\u00f6ket\"},\"image\":{\"@id\":\"https:\/\/tannaskroket.se\/#\/schema\/logo\/image\/\"},\"sameAs\":[\"https:\/\/www.facebook.com\/Tannaskroket\/\",\"https:\/\/www.instagram.com\/tannaskroket\/\"]}]}<\/script>\n<!-- \/ Yoast SEO plugin. -->","yoast_head_json":{"title":"Winterangeln in den Bergen um Fun\u00e4sdalen - T\u00e4nn\u00e4skr\u00f6ket","robots":{"index":"index","follow":"follow","max-snippet":"max-snippet:-1","max-image-preview":"max-image-preview:large","max-video-preview":"max-video-preview:-1"},"canonical":"https:\/\/tannaskroket.se\/de\/winter\/winterfischen\/","og_locale":"de_DE","og_type":"article","og_title":"Vinterfiske i fj\u00e4llen runt Fun\u00e4sdalen - T\u00e4nn\u00e4skr\u00f6ket","og_description":"N\u00c5GONSTANS D\u00c4R NERE UNDER ISEN SIMMAR DEN. DET \u00c4R BARA ATT V\u00c4NTA Isborr, pimpelsp\u00f6, t\u00e4nd en brasa och dra upp en \u00f6ring eller r\u00f6ding. L\u00e4s mer Fiske i T\u00e4nn\u00e4s Det \u00e4r n\u00e5got speciellt med vinterfiske. T\u00e4nk dig att ligga p\u00e5 ett mjukt renskinn. Den starka senvintersolens str\u00e5lar f\u00e5r isen p\u00e5 sj\u00f6n Lossen att gnistra till [&hellip;]","og_url":"https:\/\/tannaskroket.se\/de\/winter\/winterfischen\/","og_site_name":"T\u00e4nn\u00e4skr\u00f6ket","article_publisher":"https:\/\/www.facebook.com\/Tannaskroket\/","article_modified_time":"2023-08-03T06:47:15+00:00","og_image":[{"width":1440,"height":899,"url":"https:\/\/tannaskroket.se\/wp-content\/uploads\/2014\/12\/winter-fishing1.jpg","type":"image\/jpeg"}],"twitter_card":"summary_large_image","twitter_misc":{"Gesch\u00e4tzte Lesezeit":"2\u00a0Minuten"},"schema":{"@context":"https:\/\/schema.org","@graph":[{"@type":"WebPage","@id":"https:\/\/tannaskroket.se\/vinter\/vinterfiske\/","url":"https:\/\/tannaskroket.se\/vinter\/vinterfiske\/","name":"Winterangeln in den Bergen um Fun\u00e4sdalen - T\u00e4nn\u00e4skr\u00f6ket","isPartOf":{"@id":"https:\/\/tannaskroket.se\/#website"},"primaryImageOfPage":{"@id":"https:\/\/tannaskroket.se\/vinter\/vinterfiske\/#primaryimage"},"image":{"@id":"https:\/\/tannaskroket.se\/vinter\/vinterfiske\/#primaryimage"},"thumbnailUrl":"https:\/\/tannaskroket.se\/wp-content\/uploads\/2014\/12\/winter-fishing1.jpg","datePublished":"2014-12-01T22:23:38+00:00","dateModified":"2023-08-03T06:47:15+00:00","breadcrumb":{"@id":"https:\/\/tannaskroket.se\/vinter\/vinterfiske\/#breadcrumb"},"inLanguage":"de","potentialAction":[{"@type":"ReadAction","target":["https:\/\/tannaskroket.se\/vinter\/vinterfiske\/"]}]},{"@type":"ImageObject","inLanguage":"de","@id":"https:\/\/tannaskroket.se\/vinter\/vinterfiske\/#primaryimage","url":"https:\/\/tannaskroket.se\/wp-content\/uploads\/2014\/12\/winter-fishing1.jpg","contentUrl":"https:\/\/tannaskroket.se\/wp-content\/uploads\/2014\/12\/winter-fishing1.jpg","width":1440,"height":899},{"@type":"BreadcrumbList","@id":"https:\/\/tannaskroket.se\/vinter\/vinterfiske\/#breadcrumb","itemListElement":[{"@type":"ListItem","position":1,"name":"Home","item":"https:\/\/tannaskroket.se\/"},{"@type":"ListItem","position":2,"name":"Vinter","item":"https:\/\/tannaskroket.se\/vinter\/"},{"@type":"ListItem","position":3,"name":"Vinterfiske &#8211; isborr &#038; pimpelsp\u00f6"}]},{"@type":"WebSite","@id":"https:\/\/tannaskroket.se\/#website","url":"https:\/\/tannaskroket.se\/","name":"T\u00e4nn\u00e4skr\u00f6ket","description":"Ein eigener Platz in den Bergen","publisher":{"@id":"https:\/\/tannaskroket.se\/#organization"},"potentialAction":[{"@type":"SearchAction","target":{"@type":"EntryPoint","urlTemplate":"https:\/\/tannaskroket.se\/?s={search_term_string}"},"query-input":{"@type":"PropertyValueSpecification","valueRequired":true,"valueName":"search_term_string"}}],"inLanguage":"de"},{"@type":"Organization","@id":"https:\/\/tannaskroket.se\/#organization","name":"T\u00e4nn\u00e4skr\u00f6ket","url":"https:\/\/tannaskroket.se\/","logo":{"@type":"ImageObject","inLanguage":"de","@id":"https:\/\/tannaskroket.se\/#\/schema\/logo\/image\/","url":"https:\/\/tannaskroket.se\/wp-content\/uploads\/2022\/10\/tk_logo_100_s2.png","contentUrl":"https:\/\/tannaskroket.se\/wp-content\/uploads\/2022\/10\/tk_logo_100_s2.png","width":100,"height":100,"caption":"T\u00e4nn\u00e4skr\u00f6ket"},"image":{"@id":"https:\/\/tannaskroket.se\/#\/schema\/logo\/image\/"},"sameAs":["https:\/\/www.facebook.com\/Tannaskroket\/","https:\/\/www.instagram.com\/tannaskroket\/"]}]}},"_links":{"self":[{"href":"https:\/\/tannaskroket.se\/de\/wp-json\/wp\/v2\/pages\/1461","targetHints":{"allow":["GET"]}}],"collection":[{"href":"https:\/\/tannaskroket.se\/de\/wp-json\/wp\/v2\/pages"}],"about":[{"href":"https:\/\/tannaskroket.se\/de\/wp-json\/wp\/v2\/types\/page"}],"author":[{"embeddable":true,"href":"https:\/\/tannaskroket.se\/de\/wp-json\/wp\/v2\/users\/1"}],"replies":[{"embeddable":true,"href":"https:\/\/tannaskroket.se\/de\/wp-json\/wp\/v2\/comments?post=1461"}],"version-history":[{"count":7,"href":"https:\/\/tannaskroket.se\/de\/wp-json\/wp\/v2\/pages\/1461\/revisions"}],"predecessor-version":[{"id":16156,"href":"https:\/\/tannaskroket.se\/de\/wp-json\/wp\/v2\/pages\/1461\/revisions\/16156"}],"up":[{"embeddable":true,"href":"https:\/\/tannaskroket.se\/de\/wp-json\/wp\/v2\/pages\/1459"}],"wp:featuredmedia":[{"embeddable":true,"href":"https:\/\/tannaskroket.se\/de\/wp-json\/wp\/v2\/media\/2288"}],"wp:attachment":[{"href":"https:\/\/tannaskroket.se\/de\/wp-json\/wp\/v2\/media?parent=1461"}],"wp:term":[{"taxonomy":"sidkategorier","embeddable":true,"href":"https:\/\/tannaskroket.se\/de\/wp-json\/wp\/v2\/sidkategorier?post=1461"}],"curies":[{"name":"wp","href":"https:\/\/api.w.org\/{rel}","templated":true}]}}