{"id":1464,"date":"2016-12-01T23:25:42","date_gmt":"2016-12-01T22:25:42","guid":{"rendered":"https:\/\/dev.tannaskroket.se\/?page_id=1464"},"modified":"2026-02-11T11:48:02","modified_gmt":"2026-02-11T10:48:02","slug":"scooter","status":"publish","type":"page","link":"https:\/\/tannaskroket.se\/de\/vinter\/skoter\/","title":{"rendered":"Motorroller - 610 km Vorsprung"},"content":{"rendered":"\t\t<div data-elementor-type=\"wp-page\" data-elementor-id=\"1464\" class=\"elementor elementor-1464\" data-elementor-post-type=\"page\">\n\t\t\t\t\t\t<section class=\"elementor-section elementor-top-section elementor-element elementor-element-d49ef91 elementor-section-height-min-height full-height-header elementor-section-boxed elementor-section-height-default elementor-section-items-middle\" data-id=\"d49ef91\" data-element_type=\"section\" data-e-type=\"section\" data-settings=\"{&quot;background_background&quot;:&quot;classic&quot;,&quot;sticky&quot;:&quot;top&quot;,&quot;sticky_offset&quot;:95,&quot;sticky_on&quot;:[&quot;desktop&quot;,&quot;tablet&quot;,&quot;mobile&quot;],&quot;sticky_effects_offset&quot;:0,&quot;sticky_anchor_link_offset&quot;:0}\">\n\t\t\t\t\t\t<div class=\"elementor-container elementor-column-gap-default\">\n\t\t\t\t\t<div class=\"elementor-column elementor-col-100 elementor-top-column elementor-element elementor-element-03c6551\" data-id=\"03c6551\" data-element_type=\"column\" data-e-type=\"column\">\n\t\t\t<div class=\"elementor-widget-wrap elementor-element-populated\">\n\t\t\t\t\t\t<section class=\"elementor-section elementor-inner-section elementor-element elementor-element-5e03d91 full-height-header-content elementor-section-boxed elementor-section-height-default elementor-section-height-default\" data-id=\"5e03d91\" data-element_type=\"section\" data-e-type=\"section\" data-settings=\"{&quot;background_background&quot;:&quot;classic&quot;}\">\n\t\t\t\t\t\t<div class=\"elementor-container elementor-column-gap-default\">\n\t\t\t\t\t<div class=\"elementor-column elementor-col-100 elementor-inner-column elementor-element elementor-element-ec9ca56\" data-id=\"ec9ca56\" data-element_type=\"column\" data-e-type=\"column\">\n\t\t\t<div class=\"elementor-widget-wrap elementor-element-populated\">\n\t\t\t\t\t\t<div class=\"elementor-element elementor-element-67a869a full-height-header-h1 elementor-widget elementor-widget-heading\" data-id=\"67a869a\" data-element_type=\"widget\" data-e-type=\"widget\" data-widget_type=\"heading.default\">\n\t\t\t\t<div class=\"elementor-widget-container\">\n\t\t\t\t\t<h1 class=\"elementor-heading-title elementor-size-default\">FARTVINDEN SOM BITER I SKINNET OCH FRIHETSK\u00c4NSLAN N\u00c4R MAN V\u00c4LJER SP\u00c5R F\u00d6R ATT KORSA TERR\u00c4NGEN<\/h1>\t\t\t\t<\/div>\n\t\t\t\t<\/div>\n\t\t\t\t<div class=\"elementor-element elementor-element-06589a4 full-height-header-content-more elementor-widget elementor-widget-heading\" data-id=\"06589a4\" data-element_type=\"widget\" data-e-type=\"widget\" data-widget_type=\"heading.default\">\n\t\t\t\t<div class=\"elementor-widget-container\">\n\t\t\t\t\t<h3 class=\"elementor-heading-title elementor-size-default\">L\u00e4s mer<\/h3>\t\t\t\t<\/div>\n\t\t\t\t<\/div>\n\t\t\t\t<div class=\"elementor-element elementor-element-349818e full-height-header-content-icon elementor-view-default elementor-widget elementor-widget-icon\" data-id=\"349818e\" data-element_type=\"widget\" data-e-type=\"widget\" data-widget_type=\"icon.default\">\n\t\t\t\t<div class=\"elementor-widget-container\">\n\t\t\t\t\t\t\t<div class=\"elementor-icon-wrapper\">\n\t\t\t<div class=\"elementor-icon\">\n\t\t\t<i aria-hidden=\"true\" class=\"fas fa-chevron-down\"><\/i>\t\t\t<\/div>\n\t\t<\/div>\n\t\t\t\t\t\t<\/div>\n\t\t\t\t<\/div>\n\t\t\t\t\t<\/div>\n\t\t<\/div>\n\t\t\t\t\t<\/div>\n\t\t<\/section>\n\t\t\t\t\t<\/div>\n\t\t<\/div>\n\t\t\t\t\t<\/div>\n\t\t<\/section>\n\t\t\t\t<section class=\"elementor-section elementor-top-section elementor-element elementor-element-d66895e elementor-standard-section elementor-section-boxed elementor-section-height-default elementor-section-height-default\" data-id=\"d66895e\" data-element_type=\"section\" data-e-type=\"section\" data-settings=\"{&quot;background_background&quot;:&quot;classic&quot;}\">\n\t\t\t\t\t\t<div class=\"elementor-container elementor-column-gap-default\">\n\t\t\t\t\t<div class=\"elementor-column elementor-col-100 elementor-top-column elementor-element elementor-element-cc8b27f\" data-id=\"cc8b27f\" data-element_type=\"column\" data-e-type=\"column\">\n\t\t\t<div class=\"elementor-widget-wrap elementor-element-populated\">\n\t\t\t\t\t\t<section class=\"elementor-section elementor-inner-section elementor-element elementor-element-08d2c02 elementor-section-boxed elementor-section-height-default elementor-section-height-default\" data-id=\"08d2c02\" data-element_type=\"section\" data-e-type=\"section\">\n\t\t\t\t\t\t<div class=\"elementor-container elementor-column-gap-default\">\n\t\t\t\t\t<div class=\"elementor-column elementor-col-100 elementor-inner-column elementor-element elementor-element-3203dbe\" data-id=\"3203dbe\" data-element_type=\"column\" data-e-type=\"column\">\n\t\t\t<div class=\"elementor-widget-wrap elementor-element-populated\">\n\t\t\t\t\t\t<div class=\"elementor-element elementor-element-f9d9f78 elementor-widget elementor-widget-heading\" data-id=\"f9d9f78\" data-element_type=\"widget\" data-e-type=\"widget\" data-widget_type=\"heading.default\">\n\t\t\t\t<div class=\"elementor-widget-container\">\n\t\t\t\t\t<h2 class=\"elementor-heading-title elementor-size-default\">L\u00e4ngdskid\u00e5kning<\/h2>\t\t\t\t<\/div>\n\t\t\t\t<\/div>\n\t\t\t\t\t<\/div>\n\t\t<\/div>\n\t\t\t\t\t<\/div>\n\t\t<\/section>\n\t\t\t\t<section class=\"elementor-section elementor-inner-section elementor-element elementor-element-cba9760 elementor-section-boxed elementor-section-height-default elementor-section-height-default\" data-id=\"cba9760\" data-element_type=\"section\" data-e-type=\"section\">\n\t\t\t\t\t\t<div class=\"elementor-container elementor-column-gap-default\">\n\t\t\t\t\t<div class=\"elementor-column elementor-col-33 elementor-inner-column elementor-element elementor-element-d78c1bc\" data-id=\"d78c1bc\" data-element_type=\"column\" data-e-type=\"column\">\n\t\t\t<div class=\"elementor-widget-wrap elementor-element-populated\">\n\t\t\t\t\t\t<div class=\"elementor-element elementor-element-a051a77 elementor-widget elementor-widget-image\" data-id=\"a051a77\" data-element_type=\"widget\" data-e-type=\"widget\" data-widget_type=\"image.default\">\n\t\t\t\t<div class=\"elementor-widget-container\">\n\t\t\t\t\t\t\t\t\t\t\t\t\t\t\t<img fetchpriority=\"high\" decoding=\"async\" width=\"284\" height=\"368\" src=\"https:\/\/tannaskroket.se\/wp-content\/uploads\/2014\/12\/winter-scooter-03.jpg\" class=\"attachment-large size-large wp-image-1930\" alt=\"\" srcset=\"https:\/\/tannaskroket.se\/wp-content\/uploads\/2014\/12\/winter-scooter-03.jpg 284w, https:\/\/tannaskroket.se\/wp-content\/uploads\/2014\/12\/winter-scooter-03-232x300.jpg 232w\" sizes=\"(max-width: 284px) 100vw, 284px\" \/>\t\t\t\t\t\t\t\t\t\t\t\t\t\t\t<\/div>\n\t\t\t\t<\/div>\n\t\t\t\t\t<\/div>\n\t\t<\/div>\n\t\t\t\t<div class=\"elementor-column elementor-col-33 elementor-inner-column elementor-element elementor-element-ebdd693\" data-id=\"ebdd693\" data-element_type=\"column\" data-e-type=\"column\">\n\t\t\t<div class=\"elementor-widget-wrap elementor-element-populated\">\n\t\t\t\t\t\t<div class=\"elementor-element elementor-element-e7d2c35 elementor-widget elementor-widget-image\" data-id=\"e7d2c35\" data-element_type=\"widget\" data-e-type=\"widget\" data-widget_type=\"image.default\">\n\t\t\t\t<div class=\"elementor-widget-container\">\n\t\t\t\t\t\t\t\t\t\t\t\t\t\t\t<img decoding=\"async\" width=\"284\" height=\"368\" src=\"https:\/\/tannaskroket.se\/wp-content\/uploads\/2014\/12\/winter-scooter-02.jpg\" class=\"attachment-large size-large wp-image-1929\" alt=\"\" srcset=\"https:\/\/tannaskroket.se\/wp-content\/uploads\/2014\/12\/winter-scooter-02.jpg 284w, https:\/\/tannaskroket.se\/wp-content\/uploads\/2014\/12\/winter-scooter-02-232x300.jpg 232w\" sizes=\"(max-width: 284px) 100vw, 284px\" \/>\t\t\t\t\t\t\t\t\t\t\t\t\t\t\t<\/div>\n\t\t\t\t<\/div>\n\t\t\t\t\t<\/div>\n\t\t<\/div>\n\t\t\t\t<div class=\"elementor-column elementor-col-33 elementor-inner-column elementor-element elementor-element-9140f67\" data-id=\"9140f67\" data-element_type=\"column\" data-e-type=\"column\">\n\t\t\t<div class=\"elementor-widget-wrap elementor-element-populated\">\n\t\t\t\t\t\t<div class=\"elementor-element elementor-element-bbbda40 elementor-widget elementor-widget-image\" data-id=\"bbbda40\" data-element_type=\"widget\" data-e-type=\"widget\" data-widget_type=\"image.default\">\n\t\t\t\t<div class=\"elementor-widget-container\">\n\t\t\t\t\t\t\t\t\t\t\t\t\t\t\t<img decoding=\"async\" width=\"284\" height=\"368\" src=\"https:\/\/tannaskroket.se\/wp-content\/uploads\/2014\/12\/winter-scooter-01.jpg\" class=\"attachment-large size-large wp-image-1928\" alt=\"\" srcset=\"https:\/\/tannaskroket.se\/wp-content\/uploads\/2014\/12\/winter-scooter-01.jpg 284w, https:\/\/tannaskroket.se\/wp-content\/uploads\/2014\/12\/winter-scooter-01-232x300.jpg 232w\" sizes=\"(max-width: 284px) 100vw, 284px\" \/>\t\t\t\t\t\t\t\t\t\t\t\t\t\t\t<\/div>\n\t\t\t\t<\/div>\n\t\t\t\t\t<\/div>\n\t\t<\/div>\n\t\t\t\t\t<\/div>\n\t\t<\/section>\n\t\t\t\t<section class=\"elementor-section elementor-inner-section elementor-element elementor-element-60a78ed elementor-section-boxed elementor-section-height-default elementor-section-height-default\" data-id=\"60a78ed\" data-element_type=\"section\" data-e-type=\"section\">\n\t\t\t\t\t\t<div class=\"elementor-container elementor-column-gap-default\">\n\t\t\t\t\t<div class=\"elementor-column elementor-col-33 elementor-inner-column elementor-element elementor-element-5e011b1\" data-id=\"5e011b1\" data-element_type=\"column\" data-e-type=\"column\">\n\t\t\t<div class=\"elementor-widget-wrap elementor-element-populated\">\n\t\t\t\t\t\t<div class=\"elementor-element elementor-element-6f7558a elementor-widget elementor-widget-text-editor\" data-id=\"6f7558a\" data-element_type=\"widget\" data-e-type=\"widget\" data-widget_type=\"text-editor.default\">\n\t\t\t\t<div class=\"elementor-widget-container\">\n\t\t\t\t\t\t\t\t\t<h3>Skoteruthyrning<\/h3><p>Har du aldrig testat att \u00e5ka sn\u00f6skoter \u00e4r detta ett gyllene tillf\u00e4lle n\u00e4r du \u00e4r i Fun\u00e4sfj\u00e4llen. Fun\u00e4sfj\u00e4llen har ett av v\u00e4rldens b\u00e4sta ledsystem och hos oss har du direktanslutning till skotersp\u00e5ren.<\/p><h3>Skoterlederna i Fun\u00e4sdalen<\/h3><p>Det finns 610 km skoterleder i en av Sveriges vackraste fj\u00e4llomr\u00e5den, varav 150 km g\u00e5r \u00f6ver h\u00f6gfj\u00e4llet. Fun\u00e4sdalen bjuder p\u00e5 h\u00e4rlig skoter\u00e5kning n\u00e4r den \u00e4r som b\u00e4st. Lederna \u00e4r fem meter breda och preparerade med pistmaskin.<\/p>\t\t\t\t\t\t\t\t<\/div>\n\t\t\t\t<\/div>\n\t\t\t\t\t<\/div>\n\t\t<\/div>\n\t\t\t\t<div class=\"elementor-column elementor-col-33 elementor-inner-column elementor-element elementor-element-ada100b\" data-id=\"ada100b\" data-element_type=\"column\" data-e-type=\"column\">\n\t\t\t<div class=\"elementor-widget-wrap\">\n\t\t\t\t\t\t\t<\/div>\n\t\t<\/div>\n\t\t\t\t<div class=\"elementor-column elementor-col-33 elementor-inner-column elementor-element elementor-element-c70ce25\" data-id=\"c70ce25\" data-element_type=\"column\" data-e-type=\"column\">\n\t\t\t<div class=\"elementor-widget-wrap elementor-element-populated\">\n\t\t\t\t\t\t<div class=\"elementor-element elementor-element-464e1ee elementor-widget elementor-widget-text-editor\" data-id=\"464e1ee\" data-element_type=\"widget\" data-e-type=\"widget\" data-widget_type=\"text-editor.default\">\n\t\t\t\t<div class=\"elementor-widget-container\">\n\t\t\t\t\t\t\t\t\t<p>I ledsystemet finns sju terminaler f\u00f6r av\/p\u00e5lastning med gratis bilparkering. Det finns \u00e4ven ett fri\u00e5kningsomr\u00e5de f\u00f6r de som \u00e4r lite mer leksugna.<\/p>\n<h3>Hyra skoter i fun\u00e4sfj\u00e4llen<\/h3>\n<p>Skoter finns att hyra hos Fj\u00e4llservice eller hos Puls som har uthyrningsst\u00e4llen i Fun\u00e4sfj\u00e4llen. Se utbudet och boka p\u00e5; Fj\u00e4llservice <a href=\"http:\/\/www.fjallservice.se\/\">www.fjallservice.se<\/a>&nbsp;<br>eller via E-post:&nbsp;<a href=\"mailto:info@fjallservice.se\">info@fjallservice.se<\/a>&nbsp;eller&nbsp;<br><span style=\"font-style: inherit; background-color: var( --e-global-color-astglobalcolor5 ); color: var(--ast-global-color-8);\">Puls&nbsp;<\/span><a style=\"font-style: inherit;\" href=\"http:\/\/www.puls.nu\/\">www.puls.nu<\/a><\/p><p>Som g\u00e4st p\u00e5 T\u00e4nn\u00e4skr\u00f6ket erbjuder Fj\u00e4llservice 20% rabatt p\u00e5 skoterhyra&nbsp;<span style=\"font-style: inherit; background-color: var( --e-global-color-astglobalcolor5 ); color: var(--ast-global-color-8);\">s\u00f6ndag &#8211; onsdag.<\/span><\/p>\t\t\t\t\t\t\t\t<\/div>\n\t\t\t\t<\/div>\n\t\t\t\t\t<\/div>\n\t\t<\/div>\n\t\t\t\t\t<\/div>\n\t\t<\/section>\n\t\t\t\t\t<\/div>\n\t\t<\/div>\n\t\t\t\t\t<\/div>\n\t\t<\/section>\n\t\t\t\t<\/div>\n\t\t","protected":false},"excerpt":{"rendered":"<p>FARTVINDEN SOM BITER I SKINNET OCH FRIHETSK\u00c4NSLAN N\u00c4R MAN V\u00c4LJER SP\u00c5R F\u00d6R ATT KORSA TERR\u00c4NGEN L\u00e4s mer L\u00e4ngdskid\u00e5kning Skoteruthyrning Har du aldrig testat att \u00e5ka sn\u00f6skoter \u00e4r detta ett gyllene tillf\u00e4lle n\u00e4r du \u00e4r i Fun\u00e4sfj\u00e4llen. Fun\u00e4sfj\u00e4llen har ett av v\u00e4rldens b\u00e4sta ledsystem och hos oss har du direktanslutning till skotersp\u00e5ren. Skoterlederna i Fun\u00e4sdalen Det [&hellip;]<\/p>\n","protected":false},"author":1,"featured_media":1923,"parent":1459,"menu_order":4,"comment_status":"closed","ping_status":"closed","template":"","meta":{"site-sidebar-layout":"no-sidebar","site-content-layout":"page-builder","ast-site-content-layout":"default","site-content-style":"default","site-sidebar-style":"default","ast-global-header-display":"","ast-banner-title-visibility":"","ast-main-header-display":"","ast-hfb-above-header-display":"","ast-hfb-below-header-display":"","ast-hfb-mobile-header-display":"","site-post-title":"disabled","ast-breadcrumbs-content":"","ast-featured-img":"disabled","footer-sml-layout":"","ast-disable-related-posts":"","theme-transparent-header-meta":"","adv-header-id-meta":"","stick-header-meta":"","header-above-stick-meta":"","header-main-stick-meta":"","header-below-stick-meta":"","astra-migrate-meta-layouts":"default","ast-page-background-enabled":"default","ast-page-background-meta":{"desktop":{"background-color":"var(--ast-global-color-4)","background-image":"","background-repeat":"repeat","background-position":"center center","background-size":"auto","background-attachment":"scroll","background-type":"","background-media":"","overlay-type":"","overlay-color":"","overlay-opacity":"","overlay-gradient":""},"tablet":{"background-color":"","background-image":"","background-repeat":"repeat","background-position":"center center","background-size":"auto","background-attachment":"scroll","background-type":"","background-media":"","overlay-type":"","overlay-color":"","overlay-opacity":"","overlay-gradient":""},"mobile":{"background-color":"","background-image":"","background-repeat":"repeat","background-position":"center center","background-size":"auto","background-attachment":"scroll","background-type":"","background-media":"","overlay-type":"","overlay-color":"","overlay-opacity":"","overlay-gradient":""}},"ast-content-background-meta":{"desktop":{"background-color":"var(--ast-global-color-5)","background-image":"","background-repeat":"repeat","background-position":"center center","background-size":"auto","background-attachment":"scroll","background-type":"","background-media":"","overlay-type":"","overlay-color":"","overlay-opacity":"","overlay-gradient":""},"tablet":{"background-color":"var(--ast-global-color-5)","background-image":"","background-repeat":"repeat","background-position":"center center","background-size":"auto","background-attachment":"scroll","background-type":"","background-media":"","overlay-type":"","overlay-color":"","overlay-opacity":"","overlay-gradient":""},"mobile":{"background-color":"var(--ast-global-color-5)","background-image":"","background-repeat":"repeat","background-position":"center center","background-size":"auto","background-attachment":"scroll","background-type":"","background-media":"","overlay-type":"","overlay-color":"","overlay-opacity":"","overlay-gradient":""}},"footnotes":""},"sidkategorier":[50],"class_list":["post-1464","page","type-page","status-publish","has-post-thumbnail","hentry","sidkategorier-vinter"],"yoast_head":"<!-- This site is optimized with the Yoast SEO plugin v27.1.1 - https:\/\/yoast.com\/product\/yoast-seo-wordpress\/ -->\n<title>Skoter i Fun\u00e4sdalen - Hyr skoter h\u00e4r - T\u00e4nn\u00e4skr\u00f6ket<\/title>\n<meta name=\"robots\" content=\"index, follow, max-snippet:-1, max-image-preview:large, max-video-preview:-1\" \/>\n<link rel=\"canonical\" href=\"https:\/\/tannaskroket.se\/de\/winter\/scooter\/\" \/>\n<meta property=\"og:locale\" content=\"de_DE\" \/>\n<meta property=\"og:type\" content=\"article\" \/>\n<meta property=\"og:title\" content=\"Skoter i Fun\u00e4sdalen - Hyr skoter h\u00e4r - T\u00e4nn\u00e4skr\u00f6ket\" \/>\n<meta property=\"og:description\" content=\"FARTVINDEN SOM BITER I SKINNET OCH FRIHETSK\u00c4NSLAN N\u00c4R MAN V\u00c4LJER SP\u00c5R F\u00d6R ATT KORSA TERR\u00c4NGEN L\u00e4s mer L\u00e4ngdskid\u00e5kning Skoteruthyrning Har du aldrig testat att \u00e5ka sn\u00f6skoter \u00e4r detta ett gyllene tillf\u00e4lle n\u00e4r du \u00e4r i Fun\u00e4sfj\u00e4llen. Fun\u00e4sfj\u00e4llen har ett av v\u00e4rldens b\u00e4sta ledsystem och hos oss har du direktanslutning till skotersp\u00e5ren. Skoterlederna i Fun\u00e4sdalen Det [&hellip;]\" \/>\n<meta property=\"og:url\" content=\"https:\/\/tannaskroket.se\/de\/winter\/scooter\/\" \/>\n<meta property=\"og:site_name\" content=\"T\u00e4nn\u00e4skr\u00f6ket\" \/>\n<meta property=\"article:publisher\" content=\"https:\/\/www.facebook.com\/Tannaskroket\/\" \/>\n<meta property=\"article:modified_time\" content=\"2026-02-11T10:48:02+00:00\" \/>\n<meta property=\"og:image\" content=\"https:\/\/tannaskroket.se\/wp-content\/uploads\/2014\/12\/winter-scooter.jpg\" \/>\n\t<meta property=\"og:image:width\" content=\"1440\" \/>\n\t<meta property=\"og:image:height\" content=\"899\" \/>\n\t<meta property=\"og:image:type\" content=\"image\/jpeg\" \/>\n<meta name=\"twitter:card\" content=\"summary_large_image\" \/>\n<meta name=\"twitter:label1\" content=\"Gesch\u00e4tzte Lesezeit\" \/>\n\t<meta name=\"twitter:data1\" content=\"2\u00a0Minuten\" \/>\n<script type=\"application\/ld+json\" class=\"yoast-schema-graph\">{\"@context\":\"https:\/\/schema.org\",\"@graph\":[{\"@type\":\"WebPage\",\"@id\":\"https:\/\/tannaskroket.se\/vinter\/skoter\/\",\"url\":\"https:\/\/tannaskroket.se\/vinter\/skoter\/\",\"name\":\"Skoter i Fun\u00e4sdalen - Hyr skoter h\u00e4r - T\u00e4nn\u00e4skr\u00f6ket\",\"isPartOf\":{\"@id\":\"https:\/\/tannaskroket.se\/#website\"},\"primaryImageOfPage\":{\"@id\":\"https:\/\/tannaskroket.se\/vinter\/skoter\/#primaryimage\"},\"image\":{\"@id\":\"https:\/\/tannaskroket.se\/vinter\/skoter\/#primaryimage\"},\"thumbnailUrl\":\"https:\/\/tannaskroket.se\/wp-content\/uploads\/2014\/12\/winter-scooter.jpg\",\"datePublished\":\"2016-12-01T22:25:42+00:00\",\"dateModified\":\"2026-02-11T10:48:02+00:00\",\"breadcrumb\":{\"@id\":\"https:\/\/tannaskroket.se\/vinter\/skoter\/#breadcrumb\"},\"inLanguage\":\"de\",\"potentialAction\":[{\"@type\":\"ReadAction\",\"target\":[\"https:\/\/tannaskroket.se\/vinter\/skoter\/\"]}]},{\"@type\":\"ImageObject\",\"inLanguage\":\"de\",\"@id\":\"https:\/\/tannaskroket.se\/vinter\/skoter\/#primaryimage\",\"url\":\"https:\/\/tannaskroket.se\/wp-content\/uploads\/2014\/12\/winter-scooter.jpg\",\"contentUrl\":\"https:\/\/tannaskroket.se\/wp-content\/uploads\/2014\/12\/winter-scooter.jpg\",\"width\":1440,\"height\":899},{\"@type\":\"BreadcrumbList\",\"@id\":\"https:\/\/tannaskroket.se\/vinter\/skoter\/#breadcrumb\",\"itemListElement\":[{\"@type\":\"ListItem\",\"position\":1,\"name\":\"Home\",\"item\":\"https:\/\/tannaskroket.se\/\"},{\"@type\":\"ListItem\",\"position\":2,\"name\":\"Vinter\",\"item\":\"https:\/\/tannaskroket.se\/vinter\/\"},{\"@type\":\"ListItem\",\"position\":3,\"name\":\"Skoter &#8211; 610 km leder\"}]},{\"@type\":\"WebSite\",\"@id\":\"https:\/\/tannaskroket.se\/#website\",\"url\":\"https:\/\/tannaskroket.se\/\",\"name\":\"T\u00e4nn\u00e4skr\u00f6ket\",\"description\":\"Ett eget st\u00e4lle i fj\u00e4llen\",\"publisher\":{\"@id\":\"https:\/\/tannaskroket.se\/#organization\"},\"potentialAction\":[{\"@type\":\"SearchAction\",\"target\":{\"@type\":\"EntryPoint\",\"urlTemplate\":\"https:\/\/tannaskroket.se\/?s={search_term_string}\"},\"query-input\":{\"@type\":\"PropertyValueSpecification\",\"valueRequired\":true,\"valueName\":\"search_term_string\"}}],\"inLanguage\":\"de\"},{\"@type\":\"Organization\",\"@id\":\"https:\/\/tannaskroket.se\/#organization\",\"name\":\"T\u00e4nn\u00e4skr\u00f6ket\",\"url\":\"https:\/\/tannaskroket.se\/\",\"logo\":{\"@type\":\"ImageObject\",\"inLanguage\":\"de\",\"@id\":\"https:\/\/tannaskroket.se\/#\/schema\/logo\/image\/\",\"url\":\"https:\/\/tannaskroket.se\/wp-content\/uploads\/2022\/10\/tk_logo_100_s2.png\",\"contentUrl\":\"https:\/\/tannaskroket.se\/wp-content\/uploads\/2022\/10\/tk_logo_100_s2.png\",\"width\":100,\"height\":100,\"caption\":\"T\u00e4nn\u00e4skr\u00f6ket\"},\"image\":{\"@id\":\"https:\/\/tannaskroket.se\/#\/schema\/logo\/image\/\"},\"sameAs\":[\"https:\/\/www.facebook.com\/Tannaskroket\/\",\"https:\/\/www.instagram.com\/tannaskroket\/\"]}]}<\/script>\n<!-- \/ Yoast SEO plugin. -->","yoast_head_json":{"title":"Schneemobile in Fun\u00e4sdalen - Mieten Sie hier einen Motorroller - T\u00e4nn\u00e4skr\u00f6ket","robots":{"index":"index","follow":"follow","max-snippet":"max-snippet:-1","max-image-preview":"max-image-preview:large","max-video-preview":"max-video-preview:-1"},"canonical":"https:\/\/tannaskroket.se\/de\/winter\/scooter\/","og_locale":"de_DE","og_type":"article","og_title":"Skoter i Fun\u00e4sdalen - Hyr skoter h\u00e4r - T\u00e4nn\u00e4skr\u00f6ket","og_description":"FARTVINDEN SOM BITER I SKINNET OCH FRIHETSK\u00c4NSLAN N\u00c4R MAN V\u00c4LJER SP\u00c5R F\u00d6R ATT KORSA TERR\u00c4NGEN L\u00e4s mer L\u00e4ngdskid\u00e5kning Skoteruthyrning Har du aldrig testat att \u00e5ka sn\u00f6skoter \u00e4r detta ett gyllene tillf\u00e4lle n\u00e4r du \u00e4r i Fun\u00e4sfj\u00e4llen. Fun\u00e4sfj\u00e4llen har ett av v\u00e4rldens b\u00e4sta ledsystem och hos oss har du direktanslutning till skotersp\u00e5ren. Skoterlederna i Fun\u00e4sdalen Det [&hellip;]","og_url":"https:\/\/tannaskroket.se\/de\/winter\/scooter\/","og_site_name":"T\u00e4nn\u00e4skr\u00f6ket","article_publisher":"https:\/\/www.facebook.com\/Tannaskroket\/","article_modified_time":"2026-02-11T10:48:02+00:00","og_image":[{"width":1440,"height":899,"url":"https:\/\/tannaskroket.se\/wp-content\/uploads\/2014\/12\/winter-scooter.jpg","type":"image\/jpeg"}],"twitter_card":"summary_large_image","twitter_misc":{"Gesch\u00e4tzte Lesezeit":"2\u00a0Minuten"},"schema":{"@context":"https:\/\/schema.org","@graph":[{"@type":"WebPage","@id":"https:\/\/tannaskroket.se\/vinter\/skoter\/","url":"https:\/\/tannaskroket.se\/vinter\/skoter\/","name":"Schneemobile in Fun\u00e4sdalen - Mieten Sie hier einen Motorroller - T\u00e4nn\u00e4skr\u00f6ket","isPartOf":{"@id":"https:\/\/tannaskroket.se\/#website"},"primaryImageOfPage":{"@id":"https:\/\/tannaskroket.se\/vinter\/skoter\/#primaryimage"},"image":{"@id":"https:\/\/tannaskroket.se\/vinter\/skoter\/#primaryimage"},"thumbnailUrl":"https:\/\/tannaskroket.se\/wp-content\/uploads\/2014\/12\/winter-scooter.jpg","datePublished":"2016-12-01T22:25:42+00:00","dateModified":"2026-02-11T10:48:02+00:00","breadcrumb":{"@id":"https:\/\/tannaskroket.se\/vinter\/skoter\/#breadcrumb"},"inLanguage":"de","potentialAction":[{"@type":"ReadAction","target":["https:\/\/tannaskroket.se\/vinter\/skoter\/"]}]},{"@type":"ImageObject","inLanguage":"de","@id":"https:\/\/tannaskroket.se\/vinter\/skoter\/#primaryimage","url":"https:\/\/tannaskroket.se\/wp-content\/uploads\/2014\/12\/winter-scooter.jpg","contentUrl":"https:\/\/tannaskroket.se\/wp-content\/uploads\/2014\/12\/winter-scooter.jpg","width":1440,"height":899},{"@type":"BreadcrumbList","@id":"https:\/\/tannaskroket.se\/vinter\/skoter\/#breadcrumb","itemListElement":[{"@type":"ListItem","position":1,"name":"Home","item":"https:\/\/tannaskroket.se\/"},{"@type":"ListItem","position":2,"name":"Vinter","item":"https:\/\/tannaskroket.se\/vinter\/"},{"@type":"ListItem","position":3,"name":"Skoter &#8211; 610 km leder"}]},{"@type":"WebSite","@id":"https:\/\/tannaskroket.se\/#website","url":"https:\/\/tannaskroket.se\/","name":"T\u00e4nn\u00e4skr\u00f6ket","description":"Ein eigener Platz in den Bergen","publisher":{"@id":"https:\/\/tannaskroket.se\/#organization"},"potentialAction":[{"@type":"SearchAction","target":{"@type":"EntryPoint","urlTemplate":"https:\/\/tannaskroket.se\/?s={search_term_string}"},"query-input":{"@type":"PropertyValueSpecification","valueRequired":true,"valueName":"search_term_string"}}],"inLanguage":"de"},{"@type":"Organization","@id":"https:\/\/tannaskroket.se\/#organization","name":"T\u00e4nn\u00e4skr\u00f6ket","url":"https:\/\/tannaskroket.se\/","logo":{"@type":"ImageObject","inLanguage":"de","@id":"https:\/\/tannaskroket.se\/#\/schema\/logo\/image\/","url":"https:\/\/tannaskroket.se\/wp-content\/uploads\/2022\/10\/tk_logo_100_s2.png","contentUrl":"https:\/\/tannaskroket.se\/wp-content\/uploads\/2022\/10\/tk_logo_100_s2.png","width":100,"height":100,"caption":"T\u00e4nn\u00e4skr\u00f6ket"},"image":{"@id":"https:\/\/tannaskroket.se\/#\/schema\/logo\/image\/"},"sameAs":["https:\/\/www.facebook.com\/Tannaskroket\/","https:\/\/www.instagram.com\/tannaskroket\/"]}]}},"_links":{"self":[{"href":"https:\/\/tannaskroket.se\/de\/wp-json\/wp\/v2\/pages\/1464","targetHints":{"allow":["GET"]}}],"collection":[{"href":"https:\/\/tannaskroket.se\/de\/wp-json\/wp\/v2\/pages"}],"about":[{"href":"https:\/\/tannaskroket.se\/de\/wp-json\/wp\/v2\/types\/page"}],"author":[{"embeddable":true,"href":"https:\/\/tannaskroket.se\/de\/wp-json\/wp\/v2\/users\/1"}],"replies":[{"embeddable":true,"href":"https:\/\/tannaskroket.se\/de\/wp-json\/wp\/v2\/comments?post=1464"}],"version-history":[{"count":33,"href":"https:\/\/tannaskroket.se\/de\/wp-json\/wp\/v2\/pages\/1464\/revisions"}],"predecessor-version":[{"id":11147,"href":"https:\/\/tannaskroket.se\/de\/wp-json\/wp\/v2\/pages\/1464\/revisions\/11147"}],"up":[{"embeddable":true,"href":"https:\/\/tannaskroket.se\/de\/wp-json\/wp\/v2\/pages\/1459"}],"wp:featuredmedia":[{"embeddable":true,"href":"https:\/\/tannaskroket.se\/de\/wp-json\/wp\/v2\/media\/1923"}],"wp:attachment":[{"href":"https:\/\/tannaskroket.se\/de\/wp-json\/wp\/v2\/media?parent=1464"}],"wp:term":[{"taxonomy":"sidkategorier","embeddable":true,"href":"https:\/\/tannaskroket.se\/de\/wp-json\/wp\/v2\/sidkategorier?post=1464"}],"curies":[{"name":"wp","href":"https:\/\/api.w.org\/{rel}","templated":true}]}}