{"id":1472,"date":"2021-12-01T23:31:51","date_gmt":"2021-12-01T22:31:51","guid":{"rendered":"https:\/\/dev.tannaskroket.se\/?page_id=1472"},"modified":"2025-02-20T15:54:23","modified_gmt":"2025-02-20T14:54:23","slug":"kanu","status":"publish","type":"page","link":"https:\/\/tannaskroket.se\/de\/sommar\/kanot\/","title":{"rendered":"Kanufahren - durch unber\u00fchrte Wildnis"},"content":{"rendered":"\t\t<div data-elementor-type=\"wp-page\" data-elementor-id=\"1472\" class=\"elementor elementor-1472\" data-elementor-post-type=\"page\">\n\t\t\t\t\t\t<section class=\"elementor-section elementor-top-section elementor-element elementor-element-adff59d elementor-section-height-min-height full-height-header elementor-section-boxed elementor-section-height-default elementor-section-items-middle\" data-id=\"adff59d\" data-element_type=\"section\" data-e-type=\"section\" data-settings=\"{&quot;background_background&quot;:&quot;classic&quot;,&quot;sticky&quot;:&quot;top&quot;,&quot;sticky_offset&quot;:95,&quot;sticky_on&quot;:[&quot;desktop&quot;,&quot;tablet&quot;,&quot;mobile&quot;],&quot;sticky_effects_offset&quot;:0,&quot;sticky_anchor_link_offset&quot;:0}\">\n\t\t\t\t\t\t<div class=\"elementor-container elementor-column-gap-default\">\n\t\t\t\t\t<div class=\"elementor-column elementor-col-100 elementor-top-column elementor-element elementor-element-feb20f4\" data-id=\"feb20f4\" data-element_type=\"column\" data-e-type=\"column\">\n\t\t\t<div class=\"elementor-widget-wrap elementor-element-populated\">\n\t\t\t\t\t\t<section class=\"elementor-section elementor-inner-section elementor-element elementor-element-7ce4ee5 full-height-header-content elementor-section-boxed elementor-section-height-default elementor-section-height-default\" data-id=\"7ce4ee5\" data-element_type=\"section\" data-e-type=\"section\" data-settings=\"{&quot;background_background&quot;:&quot;classic&quot;}\">\n\t\t\t\t\t\t<div class=\"elementor-container elementor-column-gap-default\">\n\t\t\t\t\t<div class=\"elementor-column elementor-col-100 elementor-inner-column elementor-element elementor-element-54b393a\" data-id=\"54b393a\" data-element_type=\"column\" data-e-type=\"column\">\n\t\t\t<div class=\"elementor-widget-wrap elementor-element-populated\">\n\t\t\t\t\t\t<div class=\"elementor-element elementor-element-1aa94a6 full-height-header-content-h1 elementor-widget elementor-widget-heading\" data-id=\"1aa94a6\" data-element_type=\"widget\" data-e-type=\"widget\" data-widget_type=\"heading.default\">\n\t\t\t\t<div class=\"elementor-widget-container\">\n\t\t\t\t\t<h1 class=\"elementor-heading-title elementor-size-default\">\u201dETT STILLA PADDELTAG OCH SEDAN BARA GLIDA FRAM I EN BED\u00d6VANDE VACKER NATURUPPLEVELSE.\u201d<\/h1>\t\t\t\t<\/div>\n\t\t\t\t<\/div>\n\t\t\t\t<div class=\"elementor-element elementor-element-f909fe0 full-height-header-content-more elementor-widget elementor-widget-heading\" data-id=\"f909fe0\" data-element_type=\"widget\" data-e-type=\"widget\" data-widget_type=\"heading.default\">\n\t\t\t\t<div class=\"elementor-widget-container\">\n\t\t\t\t\t<h3 class=\"elementor-heading-title elementor-size-default\">L\u00e4s mer<\/h3>\t\t\t\t<\/div>\n\t\t\t\t<\/div>\n\t\t\t\t<div class=\"elementor-element elementor-element-05ddd23 full-height-header-content-icon elementor-view-default elementor-widget elementor-widget-icon\" data-id=\"05ddd23\" data-element_type=\"widget\" data-e-type=\"widget\" data-widget_type=\"icon.default\">\n\t\t\t\t<div class=\"elementor-widget-container\">\n\t\t\t\t\t\t\t<div class=\"elementor-icon-wrapper\">\n\t\t\t<div class=\"elementor-icon\">\n\t\t\t<i aria-hidden=\"true\" class=\"fas fa-chevron-down\"><\/i>\t\t\t<\/div>\n\t\t<\/div>\n\t\t\t\t\t\t<\/div>\n\t\t\t\t<\/div>\n\t\t\t\t\t<\/div>\n\t\t<\/div>\n\t\t\t\t\t<\/div>\n\t\t<\/section>\n\t\t\t\t\t<\/div>\n\t\t<\/div>\n\t\t\t\t\t<\/div>\n\t\t<\/section>\n\t\t\t\t<section class=\"elementor-section elementor-top-section elementor-element elementor-element-a5946ae elementor-standard-section elementor-section-boxed elementor-section-height-default elementor-section-height-default\" data-id=\"a5946ae\" data-element_type=\"section\" data-e-type=\"section\" data-settings=\"{&quot;background_background&quot;:&quot;classic&quot;}\">\n\t\t\t\t\t\t<div class=\"elementor-container elementor-column-gap-default\">\n\t\t\t\t\t<div class=\"elementor-column elementor-col-100 elementor-top-column elementor-element elementor-element-7936258\" data-id=\"7936258\" data-element_type=\"column\" data-e-type=\"column\">\n\t\t\t<div class=\"elementor-widget-wrap elementor-element-populated\">\n\t\t\t\t\t\t<section class=\"elementor-section elementor-inner-section elementor-element elementor-element-d51d241 elementor-section-boxed elementor-section-height-default elementor-section-height-default\" data-id=\"d51d241\" data-element_type=\"section\" data-e-type=\"section\">\n\t\t\t\t\t\t<div class=\"elementor-container elementor-column-gap-default\">\n\t\t\t\t\t<div class=\"elementor-column elementor-col-100 elementor-inner-column elementor-element elementor-element-7964e1a\" data-id=\"7964e1a\" data-element_type=\"column\" data-e-type=\"column\">\n\t\t\t<div class=\"elementor-widget-wrap elementor-element-populated\">\n\t\t\t\t\t\t<div class=\"elementor-element elementor-element-80c3da5 elementor-widget elementor-widget-heading\" data-id=\"80c3da5\" data-element_type=\"widget\" data-e-type=\"widget\" data-widget_type=\"heading.default\">\n\t\t\t\t<div class=\"elementor-widget-container\">\n\t\t\t\t\t<h2 class=\"elementor-heading-title elementor-size-default\">Kanot \u2013 genom or\u00f6rd vildmark<\/h2>\t\t\t\t<\/div>\n\t\t\t\t<\/div>\n\t\t\t\t<div class=\"elementor-element elementor-element-efd5259 elementor-widget elementor-widget-image\" data-id=\"efd5259\" data-element_type=\"widget\" data-e-type=\"widget\" data-widget_type=\"image.default\">\n\t\t\t\t<div class=\"elementor-widget-container\">\n\t\t\t\t\t\t\t\t\t\t\t\t\t\t\t<img fetchpriority=\"high\" decoding=\"async\" width=\"1024\" height=\"456\" src=\"https:\/\/tannaskroket.se\/wp-content\/uploads\/2018\/05\/kanot_sidan-1024x456.jpg\" class=\"attachment-large size-large wp-image-3931\" alt=\"\" srcset=\"https:\/\/tannaskroket.se\/wp-content\/uploads\/2018\/05\/kanot_sidan-1024x456.jpg 1024w, https:\/\/tannaskroket.se\/wp-content\/uploads\/2018\/05\/kanot_sidan-768x342.jpg 768w, https:\/\/tannaskroket.se\/wp-content\/uploads\/2018\/05\/kanot_sidan-1536x684.jpg 1536w, https:\/\/tannaskroket.se\/wp-content\/uploads\/2018\/05\/kanot_sidan-2048x912.jpg 2048w, https:\/\/tannaskroket.se\/wp-content\/uploads\/2018\/05\/kanot_sidan-300x134.jpg 300w\" sizes=\"(max-width: 1024px) 100vw, 1024px\" \/>\t\t\t\t\t\t\t\t\t\t\t\t\t\t\t<\/div>\n\t\t\t\t<\/div>\n\t\t\t\t\t<\/div>\n\t\t<\/div>\n\t\t\t\t\t<\/div>\n\t\t<\/section>\n\t\t\t\t<section class=\"elementor-section elementor-inner-section elementor-element elementor-element-3dfe838 elementor-section-boxed elementor-section-height-default elementor-section-height-default\" data-id=\"3dfe838\" data-element_type=\"section\" data-e-type=\"section\">\n\t\t\t\t\t\t<div class=\"elementor-container elementor-column-gap-default\">\n\t\t\t\t\t<div class=\"elementor-column elementor-col-33 elementor-inner-column elementor-element elementor-element-87afca7\" data-id=\"87afca7\" data-element_type=\"column\" data-e-type=\"column\">\n\t\t\t<div class=\"elementor-widget-wrap elementor-element-populated\">\n\t\t\t\t\t\t<div class=\"elementor-element elementor-element-765a1f1 elementor-widget elementor-widget-text-editor\" data-id=\"765a1f1\" data-element_type=\"widget\" data-e-type=\"widget\" data-widget_type=\"text-editor.default\">\n\t\t\t\t<div class=\"elementor-widget-container\">\n\t\t\t\t\t\t\t\t\t<h3>Paddling runt T\u00e4nn\u00e4s<\/h3><p>N\u00e4rheten till fina paddelvatten och den storslagna och or\u00f6rda naturen g\u00f6r kanoten till det perfekta f\u00e4rdmedlet n\u00e4r du vill komma naturen lite n\u00e4rmare.<\/p><p>Upplev naturen i sakta mak med en kanotf\u00e4rd l\u00e4ngs vackra Ljusnan eller paddla runt bland sm\u00e5sj\u00f6arna vid K\u00e4ringsj\u00f6n som vidare leder ut till Rogen. Alternativen i naturomr\u00e5det Rogen \u00e4r m\u00e5nga men du m\u00e5ste b\u00e4ra kanoten p\u00e5 en del str\u00e4ckor. Den l\u00e5ngsmala sj\u00f6n Langtj\u00f8nna mellan Feragen och Femunden erbjuder m\u00f6jlighet att \u00f6vernatta i flottarnas gamla buer och se de gamla timmerr\u00e4nnorna.<\/p>\t\t\t\t\t\t\t\t<\/div>\n\t\t\t\t<\/div>\n\t\t\t\t\t<\/div>\n\t\t<\/div>\n\t\t\t\t<div class=\"elementor-column elementor-col-33 elementor-inner-column elementor-element elementor-element-e5c8e88\" data-id=\"e5c8e88\" data-element_type=\"column\" data-e-type=\"column\">\n\t\t\t<div class=\"elementor-widget-wrap elementor-element-populated\">\n\t\t\t\t\t\t<div class=\"elementor-element elementor-element-ac929cd elementor-widget elementor-widget-text-editor\" data-id=\"ac929cd\" data-element_type=\"widget\" data-e-type=\"widget\" data-widget_type=\"text-editor.default\">\n\t\t\t\t<div class=\"elementor-widget-container\">\n\t\t\t\t\t\t\t\t\t<h3>KANOTSAFARI<\/h3><p>I samarbete med Strapatser kan vi erbjuda kanotsafari l\u00e4ngs Ljusnan. Kanotturen \u00e4r ca 8 km l\u00e5ng och tar ungef\u00e4r 5 timmar.<\/p><p>Kanoterna l\u00e4ggs i vid Flon och turen avslutas vid Bruksg\u00e5rden\/Fun\u00e4sdalen.\u00a0Vi stannar till och \u00e4ter lunch vid en av de vackra sandstr\u00e4nderna. P\u00e5 menyn finns traktens specialiteter som till exempel ren, \u00e4lg eller \u00e4delfisk.<\/p><p>Vi paddlar genom b\u00e4ver- och \u00f6ringland och har du fiskekort kan du passa p\u00e5 att fiska. Har vi tur och \u00e4r riktigt tysta n\u00e4r vi passerar b\u00e4verhyddorna \u00e4r det stor chans att f\u00e5 se n\u00e5gon av inv\u00e5narna.<\/p><h3><a href=\"https:\/\/book.tannaskroket.se\/boka\/se-gora\/1571418\/vandra-paddla-cykla-och-kl\u00e4ttra-\u00e4ventyr-med-strapatser\/detaljer?page=2&amp;sorting=st%3Da%3Bso%3Da\" target=\"_blank\" rel=\"noopener\">Boka kanotsafari h\u00e4r&gt;<\/a><\/h3>\t\t\t\t\t\t\t\t<\/div>\n\t\t\t\t<\/div>\n\t\t\t\t\t<\/div>\n\t\t<\/div>\n\t\t\t\t<div class=\"elementor-column elementor-col-33 elementor-inner-column elementor-element elementor-element-375e10f\" data-id=\"375e10f\" data-element_type=\"column\" data-e-type=\"column\">\n\t\t\t<div class=\"elementor-widget-wrap elementor-element-populated\">\n\t\t\t\t\t\t<div class=\"elementor-element elementor-element-1e38bd0 elementor-widget elementor-widget-text-editor\" data-id=\"1e38bd0\" data-element_type=\"widget\" data-e-type=\"widget\" data-widget_type=\"text-editor.default\">\n\t\t\t\t<div class=\"elementor-widget-container\">\n\t\t\t\t\t\t\t\t\t<h3>hyra kanot<\/h3><p>STRAPATSER hj\u00e4lper er med transport, kanoter och tipsar om allt som \u00e4r v\u00e4rt att veta. Ni kan sitta 2 vuxna och 1 barn i en kanot.<\/p><h3><a href=\"https:\/\/book.tannaskroket.se\/boka\/se-gora\/1571419\/kanotuthyrning-f\u00f6r-tur-p\u00e5-ljusnan-strapatser\/detaljer?page=2&amp;sorting=st%3Da%3Bso%3Da\" target=\"_blank\" rel=\"noopener\">Hyr kanot fr\u00e5n Strapatser h\u00e4r&gt;<\/a><\/h3><p>\u00a0<\/p><p>K\u00c4RINGSJ\u00d6N, mitt i Rogens naturreservat, erbjuder kanotuthyrning alla dagar under sommaren (fr\u00e5n 15 juni) kl 10.00-18.00.\u00a0<\/p><p>F\u00f6r priser och bokning ring K\u00e4ringsj\u00f6n, t<span style=\"font-style: inherit; background-color: var( --e-global-color-astglobalcolor5 ); color: var(--ast-global-color-8);\">el: 0684-280 22.\u00a0<\/span><span style=\"background-color: var( --e-global-color-astglobalcolor5 ); color: var(--ast-global-color-8); font-size: 1rem;\">Betalning med swish eller kontant.\u00a0<\/span><\/p>\t\t\t\t\t\t\t\t<\/div>\n\t\t\t\t<\/div>\n\t\t\t\t\t<\/div>\n\t\t<\/div>\n\t\t\t\t\t<\/div>\n\t\t<\/section>\n\t\t\t\t\t<\/div>\n\t\t<\/div>\n\t\t\t\t\t<\/div>\n\t\t<\/section>\n\t\t\t\t<\/div>\n\t\t","protected":false},"excerpt":{"rendered":"<p>\u201dETT STILLA PADDELTAG OCH SEDAN BARA GLIDA FRAM I EN BED\u00d6VANDE VACKER NATURUPPLEVELSE.\u201d L\u00e4s mer Kanot \u2013 genom or\u00f6rd vildmark Paddling runt T\u00e4nn\u00e4s N\u00e4rheten till fina paddelvatten och den storslagna och or\u00f6rda naturen g\u00f6r kanoten till det perfekta f\u00e4rdmedlet n\u00e4r du vill komma naturen lite n\u00e4rmare. Upplev naturen i sakta mak med en kanotf\u00e4rd l\u00e4ngs [&hellip;]<\/p>\n","protected":false},"author":1,"featured_media":1993,"parent":1468,"menu_order":3,"comment_status":"closed","ping_status":"closed","template":"","meta":{"site-sidebar-layout":"no-sidebar","site-content-layout":"page-builder","ast-site-content-layout":"default","site-content-style":"default","site-sidebar-style":"default","ast-global-header-display":"","ast-banner-title-visibility":"","ast-main-header-display":"","ast-hfb-above-header-display":"","ast-hfb-below-header-display":"","ast-hfb-mobile-header-display":"","site-post-title":"disabled","ast-breadcrumbs-content":"","ast-featured-img":"disabled","footer-sml-layout":"","ast-disable-related-posts":"","theme-transparent-header-meta":"","adv-header-id-meta":"","stick-header-meta":"","header-above-stick-meta":"","header-main-stick-meta":"","header-below-stick-meta":"","astra-migrate-meta-layouts":"default","ast-page-background-enabled":"default","ast-page-background-meta":{"desktop":{"background-color":"var(--ast-global-color-4)","background-image":"","background-repeat":"repeat","background-position":"center center","background-size":"auto","background-attachment":"scroll","background-type":"","background-media":"","overlay-type":"","overlay-color":"","overlay-opacity":"","overlay-gradient":""},"tablet":{"background-color":"","background-image":"","background-repeat":"repeat","background-position":"center center","background-size":"auto","background-attachment":"scroll","background-type":"","background-media":"","overlay-type":"","overlay-color":"","overlay-opacity":"","overlay-gradient":""},"mobile":{"background-color":"","background-image":"","background-repeat":"repeat","background-position":"center center","background-size":"auto","background-attachment":"scroll","background-type":"","background-media":"","overlay-type":"","overlay-color":"","overlay-opacity":"","overlay-gradient":""}},"ast-content-background-meta":{"desktop":{"background-color":"var(--ast-global-color-5)","background-image":"","background-repeat":"repeat","background-position":"center center","background-size":"auto","background-attachment":"scroll","background-type":"","background-media":"","overlay-type":"","overlay-color":"","overlay-opacity":"","overlay-gradient":""},"tablet":{"background-color":"var(--ast-global-color-5)","background-image":"","background-repeat":"repeat","background-position":"center center","background-size":"auto","background-attachment":"scroll","background-type":"","background-media":"","overlay-type":"","overlay-color":"","overlay-opacity":"","overlay-gradient":""},"mobile":{"background-color":"var(--ast-global-color-5)","background-image":"","background-repeat":"repeat","background-position":"center center","background-size":"auto","background-attachment":"scroll","background-type":"","background-media":"","overlay-type":"","overlay-color":"","overlay-opacity":"","overlay-gradient":""}},"footnotes":""},"sidkategorier":[51],"class_list":["post-1472","page","type-page","status-publish","has-post-thumbnail","hentry","sidkategorier-sommar"],"yoast_head":"<!-- This site is optimized with the Yoast SEO plugin v27.1.1 - https:\/\/yoast.com\/product\/yoast-seo-wordpress\/ -->\n<title>Kanotsafari i Ljusnan vid Fun\u00e4sdalen - T\u00e4nn\u00e4skr\u00f6ket<\/title>\n<meta name=\"robots\" content=\"index, follow, max-snippet:-1, max-image-preview:large, max-video-preview:-1\" \/>\n<link rel=\"canonical\" href=\"https:\/\/tannaskroket.se\/de\/sommer\/kanu\/\" \/>\n<meta property=\"og:locale\" content=\"de_DE\" \/>\n<meta property=\"og:type\" content=\"article\" \/>\n<meta property=\"og:title\" content=\"Kanotsafari i Ljusnan vid Fun\u00e4sdalen - T\u00e4nn\u00e4skr\u00f6ket\" \/>\n<meta property=\"og:description\" content=\"\u201dETT STILLA PADDELTAG OCH SEDAN BARA GLIDA FRAM I EN BED\u00d6VANDE VACKER NATURUPPLEVELSE.\u201d L\u00e4s mer Kanot \u2013 genom or\u00f6rd vildmark Paddling runt T\u00e4nn\u00e4s N\u00e4rheten till fina paddelvatten och den storslagna och or\u00f6rda naturen g\u00f6r kanoten till det perfekta f\u00e4rdmedlet n\u00e4r du vill komma naturen lite n\u00e4rmare. Upplev naturen i sakta mak med en kanotf\u00e4rd l\u00e4ngs [&hellip;]\" \/>\n<meta property=\"og:url\" content=\"https:\/\/tannaskroket.se\/de\/sommer\/kanu\/\" \/>\n<meta property=\"og:site_name\" content=\"T\u00e4nn\u00e4skr\u00f6ket\" \/>\n<meta property=\"article:publisher\" content=\"https:\/\/www.facebook.com\/Tannaskroket\/\" \/>\n<meta property=\"article:modified_time\" content=\"2025-02-20T14:54:23+00:00\" \/>\n<meta name=\"twitter:card\" content=\"summary_large_image\" \/>\n<meta name=\"twitter:label1\" content=\"Gesch\u00e4tzte Lesezeit\" \/>\n\t<meta name=\"twitter:data1\" content=\"2\u00a0Minuten\" \/>\n<script type=\"application\/ld+json\" class=\"yoast-schema-graph\">{\"@context\":\"https:\/\/schema.org\",\"@graph\":[{\"@type\":\"WebPage\",\"@id\":\"https:\/\/tannaskroket.se\/sommar\/kanot\/\",\"url\":\"https:\/\/tannaskroket.se\/sommar\/kanot\/\",\"name\":\"Kanotsafari i Ljusnan vid Fun\u00e4sdalen - T\u00e4nn\u00e4skr\u00f6ket\",\"isPartOf\":{\"@id\":\"https:\/\/tannaskroket.se\/#website\"},\"primaryImageOfPage\":{\"@id\":\"https:\/\/tannaskroket.se\/sommar\/kanot\/#primaryimage\"},\"image\":{\"@id\":\"https:\/\/tannaskroket.se\/sommar\/kanot\/#primaryimage\"},\"thumbnailUrl\":\"https:\/\/tannaskroket.se\/wp-content\/uploads\/2014\/12\/summer-canoeing.jpg\",\"datePublished\":\"2021-12-01T22:31:51+00:00\",\"dateModified\":\"2025-02-20T14:54:23+00:00\",\"breadcrumb\":{\"@id\":\"https:\/\/tannaskroket.se\/sommar\/kanot\/#breadcrumb\"},\"inLanguage\":\"de\",\"potentialAction\":[{\"@type\":\"ReadAction\",\"target\":[\"https:\/\/tannaskroket.se\/sommar\/kanot\/\"]}]},{\"@type\":\"ImageObject\",\"inLanguage\":\"de\",\"@id\":\"https:\/\/tannaskroket.se\/sommar\/kanot\/#primaryimage\",\"url\":\"https:\/\/tannaskroket.se\/wp-content\/uploads\/2014\/12\/summer-canoeing.jpg\",\"contentUrl\":\"https:\/\/tannaskroket.se\/wp-content\/uploads\/2014\/12\/summer-canoeing.jpg\",\"width\":1440,\"height\":899},{\"@type\":\"BreadcrumbList\",\"@id\":\"https:\/\/tannaskroket.se\/sommar\/kanot\/#breadcrumb\",\"itemListElement\":[{\"@type\":\"ListItem\",\"position\":1,\"name\":\"Home\",\"item\":\"https:\/\/tannaskroket.se\/\"},{\"@type\":\"ListItem\",\"position\":2,\"name\":\"Sommar\",\"item\":\"https:\/\/tannaskroket.se\/sommar\/\"},{\"@type\":\"ListItem\",\"position\":3,\"name\":\"Kanot &#8211; genom or\u00f6rd vildmark\"}]},{\"@type\":\"WebSite\",\"@id\":\"https:\/\/tannaskroket.se\/#website\",\"url\":\"https:\/\/tannaskroket.se\/\",\"name\":\"T\u00e4nn\u00e4skr\u00f6ket\",\"description\":\"Ett eget st\u00e4lle i fj\u00e4llen\",\"publisher\":{\"@id\":\"https:\/\/tannaskroket.se\/#organization\"},\"potentialAction\":[{\"@type\":\"SearchAction\",\"target\":{\"@type\":\"EntryPoint\",\"urlTemplate\":\"https:\/\/tannaskroket.se\/?s={search_term_string}\"},\"query-input\":{\"@type\":\"PropertyValueSpecification\",\"valueRequired\":true,\"valueName\":\"search_term_string\"}}],\"inLanguage\":\"de\"},{\"@type\":\"Organization\",\"@id\":\"https:\/\/tannaskroket.se\/#organization\",\"name\":\"T\u00e4nn\u00e4skr\u00f6ket\",\"url\":\"https:\/\/tannaskroket.se\/\",\"logo\":{\"@type\":\"ImageObject\",\"inLanguage\":\"de\",\"@id\":\"https:\/\/tannaskroket.se\/#\/schema\/logo\/image\/\",\"url\":\"https:\/\/tannaskroket.se\/wp-content\/uploads\/2022\/10\/tk_logo_100_s2.png\",\"contentUrl\":\"https:\/\/tannaskroket.se\/wp-content\/uploads\/2022\/10\/tk_logo_100_s2.png\",\"width\":100,\"height\":100,\"caption\":\"T\u00e4nn\u00e4skr\u00f6ket\"},\"image\":{\"@id\":\"https:\/\/tannaskroket.se\/#\/schema\/logo\/image\/\"},\"sameAs\":[\"https:\/\/www.facebook.com\/Tannaskroket\/\",\"https:\/\/www.instagram.com\/tannaskroket\/\"]}]}<\/script>\n<!-- \/ Yoast SEO plugin. -->","yoast_head_json":{"title":"Kanusafari in Ljusnan bei Fun\u00e4sdalen - T\u00e4nn\u00e4skr\u00f6ket","robots":{"index":"index","follow":"follow","max-snippet":"max-snippet:-1","max-image-preview":"max-image-preview:large","max-video-preview":"max-video-preview:-1"},"canonical":"https:\/\/tannaskroket.se\/de\/sommer\/kanu\/","og_locale":"de_DE","og_type":"article","og_title":"Kanotsafari i Ljusnan vid Fun\u00e4sdalen - T\u00e4nn\u00e4skr\u00f6ket","og_description":"\u201dETT STILLA PADDELTAG OCH SEDAN BARA GLIDA FRAM I EN BED\u00d6VANDE VACKER NATURUPPLEVELSE.\u201d L\u00e4s mer Kanot \u2013 genom or\u00f6rd vildmark Paddling runt T\u00e4nn\u00e4s N\u00e4rheten till fina paddelvatten och den storslagna och or\u00f6rda naturen g\u00f6r kanoten till det perfekta f\u00e4rdmedlet n\u00e4r du vill komma naturen lite n\u00e4rmare. Upplev naturen i sakta mak med en kanotf\u00e4rd l\u00e4ngs [&hellip;]","og_url":"https:\/\/tannaskroket.se\/de\/sommer\/kanu\/","og_site_name":"T\u00e4nn\u00e4skr\u00f6ket","article_publisher":"https:\/\/www.facebook.com\/Tannaskroket\/","article_modified_time":"2025-02-20T14:54:23+00:00","twitter_card":"summary_large_image","twitter_misc":{"Gesch\u00e4tzte Lesezeit":"2\u00a0Minuten"},"schema":{"@context":"https:\/\/schema.org","@graph":[{"@type":"WebPage","@id":"https:\/\/tannaskroket.se\/sommar\/kanot\/","url":"https:\/\/tannaskroket.se\/sommar\/kanot\/","name":"Kanusafari in Ljusnan bei Fun\u00e4sdalen - T\u00e4nn\u00e4skr\u00f6ket","isPartOf":{"@id":"https:\/\/tannaskroket.se\/#website"},"primaryImageOfPage":{"@id":"https:\/\/tannaskroket.se\/sommar\/kanot\/#primaryimage"},"image":{"@id":"https:\/\/tannaskroket.se\/sommar\/kanot\/#primaryimage"},"thumbnailUrl":"https:\/\/tannaskroket.se\/wp-content\/uploads\/2014\/12\/summer-canoeing.jpg","datePublished":"2021-12-01T22:31:51+00:00","dateModified":"2025-02-20T14:54:23+00:00","breadcrumb":{"@id":"https:\/\/tannaskroket.se\/sommar\/kanot\/#breadcrumb"},"inLanguage":"de","potentialAction":[{"@type":"ReadAction","target":["https:\/\/tannaskroket.se\/sommar\/kanot\/"]}]},{"@type":"ImageObject","inLanguage":"de","@id":"https:\/\/tannaskroket.se\/sommar\/kanot\/#primaryimage","url":"https:\/\/tannaskroket.se\/wp-content\/uploads\/2014\/12\/summer-canoeing.jpg","contentUrl":"https:\/\/tannaskroket.se\/wp-content\/uploads\/2014\/12\/summer-canoeing.jpg","width":1440,"height":899},{"@type":"BreadcrumbList","@id":"https:\/\/tannaskroket.se\/sommar\/kanot\/#breadcrumb","itemListElement":[{"@type":"ListItem","position":1,"name":"Home","item":"https:\/\/tannaskroket.se\/"},{"@type":"ListItem","position":2,"name":"Sommar","item":"https:\/\/tannaskroket.se\/sommar\/"},{"@type":"ListItem","position":3,"name":"Kanot &#8211; genom or\u00f6rd vildmark"}]},{"@type":"WebSite","@id":"https:\/\/tannaskroket.se\/#website","url":"https:\/\/tannaskroket.se\/","name":"T\u00e4nn\u00e4skr\u00f6ket","description":"Ein eigener Platz in den Bergen","publisher":{"@id":"https:\/\/tannaskroket.se\/#organization"},"potentialAction":[{"@type":"SearchAction","target":{"@type":"EntryPoint","urlTemplate":"https:\/\/tannaskroket.se\/?s={search_term_string}"},"query-input":{"@type":"PropertyValueSpecification","valueRequired":true,"valueName":"search_term_string"}}],"inLanguage":"de"},{"@type":"Organization","@id":"https:\/\/tannaskroket.se\/#organization","name":"T\u00e4nn\u00e4skr\u00f6ket","url":"https:\/\/tannaskroket.se\/","logo":{"@type":"ImageObject","inLanguage":"de","@id":"https:\/\/tannaskroket.se\/#\/schema\/logo\/image\/","url":"https:\/\/tannaskroket.se\/wp-content\/uploads\/2022\/10\/tk_logo_100_s2.png","contentUrl":"https:\/\/tannaskroket.se\/wp-content\/uploads\/2022\/10\/tk_logo_100_s2.png","width":100,"height":100,"caption":"T\u00e4nn\u00e4skr\u00f6ket"},"image":{"@id":"https:\/\/tannaskroket.se\/#\/schema\/logo\/image\/"},"sameAs":["https:\/\/www.facebook.com\/Tannaskroket\/","https:\/\/www.instagram.com\/tannaskroket\/"]}]}},"_links":{"self":[{"href":"https:\/\/tannaskroket.se\/de\/wp-json\/wp\/v2\/pages\/1472","targetHints":{"allow":["GET"]}}],"collection":[{"href":"https:\/\/tannaskroket.se\/de\/wp-json\/wp\/v2\/pages"}],"about":[{"href":"https:\/\/tannaskroket.se\/de\/wp-json\/wp\/v2\/types\/page"}],"author":[{"embeddable":true,"href":"https:\/\/tannaskroket.se\/de\/wp-json\/wp\/v2\/users\/1"}],"replies":[{"embeddable":true,"href":"https:\/\/tannaskroket.se\/de\/wp-json\/wp\/v2\/comments?post=1472"}],"version-history":[{"count":6,"href":"https:\/\/tannaskroket.se\/de\/wp-json\/wp\/v2\/pages\/1472\/revisions"}],"predecessor-version":[{"id":10277,"href":"https:\/\/tannaskroket.se\/de\/wp-json\/wp\/v2\/pages\/1472\/revisions\/10277"}],"up":[{"embeddable":true,"href":"https:\/\/tannaskroket.se\/de\/wp-json\/wp\/v2\/pages\/1468"}],"wp:featuredmedia":[{"embeddable":true,"href":"https:\/\/tannaskroket.se\/de\/wp-json\/wp\/v2\/media\/1993"}],"wp:attachment":[{"href":"https:\/\/tannaskroket.se\/de\/wp-json\/wp\/v2\/media?parent=1472"}],"wp:term":[{"taxonomy":"sidkategorier","embeddable":true,"href":"https:\/\/tannaskroket.se\/de\/wp-json\/wp\/v2\/sidkategorier?post=1472"}],"curies":[{"name":"wp","href":"https:\/\/api.w.org\/{rel}","templated":true}]}}