{"id":1499,"date":"2014-12-01T23:51:40","date_gmt":"2014-12-01T22:51:40","guid":{"rendered":"https:\/\/dev.tannaskroket.se\/?page_id=1499"},"modified":"2023-08-03T08:47:15","modified_gmt":"2023-08-03T06:47:15","slug":"gerbstoffkrokette","status":"publish","type":"page","link":"https:\/\/tannaskroket.se\/de\/funasfjallen\/tannaskroket\/","title":{"rendered":"T\u00e4nn\u00e4skr\u00f6ket"},"content":{"rendered":"<p>Etwa 20 Minuten vom Dorf Fun\u00e4sdalen entfernt liegt T\u00e4nn\u00e4skr\u00f6ket zwischen zwei Bergen mit insgesamt 17 Pisten und f\u00fcnf Liften. Die Atmosph\u00e4re in T\u00e4nn\u00e4skr\u00f6ket ist gepr\u00e4gt von der Hirtenkultur der Vergangenheit.<\/p>\n<p>T\u00e4nn\u00e4skr\u00f6kets Langlaufloipe ist Teil des Nordic Ski Center, eines der gr\u00f6\u00dften Loipensysteme der Welt mit \u00fcber 300 km gespurten Langlaufloipen und 450 km Motorschlittenstrecken, die das gesamte Fun\u00e4sfj\u00e4llgebiet verbinden.<br \/>\nT\u00e4nn\u00e4skr\u00f6ket bietet ein abwechslungsreiches Skigebiet f\u00fcr die ganze Familie, von kinderfreundlichen Pisten bis hin zu fortgeschrittenen Skifahrern. In T\u00e4nn\u00e4skr\u00f6ken sind die Pisten windgesch\u00fctzt und gr\u00f6\u00dftenteils nach S\u00fcden ausgerichtet. Die l\u00e4ngste Piste ist 1900 Meter lang.<br \/>\nHier k\u00f6nnen Sie in Wohnungen oder sch\u00f6nen Bergh\u00e4usern mit herrlichem Blick auf die Pisten und die norwegische Bergkette wohnen.<br \/>\nIm Restaurant \u00c1rran, das vom White Guide als eines der besten in der Bergwelt bezeichnet wurde, werden lokale Produkte serviert, die von der samischen K\u00fcche inspiriert sind.<br \/>\nWillkommen in T\u00e4nn\u00e4skr\u00f6ket, einem Teil des Fun\u00e4sfj\u00e4llen!<\/p>\n<p><em>\"T\u00e4nn\u00e4s ist ein etwas verschlafenes, aber unwiderstehlich charmantes und etwas geheimnisvolles Dorf in H\u00e4rjedalen. Das Skigebiet T\u00e4nn\u00e4skr\u00f6kets ist unglaublich sch\u00f6n in den Wald und die Berge eingebettet. Wirklich gut und sch\u00f6n mit perfekten Pisten f\u00fcr Familien mit Kindern.\"<\/em> Pelle, Nacka<\/p>","protected":false},"excerpt":{"rendered":"<p>Ca 20 minuter fr\u00e5n Fun\u00e4sdalen by ligger T\u00e4nn\u00e4skr\u00f6ket mellan tv\u00e5 fj\u00e4ll med totalt 17 nedfarter och fem liftar. St\u00e4mningen p\u00e5 T\u00e4nn\u00e4skr\u00f6ket pr\u00e4glas av f\u00e4bodkulturen fr\u00e5n f\u00f6rr. T\u00e4nn\u00e4skr\u00f6kets l\u00e4ngdskid\u00e5kningssp\u00e5r \u00e4r en del av Nordic Ski Center som \u00e4r ett av v\u00e4rldens st\u00f6rsta sp\u00e5rsystem med \u00f6ver 300 km preparerade l\u00e4ngdsp\u00e5r och 450 km skotersp\u00e5r som binder samman [&hellip;]<\/p>\n","protected":false},"author":1,"featured_media":0,"parent":740,"menu_order":1,"comment_status":"closed","ping_status":"closed","template":"","meta":{"site-sidebar-layout":"default","site-content-layout":"","ast-site-content-layout":"default","site-content-style":"default","site-sidebar-style":"default","ast-global-header-display":"","ast-banner-title-visibility":"","ast-main-header-display":"","ast-hfb-above-header-display":"","ast-hfb-below-header-display":"","ast-hfb-mobile-header-display":"","site-post-title":"","ast-breadcrumbs-content":"","ast-featured-img":"","footer-sml-layout":"","ast-disable-related-posts":"","theme-transparent-header-meta":"","adv-header-id-meta":"","stick-header-meta":"","header-above-stick-meta":"","header-main-stick-meta":"","header-below-stick-meta":"","astra-migrate-meta-layouts":"default","ast-page-background-enabled":"default","ast-page-background-meta":{"desktop":{"background-color":"var(--ast-global-color-4)","background-image":"","background-repeat":"repeat","background-position":"center center","background-size":"auto","background-attachment":"scroll","background-type":"","background-media":"","overlay-type":"","overlay-color":"","overlay-opacity":"","overlay-gradient":""},"tablet":{"background-color":"","background-image":"","background-repeat":"repeat","background-position":"center center","background-size":"auto","background-attachment":"scroll","background-type":"","background-media":"","overlay-type":"","overlay-color":"","overlay-opacity":"","overlay-gradient":""},"mobile":{"background-color":"","background-image":"","background-repeat":"repeat","background-position":"center center","background-size":"auto","background-attachment":"scroll","background-type":"","background-media":"","overlay-type":"","overlay-color":"","overlay-opacity":"","overlay-gradient":""}},"ast-content-background-meta":{"desktop":{"background-color":"var(--ast-global-color-5)","background-image":"","background-repeat":"repeat","background-position":"center center","background-size":"auto","background-attachment":"scroll","background-type":"","background-media":"","overlay-type":"","overlay-color":"","overlay-opacity":"","overlay-gradient":""},"tablet":{"background-color":"var(--ast-global-color-5)","background-image":"","background-repeat":"repeat","background-position":"center center","background-size":"auto","background-attachment":"scroll","background-type":"","background-media":"","overlay-type":"","overlay-color":"","overlay-opacity":"","overlay-gradient":""},"mobile":{"background-color":"var(--ast-global-color-5)","background-image":"","background-repeat":"repeat","background-position":"center center","background-size":"auto","background-attachment":"scroll","background-type":"","background-media":"","overlay-type":"","overlay-color":"","overlay-opacity":"","overlay-gradient":""}},"footnotes":""},"sidkategorier":[],"class_list":["post-1499","page","type-page","status-publish","hentry"],"yoast_head":"<!-- This site is optimized with the Yoast SEO plugin v27.1.1 - https:\/\/yoast.com\/product\/yoast-seo-wordpress\/ -->\n<title>T\u00e4nn\u00e4skr\u00f6ket - En del av Fun\u00e4sfj\u00e4llen - T\u00e4nn\u00e4skr\u00f6ket<\/title>\n<meta name=\"robots\" content=\"index, follow, max-snippet:-1, max-image-preview:large, max-video-preview:-1\" \/>\n<link rel=\"canonical\" href=\"https:\/\/tannaskroket.se\/de\/funas-berge\/gerbstoffkrokette\/\" \/>\n<meta property=\"og:locale\" content=\"de_DE\" \/>\n<meta property=\"og:type\" content=\"article\" \/>\n<meta property=\"og:title\" content=\"T\u00e4nn\u00e4skr\u00f6ket - En del av Fun\u00e4sfj\u00e4llen - T\u00e4nn\u00e4skr\u00f6ket\" \/>\n<meta property=\"og:description\" content=\"Ca 20 minuter fr\u00e5n Fun\u00e4sdalen by ligger T\u00e4nn\u00e4skr\u00f6ket mellan tv\u00e5 fj\u00e4ll med totalt 17 nedfarter och fem liftar. St\u00e4mningen p\u00e5 T\u00e4nn\u00e4skr\u00f6ket pr\u00e4glas av f\u00e4bodkulturen fr\u00e5n f\u00f6rr. T\u00e4nn\u00e4skr\u00f6kets l\u00e4ngdskid\u00e5kningssp\u00e5r \u00e4r en del av Nordic Ski Center som \u00e4r ett av v\u00e4rldens st\u00f6rsta sp\u00e5rsystem med \u00f6ver 300 km preparerade l\u00e4ngdsp\u00e5r och 450 km skotersp\u00e5r som binder samman [&hellip;]\" \/>\n<meta property=\"og:url\" content=\"https:\/\/tannaskroket.se\/de\/funas-berge\/gerbstoffkrokette\/\" \/>\n<meta property=\"og:site_name\" content=\"T\u00e4nn\u00e4skr\u00f6ket\" \/>\n<meta property=\"article:publisher\" content=\"https:\/\/www.facebook.com\/Tannaskroket\/\" \/>\n<meta property=\"article:modified_time\" content=\"2023-08-03T06:47:15+00:00\" \/>\n<meta name=\"twitter:card\" content=\"summary_large_image\" \/>\n<meta name=\"twitter:label1\" content=\"Gesch\u00e4tzte Lesezeit\" \/>\n\t<meta name=\"twitter:data1\" content=\"1\u00a0Minute\" \/>\n<script type=\"application\/ld+json\" class=\"yoast-schema-graph\">{\"@context\":\"https:\/\/schema.org\",\"@graph\":[{\"@type\":\"WebPage\",\"@id\":\"https:\/\/tannaskroket.se\/funasfjallen\/tannaskroket\/\",\"url\":\"https:\/\/tannaskroket.se\/funasfjallen\/tannaskroket\/\",\"name\":\"T\u00e4nn\u00e4skr\u00f6ket - En del av Fun\u00e4sfj\u00e4llen - T\u00e4nn\u00e4skr\u00f6ket\",\"isPartOf\":{\"@id\":\"https:\/\/tannaskroket.se\/#website\"},\"datePublished\":\"2014-12-01T22:51:40+00:00\",\"dateModified\":\"2023-08-03T06:47:15+00:00\",\"breadcrumb\":{\"@id\":\"https:\/\/tannaskroket.se\/funasfjallen\/tannaskroket\/#breadcrumb\"},\"inLanguage\":\"de\",\"potentialAction\":[{\"@type\":\"ReadAction\",\"target\":[\"https:\/\/tannaskroket.se\/funasfjallen\/tannaskroket\/\"]}]},{\"@type\":\"BreadcrumbList\",\"@id\":\"https:\/\/tannaskroket.se\/funasfjallen\/tannaskroket\/#breadcrumb\",\"itemListElement\":[{\"@type\":\"ListItem\",\"position\":1,\"name\":\"Home\",\"item\":\"https:\/\/tannaskroket.se\/\"},{\"@type\":\"ListItem\",\"position\":2,\"name\":\"V\u00e4lkommen till Fun\u00e4sfj\u00e4llen\",\"item\":\"https:\/\/tannaskroket.se\/funasfjallen\/\"},{\"@type\":\"ListItem\",\"position\":3,\"name\":\"T\u00e4nn\u00e4skr\u00f6ket\"}]},{\"@type\":\"WebSite\",\"@id\":\"https:\/\/tannaskroket.se\/#website\",\"url\":\"https:\/\/tannaskroket.se\/\",\"name\":\"T\u00e4nn\u00e4skr\u00f6ket\",\"description\":\"Ett eget st\u00e4lle i fj\u00e4llen\",\"publisher\":{\"@id\":\"https:\/\/tannaskroket.se\/#organization\"},\"potentialAction\":[{\"@type\":\"SearchAction\",\"target\":{\"@type\":\"EntryPoint\",\"urlTemplate\":\"https:\/\/tannaskroket.se\/?s={search_term_string}\"},\"query-input\":{\"@type\":\"PropertyValueSpecification\",\"valueRequired\":true,\"valueName\":\"search_term_string\"}}],\"inLanguage\":\"de\"},{\"@type\":\"Organization\",\"@id\":\"https:\/\/tannaskroket.se\/#organization\",\"name\":\"T\u00e4nn\u00e4skr\u00f6ket\",\"url\":\"https:\/\/tannaskroket.se\/\",\"logo\":{\"@type\":\"ImageObject\",\"inLanguage\":\"de\",\"@id\":\"https:\/\/tannaskroket.se\/#\/schema\/logo\/image\/\",\"url\":\"https:\/\/tannaskroket.se\/wp-content\/uploads\/2022\/10\/tk_logo_100_s2.png\",\"contentUrl\":\"https:\/\/tannaskroket.se\/wp-content\/uploads\/2022\/10\/tk_logo_100_s2.png\",\"width\":100,\"height\":100,\"caption\":\"T\u00e4nn\u00e4skr\u00f6ket\"},\"image\":{\"@id\":\"https:\/\/tannaskroket.se\/#\/schema\/logo\/image\/\"},\"sameAs\":[\"https:\/\/www.facebook.com\/Tannaskroket\/\",\"https:\/\/www.instagram.com\/tannaskroket\/\"]}]}<\/script>\n<!-- \/ Yoast SEO plugin. -->","yoast_head_json":{"title":"T\u00e4nn\u00e4skr\u00f6ket - Teil von Fun\u00e4sfj\u00e4llen - T\u00e4nn\u00e4skr\u00f6ket","robots":{"index":"index","follow":"follow","max-snippet":"max-snippet:-1","max-image-preview":"max-image-preview:large","max-video-preview":"max-video-preview:-1"},"canonical":"https:\/\/tannaskroket.se\/de\/funas-berge\/gerbstoffkrokette\/","og_locale":"de_DE","og_type":"article","og_title":"T\u00e4nn\u00e4skr\u00f6ket - En del av Fun\u00e4sfj\u00e4llen - T\u00e4nn\u00e4skr\u00f6ket","og_description":"Ca 20 minuter fr\u00e5n Fun\u00e4sdalen by ligger T\u00e4nn\u00e4skr\u00f6ket mellan tv\u00e5 fj\u00e4ll med totalt 17 nedfarter och fem liftar. St\u00e4mningen p\u00e5 T\u00e4nn\u00e4skr\u00f6ket pr\u00e4glas av f\u00e4bodkulturen fr\u00e5n f\u00f6rr. T\u00e4nn\u00e4skr\u00f6kets l\u00e4ngdskid\u00e5kningssp\u00e5r \u00e4r en del av Nordic Ski Center som \u00e4r ett av v\u00e4rldens st\u00f6rsta sp\u00e5rsystem med \u00f6ver 300 km preparerade l\u00e4ngdsp\u00e5r och 450 km skotersp\u00e5r som binder samman [&hellip;]","og_url":"https:\/\/tannaskroket.se\/de\/funas-berge\/gerbstoffkrokette\/","og_site_name":"T\u00e4nn\u00e4skr\u00f6ket","article_publisher":"https:\/\/www.facebook.com\/Tannaskroket\/","article_modified_time":"2023-08-03T06:47:15+00:00","twitter_card":"summary_large_image","twitter_misc":{"Gesch\u00e4tzte Lesezeit":"1\u00a0Minute"},"schema":{"@context":"https:\/\/schema.org","@graph":[{"@type":"WebPage","@id":"https:\/\/tannaskroket.se\/funasfjallen\/tannaskroket\/","url":"https:\/\/tannaskroket.se\/funasfjallen\/tannaskroket\/","name":"T\u00e4nn\u00e4skr\u00f6ket - Teil von Fun\u00e4sfj\u00e4llen - T\u00e4nn\u00e4skr\u00f6ket","isPartOf":{"@id":"https:\/\/tannaskroket.se\/#website"},"datePublished":"2014-12-01T22:51:40+00:00","dateModified":"2023-08-03T06:47:15+00:00","breadcrumb":{"@id":"https:\/\/tannaskroket.se\/funasfjallen\/tannaskroket\/#breadcrumb"},"inLanguage":"de","potentialAction":[{"@type":"ReadAction","target":["https:\/\/tannaskroket.se\/funasfjallen\/tannaskroket\/"]}]},{"@type":"BreadcrumbList","@id":"https:\/\/tannaskroket.se\/funasfjallen\/tannaskroket\/#breadcrumb","itemListElement":[{"@type":"ListItem","position":1,"name":"Home","item":"https:\/\/tannaskroket.se\/"},{"@type":"ListItem","position":2,"name":"V\u00e4lkommen till Fun\u00e4sfj\u00e4llen","item":"https:\/\/tannaskroket.se\/funasfjallen\/"},{"@type":"ListItem","position":3,"name":"T\u00e4nn\u00e4skr\u00f6ket"}]},{"@type":"WebSite","@id":"https:\/\/tannaskroket.se\/#website","url":"https:\/\/tannaskroket.se\/","name":"T\u00e4nn\u00e4skr\u00f6ket","description":"Ein eigener Platz in den Bergen","publisher":{"@id":"https:\/\/tannaskroket.se\/#organization"},"potentialAction":[{"@type":"SearchAction","target":{"@type":"EntryPoint","urlTemplate":"https:\/\/tannaskroket.se\/?s={search_term_string}"},"query-input":{"@type":"PropertyValueSpecification","valueRequired":true,"valueName":"search_term_string"}}],"inLanguage":"de"},{"@type":"Organization","@id":"https:\/\/tannaskroket.se\/#organization","name":"T\u00e4nn\u00e4skr\u00f6ket","url":"https:\/\/tannaskroket.se\/","logo":{"@type":"ImageObject","inLanguage":"de","@id":"https:\/\/tannaskroket.se\/#\/schema\/logo\/image\/","url":"https:\/\/tannaskroket.se\/wp-content\/uploads\/2022\/10\/tk_logo_100_s2.png","contentUrl":"https:\/\/tannaskroket.se\/wp-content\/uploads\/2022\/10\/tk_logo_100_s2.png","width":100,"height":100,"caption":"T\u00e4nn\u00e4skr\u00f6ket"},"image":{"@id":"https:\/\/tannaskroket.se\/#\/schema\/logo\/image\/"},"sameAs":["https:\/\/www.facebook.com\/Tannaskroket\/","https:\/\/www.instagram.com\/tannaskroket\/"]}]}},"_links":{"self":[{"href":"https:\/\/tannaskroket.se\/de\/wp-json\/wp\/v2\/pages\/1499","targetHints":{"allow":["GET"]}}],"collection":[{"href":"https:\/\/tannaskroket.se\/de\/wp-json\/wp\/v2\/pages"}],"about":[{"href":"https:\/\/tannaskroket.se\/de\/wp-json\/wp\/v2\/types\/page"}],"author":[{"embeddable":true,"href":"https:\/\/tannaskroket.se\/de\/wp-json\/wp\/v2\/users\/1"}],"replies":[{"embeddable":true,"href":"https:\/\/tannaskroket.se\/de\/wp-json\/wp\/v2\/comments?post=1499"}],"version-history":[{"count":1,"href":"https:\/\/tannaskroket.se\/de\/wp-json\/wp\/v2\/pages\/1499\/revisions"}],"predecessor-version":[{"id":10591,"href":"https:\/\/tannaskroket.se\/de\/wp-json\/wp\/v2\/pages\/1499\/revisions\/10591"}],"up":[{"embeddable":true,"href":"https:\/\/tannaskroket.se\/de\/wp-json\/wp\/v2\/pages\/740"}],"wp:attachment":[{"href":"https:\/\/tannaskroket.se\/de\/wp-json\/wp\/v2\/media?parent=1499"}],"wp:term":[{"taxonomy":"sidkategorier","embeddable":true,"href":"https:\/\/tannaskroket.se\/de\/wp-json\/wp\/v2\/sidkategorier?post=1499"}],"curies":[{"name":"wp","href":"https:\/\/api.w.org\/{rel}","templated":true}]}}