{"id":17436,"date":"2025-10-09T14:00:35","date_gmt":"2025-10-09T12:00:35","guid":{"rendered":"https:\/\/tannaskroket.se\/?page_id=17436"},"modified":"2026-04-09T11:55:28","modified_gmt":"2026-04-09T09:55:28","slug":"musikerlebnisse-in-funasfjallen","status":"publish","type":"page","link":"https:\/\/tannaskroket.se\/de\/musikupplevelser-i-funasfjallen\/","title":{"rendered":"T\u00e4nn\u00e4s-Sitzungen"},"content":{"rendered":"\t\t<div data-elementor-type=\"wp-page\" data-elementor-id=\"17436\" class=\"elementor elementor-17436\" data-elementor-post-type=\"page\">\n\t\t\t\t\t\t<section class=\"elementor-section elementor-top-section elementor-element elementor-element-63aab59 elementor-section-height-min-height full-height-header elementor-section-boxed elementor-section-height-default elementor-section-items-middle\" data-id=\"63aab59\" data-element_type=\"section\" data-e-type=\"section\" data-settings=\"{&quot;background_background&quot;:&quot;classic&quot;,&quot;sticky&quot;:&quot;top&quot;,&quot;sticky_offset&quot;:95,&quot;sticky_on&quot;:[&quot;desktop&quot;,&quot;tablet&quot;,&quot;mobile&quot;],&quot;sticky_effects_offset&quot;:0,&quot;sticky_anchor_link_offset&quot;:0}\">\n\t\t\t\t\t\t<div class=\"elementor-container elementor-column-gap-default\">\n\t\t\t\t\t<div class=\"elementor-column elementor-col-100 elementor-top-column elementor-element elementor-element-768c0e8\" data-id=\"768c0e8\" data-element_type=\"column\" data-e-type=\"column\" data-settings=\"{&quot;background_background&quot;:&quot;slideshow&quot;,&quot;background_slideshow_gallery&quot;:[],&quot;background_slideshow_loop&quot;:&quot;yes&quot;,&quot;background_slideshow_slide_duration&quot;:5000,&quot;background_slideshow_slide_transition&quot;:&quot;fade&quot;,&quot;background_slideshow_transition_duration&quot;:500}\">\n\t\t\t<div class=\"elementor-widget-wrap elementor-element-populated\">\n\t\t\t\t\t\t<section class=\"elementor-section elementor-inner-section elementor-element elementor-element-cb7925b full-height-header-content elementor-section-boxed elementor-section-height-default elementor-section-height-default\" data-id=\"cb7925b\" data-element_type=\"section\" data-e-type=\"section\" data-settings=\"{&quot;background_background&quot;:&quot;classic&quot;}\">\n\t\t\t\t\t\t<div class=\"elementor-container elementor-column-gap-default\">\n\t\t\t\t\t<div class=\"elementor-column elementor-col-100 elementor-inner-column elementor-element elementor-element-3a53cb0\" data-id=\"3a53cb0\" data-element_type=\"column\" data-e-type=\"column\">\n\t\t\t<div class=\"elementor-widget-wrap elementor-element-populated\">\n\t\t\t\t\t\t<div class=\"elementor-element elementor-element-3cae8f9 full-height-header-content-h1 elementor-widget elementor-widget-heading\" data-id=\"3cae8f9\" data-element_type=\"widget\" data-e-type=\"widget\" data-widget_type=\"heading.default\">\n\t\t\t\t<div class=\"elementor-widget-container\">\n\t\t\t\t\t<h1 class=\"elementor-heading-title elementor-size-default\">13 aktuella artister<\/h1>\t\t\t\t<\/div>\n\t\t\t\t<\/div>\n\t\t\t\t<div class=\"elementor-element elementor-element-1183c82 full-height-header-content-subheading elementor-widget elementor-widget-heading\" data-id=\"1183c82\" data-element_type=\"widget\" data-e-type=\"widget\" data-widget_type=\"heading.default\">\n\t\t\t\t<div class=\"elementor-widget-container\">\n\t\t\t\t\t<span class=\"elementor-heading-title elementor-size-default\">intima kv\u00e4llar med livemusik och mat<\/span>\t\t\t\t<\/div>\n\t\t\t\t<\/div>\n\t\t\t\t<div class=\"elementor-element elementor-element-e7ff779 full-height-header-content-more elementor-widget elementor-widget-heading\" data-id=\"e7ff779\" data-element_type=\"widget\" data-e-type=\"widget\" data-widget_type=\"heading.default\">\n\t\t\t\t<div class=\"elementor-widget-container\">\n\t\t\t\t\t<h3 class=\"elementor-heading-title elementor-size-default\">L\u00e4s mer<\/h3>\t\t\t\t<\/div>\n\t\t\t\t<\/div>\n\t\t\t\t<div class=\"elementor-element elementor-element-f50a6c0 full-height-header-content-icon elementor-view-default elementor-widget elementor-widget-icon\" data-id=\"f50a6c0\" data-element_type=\"widget\" data-e-type=\"widget\" data-widget_type=\"icon.default\">\n\t\t\t\t<div class=\"elementor-widget-container\">\n\t\t\t\t\t\t\t<div class=\"elementor-icon-wrapper\">\n\t\t\t<div class=\"elementor-icon\">\n\t\t\t<i aria-hidden=\"true\" class=\"fas fa-chevron-down\"><\/i>\t\t\t<\/div>\n\t\t<\/div>\n\t\t\t\t\t\t<\/div>\n\t\t\t\t<\/div>\n\t\t\t\t\t<\/div>\n\t\t<\/div>\n\t\t\t\t\t<\/div>\n\t\t<\/section>\n\t\t\t\t\t<\/div>\n\t\t<\/div>\n\t\t\t\t\t<\/div>\n\t\t<\/section>\n\t\t\t\t<section class=\"elementor-section elementor-top-section elementor-element elementor-element-6a9c18d elementor-standard-section elementor-section-boxed elementor-section-height-default elementor-section-height-default\" data-id=\"6a9c18d\" data-element_type=\"section\" data-e-type=\"section\" data-settings=\"{&quot;background_background&quot;:&quot;classic&quot;}\">\n\t\t\t\t\t\t<div class=\"elementor-container elementor-column-gap-default\">\n\t\t\t\t\t<div class=\"elementor-column elementor-col-100 elementor-top-column elementor-element elementor-element-4f49342\" data-id=\"4f49342\" data-element_type=\"column\" data-e-type=\"column\">\n\t\t\t<div class=\"elementor-widget-wrap elementor-element-populated\">\n\t\t\t\t\t\t<div class=\"elementor-element elementor-element-324c5c4 elementor-widget elementor-widget-text-editor\" data-id=\"324c5c4\" data-element_type=\"widget\" data-e-type=\"widget\" data-widget_type=\"text-editor.default\">\n\t\t\t\t<div class=\"elementor-widget-container\">\n\t\t\t\t\t\t\t\t\t<h1>T\u00e4nn\u00e4s Sessions<\/h1><p>T\u00e4nn\u00e4s Sessions \u00e4r livekonserter i liten skala \u2013 d\u00e4r musik, mat och m\u00e4nniskor m\u00f6ts. En serie intima livekonserter med n\u00e5gra av Sveriges mest aktuella och sp\u00e4nnande artister. V\u00e4lj mellan intima kv\u00e4llskonserter med middag, eller st\u00e4mningsfulla afterskier med varm gemenskap.<\/p><p>Konserterna \u00e4r \u00f6ppna b\u00e5de f\u00f6r boendeg\u00e4ster, lokalbor och bes\u00f6kare som vill kombinera sin skidsemester i Fun\u00e4sfj\u00e4llen med en unik kulturupplevelse. Platserna \u00e4r mycket begr\u00e4nsade, vilket g\u00f6r varje konsert till n\u00e5got alldeles s\u00e4rskilt.<\/p>\t\t\t\t\t\t\t\t<\/div>\n\t\t\t\t<\/div>\n\t\t\t\t<div class=\"elementor-element elementor-element-8aa6ae6 elementor-widget elementor-widget-text-editor\" data-id=\"8aa6ae6\" data-element_type=\"widget\" data-e-type=\"widget\" data-widget_type=\"text-editor.default\">\n\t\t\t\t<div class=\"elementor-widget-container\">\n\t\t\t\t\t\t\t\t\t<h2>T\u00e4nn\u00e4s Sessions Afterski<\/h2><p>H\u00e4r f\u00f6rvandlas afterskin till en n\u00e4ra konsertupplevelse, d\u00e4r du kommer t\u00e4tt inp\u00e5 b\u00e5de musiken och stunden. Den 12 mars, 2 april och 9 april har du m\u00f6jlighet att uppleva n\u00e5gra av vinterns mest st\u00e4mningsfulla afterskier med livemusik och gemenskap p\u00e5 T\u00e4nn\u00e4s Sessions. Afterskin \u00e4r kostnadsfri och startar kl. 16:30 p\u00e5 restaurang \u00c1rran. H\u00e4r kan du landa mjukt och avsluta skiddagen i gott s\u00e4llskap med en st\u00e4mningsfull afterski.<\/p>\t\t\t\t\t\t\t\t<\/div>\n\t\t\t\t<\/div>\n\t\t\t\t<section class=\"elementor-section elementor-inner-section elementor-element elementor-element-a172a51 elementor-section-boxed elementor-section-height-default elementor-section-height-default\" data-id=\"a172a51\" data-element_type=\"section\" data-e-type=\"section\">\n\t\t\t\t\t\t<div class=\"elementor-container elementor-column-gap-default\">\n\t\t\t\t\t<div class=\"elementor-column elementor-col-50 elementor-inner-column elementor-element elementor-element-958a9f0\" data-id=\"958a9f0\" data-element_type=\"column\" data-e-type=\"column\">\n\t\t\t<div class=\"elementor-widget-wrap elementor-element-populated\">\n\t\t\t\t\t\t<div class=\"elementor-element elementor-element-389d286 elementor-widget elementor-widget-image\" data-id=\"389d286\" data-element_type=\"widget\" data-e-type=\"widget\" data-widget_type=\"image.default\">\n\t\t\t\t<div class=\"elementor-widget-container\">\n\t\t\t\t\t\t\t\t\t\t\t\t\t\t\t<img fetchpriority=\"high\" decoding=\"async\" width=\"819\" height=\"1024\" src=\"https:\/\/tannaskroket.se\/wp-content\/uploads\/2025\/10\/Tannas-Sessions-25-Some_alla-artister-kopiera-819x1024.png\" class=\"attachment-large size-large wp-image-17888\" alt=\"\" srcset=\"https:\/\/tannaskroket.se\/wp-content\/uploads\/2025\/10\/Tannas-Sessions-25-Some_alla-artister-kopiera-819x1024.png 819w, https:\/\/tannaskroket.se\/wp-content\/uploads\/2025\/10\/Tannas-Sessions-25-Some_alla-artister-kopiera-240x300.png 240w, https:\/\/tannaskroket.se\/wp-content\/uploads\/2025\/10\/Tannas-Sessions-25-Some_alla-artister-kopiera-768x960.png 768w, https:\/\/tannaskroket.se\/wp-content\/uploads\/2025\/10\/Tannas-Sessions-25-Some_alla-artister-kopiera-10x12.png 10w, https:\/\/tannaskroket.se\/wp-content\/uploads\/2025\/10\/Tannas-Sessions-25-Some_alla-artister-kopiera-19x24.png 19w, https:\/\/tannaskroket.se\/wp-content\/uploads\/2025\/10\/Tannas-Sessions-25-Some_alla-artister-kopiera-29x36.png 29w, https:\/\/tannaskroket.se\/wp-content\/uploads\/2025\/10\/Tannas-Sessions-25-Some_alla-artister-kopiera-38x48.png 38w, https:\/\/tannaskroket.se\/wp-content\/uploads\/2025\/10\/Tannas-Sessions-25-Some_alla-artister-kopiera.png 1080w\" sizes=\"(max-width: 819px) 100vw, 819px\" \/>\t\t\t\t\t\t\t\t\t\t\t\t\t\t\t<\/div>\n\t\t\t\t<\/div>\n\t\t\t\t\t<\/div>\n\t\t<\/div>\n\t\t\t\t<div class=\"elementor-column elementor-col-50 elementor-inner-column elementor-element elementor-element-950bc3e\" data-id=\"950bc3e\" data-element_type=\"column\" data-e-type=\"column\">\n\t\t\t<div class=\"elementor-widget-wrap elementor-element-populated\">\n\t\t\t\t\t\t<div class=\"elementor-element elementor-element-3d47c49 elementor-widget elementor-widget-text-editor\" data-id=\"3d47c49\" data-element_type=\"widget\" data-e-type=\"widget\" data-widget_type=\"text-editor.default\">\n\t\t\t\t<div class=\"elementor-widget-container\">\n\t\t\t\t\t\t\t\t\t<h2>En kv\u00e4ll p\u00e5 T\u00e4nn\u00e4s Sessions<\/h2><p>Du v\u00e4lkomnas till Restaurang \u00c1rran d\u00e4r kv\u00e4llen b\u00f6rjar med en tv\u00e5r\u00e4tters middag inspirerad av fj\u00e4llen och lokala smaker. Efter maten intar kv\u00e4llens artist scenen p\u00e5 \u00f6verv\u00e5ningen. Musiken, maten och st\u00e4mningen sm\u00e4lter samman och skapar en upplevelse du sent kommer gl\u00f6mma.<\/p><h4>Biljetter<\/h4><p style=\"font-weight: 400;\"><strong>Middag och konsert<br \/><\/strong>V\u00e4lkomna till restaurang \u00c1rran kl. 17.30 f\u00f6r en of\u00f6rgl\u00f6mlig kv\u00e4ll.<\/p><p style=\"font-weight: 400;\">Baren \u00e4r \u00f6ppen f\u00f6r en trevlig f\u00f6rdrink och d\u00e4refter bjuder vi in till en tv\u00e5r\u00e4ttersmiddag p\u00e5 \u00c1rrans \u00f6verv\u00e5ning, d\u00e4r \u00e4ven konserten kommer \u00e4ga rum. Kl 20.00 intar kv\u00e4llens artist scenen och konserten p\u00e5g\u00e5r ca 1 timme.<br \/><em>Pris 790 SEK<\/em><\/p><p><strong>Konsert<\/strong><br \/>V\u00e4lkomna till restaurang \u00c1rran kl. 19.30. I denna biljett ing\u00e5r sittplats under konserten. Dryck och snacks finns att k\u00f6pa i baren. <span style=\"font-size: 16px;\">Kl 20.00 intar kv\u00e4llens artist scenen och konserten p\u00e5g\u00e5r ca 1 timme.<br \/><\/span><em>Pris 295 SEK<\/em><\/p><h6>Observera att det ej finns hiss till \u00f6verv\u00e5ningen.<\/h6>\t\t\t\t\t\t\t\t<\/div>\n\t\t\t\t<\/div>\n\t\t\t\t<div class=\"elementor-element elementor-element-e46f1e5 elementor-widget-divider--view-line elementor-widget elementor-widget-divider\" data-id=\"e46f1e5\" data-element_type=\"widget\" data-e-type=\"widget\" data-widget_type=\"divider.default\">\n\t\t\t\t<div class=\"elementor-widget-container\">\n\t\t\t\t\t\t\t<div class=\"elementor-divider\">\n\t\t\t<span class=\"elementor-divider-separator\">\n\t\t\t\t\t\t<\/span>\n\t\t<\/div>\n\t\t\t\t\t\t<\/div>\n\t\t\t\t<\/div>\n\t\t\t\t<div class=\"elementor-element elementor-element-3c14e34 elementor-cta--skin-classic elementor-animated-content elementor-bg-transform elementor-bg-transform-zoom-in elementor-widget elementor-widget-call-to-action\" data-id=\"3c14e34\" data-element_type=\"widget\" data-e-type=\"widget\" data-widget_type=\"call-to-action.default\">\n\t\t\t\t<div class=\"elementor-widget-container\">\n\t\t\t\t\t\t\t<div class=\"elementor-cta\">\n\t\t\t\t\t\t\t<div class=\"elementor-cta__content\">\n\t\t\t\t\n\t\t\t\t\t\t\t\t\t<h2 class=\"elementor-cta__title elementor-cta__content-item elementor-content-item\">\n\t\t\t\t\t\tBiljetterna sl\u00e4ppta\t\t\t\t\t<\/h2>\n\t\t\t\t\n\t\t\t\t\t\t\t\t\t<div class=\"elementor-cta__description elementor-cta__content-item elementor-content-item\">\n\t\t\t\t\t\tV\u00e4lj mellan Middag och Konsert eller enbart Konsert.\t\t\t\t\t<\/div>\n\t\t\t\t\n\t\t\t\t\t\t\t\t\t<div class=\"elementor-cta__button-wrapper elementor-cta__content-item elementor-content-item \">\n\t\t\t\t\t<a class=\"elementor-cta__button elementor-button elementor-size-\" href=\"https:\/\/book.tannaskroket.se\/boka\/se-gora\/2780541\/t\u00e4nn\u00e4s-sessions\/detaljer?filter=c%3D62966\">\n\t\t\t\t\t\tTill biljettk\u00f6p\t\t\t\t\t<\/a>\n\t\t\t\t\t<\/div>\n\t\t\t\t\t\t\t<\/div>\n\t\t\t\t\t\t<\/div>\n\t\t\t\t\t\t<\/div>\n\t\t\t\t<\/div>\n\t\t\t\t\t<\/div>\n\t\t<\/div>\n\t\t\t\t\t<\/div>\n\t\t<\/section>\n\t\t\t\t\t<\/div>\n\t\t<\/div>\n\t\t\t\t\t<\/div>\n\t\t<\/section>\n\t\t\t\t<\/div>\n\t\t","protected":false},"excerpt":{"rendered":"<p>13 aktuella artister intima kv\u00e4llar med livemusik och mat L\u00e4s mer T\u00e4nn\u00e4s Sessions T\u00e4nn\u00e4s Sessions \u00e4r livekonserter i liten skala \u2013 d\u00e4r musik, mat och m\u00e4nniskor m\u00f6ts. En serie intima livekonserter med n\u00e5gra av Sveriges mest aktuella och sp\u00e4nnande artister. V\u00e4lj mellan intima kv\u00e4llskonserter med middag, eller st\u00e4mningsfulla afterskier med varm gemenskap. Konserterna \u00e4r \u00f6ppna [&hellip;]<\/p>\n","protected":false},"author":12,"featured_media":17815,"parent":0,"menu_order":0,"comment_status":"closed","ping_status":"closed","template":"","meta":{"site-sidebar-layout":"no-sidebar","site-content-layout":"page-builder","ast-site-content-layout":"full-width-container","site-content-style":"unboxed","site-sidebar-style":"unboxed","ast-global-header-display":"","ast-banner-title-visibility":"","ast-main-header-display":"","ast-hfb-above-header-display":"","ast-hfb-below-header-display":"","ast-hfb-mobile-header-display":"","site-post-title":"disabled","ast-breadcrumbs-content":"","ast-featured-img":"disabled","footer-sml-layout":"","ast-disable-related-posts":"","theme-transparent-header-meta":"","adv-header-id-meta":"","stick-header-meta":"","header-above-stick-meta":"","header-main-stick-meta":"","header-below-stick-meta":"","astra-migrate-meta-layouts":"set","ast-page-background-enabled":"default","ast-page-background-meta":{"desktop":{"background-color":"var(--ast-global-color-4)","background-image":"","background-repeat":"repeat","background-position":"center center","background-size":"auto","background-attachment":"scroll","background-type":"","background-media":"","overlay-type":"","overlay-color":"","overlay-opacity":"","overlay-gradient":""},"tablet":{"background-color":"","background-image":"","background-repeat":"repeat","background-position":"center center","background-size":"auto","background-attachment":"scroll","background-type":"","background-media":"","overlay-type":"","overlay-color":"","overlay-opacity":"","overlay-gradient":""},"mobile":{"background-color":"","background-image":"","background-repeat":"repeat","background-position":"center center","background-size":"auto","background-attachment":"scroll","background-type":"","background-media":"","overlay-type":"","overlay-color":"","overlay-opacity":"","overlay-gradient":""}},"ast-content-background-meta":{"desktop":{"background-color":"var(--ast-global-color-5)","background-image":"","background-repeat":"repeat","background-position":"center center","background-size":"auto","background-attachment":"scroll","background-type":"","background-media":"","overlay-type":"","overlay-color":"","overlay-opacity":"","overlay-gradient":""},"tablet":{"background-color":"var(--ast-global-color-5)","background-image":"","background-repeat":"repeat","background-position":"center center","background-size":"auto","background-attachment":"scroll","background-type":"","background-media":"","overlay-type":"","overlay-color":"","overlay-opacity":"","overlay-gradient":""},"mobile":{"background-color":"var(--ast-global-color-5)","background-image":"","background-repeat":"repeat","background-position":"center center","background-size":"auto","background-attachment":"scroll","background-type":"","background-media":"","overlay-type":"","overlay-color":"","overlay-opacity":"","overlay-gradient":""}},"footnotes":""},"sidkategorier":[50],"class_list":["post-17436","page","type-page","status-publish","has-post-thumbnail","hentry","sidkategorier-vinter"],"yoast_head":"<!-- This site is optimized with the Yoast SEO plugin v27.1.1 - https:\/\/yoast.com\/product\/yoast-seo-wordpress\/ -->\n<title>T\u00e4nn\u00e4s Sessions - T\u00e4nn\u00e4skr\u00f6ket<\/title>\n<meta name=\"robots\" content=\"index, follow, max-snippet:-1, max-image-preview:large, max-video-preview:-1\" \/>\n<link rel=\"canonical\" href=\"https:\/\/tannaskroket.se\/de\/musikerlebnisse-in-funasfjallen\/\" \/>\n<meta property=\"og:locale\" content=\"de_DE\" \/>\n<meta property=\"og:type\" content=\"article\" \/>\n<meta property=\"og:title\" content=\"T\u00e4nn\u00e4s Sessions - T\u00e4nn\u00e4skr\u00f6ket\" \/>\n<meta property=\"og:description\" content=\"13 aktuella artister intima kv\u00e4llar med livemusik och mat L\u00e4s mer T\u00e4nn\u00e4s Sessions T\u00e4nn\u00e4s Sessions \u00e4r livekonserter i liten skala \u2013 d\u00e4r musik, mat och m\u00e4nniskor m\u00f6ts. En serie intima livekonserter med n\u00e5gra av Sveriges mest aktuella och sp\u00e4nnande artister. V\u00e4lj mellan intima kv\u00e4llskonserter med middag, eller st\u00e4mningsfulla afterskier med varm gemenskap. Konserterna \u00e4r \u00f6ppna [&hellip;]\" \/>\n<meta property=\"og:url\" content=\"https:\/\/tannaskroket.se\/de\/musikerlebnisse-in-funasfjallen\/\" \/>\n<meta property=\"og:site_name\" content=\"T\u00e4nn\u00e4skr\u00f6ket\" \/>\n<meta property=\"article:publisher\" content=\"https:\/\/www.facebook.com\/Tannaskroket\/\" \/>\n<meta property=\"article:modified_time\" content=\"2026-04-09T09:55:28+00:00\" \/>\n<meta property=\"og:image\" content=\"https:\/\/tannaskroket.se\/wp-content\/uploads\/2025\/08\/Tannas-Sessions-25-header_3-1024x640.jpg\" \/>\n\t<meta property=\"og:image:width\" content=\"1024\" \/>\n\t<meta property=\"og:image:height\" content=\"640\" \/>\n\t<meta property=\"og:image:type\" content=\"image\/jpeg\" \/>\n<meta name=\"twitter:card\" content=\"summary_large_image\" \/>\n<meta name=\"twitter:label1\" content=\"Gesch\u00e4tzte Lesezeit\" \/>\n\t<meta name=\"twitter:data1\" content=\"3\u00a0Minuten\" \/>\n<script type=\"application\/ld+json\" class=\"yoast-schema-graph\">{\"@context\":\"https:\/\/schema.org\",\"@graph\":[{\"@type\":\"WebPage\",\"@id\":\"https:\/\/tannaskroket.se\/musikupplevelser-i-funasfjallen\/\",\"url\":\"https:\/\/tannaskroket.se\/musikupplevelser-i-funasfjallen\/\",\"name\":\"T\u00e4nn\u00e4s Sessions - T\u00e4nn\u00e4skr\u00f6ket\",\"isPartOf\":{\"@id\":\"https:\/\/tannaskroket.se\/#website\"},\"primaryImageOfPage\":{\"@id\":\"https:\/\/tannaskroket.se\/musikupplevelser-i-funasfjallen\/#primaryimage\"},\"image\":{\"@id\":\"https:\/\/tannaskroket.se\/musikupplevelser-i-funasfjallen\/#primaryimage\"},\"thumbnailUrl\":\"https:\/\/tannaskroket.se\/wp-content\/uploads\/2025\/08\/Tannas-Sessions-25-header_3.jpg\",\"datePublished\":\"2025-10-09T12:00:35+00:00\",\"dateModified\":\"2026-04-09T09:55:28+00:00\",\"breadcrumb\":{\"@id\":\"https:\/\/tannaskroket.se\/musikupplevelser-i-funasfjallen\/#breadcrumb\"},\"inLanguage\":\"de\",\"potentialAction\":[{\"@type\":\"ReadAction\",\"target\":[\"https:\/\/tannaskroket.se\/musikupplevelser-i-funasfjallen\/\"]}]},{\"@type\":\"ImageObject\",\"inLanguage\":\"de\",\"@id\":\"https:\/\/tannaskroket.se\/musikupplevelser-i-funasfjallen\/#primaryimage\",\"url\":\"https:\/\/tannaskroket.se\/wp-content\/uploads\/2025\/08\/Tannas-Sessions-25-header_3.jpg\",\"contentUrl\":\"https:\/\/tannaskroket.se\/wp-content\/uploads\/2025\/08\/Tannas-Sessions-25-header_3.jpg\",\"width\":1920,\"height\":1200},{\"@type\":\"BreadcrumbList\",\"@id\":\"https:\/\/tannaskroket.se\/musikupplevelser-i-funasfjallen\/#breadcrumb\",\"itemListElement\":[{\"@type\":\"ListItem\",\"position\":1,\"name\":\"Home\",\"item\":\"https:\/\/tannaskroket.se\/\"},{\"@type\":\"ListItem\",\"position\":2,\"name\":\"T\u00e4nn\u00e4s Sessions\"}]},{\"@type\":\"WebSite\",\"@id\":\"https:\/\/tannaskroket.se\/#website\",\"url\":\"https:\/\/tannaskroket.se\/\",\"name\":\"T\u00e4nn\u00e4skr\u00f6ket\",\"description\":\"Ett eget st\u00e4lle i fj\u00e4llen\",\"publisher\":{\"@id\":\"https:\/\/tannaskroket.se\/#organization\"},\"potentialAction\":[{\"@type\":\"SearchAction\",\"target\":{\"@type\":\"EntryPoint\",\"urlTemplate\":\"https:\/\/tannaskroket.se\/?s={search_term_string}\"},\"query-input\":{\"@type\":\"PropertyValueSpecification\",\"valueRequired\":true,\"valueName\":\"search_term_string\"}}],\"inLanguage\":\"de\"},{\"@type\":\"Organization\",\"@id\":\"https:\/\/tannaskroket.se\/#organization\",\"name\":\"T\u00e4nn\u00e4skr\u00f6ket\",\"url\":\"https:\/\/tannaskroket.se\/\",\"logo\":{\"@type\":\"ImageObject\",\"inLanguage\":\"de\",\"@id\":\"https:\/\/tannaskroket.se\/#\/schema\/logo\/image\/\",\"url\":\"https:\/\/tannaskroket.se\/wp-content\/uploads\/2022\/10\/tk_logo_100_s2.png\",\"contentUrl\":\"https:\/\/tannaskroket.se\/wp-content\/uploads\/2022\/10\/tk_logo_100_s2.png\",\"width\":100,\"height\":100,\"caption\":\"T\u00e4nn\u00e4skr\u00f6ket\"},\"image\":{\"@id\":\"https:\/\/tannaskroket.se\/#\/schema\/logo\/image\/\"},\"sameAs\":[\"https:\/\/www.facebook.com\/Tannaskroket\/\",\"https:\/\/www.instagram.com\/tannaskroket\/\"]}]}<\/script>\n<!-- \/ Yoast SEO plugin. -->","yoast_head_json":{"title":"T\u00e4nn\u00e4s Sessions - T\u00e4nn\u00e4skr\u00f6ket","robots":{"index":"index","follow":"follow","max-snippet":"max-snippet:-1","max-image-preview":"max-image-preview:large","max-video-preview":"max-video-preview:-1"},"canonical":"https:\/\/tannaskroket.se\/de\/musikerlebnisse-in-funasfjallen\/","og_locale":"de_DE","og_type":"article","og_title":"T\u00e4nn\u00e4s Sessions - T\u00e4nn\u00e4skr\u00f6ket","og_description":"13 aktuella artister intima kv\u00e4llar med livemusik och mat L\u00e4s mer T\u00e4nn\u00e4s Sessions T\u00e4nn\u00e4s Sessions \u00e4r livekonserter i liten skala \u2013 d\u00e4r musik, mat och m\u00e4nniskor m\u00f6ts. En serie intima livekonserter med n\u00e5gra av Sveriges mest aktuella och sp\u00e4nnande artister. V\u00e4lj mellan intima kv\u00e4llskonserter med middag, eller st\u00e4mningsfulla afterskier med varm gemenskap. Konserterna \u00e4r \u00f6ppna [&hellip;]","og_url":"https:\/\/tannaskroket.se\/de\/musikerlebnisse-in-funasfjallen\/","og_site_name":"T\u00e4nn\u00e4skr\u00f6ket","article_publisher":"https:\/\/www.facebook.com\/Tannaskroket\/","article_modified_time":"2026-04-09T09:55:28+00:00","og_image":[{"width":1024,"height":640,"url":"https:\/\/tannaskroket.se\/wp-content\/uploads\/2025\/08\/Tannas-Sessions-25-header_3-1024x640.jpg","type":"image\/jpeg"}],"twitter_card":"summary_large_image","twitter_misc":{"Gesch\u00e4tzte Lesezeit":"3\u00a0Minuten"},"schema":{"@context":"https:\/\/schema.org","@graph":[{"@type":"WebPage","@id":"https:\/\/tannaskroket.se\/musikupplevelser-i-funasfjallen\/","url":"https:\/\/tannaskroket.se\/musikupplevelser-i-funasfjallen\/","name":"T\u00e4nn\u00e4s Sessions - T\u00e4nn\u00e4skr\u00f6ket","isPartOf":{"@id":"https:\/\/tannaskroket.se\/#website"},"primaryImageOfPage":{"@id":"https:\/\/tannaskroket.se\/musikupplevelser-i-funasfjallen\/#primaryimage"},"image":{"@id":"https:\/\/tannaskroket.se\/musikupplevelser-i-funasfjallen\/#primaryimage"},"thumbnailUrl":"https:\/\/tannaskroket.se\/wp-content\/uploads\/2025\/08\/Tannas-Sessions-25-header_3.jpg","datePublished":"2025-10-09T12:00:35+00:00","dateModified":"2026-04-09T09:55:28+00:00","breadcrumb":{"@id":"https:\/\/tannaskroket.se\/musikupplevelser-i-funasfjallen\/#breadcrumb"},"inLanguage":"de","potentialAction":[{"@type":"ReadAction","target":["https:\/\/tannaskroket.se\/musikupplevelser-i-funasfjallen\/"]}]},{"@type":"ImageObject","inLanguage":"de","@id":"https:\/\/tannaskroket.se\/musikupplevelser-i-funasfjallen\/#primaryimage","url":"https:\/\/tannaskroket.se\/wp-content\/uploads\/2025\/08\/Tannas-Sessions-25-header_3.jpg","contentUrl":"https:\/\/tannaskroket.se\/wp-content\/uploads\/2025\/08\/Tannas-Sessions-25-header_3.jpg","width":1920,"height":1200},{"@type":"BreadcrumbList","@id":"https:\/\/tannaskroket.se\/musikupplevelser-i-funasfjallen\/#breadcrumb","itemListElement":[{"@type":"ListItem","position":1,"name":"Home","item":"https:\/\/tannaskroket.se\/"},{"@type":"ListItem","position":2,"name":"T\u00e4nn\u00e4s Sessions"}]},{"@type":"WebSite","@id":"https:\/\/tannaskroket.se\/#website","url":"https:\/\/tannaskroket.se\/","name":"T\u00e4nn\u00e4skr\u00f6ket","description":"Ein eigener Platz in den Bergen","publisher":{"@id":"https:\/\/tannaskroket.se\/#organization"},"potentialAction":[{"@type":"SearchAction","target":{"@type":"EntryPoint","urlTemplate":"https:\/\/tannaskroket.se\/?s={search_term_string}"},"query-input":{"@type":"PropertyValueSpecification","valueRequired":true,"valueName":"search_term_string"}}],"inLanguage":"de"},{"@type":"Organization","@id":"https:\/\/tannaskroket.se\/#organization","name":"T\u00e4nn\u00e4skr\u00f6ket","url":"https:\/\/tannaskroket.se\/","logo":{"@type":"ImageObject","inLanguage":"de","@id":"https:\/\/tannaskroket.se\/#\/schema\/logo\/image\/","url":"https:\/\/tannaskroket.se\/wp-content\/uploads\/2022\/10\/tk_logo_100_s2.png","contentUrl":"https:\/\/tannaskroket.se\/wp-content\/uploads\/2022\/10\/tk_logo_100_s2.png","width":100,"height":100,"caption":"T\u00e4nn\u00e4skr\u00f6ket"},"image":{"@id":"https:\/\/tannaskroket.se\/#\/schema\/logo\/image\/"},"sameAs":["https:\/\/www.facebook.com\/Tannaskroket\/","https:\/\/www.instagram.com\/tannaskroket\/"]}]}},"_links":{"self":[{"href":"https:\/\/tannaskroket.se\/de\/wp-json\/wp\/v2\/pages\/17436","targetHints":{"allow":["GET"]}}],"collection":[{"href":"https:\/\/tannaskroket.se\/de\/wp-json\/wp\/v2\/pages"}],"about":[{"href":"https:\/\/tannaskroket.se\/de\/wp-json\/wp\/v2\/types\/page"}],"author":[{"embeddable":true,"href":"https:\/\/tannaskroket.se\/de\/wp-json\/wp\/v2\/users\/12"}],"replies":[{"embeddable":true,"href":"https:\/\/tannaskroket.se\/de\/wp-json\/wp\/v2\/comments?post=17436"}],"version-history":[{"count":98,"href":"https:\/\/tannaskroket.se\/de\/wp-json\/wp\/v2\/pages\/17436\/revisions"}],"predecessor-version":[{"id":19263,"href":"https:\/\/tannaskroket.se\/de\/wp-json\/wp\/v2\/pages\/17436\/revisions\/19263"}],"wp:featuredmedia":[{"embeddable":true,"href":"https:\/\/tannaskroket.se\/de\/wp-json\/wp\/v2\/media\/17815"}],"wp:attachment":[{"href":"https:\/\/tannaskroket.se\/de\/wp-json\/wp\/v2\/media?parent=17436"}],"wp:term":[{"taxonomy":"sidkategorier","embeddable":true,"href":"https:\/\/tannaskroket.se\/de\/wp-json\/wp\/v2\/sidkategorier?post=17436"}],"curies":[{"name":"wp","href":"https:\/\/api.w.org\/{rel}","templated":true}]}}