{"id":2065,"date":"2015-08-13T13:18:08","date_gmt":"2015-08-13T11:18:08","guid":{"rendered":"https:\/\/dev.tannaskroket.se\/?page_id=2065"},"modified":"2023-08-03T08:47:15","modified_gmt":"2023-08-03T06:47:15","slug":"kappruet","status":"publish","type":"page","link":"https:\/\/tannaskroket.se\/de\/funasfjallen\/kappruet\/","title":{"rendered":"Kappruet"},"content":{"rendered":"<p>Kappruet liegt in der N\u00e4he des Dorfes Messlingen in H\u00e4rjedalen, etwa 4 Kilometer von der norwegischen Grenze und 30 Autominuten von Fun\u00e4sdalen entfernt. Hier kann sich die ganze Familie entspannen und gemeinsam Spa\u00df auf den Pisten haben. Alle Pisten f\u00fchren zu demselben Lift, so dass die Familie leicht zusammenbleiben kann. Wenn Sie l\u00e4nger unterwegs sein wollen, gibt es sch\u00f6ne Langlaufloipen, und von der Bergstation des Lifts aus k\u00f6nnen Sie direkt auf den Berg gehen.<\/p>","protected":false},"excerpt":{"rendered":"<p>Kappruet ligger vid byn Messlingen i H\u00e4rjedalen, cirka 4 mil ifr\u00e5n den norska gr\u00e4nsen och 30 minuters bilf\u00e4rd fr\u00e5n Fun\u00e4sdalen. H\u00e4r kan hela familjen\u00a0koppla\u00a0av\u00a0och ha kul tillsammans i backarna. Alla nedfarter mynnar ut vid samma\u00a0lift s\u00e5 att det \u00e4r l\u00e4tt att h\u00e5lla ihop familjen. Vill man \u00e5ka p\u00e5 l\u00e4ngden finns fina l\u00e4ngdsp\u00e5r och fr\u00e5n toppen [&hellip;]<\/p>\n","protected":false},"author":10,"featured_media":0,"parent":740,"menu_order":6,"comment_status":"closed","ping_status":"open","template":"","meta":{"site-sidebar-layout":"default","site-content-layout":"","ast-site-content-layout":"default","site-content-style":"default","site-sidebar-style":"default","ast-global-header-display":"","ast-banner-title-visibility":"","ast-main-header-display":"","ast-hfb-above-header-display":"","ast-hfb-below-header-display":"","ast-hfb-mobile-header-display":"","site-post-title":"","ast-breadcrumbs-content":"","ast-featured-img":"","footer-sml-layout":"","ast-disable-related-posts":"","theme-transparent-header-meta":"","adv-header-id-meta":"","stick-header-meta":"","header-above-stick-meta":"","header-main-stick-meta":"","header-below-stick-meta":"","astra-migrate-meta-layouts":"default","ast-page-background-enabled":"default","ast-page-background-meta":{"desktop":{"background-color":"var(--ast-global-color-4)","background-image":"","background-repeat":"repeat","background-position":"center center","background-size":"auto","background-attachment":"scroll","background-type":"","background-media":"","overlay-type":"","overlay-color":"","overlay-opacity":"","overlay-gradient":""},"tablet":{"background-color":"","background-image":"","background-repeat":"repeat","background-position":"center center","background-size":"auto","background-attachment":"scroll","background-type":"","background-media":"","overlay-type":"","overlay-color":"","overlay-opacity":"","overlay-gradient":""},"mobile":{"background-color":"","background-image":"","background-repeat":"repeat","background-position":"center center","background-size":"auto","background-attachment":"scroll","background-type":"","background-media":"","overlay-type":"","overlay-color":"","overlay-opacity":"","overlay-gradient":""}},"ast-content-background-meta":{"desktop":{"background-color":"var(--ast-global-color-5)","background-image":"","background-repeat":"repeat","background-position":"center center","background-size":"auto","background-attachment":"scroll","background-type":"","background-media":"","overlay-type":"","overlay-color":"","overlay-opacity":"","overlay-gradient":""},"tablet":{"background-color":"var(--ast-global-color-5)","background-image":"","background-repeat":"repeat","background-position":"center center","background-size":"auto","background-attachment":"scroll","background-type":"","background-media":"","overlay-type":"","overlay-color":"","overlay-opacity":"","overlay-gradient":""},"mobile":{"background-color":"var(--ast-global-color-5)","background-image":"","background-repeat":"repeat","background-position":"center center","background-size":"auto","background-attachment":"scroll","background-type":"","background-media":"","overlay-type":"","overlay-color":"","overlay-opacity":"","overlay-gradient":""}},"footnotes":""},"sidkategorier":[],"class_list":["post-2065","page","type-page","status-publish","hentry"],"yoast_head":"<!-- This site is optimized with the Yoast SEO plugin v27.1.1 - https:\/\/yoast.com\/product\/yoast-seo-wordpress\/ -->\n<title>Kappruet - En del av Fun\u00e4sfj\u00e4llen - T\u00e4nn\u00e4skr\u00f6ket<\/title>\n<meta name=\"robots\" content=\"index, follow, max-snippet:-1, max-image-preview:large, max-video-preview:-1\" \/>\n<link rel=\"canonical\" href=\"https:\/\/tannaskroket.se\/de\/funas-berge\/kappruet\/\" \/>\n<meta property=\"og:locale\" content=\"de_DE\" \/>\n<meta property=\"og:type\" content=\"article\" \/>\n<meta property=\"og:title\" content=\"Kappruet - En del av Fun\u00e4sfj\u00e4llen - T\u00e4nn\u00e4skr\u00f6ket\" \/>\n<meta property=\"og:description\" content=\"Kappruet ligger vid byn Messlingen i H\u00e4rjedalen, cirka 4 mil ifr\u00e5n den norska gr\u00e4nsen och 30 minuters bilf\u00e4rd fr\u00e5n Fun\u00e4sdalen. H\u00e4r kan hela familjen\u00a0koppla\u00a0av\u00a0och ha kul tillsammans i backarna. Alla nedfarter mynnar ut vid samma\u00a0lift s\u00e5 att det \u00e4r l\u00e4tt att h\u00e5lla ihop familjen. Vill man \u00e5ka p\u00e5 l\u00e4ngden finns fina l\u00e4ngdsp\u00e5r och fr\u00e5n toppen [&hellip;]\" \/>\n<meta property=\"og:url\" content=\"https:\/\/tannaskroket.se\/de\/funas-berge\/kappruet\/\" \/>\n<meta property=\"og:site_name\" content=\"T\u00e4nn\u00e4skr\u00f6ket\" \/>\n<meta property=\"article:publisher\" content=\"https:\/\/www.facebook.com\/Tannaskroket\/\" \/>\n<meta property=\"article:modified_time\" content=\"2023-08-03T06:47:15+00:00\" \/>\n<meta name=\"twitter:card\" content=\"summary_large_image\" \/>\n<script type=\"application\/ld+json\" class=\"yoast-schema-graph\">{\"@context\":\"https:\/\/schema.org\",\"@graph\":[{\"@type\":\"WebPage\",\"@id\":\"https:\/\/tannaskroket.se\/funasfjallen\/kappruet\/\",\"url\":\"https:\/\/tannaskroket.se\/funasfjallen\/kappruet\/\",\"name\":\"Kappruet - En del av Fun\u00e4sfj\u00e4llen - T\u00e4nn\u00e4skr\u00f6ket\",\"isPartOf\":{\"@id\":\"https:\/\/tannaskroket.se\/#website\"},\"datePublished\":\"2015-08-13T11:18:08+00:00\",\"dateModified\":\"2023-08-03T06:47:15+00:00\",\"breadcrumb\":{\"@id\":\"https:\/\/tannaskroket.se\/funasfjallen\/kappruet\/#breadcrumb\"},\"inLanguage\":\"de\",\"potentialAction\":[{\"@type\":\"ReadAction\",\"target\":[\"https:\/\/tannaskroket.se\/funasfjallen\/kappruet\/\"]}]},{\"@type\":\"BreadcrumbList\",\"@id\":\"https:\/\/tannaskroket.se\/funasfjallen\/kappruet\/#breadcrumb\",\"itemListElement\":[{\"@type\":\"ListItem\",\"position\":1,\"name\":\"Home\",\"item\":\"https:\/\/tannaskroket.se\/\"},{\"@type\":\"ListItem\",\"position\":2,\"name\":\"V\u00e4lkommen till Fun\u00e4sfj\u00e4llen\",\"item\":\"https:\/\/tannaskroket.se\/funasfjallen\/\"},{\"@type\":\"ListItem\",\"position\":3,\"name\":\"Kappruet\"}]},{\"@type\":\"WebSite\",\"@id\":\"https:\/\/tannaskroket.se\/#website\",\"url\":\"https:\/\/tannaskroket.se\/\",\"name\":\"T\u00e4nn\u00e4skr\u00f6ket\",\"description\":\"Ett eget st\u00e4lle i fj\u00e4llen\",\"publisher\":{\"@id\":\"https:\/\/tannaskroket.se\/#organization\"},\"potentialAction\":[{\"@type\":\"SearchAction\",\"target\":{\"@type\":\"EntryPoint\",\"urlTemplate\":\"https:\/\/tannaskroket.se\/?s={search_term_string}\"},\"query-input\":{\"@type\":\"PropertyValueSpecification\",\"valueRequired\":true,\"valueName\":\"search_term_string\"}}],\"inLanguage\":\"de\"},{\"@type\":\"Organization\",\"@id\":\"https:\/\/tannaskroket.se\/#organization\",\"name\":\"T\u00e4nn\u00e4skr\u00f6ket\",\"url\":\"https:\/\/tannaskroket.se\/\",\"logo\":{\"@type\":\"ImageObject\",\"inLanguage\":\"de\",\"@id\":\"https:\/\/tannaskroket.se\/#\/schema\/logo\/image\/\",\"url\":\"https:\/\/tannaskroket.se\/wp-content\/uploads\/2022\/10\/tk_logo_100_s2.png\",\"contentUrl\":\"https:\/\/tannaskroket.se\/wp-content\/uploads\/2022\/10\/tk_logo_100_s2.png\",\"width\":100,\"height\":100,\"caption\":\"T\u00e4nn\u00e4skr\u00f6ket\"},\"image\":{\"@id\":\"https:\/\/tannaskroket.se\/#\/schema\/logo\/image\/\"},\"sameAs\":[\"https:\/\/www.facebook.com\/Tannaskroket\/\",\"https:\/\/www.instagram.com\/tannaskroket\/\"]}]}<\/script>\n<!-- \/ Yoast SEO plugin. -->","yoast_head_json":{"title":"Kappruet - Teil von Fun\u00e4sfj\u00e4llen - T\u00e4nn\u00e4skr\u00f6ket","robots":{"index":"index","follow":"follow","max-snippet":"max-snippet:-1","max-image-preview":"max-image-preview:large","max-video-preview":"max-video-preview:-1"},"canonical":"https:\/\/tannaskroket.se\/de\/funas-berge\/kappruet\/","og_locale":"de_DE","og_type":"article","og_title":"Kappruet - En del av Fun\u00e4sfj\u00e4llen - T\u00e4nn\u00e4skr\u00f6ket","og_description":"Kappruet ligger vid byn Messlingen i H\u00e4rjedalen, cirka 4 mil ifr\u00e5n den norska gr\u00e4nsen och 30 minuters bilf\u00e4rd fr\u00e5n Fun\u00e4sdalen. H\u00e4r kan hela familjen\u00a0koppla\u00a0av\u00a0och ha kul tillsammans i backarna. Alla nedfarter mynnar ut vid samma\u00a0lift s\u00e5 att det \u00e4r l\u00e4tt att h\u00e5lla ihop familjen. Vill man \u00e5ka p\u00e5 l\u00e4ngden finns fina l\u00e4ngdsp\u00e5r och fr\u00e5n toppen [&hellip;]","og_url":"https:\/\/tannaskroket.se\/de\/funas-berge\/kappruet\/","og_site_name":"T\u00e4nn\u00e4skr\u00f6ket","article_publisher":"https:\/\/www.facebook.com\/Tannaskroket\/","article_modified_time":"2023-08-03T06:47:15+00:00","twitter_card":"summary_large_image","schema":{"@context":"https:\/\/schema.org","@graph":[{"@type":"WebPage","@id":"https:\/\/tannaskroket.se\/funasfjallen\/kappruet\/","url":"https:\/\/tannaskroket.se\/funasfjallen\/kappruet\/","name":"Kappruet - Teil von Fun\u00e4sfj\u00e4llen - T\u00e4nn\u00e4skr\u00f6ket","isPartOf":{"@id":"https:\/\/tannaskroket.se\/#website"},"datePublished":"2015-08-13T11:18:08+00:00","dateModified":"2023-08-03T06:47:15+00:00","breadcrumb":{"@id":"https:\/\/tannaskroket.se\/funasfjallen\/kappruet\/#breadcrumb"},"inLanguage":"de","potentialAction":[{"@type":"ReadAction","target":["https:\/\/tannaskroket.se\/funasfjallen\/kappruet\/"]}]},{"@type":"BreadcrumbList","@id":"https:\/\/tannaskroket.se\/funasfjallen\/kappruet\/#breadcrumb","itemListElement":[{"@type":"ListItem","position":1,"name":"Home","item":"https:\/\/tannaskroket.se\/"},{"@type":"ListItem","position":2,"name":"V\u00e4lkommen till Fun\u00e4sfj\u00e4llen","item":"https:\/\/tannaskroket.se\/funasfjallen\/"},{"@type":"ListItem","position":3,"name":"Kappruet"}]},{"@type":"WebSite","@id":"https:\/\/tannaskroket.se\/#website","url":"https:\/\/tannaskroket.se\/","name":"T\u00e4nn\u00e4skr\u00f6ket","description":"Ein eigener Platz in den Bergen","publisher":{"@id":"https:\/\/tannaskroket.se\/#organization"},"potentialAction":[{"@type":"SearchAction","target":{"@type":"EntryPoint","urlTemplate":"https:\/\/tannaskroket.se\/?s={search_term_string}"},"query-input":{"@type":"PropertyValueSpecification","valueRequired":true,"valueName":"search_term_string"}}],"inLanguage":"de"},{"@type":"Organization","@id":"https:\/\/tannaskroket.se\/#organization","name":"T\u00e4nn\u00e4skr\u00f6ket","url":"https:\/\/tannaskroket.se\/","logo":{"@type":"ImageObject","inLanguage":"de","@id":"https:\/\/tannaskroket.se\/#\/schema\/logo\/image\/","url":"https:\/\/tannaskroket.se\/wp-content\/uploads\/2022\/10\/tk_logo_100_s2.png","contentUrl":"https:\/\/tannaskroket.se\/wp-content\/uploads\/2022\/10\/tk_logo_100_s2.png","width":100,"height":100,"caption":"T\u00e4nn\u00e4skr\u00f6ket"},"image":{"@id":"https:\/\/tannaskroket.se\/#\/schema\/logo\/image\/"},"sameAs":["https:\/\/www.facebook.com\/Tannaskroket\/","https:\/\/www.instagram.com\/tannaskroket\/"]}]}},"_links":{"self":[{"href":"https:\/\/tannaskroket.se\/de\/wp-json\/wp\/v2\/pages\/2065","targetHints":{"allow":["GET"]}}],"collection":[{"href":"https:\/\/tannaskroket.se\/de\/wp-json\/wp\/v2\/pages"}],"about":[{"href":"https:\/\/tannaskroket.se\/de\/wp-json\/wp\/v2\/types\/page"}],"author":[{"embeddable":true,"href":"https:\/\/tannaskroket.se\/de\/wp-json\/wp\/v2\/users\/10"}],"replies":[{"embeddable":true,"href":"https:\/\/tannaskroket.se\/de\/wp-json\/wp\/v2\/comments?post=2065"}],"version-history":[{"count":1,"href":"https:\/\/tannaskroket.se\/de\/wp-json\/wp\/v2\/pages\/2065\/revisions"}],"predecessor-version":[{"id":10596,"href":"https:\/\/tannaskroket.se\/de\/wp-json\/wp\/v2\/pages\/2065\/revisions\/10596"}],"up":[{"embeddable":true,"href":"https:\/\/tannaskroket.se\/de\/wp-json\/wp\/v2\/pages\/740"}],"wp:attachment":[{"href":"https:\/\/tannaskroket.se\/de\/wp-json\/wp\/v2\/media?parent=2065"}],"wp:term":[{"taxonomy":"sidkategorier","embeddable":true,"href":"https:\/\/tannaskroket.se\/de\/wp-json\/wp\/v2\/sidkategorier?post=2065"}],"curies":[{"name":"wp","href":"https:\/\/api.w.org\/{rel}","templated":true}]}}