{"id":2945,"date":"2016-07-07T22:28:25","date_gmt":"2016-07-07T20:28:25","guid":{"rendered":"https:\/\/dev.tannaskroket.se\/?page_id=2945"},"modified":"2025-11-19T14:18:18","modified_gmt":"2025-11-19T13:18:18","slug":"golf-in-funasfjallen","status":"publish","type":"page","link":"https:\/\/tannaskroket.se\/de\/sommar\/golf-i-funasfjallen\/","title":{"rendered":"Golf in einer herrlichen Bergwelt"},"content":{"rendered":"\t\t<div data-elementor-type=\"wp-page\" data-elementor-id=\"2945\" class=\"elementor elementor-2945\" data-elementor-post-type=\"page\">\n\t\t\t\t\t\t<section class=\"elementor-section elementor-top-section elementor-element elementor-element-8027261 elementor-section-height-min-height full-height-header elementor-section-boxed elementor-section-height-default elementor-section-items-middle\" data-id=\"8027261\" data-element_type=\"section\" data-e-type=\"section\" data-settings=\"{&quot;background_background&quot;:&quot;classic&quot;,&quot;sticky&quot;:&quot;top&quot;,&quot;sticky_offset&quot;:95,&quot;sticky_on&quot;:[&quot;desktop&quot;,&quot;tablet&quot;,&quot;mobile&quot;],&quot;sticky_effects_offset&quot;:0,&quot;sticky_anchor_link_offset&quot;:0}\">\n\t\t\t\t\t\t<div class=\"elementor-container elementor-column-gap-default\">\n\t\t\t\t\t<div class=\"elementor-column elementor-col-100 elementor-top-column elementor-element elementor-element-6f3751e\" data-id=\"6f3751e\" data-element_type=\"column\" data-e-type=\"column\">\n\t\t\t<div class=\"elementor-widget-wrap elementor-element-populated\">\n\t\t\t\t\t\t<section class=\"elementor-section elementor-inner-section elementor-element elementor-element-1899b3e full-height-header-content elementor-section-boxed elementor-section-height-default elementor-section-height-default\" data-id=\"1899b3e\" data-element_type=\"section\" data-e-type=\"section\" data-settings=\"{&quot;background_background&quot;:&quot;classic&quot;}\">\n\t\t\t\t\t\t<div class=\"elementor-container elementor-column-gap-default\">\n\t\t\t\t\t<div class=\"elementor-column elementor-col-100 elementor-inner-column elementor-element elementor-element-9ef2d5d\" data-id=\"9ef2d5d\" data-element_type=\"column\" data-e-type=\"column\">\n\t\t\t<div class=\"elementor-widget-wrap elementor-element-populated\">\n\t\t\t\t\t\t<div class=\"elementor-element elementor-element-783fcbf full-height-header-content-h1 elementor-widget elementor-widget-heading\" data-id=\"783fcbf\" data-element_type=\"widget\" data-e-type=\"widget\" data-widget_type=\"heading.default\">\n\t\t\t\t<div class=\"elementor-widget-container\">\n\t\t\t\t\t<h1 class=\"elementor-heading-title elementor-size-default\">TRE GOLFBANOR I STORSLAGEN FJ\u00c4LLMILJ\u00d6. EN GOLFRESA UT\u00d6VER DET VANLIGA.<\/h1>\t\t\t\t<\/div>\n\t\t\t\t<\/div>\n\t\t\t\t<div class=\"elementor-element elementor-element-867b276 full-height-header-content-more elementor-widget elementor-widget-heading\" data-id=\"867b276\" data-element_type=\"widget\" data-e-type=\"widget\" data-widget_type=\"heading.default\">\n\t\t\t\t<div class=\"elementor-widget-container\">\n\t\t\t\t\t<h3 class=\"elementor-heading-title elementor-size-default\">L\u00e4s mer<\/h3>\t\t\t\t<\/div>\n\t\t\t\t<\/div>\n\t\t\t\t<div class=\"elementor-element elementor-element-481c050 full-height-header-content-icon elementor-view-default elementor-widget elementor-widget-icon\" data-id=\"481c050\" data-element_type=\"widget\" data-e-type=\"widget\" data-widget_type=\"icon.default\">\n\t\t\t\t<div class=\"elementor-widget-container\">\n\t\t\t\t\t\t\t<div class=\"elementor-icon-wrapper\">\n\t\t\t<div class=\"elementor-icon\">\n\t\t\t<i aria-hidden=\"true\" class=\"fas fa-chevron-down\"><\/i>\t\t\t<\/div>\n\t\t<\/div>\n\t\t\t\t\t\t<\/div>\n\t\t\t\t<\/div>\n\t\t\t\t\t<\/div>\n\t\t<\/div>\n\t\t\t\t\t<\/div>\n\t\t<\/section>\n\t\t\t\t\t<\/div>\n\t\t<\/div>\n\t\t\t\t\t<\/div>\n\t\t<\/section>\n\t\t\t\t<section class=\"elementor-section elementor-top-section elementor-element elementor-element-a3db582 elementor-standard-section elementor-section-boxed elementor-section-height-default elementor-section-height-default\" data-id=\"a3db582\" data-element_type=\"section\" data-e-type=\"section\" data-settings=\"{&quot;background_background&quot;:&quot;classic&quot;}\">\n\t\t\t\t\t\t<div class=\"elementor-container elementor-column-gap-default\">\n\t\t\t\t\t<div class=\"elementor-column elementor-col-100 elementor-top-column elementor-element elementor-element-a1d674a\" data-id=\"a1d674a\" data-element_type=\"column\" data-e-type=\"column\">\n\t\t\t<div class=\"elementor-widget-wrap elementor-element-populated\">\n\t\t\t\t\t\t<section class=\"elementor-section elementor-inner-section elementor-element elementor-element-97a8e52 elementor-section-boxed elementor-section-height-default elementor-section-height-default\" data-id=\"97a8e52\" data-element_type=\"section\" data-e-type=\"section\">\n\t\t\t\t\t\t<div class=\"elementor-container elementor-column-gap-default\">\n\t\t\t\t\t<div class=\"elementor-column elementor-col-100 elementor-inner-column elementor-element elementor-element-c8ba8bf\" data-id=\"c8ba8bf\" data-element_type=\"column\" data-e-type=\"column\">\n\t\t\t<div class=\"elementor-widget-wrap elementor-element-populated\">\n\t\t\t\t\t\t<div class=\"elementor-element elementor-element-19cb028 elementor-widget elementor-widget-heading\" data-id=\"19cb028\" data-element_type=\"widget\" data-e-type=\"widget\" data-widget_type=\"heading.default\">\n\t\t\t\t<div class=\"elementor-widget-container\">\n\t\t\t\t\t<h2 class=\"elementor-heading-title elementor-size-default\">Golf i storslagen fj\u00e4llmilj\u00f6<\/h2>\t\t\t\t<\/div>\n\t\t\t\t<\/div>\n\t\t\t\t\t<\/div>\n\t\t<\/div>\n\t\t\t\t\t<\/div>\n\t\t<\/section>\n\t\t\t\t<section class=\"elementor-section elementor-inner-section elementor-element elementor-element-8e5130b elementor-section-boxed elementor-section-height-default elementor-section-height-default\" data-id=\"8e5130b\" data-element_type=\"section\" data-e-type=\"section\">\n\t\t\t\t\t\t<div class=\"elementor-container elementor-column-gap-default\">\n\t\t\t\t\t<div class=\"elementor-column elementor-col-33 elementor-inner-column elementor-element elementor-element-91e07a0\" data-id=\"91e07a0\" data-element_type=\"column\" data-e-type=\"column\">\n\t\t\t<div class=\"elementor-widget-wrap elementor-element-populated\">\n\t\t\t\t\t\t<div class=\"elementor-element elementor-element-6638285 elementor-widget elementor-widget-text-editor\" data-id=\"6638285\" data-element_type=\"widget\" data-e-type=\"widget\" data-widget_type=\"text-editor.default\">\n\t\t\t\t<div class=\"elementor-widget-container\">\n\t\t\t\t\t\t\t\t\t<p>Fr\u00e5n T\u00e4nn\u00e4skr\u00f6ket har du tillg\u00e5ng till b\u00e5de Fun\u00e4sfj\u00e4llens Golfklubb och Hede-Vemdalens Golfklubbs golfbana. H\u00e4r erbjuds b\u00e5de fj\u00e4llgolf och parkgolf med vackra vyer och banor med h\u00f6g kvalitet.<\/p><div data-canvas-width=\"528.4440249019765\"><div data-canvas-width=\"624.5847303751513\">\u00a0<\/div><h3 data-canvas-width=\"624.5847303751513\">Fun\u00e4sfj\u00e4llens Golfklubb<\/h3><div data-canvas-width=\"557.0908703186766\">18 h\u00e5l. En bed\u00e5rande golfbana i Fun\u00e4sfj\u00e4llen, ritad av\u00a0<em>Nils Sk\u00f6ld<\/em>\u00a0och<em>\u00a0Sune Linde<\/em>. Banan byggdes 1972 vilket g\u00f6r den till Sveriges \u00e4ldsta fj\u00e4llbana. Golfbanan ligger i Ljusnedal, i anslutning till v\u00e4rdshuset Gyllene Bocken och har en fantastisk blandning av skogs-,park och seasideh\u00e5l.<\/div><div data-canvas-width=\"557.0908703186766\"><a href=\"https:\/\/www.fjallgolf.se\/\">Mer information och \u00f6ppettider &gt;<\/a><\/div><\/div>\t\t\t\t\t\t\t\t<\/div>\n\t\t\t\t<\/div>\n\t\t\t\t\t<\/div>\n\t\t<\/div>\n\t\t\t\t<div class=\"elementor-column elementor-col-33 elementor-inner-column elementor-element elementor-element-cffc05b\" data-id=\"cffc05b\" data-element_type=\"column\" data-e-type=\"column\">\n\t\t\t<div class=\"elementor-widget-wrap elementor-element-populated\">\n\t\t\t\t\t\t<div class=\"elementor-element elementor-element-87612d1 elementor-widget elementor-widget-text-editor\" data-id=\"87612d1\" data-element_type=\"widget\" data-e-type=\"widget\" data-widget_type=\"text-editor.default\">\n\t\t\t\t<div class=\"elementor-widget-container\">\n\t\t\t\t\t\t\t\t\t<h3 data-canvas-width=\"223.1902555522388\">Hede \u2013 Vemdalens Golfklubb<\/h3><div data-canvas-width=\"597.511622852763\">18 h\u00e5l. Golfbanan ligger idylliskt p\u00e5 sandjordsdeltat vid Ljusnans dalg\u00e5ng och med det m\u00e4ktiga Sonfj\u00e4llet i bakgrunden. Banan \u00e4r av parkkarakt\u00e4r med h\u00f6g kvalit\u00e9 och \u00e4r \u00e4ven den ritad av\u00a0<em>Sune Linde<\/em>.<\/div><div data-canvas-width=\"324.36977679064125\"><a href=\"http:\/\/www.hede-vemdalensgk.se\/\">Mer information och \u00f6ppettider &gt;\u00a0<\/a><\/div>\t\t\t\t\t\t\t\t<\/div>\n\t\t\t\t<\/div>\n\t\t\t\t\t<\/div>\n\t\t<\/div>\n\t\t\t\t<div class=\"elementor-column elementor-col-33 elementor-inner-column elementor-element elementor-element-82e6445\" data-id=\"82e6445\" data-element_type=\"column\" data-e-type=\"column\">\n\t\t\t<div class=\"elementor-widget-wrap\">\n\t\t\t\t\t\t\t<\/div>\n\t\t<\/div>\n\t\t\t\t\t<\/div>\n\t\t<\/section>\n\t\t\t\t\t<\/div>\n\t\t<\/div>\n\t\t\t\t\t<\/div>\n\t\t<\/section>\n\t\t\t\t<\/div>\n\t\t","protected":false},"excerpt":{"rendered":"<p>TRE GOLFBANOR I STORSLAGEN FJ\u00c4LLMILJ\u00d6. EN GOLFRESA UT\u00d6VER DET VANLIGA. L\u00e4s mer Golf i storslagen fj\u00e4llmilj\u00f6 Fr\u00e5n T\u00e4nn\u00e4skr\u00f6ket har du tillg\u00e5ng till b\u00e5de Fun\u00e4sfj\u00e4llens Golfklubb och Hede-Vemdalens Golfklubbs golfbana. H\u00e4r erbjuds b\u00e5de fj\u00e4llgolf och parkgolf med vackra vyer och banor med h\u00f6g kvalitet. \u00a0 Fun\u00e4sfj\u00e4llens Golfklubb 18 h\u00e5l. En bed\u00e5rande golfbana i Fun\u00e4sfj\u00e4llen, ritad av\u00a0Nils [&hellip;]<\/p>\n","protected":false},"author":2,"featured_media":2946,"parent":1468,"menu_order":0,"comment_status":"closed","ping_status":"open","template":"","meta":{"site-sidebar-layout":"no-sidebar","site-content-layout":"page-builder","ast-site-content-layout":"default","site-content-style":"default","site-sidebar-style":"default","ast-global-header-display":"","ast-banner-title-visibility":"","ast-main-header-display":"","ast-hfb-above-header-display":"","ast-hfb-below-header-display":"","ast-hfb-mobile-header-display":"","site-post-title":"disabled","ast-breadcrumbs-content":"","ast-featured-img":"disabled","footer-sml-layout":"","ast-disable-related-posts":"","theme-transparent-header-meta":"","adv-header-id-meta":"","stick-header-meta":"","header-above-stick-meta":"","header-main-stick-meta":"","header-below-stick-meta":"","astra-migrate-meta-layouts":"default","ast-page-background-enabled":"default","ast-page-background-meta":{"desktop":{"background-color":"var(--ast-global-color-4)","background-image":"","background-repeat":"repeat","background-position":"center center","background-size":"auto","background-attachment":"scroll","background-type":"","background-media":"","overlay-type":"","overlay-color":"","overlay-opacity":"","overlay-gradient":""},"tablet":{"background-color":"","background-image":"","background-repeat":"repeat","background-position":"center center","background-size":"auto","background-attachment":"scroll","background-type":"","background-media":"","overlay-type":"","overlay-color":"","overlay-opacity":"","overlay-gradient":""},"mobile":{"background-color":"","background-image":"","background-repeat":"repeat","background-position":"center center","background-size":"auto","background-attachment":"scroll","background-type":"","background-media":"","overlay-type":"","overlay-color":"","overlay-opacity":"","overlay-gradient":""}},"ast-content-background-meta":{"desktop":{"background-color":"var(--ast-global-color-5)","background-image":"","background-repeat":"repeat","background-position":"center center","background-size":"auto","background-attachment":"scroll","background-type":"","background-media":"","overlay-type":"","overlay-color":"","overlay-opacity":"","overlay-gradient":""},"tablet":{"background-color":"var(--ast-global-color-5)","background-image":"","background-repeat":"repeat","background-position":"center center","background-size":"auto","background-attachment":"scroll","background-type":"","background-media":"","overlay-type":"","overlay-color":"","overlay-opacity":"","overlay-gradient":""},"mobile":{"background-color":"var(--ast-global-color-5)","background-image":"","background-repeat":"repeat","background-position":"center center","background-size":"auto","background-attachment":"scroll","background-type":"","background-media":"","overlay-type":"","overlay-color":"","overlay-opacity":"","overlay-gradient":""}},"footnotes":""},"sidkategorier":[51],"class_list":["post-2945","page","type-page","status-publish","has-post-thumbnail","hentry","sidkategorier-sommar"],"yoast_head":"<!-- This site is optimized with the Yoast SEO plugin v27.1.1 - https:\/\/yoast.com\/product\/yoast-seo-wordpress\/ -->\n<title>Golf i storslagen fj\u00e4llmilj\u00f6 - T\u00e4nn\u00e4skr\u00f6ket<\/title>\n<meta name=\"description\" content=\"Fr\u00e5n T\u00e4nn\u00e4skr\u00f6ket har du tillg\u00e5ng till b\u00e5de golf b\u00e5de till fj\u00e4lls och parkgolf med vackra vyer och banor av h\u00f6g kvalitet.\" \/>\n<meta name=\"robots\" content=\"index, follow, max-snippet:-1, max-image-preview:large, max-video-preview:-1\" \/>\n<link rel=\"canonical\" href=\"https:\/\/tannaskroket.se\/de\/sommer\/golf-in-funasfjallen\/\" \/>\n<meta property=\"og:locale\" content=\"de_DE\" \/>\n<meta property=\"og:type\" content=\"article\" \/>\n<meta property=\"og:title\" content=\"Golf i storslagen fj\u00e4llmilj\u00f6 - T\u00e4nn\u00e4skr\u00f6ket\" \/>\n<meta property=\"og:description\" content=\"Fr\u00e5n T\u00e4nn\u00e4skr\u00f6ket har du tillg\u00e5ng till b\u00e5de golf b\u00e5de till fj\u00e4lls och parkgolf med vackra vyer och banor av h\u00f6g kvalitet.\" \/>\n<meta property=\"og:url\" content=\"https:\/\/tannaskroket.se\/de\/sommer\/golf-in-funasfjallen\/\" \/>\n<meta property=\"og:site_name\" content=\"T\u00e4nn\u00e4skr\u00f6ket\" \/>\n<meta property=\"article:publisher\" content=\"https:\/\/www.facebook.com\/Tannaskroket\/\" \/>\n<meta property=\"article:modified_time\" content=\"2025-11-19T13:18:18+00:00\" \/>\n<meta property=\"og:image\" content=\"https:\/\/tannaskroket.se\/wp-content\/uploads\/2016\/07\/GOLF.jpg\" \/>\n\t<meta property=\"og:image:width\" content=\"1300\" \/>\n\t<meta property=\"og:image:height\" content=\"565\" \/>\n\t<meta property=\"og:image:type\" content=\"image\/jpeg\" \/>\n<meta name=\"twitter:card\" content=\"summary_large_image\" \/>\n<meta name=\"twitter:label1\" content=\"Gesch\u00e4tzte Lesezeit\" \/>\n\t<meta name=\"twitter:data1\" content=\"1\u00a0Minute\" \/>\n<script type=\"application\/ld+json\" class=\"yoast-schema-graph\">{\"@context\":\"https:\/\/schema.org\",\"@graph\":[{\"@type\":\"WebPage\",\"@id\":\"https:\/\/tannaskroket.se\/sommar\/golf-i-funasfjallen\/\",\"url\":\"https:\/\/tannaskroket.se\/sommar\/golf-i-funasfjallen\/\",\"name\":\"Golf i storslagen fj\u00e4llmilj\u00f6 - T\u00e4nn\u00e4skr\u00f6ket\",\"isPartOf\":{\"@id\":\"https:\/\/tannaskroket.se\/#website\"},\"primaryImageOfPage\":{\"@id\":\"https:\/\/tannaskroket.se\/sommar\/golf-i-funasfjallen\/#primaryimage\"},\"image\":{\"@id\":\"https:\/\/tannaskroket.se\/sommar\/golf-i-funasfjallen\/#primaryimage\"},\"thumbnailUrl\":\"https:\/\/tannaskroket.se\/wp-content\/uploads\/2016\/07\/GOLF.jpg\",\"datePublished\":\"2016-07-07T20:28:25+00:00\",\"dateModified\":\"2025-11-19T13:18:18+00:00\",\"description\":\"Fr\u00e5n T\u00e4nn\u00e4skr\u00f6ket har du tillg\u00e5ng till b\u00e5de golf b\u00e5de till fj\u00e4lls och parkgolf med vackra vyer och banor av h\u00f6g kvalitet.\",\"breadcrumb\":{\"@id\":\"https:\/\/tannaskroket.se\/sommar\/golf-i-funasfjallen\/#breadcrumb\"},\"inLanguage\":\"de\",\"potentialAction\":[{\"@type\":\"ReadAction\",\"target\":[\"https:\/\/tannaskroket.se\/sommar\/golf-i-funasfjallen\/\"]}]},{\"@type\":\"ImageObject\",\"inLanguage\":\"de\",\"@id\":\"https:\/\/tannaskroket.se\/sommar\/golf-i-funasfjallen\/#primaryimage\",\"url\":\"https:\/\/tannaskroket.se\/wp-content\/uploads\/2016\/07\/GOLF.jpg\",\"contentUrl\":\"https:\/\/tannaskroket.se\/wp-content\/uploads\/2016\/07\/GOLF.jpg\",\"width\":1300,\"height\":565},{\"@type\":\"BreadcrumbList\",\"@id\":\"https:\/\/tannaskroket.se\/sommar\/golf-i-funasfjallen\/#breadcrumb\",\"itemListElement\":[{\"@type\":\"ListItem\",\"position\":1,\"name\":\"Home\",\"item\":\"https:\/\/tannaskroket.se\/\"},{\"@type\":\"ListItem\",\"position\":2,\"name\":\"Sommar\",\"item\":\"https:\/\/tannaskroket.se\/sommar\/\"},{\"@type\":\"ListItem\",\"position\":3,\"name\":\"Golf i storslagen fj\u00e4llmilj\u00f6\"}]},{\"@type\":\"WebSite\",\"@id\":\"https:\/\/tannaskroket.se\/#website\",\"url\":\"https:\/\/tannaskroket.se\/\",\"name\":\"T\u00e4nn\u00e4skr\u00f6ket\",\"description\":\"Ett eget st\u00e4lle i fj\u00e4llen\",\"publisher\":{\"@id\":\"https:\/\/tannaskroket.se\/#organization\"},\"potentialAction\":[{\"@type\":\"SearchAction\",\"target\":{\"@type\":\"EntryPoint\",\"urlTemplate\":\"https:\/\/tannaskroket.se\/?s={search_term_string}\"},\"query-input\":{\"@type\":\"PropertyValueSpecification\",\"valueRequired\":true,\"valueName\":\"search_term_string\"}}],\"inLanguage\":\"de\"},{\"@type\":\"Organization\",\"@id\":\"https:\/\/tannaskroket.se\/#organization\",\"name\":\"T\u00e4nn\u00e4skr\u00f6ket\",\"url\":\"https:\/\/tannaskroket.se\/\",\"logo\":{\"@type\":\"ImageObject\",\"inLanguage\":\"de\",\"@id\":\"https:\/\/tannaskroket.se\/#\/schema\/logo\/image\/\",\"url\":\"https:\/\/tannaskroket.se\/wp-content\/uploads\/2022\/10\/tk_logo_100_s2.png\",\"contentUrl\":\"https:\/\/tannaskroket.se\/wp-content\/uploads\/2022\/10\/tk_logo_100_s2.png\",\"width\":100,\"height\":100,\"caption\":\"T\u00e4nn\u00e4skr\u00f6ket\"},\"image\":{\"@id\":\"https:\/\/tannaskroket.se\/#\/schema\/logo\/image\/\"},\"sameAs\":[\"https:\/\/www.facebook.com\/Tannaskroket\/\",\"https:\/\/www.instagram.com\/tannaskroket\/\"]}]}<\/script>\n<!-- \/ Yoast SEO plugin. -->","yoast_head_json":{"title":"Golf in einer herrlichen Berglandschaft - T\u00e4nn\u00e4skr\u00f6ket","description":"Von T\u00e4nn\u00e4skr\u00f6ket aus haben Sie Zugang zu Berg- und Parkgolf mit sch\u00f6nen Aussichten und qualitativ hochwertigen Pl\u00e4tzen.","robots":{"index":"index","follow":"follow","max-snippet":"max-snippet:-1","max-image-preview":"max-image-preview:large","max-video-preview":"max-video-preview:-1"},"canonical":"https:\/\/tannaskroket.se\/de\/sommer\/golf-in-funasfjallen\/","og_locale":"de_DE","og_type":"article","og_title":"Golf i storslagen fj\u00e4llmilj\u00f6 - T\u00e4nn\u00e4skr\u00f6ket","og_description":"Fr\u00e5n T\u00e4nn\u00e4skr\u00f6ket har du tillg\u00e5ng till b\u00e5de golf b\u00e5de till fj\u00e4lls och parkgolf med vackra vyer och banor av h\u00f6g kvalitet.","og_url":"https:\/\/tannaskroket.se\/de\/sommer\/golf-in-funasfjallen\/","og_site_name":"T\u00e4nn\u00e4skr\u00f6ket","article_publisher":"https:\/\/www.facebook.com\/Tannaskroket\/","article_modified_time":"2025-11-19T13:18:18+00:00","og_image":[{"width":1300,"height":565,"url":"https:\/\/tannaskroket.se\/wp-content\/uploads\/2016\/07\/GOLF.jpg","type":"image\/jpeg"}],"twitter_card":"summary_large_image","twitter_misc":{"Gesch\u00e4tzte Lesezeit":"1\u00a0Minute"},"schema":{"@context":"https:\/\/schema.org","@graph":[{"@type":"WebPage","@id":"https:\/\/tannaskroket.se\/sommar\/golf-i-funasfjallen\/","url":"https:\/\/tannaskroket.se\/sommar\/golf-i-funasfjallen\/","name":"Golf in einer herrlichen Berglandschaft - T\u00e4nn\u00e4skr\u00f6ket","isPartOf":{"@id":"https:\/\/tannaskroket.se\/#website"},"primaryImageOfPage":{"@id":"https:\/\/tannaskroket.se\/sommar\/golf-i-funasfjallen\/#primaryimage"},"image":{"@id":"https:\/\/tannaskroket.se\/sommar\/golf-i-funasfjallen\/#primaryimage"},"thumbnailUrl":"https:\/\/tannaskroket.se\/wp-content\/uploads\/2016\/07\/GOLF.jpg","datePublished":"2016-07-07T20:28:25+00:00","dateModified":"2025-11-19T13:18:18+00:00","description":"Von T\u00e4nn\u00e4skr\u00f6ket aus haben Sie Zugang zu Berg- und Parkgolf mit sch\u00f6nen Aussichten und qualitativ hochwertigen Pl\u00e4tzen.","breadcrumb":{"@id":"https:\/\/tannaskroket.se\/sommar\/golf-i-funasfjallen\/#breadcrumb"},"inLanguage":"de","potentialAction":[{"@type":"ReadAction","target":["https:\/\/tannaskroket.se\/sommar\/golf-i-funasfjallen\/"]}]},{"@type":"ImageObject","inLanguage":"de","@id":"https:\/\/tannaskroket.se\/sommar\/golf-i-funasfjallen\/#primaryimage","url":"https:\/\/tannaskroket.se\/wp-content\/uploads\/2016\/07\/GOLF.jpg","contentUrl":"https:\/\/tannaskroket.se\/wp-content\/uploads\/2016\/07\/GOLF.jpg","width":1300,"height":565},{"@type":"BreadcrumbList","@id":"https:\/\/tannaskroket.se\/sommar\/golf-i-funasfjallen\/#breadcrumb","itemListElement":[{"@type":"ListItem","position":1,"name":"Home","item":"https:\/\/tannaskroket.se\/"},{"@type":"ListItem","position":2,"name":"Sommar","item":"https:\/\/tannaskroket.se\/sommar\/"},{"@type":"ListItem","position":3,"name":"Golf i storslagen fj\u00e4llmilj\u00f6"}]},{"@type":"WebSite","@id":"https:\/\/tannaskroket.se\/#website","url":"https:\/\/tannaskroket.se\/","name":"T\u00e4nn\u00e4skr\u00f6ket","description":"Ein eigener Platz in den Bergen","publisher":{"@id":"https:\/\/tannaskroket.se\/#organization"},"potentialAction":[{"@type":"SearchAction","target":{"@type":"EntryPoint","urlTemplate":"https:\/\/tannaskroket.se\/?s={search_term_string}"},"query-input":{"@type":"PropertyValueSpecification","valueRequired":true,"valueName":"search_term_string"}}],"inLanguage":"de"},{"@type":"Organization","@id":"https:\/\/tannaskroket.se\/#organization","name":"T\u00e4nn\u00e4skr\u00f6ket","url":"https:\/\/tannaskroket.se\/","logo":{"@type":"ImageObject","inLanguage":"de","@id":"https:\/\/tannaskroket.se\/#\/schema\/logo\/image\/","url":"https:\/\/tannaskroket.se\/wp-content\/uploads\/2022\/10\/tk_logo_100_s2.png","contentUrl":"https:\/\/tannaskroket.se\/wp-content\/uploads\/2022\/10\/tk_logo_100_s2.png","width":100,"height":100,"caption":"T\u00e4nn\u00e4skr\u00f6ket"},"image":{"@id":"https:\/\/tannaskroket.se\/#\/schema\/logo\/image\/"},"sameAs":["https:\/\/www.facebook.com\/Tannaskroket\/","https:\/\/www.instagram.com\/tannaskroket\/"]}]}},"_links":{"self":[{"href":"https:\/\/tannaskroket.se\/de\/wp-json\/wp\/v2\/pages\/2945","targetHints":{"allow":["GET"]}}],"collection":[{"href":"https:\/\/tannaskroket.se\/de\/wp-json\/wp\/v2\/pages"}],"about":[{"href":"https:\/\/tannaskroket.se\/de\/wp-json\/wp\/v2\/types\/page"}],"author":[{"embeddable":true,"href":"https:\/\/tannaskroket.se\/de\/wp-json\/wp\/v2\/users\/2"}],"replies":[{"embeddable":true,"href":"https:\/\/tannaskroket.se\/de\/wp-json\/wp\/v2\/comments?post=2945"}],"version-history":[{"count":10,"href":"https:\/\/tannaskroket.se\/de\/wp-json\/wp\/v2\/pages\/2945\/revisions"}],"predecessor-version":[{"id":18716,"href":"https:\/\/tannaskroket.se\/de\/wp-json\/wp\/v2\/pages\/2945\/revisions\/18716"}],"up":[{"embeddable":true,"href":"https:\/\/tannaskroket.se\/de\/wp-json\/wp\/v2\/pages\/1468"}],"wp:featuredmedia":[{"embeddable":true,"href":"https:\/\/tannaskroket.se\/de\/wp-json\/wp\/v2\/media\/2946"}],"wp:attachment":[{"href":"https:\/\/tannaskroket.se\/de\/wp-json\/wp\/v2\/media?parent=2945"}],"wp:term":[{"taxonomy":"sidkategorier","embeddable":true,"href":"https:\/\/tannaskroket.se\/de\/wp-json\/wp\/v2\/sidkategorier?post=2945"}],"curies":[{"name":"wp","href":"https:\/\/api.w.org\/{rel}","templated":true}]}}