{"id":320,"date":"2012-10-06T21:26:08","date_gmt":"2012-10-06T19:26:08","guid":{"rendered":"http:\/\/preview.tannaskroket.se\/?page_id=320"},"modified":"2025-04-07T09:16:46","modified_gmt":"2025-04-07T07:16:46","slug":"finden-sie-den-weg-hierher","status":"publish","type":"page","link":"https:\/\/tannaskroket.se\/de\/hitta-hit\/","title":{"rendered":"Anreise"},"content":{"rendered":"<div data-elementor-type=\"wp-page\" data-elementor-id=\"320\" class=\"elementor elementor-320\" data-elementor-post-type=\"page\">\n\t\t\t\t\t\t<section class=\"elementor-section elementor-top-section elementor-element elementor-element-2eedace4 elementor-standard-section elementor-section-boxed elementor-section-height-default elementor-section-height-default\" data-id=\"2eedace4\" data-element_type=\"section\" data-e-type=\"section\" data-settings=\"{&quot;background_background&quot;:&quot;classic&quot;}\">\n\t\t\t\t\t\t<div class=\"elementor-container elementor-column-gap-default\">\n\t\t\t\t\t<div class=\"elementor-column elementor-col-100 elementor-top-column elementor-element elementor-element-2dc7dc18\" data-id=\"2dc7dc18\" data-element_type=\"column\" data-e-type=\"column\">\n\t\t\t<div class=\"elementor-widget-wrap elementor-element-populated\">\n\t\t\t\t\t\t<section class=\"elementor-section elementor-inner-section elementor-element elementor-element-24ea9fe0 elementor-section-boxed elementor-section-height-default elementor-section-height-default\" data-id=\"24ea9fe0\" data-element_type=\"section\" data-e-type=\"section\">\n\t\t\t\t\t\t<div class=\"elementor-container elementor-column-gap-default\">\n\t\t\t\t\t<div class=\"elementor-column elementor-col-100 elementor-inner-column elementor-element elementor-element-5bb8320f\" data-id=\"5bb8320f\" data-element_type=\"column\" data-e-type=\"column\">\n\t\t\t<div class=\"elementor-widget-wrap elementor-element-populated\">\n\t\t\t\t\t\t<div class=\"elementor-element elementor-element-3ef34f9 elementor-widget elementor-widget-heading\" data-id=\"3ef34f9\" data-element_type=\"widget\" data-e-type=\"widget\" data-widget_type=\"heading.default\">\n\t\t\t\t<div class=\"elementor-widget-container\">\n\t\t\t\t\t<h1 class=\"elementor-heading-title elementor-size-default\">AUSFLUG ZUM T\u00c4NN\u00c4SK\u00d6KET<\/h1>\t\t\t\t<\/div>\n\t\t\t\t<\/div>\n\t\t\t\t\t<\/div>\n\t\t<\/div>\n\t\t\t\t\t<\/div>\n\t\t<\/section>\n\t\t\t\t<div class=\"elementor-element elementor-element-e7bcf8f infobox-large-text elementor-widget elementor-widget-heading\" data-id=\"e7bcf8f\" data-element_type=\"widget\" data-e-type=\"widget\" data-widget_type=\"heading.default\">\n\t\t\t\t<div class=\"elementor-widget-container\">\n\t\t\t\t\t<span class=\"elementor-heading-title elementor-size-default\">Es gibt viele M\u00f6glichkeiten, nach T\u00e4nn\u00e4skr\u00f6ket im sch\u00f6nen Fun\u00e4sfj\u00e4llen zu gelangen.<\/span>\t\t\t\t<\/div>\n\t\t\t\t<\/div>\n\t\t\t\t<section class=\"elementor-section elementor-inner-section elementor-element elementor-element-9b24fce elementor-section-boxed elementor-section-height-default elementor-section-height-default\" data-id=\"9b24fce\" data-element_type=\"section\" data-e-type=\"section\">\n\t\t\t\t\t\t<div class=\"elementor-container elementor-column-gap-default\">\n\t\t\t\t\t<div class=\"elementor-column elementor-col-33 elementor-inner-column elementor-element elementor-element-d7f8473\" data-id=\"d7f8473\" data-element_type=\"column\" data-e-type=\"column\">\n\t\t\t<div class=\"elementor-widget-wrap elementor-element-populated\">\n\t\t\t\t\t\t<div class=\"elementor-element elementor-element-ea01833 elementor-widget elementor-widget-text-editor\" data-id=\"ea01833\" data-element_type=\"widget\" data-e-type=\"widget\" data-widget_type=\"text-editor.default\">\n\t\t\t\t<div class=\"elementor-widget-container\">\n\t\t\t\t\t\t\t\t\t<p>Mit dem Auto<br><em>Bitte beachten Sie, dass die 311 vom 9. bis 11. April wegen Stra\u00dfenbauarbeiten geschlossen ist.<\/em><\/p>\n<p>Von Stockholm aus ist eine gute Route die E4 \u00fcber G\u00e4vle in Richtung Bolln\u00e4s - Ljusdal - Sveg - Fun\u00e4sdalen - T\u00e4nn\u00e4s.<br><a href=\"http:\/\/goo.gl\/maps\/rWqet\" target=\"_blank\" rel=\"noopener\">Siehe Wegbeschreibung hier '<\/a><\/p>\n<p>Von G\u00f6teborg fahren Sie \u00fcber Uddevalla\/Trollh\u00e4ttan - Sunne - Malung - S\u00e4rna -T\u00e4nn\u00e4s.<br><a href=\"http:\/\/goo.gl\/maps\/SQW80\" target=\"_blank\" rel=\"noopener\">Siehe Wegbeschreibung hier '<\/a><\/p>\n<p>Hier in der Einrichtung gibt es Ladeger\u00e4te f\u00fcr Elektroautos.&nbsp;<\/p>\t\t\t\t\t\t\t\t<\/div>\n\t\t\t\t<\/div>\n\t\t\t\t\t<\/div>\n\t\t<\/div>\n\t\t\t\t<div class=\"elementor-column elementor-col-33 elementor-inner-column elementor-element elementor-element-74aa427\" data-id=\"74aa427\" data-element_type=\"column\" data-e-type=\"column\">\n\t\t\t<div class=\"elementor-widget-wrap elementor-element-populated\">\n\t\t\t\t\t\t<div class=\"elementor-element elementor-element-0be6f67 elementor-widget elementor-widget-text-editor\" data-id=\"0be6f67\" data-element_type=\"widget\" data-e-type=\"widget\" data-widget_type=\"text-editor.default\">\n\t\t\t\t<div class=\"elementor-widget-container\">\n\t\t\t\t\t\t\t\t\t<h3>Mit Bus und Bahn<\/h3><p>Der H\u00e4rjedalingen-Expressbus f\u00e4hrt das ganze Jahr \u00fcber regelm\u00e4\u00dfig von Stockholm, Uppsala und G\u00e4vle aus. Der Bus h\u00e4lt im Dorf T\u00e4nn\u00e4s, etwa 6 km von T\u00e4nn\u00e4skr\u00f6ket entfernt.<\/p><p><a href=\"http:\/\/www.harjedalingen.se\/\" target=\"_blank\" rel=\"noopener\">Buchen Sie bei H\u00e4rjedalingen '<\/a><\/p><p>Der n\u00e4chstgelegene Bahnhof befindet sich auf der norwegischen Seite in R\u00f6ros (<a title=\"Z\u00fcge aus Norwegen\" href=\"http:\/\/www.nsb.no\/\" target=\"_blank\" rel=\"noopener\">nsb.no<\/a>).<\/p><p>Die n\u00e4chstgelegenen Bahnh\u00f6fe in Schweden sind Sveg, Ljusdal und \u00d6stersund (<a title=\"SJ\" href=\"http:\/\/www.sj.se\/\" target=\"_blank\" rel=\"noopener\">sj.se<\/a>). Von dort aus nehmen Sie den Bus nach T\u00e4nn\u00e4s Dorf.<\/p>\t\t\t\t\t\t\t\t<\/div>\n\t\t\t\t<\/div>\n\t\t\t\t\t<\/div>\n\t\t<\/div>\n\t\t\t\t<div class=\"elementor-column elementor-col-33 elementor-inner-column elementor-element elementor-element-1965065\" data-id=\"1965065\" data-element_type=\"column\" data-e-type=\"column\">\n\t\t\t<div class=\"elementor-widget-wrap elementor-element-populated\">\n\t\t\t\t\t\t<div class=\"elementor-element elementor-element-72df0a1 elementor-widget elementor-widget-image\" data-id=\"72df0a1\" data-element_type=\"widget\" data-e-type=\"widget\" data-widget_type=\"image.default\">\n\t\t\t\t<div class=\"elementor-widget-container\">\n\t\t\t\t\t\t\t\t\t\t\t\t\t\t\t<img fetchpriority=\"high\" decoding=\"async\" width=\"282\" height=\"532\" src=\"https:\/\/tannaskroket.se\/wp-content\/uploads\/2022\/10\/find-us-map.png\" class=\"attachment-large size-large wp-image-7670\" alt=\"\" srcset=\"https:\/\/tannaskroket.se\/wp-content\/uploads\/2022\/10\/find-us-map.png 282w, https:\/\/tannaskroket.se\/wp-content\/uploads\/2022\/10\/find-us-map-159x300.png 159w\" sizes=\"(max-width: 282px) 100vw, 282px\" \/>\t\t\t\t\t\t\t\t\t\t\t\t\t\t\t<\/div>\n\t\t\t\t<\/div>\n\t\t\t\t\t<\/div>\n\t\t<\/div>\n\t\t\t\t\t<\/div>\n\t\t<\/section>\n\t\t\t\t\t<\/div>\n\t\t<\/div>\n\t\t\t\t\t<\/div>\n\t\t<\/section>\n\t\t\t\t<section class=\"elementor-section elementor-top-section elementor-element elementor-element-75a4e02 elementor-section-full_width elementor-section-height-default elementor-section-height-default\" data-id=\"75a4e02\" data-element_type=\"section\" data-e-type=\"section\" data-settings=\"{&quot;background_background&quot;:&quot;classic&quot;}\">\n\t\t\t\t\t\t<div class=\"elementor-container elementor-column-gap-default\">\n\t\t\t\t\t<div class=\"elementor-column elementor-col-100 elementor-top-column elementor-element elementor-element-3c0bbc8\" data-id=\"3c0bbc8\" data-element_type=\"column\" data-e-type=\"column\">\n\t\t\t<div class=\"elementor-widget-wrap elementor-element-populated\">\n\t\t\t\t\t\t<div class=\"elementor-element elementor-element-7d9dea4 elementor-widget elementor-widget-heading\" data-id=\"7d9dea4\" data-element_type=\"widget\" data-e-type=\"widget\" data-widget_type=\"heading.default\">\n\t\t\t\t<div class=\"elementor-widget-container\">\n\t\t\t\t\t<h2 class=\"elementor-heading-title elementor-size-default\">Haben Sie Fragen zu den Reiserouten? Kontaktieren Sie uns unter <a href=\"mailto:bokning@tannaskroket.se\">bokning@tannaskroket.se<\/a><\/h2>\t\t\t\t<\/div>\n\t\t\t\t<\/div>\n\t\t\t\t\t<\/div>\n\t\t<\/div>\n\t\t\t\t\t<\/div>\n\t\t<\/section>\n\t\t\t\t<section class=\"elementor-section elementor-top-section elementor-element elementor-element-161f3cd elementor-section-full_width elementor-section-height-default elementor-section-height-default\" data-id=\"161f3cd\" data-element_type=\"section\" data-e-type=\"section\">\n\t\t\t\t\t\t<div class=\"elementor-container elementor-column-gap-no\">\n\t\t\t\t\t<div class=\"elementor-column elementor-col-100 elementor-top-column elementor-element elementor-element-e0e9922\" data-id=\"e0e9922\" data-element_type=\"column\" data-e-type=\"column\">\n\t\t\t<div class=\"elementor-widget-wrap elementor-element-populated\">\n\t\t\t\t\t\t<div class=\"elementor-element elementor-element-122705a elementor-widget elementor-widget-google_maps\" data-id=\"122705a\" data-element_type=\"widget\" data-e-type=\"widget\" data-widget_type=\"google_maps.default\">\n\t\t\t\t<div class=\"elementor-widget-container\">\n\t\t\t\t\t\t\t<div class=\"elementor-custom-embed\">\n\t\t\t<iframe loading=\"lazy\"\n\t\t\t\t\tsrc=\"https:\/\/maps.google.com\/maps?q=Karl%20Johans%20v%C3%A4g%201%2C%20840%2094%20T%C3%A4nn%C3%A4s&#038;t=m&#038;z=12&#038;output=embed&#038;iwloc=near\"\n\t\t\t\t\ttitle=\"Karl Johans v\u00e4g 1, 840 94 T\u00e4nn\u00e4s\"\n\t\t\t\t\taria-label=\"Karl Johans v\u00e4g 1, 840 94 T\u00e4nn\u00e4s\"\n\t\t\t><\/iframe>\n\t\t<\/div>\n\t\t\t\t\t\t<\/div>\n\t\t\t\t<\/div>\n\t\t\t\t\t<\/div>\n\t\t<\/div>\n\t\t\t\t\t<\/div>\n\t\t<\/section>\n\t\t\t\t<\/div>","protected":false},"excerpt":{"rendered":"<p>RESA TILL T\u00c4NN\u00c4SKR\u00d6KET Det finns m\u00e5nga s\u00e4tt att ta sig till T\u00e4nn\u00e4skr\u00f6ket i vackra Fun\u00e4sfj\u00e4llen. Med bilNotera att 311 \u00e4r avst\u00e4ngd 9 &#8211; 11 april pga v\u00e4garbete. Fr\u00e5n Stockholm \u00e4r en bra resv\u00e4g E4:an \u00f6ver G\u00e4vle vidare mot Bolln\u00e4s \u2013 Ljusdal \u2013 Sveg \u2013 Fun\u00e4sdalen \u2013 T\u00e4nn\u00e4s.Se v\u00e4gbeskrivning h\u00e4r \u203a Fr\u00e5n G\u00f6teborg k\u00f6r du via [&hellip;]<\/p>\n","protected":false},"author":1,"featured_media":0,"parent":0,"menu_order":0,"comment_status":"closed","ping_status":"open","template":"","meta":{"site-sidebar-layout":"no-sidebar","site-content-layout":"page-builder","ast-site-content-layout":"default","site-content-style":"default","site-sidebar-style":"default","ast-global-header-display":"","ast-banner-title-visibility":"","ast-main-header-display":"","ast-hfb-above-header-display":"","ast-hfb-below-header-display":"","ast-hfb-mobile-header-display":"","site-post-title":"disabled","ast-breadcrumbs-content":"","ast-featured-img":"disabled","footer-sml-layout":"","ast-disable-related-posts":"","theme-transparent-header-meta":"","adv-header-id-meta":"","stick-header-meta":"","header-above-stick-meta":"","header-main-stick-meta":"","header-below-stick-meta":"","astra-migrate-meta-layouts":"default","ast-page-background-enabled":"default","ast-page-background-meta":{"desktop":{"background-color":"var(--ast-global-color-4)","background-image":"","background-repeat":"repeat","background-position":"center center","background-size":"auto","background-attachment":"scroll","background-type":"","background-media":"","overlay-type":"","overlay-color":"","overlay-opacity":"","overlay-gradient":""},"tablet":{"background-color":"","background-image":"","background-repeat":"repeat","background-position":"center center","background-size":"auto","background-attachment":"scroll","background-type":"","background-media":"","overlay-type":"","overlay-color":"","overlay-opacity":"","overlay-gradient":""},"mobile":{"background-color":"","background-image":"","background-repeat":"repeat","background-position":"center center","background-size":"auto","background-attachment":"scroll","background-type":"","background-media":"","overlay-type":"","overlay-color":"","overlay-opacity":"","overlay-gradient":""}},"ast-content-background-meta":{"desktop":{"background-color":"var(--ast-global-color-5)","background-image":"","background-repeat":"repeat","background-position":"center center","background-size":"auto","background-attachment":"scroll","background-type":"","background-media":"","overlay-type":"","overlay-color":"","overlay-opacity":"","overlay-gradient":""},"tablet":{"background-color":"var(--ast-global-color-5)","background-image":"","background-repeat":"repeat","background-position":"center center","background-size":"auto","background-attachment":"scroll","background-type":"","background-media":"","overlay-type":"","overlay-color":"","overlay-opacity":"","overlay-gradient":""},"mobile":{"background-color":"var(--ast-global-color-5)","background-image":"","background-repeat":"repeat","background-position":"center center","background-size":"auto","background-attachment":"scroll","background-type":"","background-media":"","overlay-type":"","overlay-color":"","overlay-opacity":"","overlay-gradient":""}},"footnotes":""},"sidkategorier":[],"class_list":["post-320","page","type-page","status-publish","hentry"],"yoast_head":"<!-- This site is optimized with the Yoast SEO plugin v27.1.1 - https:\/\/yoast.com\/product\/yoast-seo-wordpress\/ -->\n<title>Hitta hit - T\u00e4nn\u00e4skr\u00f6ket<\/title>\n<meta name=\"robots\" content=\"index, follow, max-snippet:-1, max-image-preview:large, max-video-preview:-1\" \/>\n<link rel=\"canonical\" href=\"https:\/\/tannaskroket.se\/de\/finden-sie-den-weg-hierher\/\" \/>\n<meta property=\"og:locale\" content=\"de_DE\" \/>\n<meta property=\"og:type\" content=\"article\" \/>\n<meta property=\"og:title\" content=\"Hitta hit - T\u00e4nn\u00e4skr\u00f6ket\" \/>\n<meta property=\"og:description\" content=\"RESA TILL T\u00c4NN\u00c4SKR\u00d6KET Det finns m\u00e5nga s\u00e4tt att ta sig till T\u00e4nn\u00e4skr\u00f6ket i vackra Fun\u00e4sfj\u00e4llen. Med bilNotera att 311 \u00e4r avst\u00e4ngd 9 &#8211; 11 april pga v\u00e4garbete. Fr\u00e5n Stockholm \u00e4r en bra resv\u00e4g E4:an \u00f6ver G\u00e4vle vidare mot Bolln\u00e4s \u2013 Ljusdal \u2013 Sveg \u2013 Fun\u00e4sdalen \u2013 T\u00e4nn\u00e4s.Se v\u00e4gbeskrivning h\u00e4r \u203a Fr\u00e5n G\u00f6teborg k\u00f6r du via [&hellip;]\" \/>\n<meta property=\"og:url\" content=\"https:\/\/tannaskroket.se\/de\/finden-sie-den-weg-hierher\/\" \/>\n<meta property=\"og:site_name\" content=\"T\u00e4nn\u00e4skr\u00f6ket\" \/>\n<meta property=\"article:publisher\" content=\"https:\/\/www.facebook.com\/Tannaskroket\/\" \/>\n<meta property=\"article:modified_time\" content=\"2025-04-07T07:16:46+00:00\" \/>\n<meta property=\"og:image\" content=\"https:\/\/tannaskroket.se\/wp-content\/uploads\/2022\/10\/find-us-map.png\" \/>\n<meta name=\"twitter:card\" content=\"summary_large_image\" \/>\n<meta name=\"twitter:label1\" content=\"Gesch\u00e4tzte Lesezeit\" \/>\n\t<meta name=\"twitter:data1\" content=\"1\u00a0Minute\" \/>\n<script type=\"application\/ld+json\" class=\"yoast-schema-graph\">{\"@context\":\"https:\/\/schema.org\",\"@graph\":[{\"@type\":\"WebPage\",\"@id\":\"https:\/\/tannaskroket.se\/hitta-hit\/\",\"url\":\"https:\/\/tannaskroket.se\/hitta-hit\/\",\"name\":\"Hitta hit - T\u00e4nn\u00e4skr\u00f6ket\",\"isPartOf\":{\"@id\":\"https:\/\/tannaskroket.se\/#website\"},\"primaryImageOfPage\":{\"@id\":\"https:\/\/tannaskroket.se\/hitta-hit\/#primaryimage\"},\"image\":{\"@id\":\"https:\/\/tannaskroket.se\/hitta-hit\/#primaryimage\"},\"thumbnailUrl\":\"https:\/\/tannaskroket.se\/wp-content\/uploads\/2022\/10\/find-us-map.png\",\"datePublished\":\"2012-10-06T19:26:08+00:00\",\"dateModified\":\"2025-04-07T07:16:46+00:00\",\"breadcrumb\":{\"@id\":\"https:\/\/tannaskroket.se\/hitta-hit\/#breadcrumb\"},\"inLanguage\":\"de\",\"potentialAction\":[{\"@type\":\"ReadAction\",\"target\":[\"https:\/\/tannaskroket.se\/hitta-hit\/\"]}]},{\"@type\":\"ImageObject\",\"inLanguage\":\"de\",\"@id\":\"https:\/\/tannaskroket.se\/hitta-hit\/#primaryimage\",\"url\":\"https:\/\/tannaskroket.se\/wp-content\/uploads\/2022\/10\/find-us-map.png\",\"contentUrl\":\"https:\/\/tannaskroket.se\/wp-content\/uploads\/2022\/10\/find-us-map.png\"},{\"@type\":\"BreadcrumbList\",\"@id\":\"https:\/\/tannaskroket.se\/hitta-hit\/#breadcrumb\",\"itemListElement\":[{\"@type\":\"ListItem\",\"position\":1,\"name\":\"Home\",\"item\":\"https:\/\/tannaskroket.se\/\"},{\"@type\":\"ListItem\",\"position\":2,\"name\":\"Hitta hit\"}]},{\"@type\":\"WebSite\",\"@id\":\"https:\/\/tannaskroket.se\/#website\",\"url\":\"https:\/\/tannaskroket.se\/\",\"name\":\"T\u00e4nn\u00e4skr\u00f6ket\",\"description\":\"Ett eget st\u00e4lle i fj\u00e4llen\",\"publisher\":{\"@id\":\"https:\/\/tannaskroket.se\/#organization\"},\"potentialAction\":[{\"@type\":\"SearchAction\",\"target\":{\"@type\":\"EntryPoint\",\"urlTemplate\":\"https:\/\/tannaskroket.se\/?s={search_term_string}\"},\"query-input\":{\"@type\":\"PropertyValueSpecification\",\"valueRequired\":true,\"valueName\":\"search_term_string\"}}],\"inLanguage\":\"de\"},{\"@type\":\"Organization\",\"@id\":\"https:\/\/tannaskroket.se\/#organization\",\"name\":\"T\u00e4nn\u00e4skr\u00f6ket\",\"url\":\"https:\/\/tannaskroket.se\/\",\"logo\":{\"@type\":\"ImageObject\",\"inLanguage\":\"de\",\"@id\":\"https:\/\/tannaskroket.se\/#\/schema\/logo\/image\/\",\"url\":\"https:\/\/tannaskroket.se\/wp-content\/uploads\/2022\/10\/tk_logo_100_s2.png\",\"contentUrl\":\"https:\/\/tannaskroket.se\/wp-content\/uploads\/2022\/10\/tk_logo_100_s2.png\",\"width\":100,\"height\":100,\"caption\":\"T\u00e4nn\u00e4skr\u00f6ket\"},\"image\":{\"@id\":\"https:\/\/tannaskroket.se\/#\/schema\/logo\/image\/\"},\"sameAs\":[\"https:\/\/www.facebook.com\/Tannaskroket\/\",\"https:\/\/www.instagram.com\/tannaskroket\/\"]}]}<\/script>\n<!-- \/ Yoast SEO plugin. -->","yoast_head_json":{"title":"Hier finden Sie - T\u00e4nn\u00e4skr\u00f6ket","robots":{"index":"index","follow":"follow","max-snippet":"max-snippet:-1","max-image-preview":"max-image-preview:large","max-video-preview":"max-video-preview:-1"},"canonical":"https:\/\/tannaskroket.se\/de\/finden-sie-den-weg-hierher\/","og_locale":"de_DE","og_type":"article","og_title":"Hitta hit - T\u00e4nn\u00e4skr\u00f6ket","og_description":"RESA TILL T\u00c4NN\u00c4SKR\u00d6KET Det finns m\u00e5nga s\u00e4tt att ta sig till T\u00e4nn\u00e4skr\u00f6ket i vackra Fun\u00e4sfj\u00e4llen. Med bilNotera att 311 \u00e4r avst\u00e4ngd 9 &#8211; 11 april pga v\u00e4garbete. Fr\u00e5n Stockholm \u00e4r en bra resv\u00e4g E4:an \u00f6ver G\u00e4vle vidare mot Bolln\u00e4s \u2013 Ljusdal \u2013 Sveg \u2013 Fun\u00e4sdalen \u2013 T\u00e4nn\u00e4s.Se v\u00e4gbeskrivning h\u00e4r \u203a Fr\u00e5n G\u00f6teborg k\u00f6r du via [&hellip;]","og_url":"https:\/\/tannaskroket.se\/de\/finden-sie-den-weg-hierher\/","og_site_name":"T\u00e4nn\u00e4skr\u00f6ket","article_publisher":"https:\/\/www.facebook.com\/Tannaskroket\/","article_modified_time":"2025-04-07T07:16:46+00:00","og_image":[{"url":"https:\/\/tannaskroket.se\/wp-content\/uploads\/2022\/10\/find-us-map.png","type":"","width":"","height":""}],"twitter_card":"summary_large_image","twitter_misc":{"Gesch\u00e4tzte Lesezeit":"1\u00a0Minute"},"schema":{"@context":"https:\/\/schema.org","@graph":[{"@type":"WebPage","@id":"https:\/\/tannaskroket.se\/hitta-hit\/","url":"https:\/\/tannaskroket.se\/hitta-hit\/","name":"Hier finden Sie - T\u00e4nn\u00e4skr\u00f6ket","isPartOf":{"@id":"https:\/\/tannaskroket.se\/#website"},"primaryImageOfPage":{"@id":"https:\/\/tannaskroket.se\/hitta-hit\/#primaryimage"},"image":{"@id":"https:\/\/tannaskroket.se\/hitta-hit\/#primaryimage"},"thumbnailUrl":"https:\/\/tannaskroket.se\/wp-content\/uploads\/2022\/10\/find-us-map.png","datePublished":"2012-10-06T19:26:08+00:00","dateModified":"2025-04-07T07:16:46+00:00","breadcrumb":{"@id":"https:\/\/tannaskroket.se\/hitta-hit\/#breadcrumb"},"inLanguage":"de","potentialAction":[{"@type":"ReadAction","target":["https:\/\/tannaskroket.se\/hitta-hit\/"]}]},{"@type":"ImageObject","inLanguage":"de","@id":"https:\/\/tannaskroket.se\/hitta-hit\/#primaryimage","url":"https:\/\/tannaskroket.se\/wp-content\/uploads\/2022\/10\/find-us-map.png","contentUrl":"https:\/\/tannaskroket.se\/wp-content\/uploads\/2022\/10\/find-us-map.png"},{"@type":"BreadcrumbList","@id":"https:\/\/tannaskroket.se\/hitta-hit\/#breadcrumb","itemListElement":[{"@type":"ListItem","position":1,"name":"Home","item":"https:\/\/tannaskroket.se\/"},{"@type":"ListItem","position":2,"name":"Hitta hit"}]},{"@type":"WebSite","@id":"https:\/\/tannaskroket.se\/#website","url":"https:\/\/tannaskroket.se\/","name":"T\u00e4nn\u00e4skr\u00f6ket","description":"Ein eigener Platz in den Bergen","publisher":{"@id":"https:\/\/tannaskroket.se\/#organization"},"potentialAction":[{"@type":"SearchAction","target":{"@type":"EntryPoint","urlTemplate":"https:\/\/tannaskroket.se\/?s={search_term_string}"},"query-input":{"@type":"PropertyValueSpecification","valueRequired":true,"valueName":"search_term_string"}}],"inLanguage":"de"},{"@type":"Organization","@id":"https:\/\/tannaskroket.se\/#organization","name":"T\u00e4nn\u00e4skr\u00f6ket","url":"https:\/\/tannaskroket.se\/","logo":{"@type":"ImageObject","inLanguage":"de","@id":"https:\/\/tannaskroket.se\/#\/schema\/logo\/image\/","url":"https:\/\/tannaskroket.se\/wp-content\/uploads\/2022\/10\/tk_logo_100_s2.png","contentUrl":"https:\/\/tannaskroket.se\/wp-content\/uploads\/2022\/10\/tk_logo_100_s2.png","width":100,"height":100,"caption":"T\u00e4nn\u00e4skr\u00f6ket"},"image":{"@id":"https:\/\/tannaskroket.se\/#\/schema\/logo\/image\/"},"sameAs":["https:\/\/www.facebook.com\/Tannaskroket\/","https:\/\/www.instagram.com\/tannaskroket\/"]}]}},"_links":{"self":[{"href":"https:\/\/tannaskroket.se\/de\/wp-json\/wp\/v2\/pages\/320","targetHints":{"allow":["GET"]}}],"collection":[{"href":"https:\/\/tannaskroket.se\/de\/wp-json\/wp\/v2\/pages"}],"about":[{"href":"https:\/\/tannaskroket.se\/de\/wp-json\/wp\/v2\/types\/page"}],"author":[{"embeddable":true,"href":"https:\/\/tannaskroket.se\/de\/wp-json\/wp\/v2\/users\/1"}],"replies":[{"embeddable":true,"href":"https:\/\/tannaskroket.se\/de\/wp-json\/wp\/v2\/comments?post=320"}],"version-history":[{"count":21,"href":"https:\/\/tannaskroket.se\/de\/wp-json\/wp\/v2\/pages\/320\/revisions"}],"predecessor-version":[{"id":16288,"href":"https:\/\/tannaskroket.se\/de\/wp-json\/wp\/v2\/pages\/320\/revisions\/16288"}],"wp:attachment":[{"href":"https:\/\/tannaskroket.se\/de\/wp-json\/wp\/v2\/media?parent=320"}],"wp:term":[{"taxonomy":"sidkategorier","embeddable":true,"href":"https:\/\/tannaskroket.se\/de\/wp-json\/wp\/v2\/sidkategorier?post=320"}],"curies":[{"name":"wp","href":"https:\/\/api.w.org\/{rel}","templated":true}]}}