{"id":4009,"date":"2018-05-30T13:54:00","date_gmt":"2018-05-30T11:54:00","guid":{"rendered":"https:\/\/dev.tannaskroket.se\/?page_id=4009"},"modified":"2023-08-03T08:47:14","modified_gmt":"2023-08-03T06:47:14","slug":"datenschutzbestimmungen","status":"publish","type":"page","link":"https:\/\/tannaskroket.se\/de\/personuppgiftspolicy\/","title":{"rendered":"Politik in Bezug auf personenbezogene Daten"},"content":{"rendered":"<p>T\u00e4nn\u00e4skr\u00f6ket AB legt gro\u00dfen Wert auf Ihre Privatsph\u00e4re und ist bestrebt, Ihre pers\u00f6nlichen Daten bestm\u00f6glich zu sch\u00fctzen. In dieser Richtlinie werden die Regeln von T\u00e4nn\u00e4skr\u00f6ket f\u00fcr die Erhebung und Verarbeitung personenbezogener Daten und die Verwendung von Cookies dargelegt. T\u00e4nn\u00e4skr\u00f6ket verpflichtet sich, diese Informationen und Ihre Privatsph\u00e4re in \u00dcbereinstimmung mit dem geltenden schwedischen Recht zu respektieren und zu sch\u00fctzen. Indem Sie unseren Bedingungen zustimmen, erkl\u00e4ren Sie sich damit einverstanden, dass wir Ihre personenbezogenen Daten auf diese Weise verwenden. Wir geben Ihre personenbezogenen Daten nicht an Partner oder Dritte weiter, es sei denn, es liegen besondere Gr\u00fcnde vor, wie z. B. ein Auskunftsersuchen der Polizei, der Staatsanwaltschaft oder \u00e4hnliches.<\/p>\n<h5>WELCHE PERSONENBEZOGENEN DATEN WIR VERARBEITEN<\/h5>\n<p><strong>Bei der Buchung<\/strong><br \/>\nWenn Sie bei uns buchen, geben Sie bestimmte Informationen \u00fcber sich selbst an. Wir verarbeiten und sch\u00fctzen Ihre personenbezogenen Daten in \u00dcbereinstimmung mit den geltenden Rechtsvorschriften f\u00fcr personenbezogene Daten. Wir verwenden die Informationen, um Sie zu identifizieren. Wir verwenden die Daten auch, um Ihnen Informationen \u00fcber Neuigkeiten und Angebote zukommen zu lassen, von denen wir glauben, dass sie f\u00fcr Sie von Interesse sein k\u00f6nnten. Ihre personenbezogenen Daten werden nur dann an unsere Partner weitergegeben, wenn dies f\u00fcr die Erf\u00fcllung der genannten Zwecke erforderlich ist. So werden beispielsweise Ihre Kontaktdaten von unseren Partnern \u00fcberpr\u00fcft, aktualisiert und erg\u00e4nzt, um sicherzustellen, dass wir die richtigen Informationen \u00fcber Sie haben. Wir verkaufen Ihre pers\u00f6nlichen Daten niemals an Dritte. Au\u00dferdem verwenden wir Ihre Daten f\u00fcr bestimmte analytische und statistische Zwecke.<\/p>\n<p><strong>Wenn Sie die Website besuchen<\/strong><br \/>\nT\u00e4nn\u00e4skr\u00f6ket kann Ihre IP-Adresse speichern, was Sie z. B. \u00fcber soziale Medien im Internet posten, welche Suchanfragen Sie \u00fcber Suchmaschinen im Internet stellen, von welcher Website Sie kommen, welche Website Sie nach dem Besuch aufrufen sowie welche Entscheidungen Sie treffen und f\u00fcr welche Art von Informationen und Veranstaltungen Sie sich interessieren. Auch demografische und geografische Informationen k\u00f6nnen gespeichert werden.<\/p>\n<p><strong>Bei der Beantwortung einer Umfrage\/Marktforschung<\/strong><br \/>\nT\u00e4nn\u00e4skr\u00f6ket speichert Informationen aus Marketingumfragen und Mailings: Ihre Antworten auf und Ihre Nutzung von Marketingumfragen, Werbesendungen und E-Mails k\u00f6nnen gespeichert werden. Unter anderem k\u00f6nnen Informationen \u00fcber Ihre Nutzung von E-Mail-Newslettern, einschlie\u00dflich des \u00d6ffnens von Newslettern, der angeklickten Links und der Art der Informationen, f\u00fcr die Sie sich interessieren, gespeichert werden.<\/p>\n<p><strong>Informationen, die Sie bei der Kontaktaufnahme mit T\u00e4nn\u00e4skr\u00f6ket angeben<\/strong><br \/>\nSie k\u00f6nnen T\u00e4nn\u00e4skr\u00f6ket Informationen zur Verf\u00fcgung stellen, wenn Sie ein Konto anlegen, Einstellungen oder Dienstleistungen ausw\u00e4hlen, Unterk\u00fcnfte\/Aktivit\u00e4ten im Internet buchen, T\u00e4nn\u00e4skr\u00f6ket telefonisch, \u00fcber Webformulare oder per E-Mail kontaktieren, usw.<\/p>\n<p><strong>Daten \u00fcber Ihre Vorlieben und Ihre Nutzung<\/strong><br \/>\nAbgerufen durch sogenannte Cookies, die von T\u00e4nn\u00e4skr\u00f6ket oder von Dritten gesetzt werden. T\u00e4nn\u00e4skr\u00f6ket kann solche Informationen auch von sozialen Netzwerken oder anderen Dritten wie Werbenetzwerken oder Newsletter-Anbietern sammeln.<\/p>\n<h5>WARUM WIR PERSONENBEZOGENE DATEN VERARBEITEN<\/h5>\n<p>- Damit wir die \u00fcbliche Kundenverwaltung durchf\u00fchren und unsere Verpflichtungen Ihnen gegen\u00fcber erf\u00fcllen k\u00f6nnen<br \/>\n- in der Lage sein, ein h\u00f6heres Serviceniveau zu bieten<br \/>\n- Sicherstellen, dass jede Unterkunft\/Aktivit\u00e4t Zugang zu zuverl\u00e4ssigen pers\u00f6nlichen Unterlagen f\u00fcr den Fall eines Unfalls hat<br \/>\n- Um Ihnen relevante Inhalte in Form von Newslettern, Werbung, SMS oder andere von Ihnen angeforderte Informationen zukommen zu lassen.<\/p>\n<h5>MIT WEM WIR PERSONENBEZOGENE DATEN TEILEN<\/h5>\n<p>Im Rahmen der Verarbeitung der gesammelten Daten durch T\u00e4nn\u00e4skr\u00f6ket k\u00f6nnen wir diese an Unternehmen\/Produkte weitergeben, die wir anbieten. Dies bedeutet, dass bestimmte Informationen \u00fcber Sie und Ihre Pr\u00e4ferenzen an Dritte, auch in L\u00e4ndern au\u00dferhalb der EU, weitergegeben werden k\u00f6nnen, entweder automatisch durch Dritte oder durch Beauftragte. F\u00fcr L\u00e4nder au\u00dferhalb der EU k\u00f6nnen andere Rechtsvorschriften zum Schutz Ihrer personenbezogenen Daten gelten.<\/p>\n<h5>WIE LANGE WIR IHRE DATEN AUFBEWAHREN<\/h5>\n<p>T\u00e4nn\u00e4skr\u00f6ket speichert Ihre personenbezogenen Daten so lange, wie es f\u00fcr die Erf\u00fcllung der in der Richtlinie beschriebenen Zwecke erforderlich ist. Wenn Sie sich von unseren Diensten abmelden, werden wir Ihre personenbezogenen Daten so schnell wie m\u00f6glich l\u00f6schen, mit Ausnahme von anonymisierten Daten, die wir zu statistischen Zwecken und f\u00fcr zus\u00e4tzliche Beitr\u00e4ge auf unseren Social-Media-Kan\u00e4len aufbewahren k\u00f6nnen.<\/p>\n<h5>WENN SIE MEHR WISSEN WOLLEN<\/h5>\n<p>Einmal im Kalenderjahr k\u00f6nnen Sie kostenlos erfahren, welche Ihrer personenbezogenen Daten wir verarbeiten. Ihr schriftlicher Antrag ist an die unten angegebene Postanschrift zu richten und muss von Ihnen pers\u00f6nlich unterzeichnet werden. Sie k\u00f6nnen uns jederzeit auffordern, Ihre Daten zu korrigieren oder zu l\u00f6schen, wenn sie sich als unrichtig oder veraltet erweisen.<\/p>\n<p>T\u00e4nn\u00e4skr\u00f6ket AB (5566607171) ist der f\u00fcr die Datenverarbeitung Verantwortliche in \u00dcbereinstimmung mit der Allgemeinen Datenschutzverordnung (DSGVO)<\/p>\n<p><strong>Kontaktangaben<\/strong><br \/>\nT\u00e4nn\u00e4skr\u00f6ket AB<br \/>\nKarl Johans V\u00e4g 1, 840 94 T\u00e4nn\u00e4s<\/p>\n<h5>WIE KANN ICH MEINE PERS\u00d6NLICHEN DATEN L\u00d6SCHEN?<\/h5>\n<p>Wenn Sie sich abmelden m\u00f6chten, senden Sie bitte eine E-Mail an <a href=\"mailto:bokning@tannaskroket.se\">bokning@tannaskroket.se<\/a>\u00a0werden wir Sie aus unserem Register l\u00f6schen und Sie erhalten eine Best\u00e4tigung, dass dies geschehen ist.<\/p>\n<h5>COOKIES<\/h5>\n<p>Unsere Websites verwenden Cookies, damit die Website f\u00fcr Sie besser funktioniert. Wenn Sie weiter surfen, stimmen Sie unserer Verwendung von Cookies zu.<\/p>\n<p>Was sind Cookies? Link zur Erkl\u00e4rung unten.<\/p>\n<p><a href=\"https:\/\/www.skatteverket.se\/4.14c8822103addae55580003.html\" target=\"_blank\" rel=\"noopener\">https:\/\/www.skatteverket.se\/4.14c8822103addae55580003.html<\/a><\/p>","protected":false},"excerpt":{"rendered":"<p>T\u00e4nn\u00e4skr\u00f6ket AB v\u00e4rnar om din personliga integritet och str\u00e4var efter att skydda dina personuppgifter p\u00e5 b\u00e4sta s\u00e4tt. Denna policy redog\u00f6r f\u00f6r T\u00e4nn\u00e4skr\u00f6kets best\u00e4mmelser kring insamlande och behandling av personuppgifter samt anv\u00e4ndande av cookies. T\u00e4nn\u00e4skr\u00f6ket f\u00f6rbinder sig att respektera och skydda s\u00e5dan information och din personliga integritet i enlighet med g\u00e4llande svensk lagstiftning. Genom att godk\u00e4nna [&hellip;]<\/p>\n","protected":false},"author":2,"featured_media":0,"parent":0,"menu_order":0,"comment_status":"closed","ping_status":"open","template":"","meta":{"site-sidebar-layout":"default","site-content-layout":"","ast-site-content-layout":"default","site-content-style":"default","site-sidebar-style":"default","ast-global-header-display":"","ast-banner-title-visibility":"","ast-main-header-display":"","ast-hfb-above-header-display":"","ast-hfb-below-header-display":"","ast-hfb-mobile-header-display":"","site-post-title":"","ast-breadcrumbs-content":"","ast-featured-img":"","footer-sml-layout":"","ast-disable-related-posts":"","theme-transparent-header-meta":"","adv-header-id-meta":"","stick-header-meta":"","header-above-stick-meta":"","header-main-stick-meta":"","header-below-stick-meta":"","astra-migrate-meta-layouts":"default","ast-page-background-enabled":"default","ast-page-background-meta":{"desktop":{"background-color":"var(--ast-global-color-4)","background-image":"","background-repeat":"repeat","background-position":"center center","background-size":"auto","background-attachment":"scroll","background-type":"","background-media":"","overlay-type":"","overlay-color":"","overlay-opacity":"","overlay-gradient":""},"tablet":{"background-color":"","background-image":"","background-repeat":"repeat","background-position":"center center","background-size":"auto","background-attachment":"scroll","background-type":"","background-media":"","overlay-type":"","overlay-color":"","overlay-opacity":"","overlay-gradient":""},"mobile":{"background-color":"","background-image":"","background-repeat":"repeat","background-position":"center center","background-size":"auto","background-attachment":"scroll","background-type":"","background-media":"","overlay-type":"","overlay-color":"","overlay-opacity":"","overlay-gradient":""}},"ast-content-background-meta":{"desktop":{"background-color":"var(--ast-global-color-5)","background-image":"","background-repeat":"repeat","background-position":"center center","background-size":"auto","background-attachment":"scroll","background-type":"","background-media":"","overlay-type":"","overlay-color":"","overlay-opacity":"","overlay-gradient":""},"tablet":{"background-color":"var(--ast-global-color-5)","background-image":"","background-repeat":"repeat","background-position":"center center","background-size":"auto","background-attachment":"scroll","background-type":"","background-media":"","overlay-type":"","overlay-color":"","overlay-opacity":"","overlay-gradient":""},"mobile":{"background-color":"var(--ast-global-color-5)","background-image":"","background-repeat":"repeat","background-position":"center center","background-size":"auto","background-attachment":"scroll","background-type":"","background-media":"","overlay-type":"","overlay-color":"","overlay-opacity":"","overlay-gradient":""}},"footnotes":""},"sidkategorier":[],"class_list":["post-4009","page","type-page","status-publish","hentry"],"yoast_head":"<!-- This site is optimized with the Yoast SEO plugin v27.1.1 - https:\/\/yoast.com\/product\/yoast-seo-wordpress\/ -->\n<title>Personuppgiftspolicy - T\u00e4nn\u00e4skr\u00f6ket<\/title>\n<meta name=\"robots\" content=\"index, follow, max-snippet:-1, max-image-preview:large, max-video-preview:-1\" \/>\n<link rel=\"canonical\" href=\"https:\/\/tannaskroket.se\/de\/datenschutzbestimmungen\/\" \/>\n<meta property=\"og:locale\" content=\"de_DE\" \/>\n<meta property=\"og:type\" content=\"article\" \/>\n<meta property=\"og:title\" content=\"Personuppgiftspolicy - T\u00e4nn\u00e4skr\u00f6ket\" \/>\n<meta property=\"og:description\" content=\"T\u00e4nn\u00e4skr\u00f6ket AB v\u00e4rnar om din personliga integritet och str\u00e4var efter att skydda dina personuppgifter p\u00e5 b\u00e4sta s\u00e4tt. Denna policy redog\u00f6r f\u00f6r T\u00e4nn\u00e4skr\u00f6kets best\u00e4mmelser kring insamlande och behandling av personuppgifter samt anv\u00e4ndande av cookies. T\u00e4nn\u00e4skr\u00f6ket f\u00f6rbinder sig att respektera och skydda s\u00e5dan information och din personliga integritet i enlighet med g\u00e4llande svensk lagstiftning. Genom att godk\u00e4nna [&hellip;]\" \/>\n<meta property=\"og:url\" content=\"https:\/\/tannaskroket.se\/de\/datenschutzbestimmungen\/\" \/>\n<meta property=\"og:site_name\" content=\"T\u00e4nn\u00e4skr\u00f6ket\" \/>\n<meta property=\"article:publisher\" content=\"https:\/\/www.facebook.com\/Tannaskroket\/\" \/>\n<meta property=\"article:modified_time\" content=\"2023-08-03T06:47:14+00:00\" \/>\n<meta name=\"twitter:card\" content=\"summary_large_image\" \/>\n<meta name=\"twitter:label1\" content=\"Gesch\u00e4tzte Lesezeit\" \/>\n\t<meta name=\"twitter:data1\" content=\"5\u00a0Minuten\" \/>\n<script type=\"application\/ld+json\" class=\"yoast-schema-graph\">{\"@context\":\"https:\/\/schema.org\",\"@graph\":[{\"@type\":\"WebPage\",\"@id\":\"https:\/\/tannaskroket.se\/personuppgiftspolicy\/\",\"url\":\"https:\/\/tannaskroket.se\/personuppgiftspolicy\/\",\"name\":\"Personuppgiftspolicy - T\u00e4nn\u00e4skr\u00f6ket\",\"isPartOf\":{\"@id\":\"https:\/\/tannaskroket.se\/#website\"},\"datePublished\":\"2018-05-30T11:54:00+00:00\",\"dateModified\":\"2023-08-03T06:47:14+00:00\",\"breadcrumb\":{\"@id\":\"https:\/\/tannaskroket.se\/personuppgiftspolicy\/#breadcrumb\"},\"inLanguage\":\"de\",\"potentialAction\":[{\"@type\":\"ReadAction\",\"target\":[\"https:\/\/tannaskroket.se\/personuppgiftspolicy\/\"]}]},{\"@type\":\"BreadcrumbList\",\"@id\":\"https:\/\/tannaskroket.se\/personuppgiftspolicy\/#breadcrumb\",\"itemListElement\":[{\"@type\":\"ListItem\",\"position\":1,\"name\":\"Home\",\"item\":\"https:\/\/tannaskroket.se\/\"},{\"@type\":\"ListItem\",\"position\":2,\"name\":\"Personuppgiftspolicy\"}]},{\"@type\":\"WebSite\",\"@id\":\"https:\/\/tannaskroket.se\/#website\",\"url\":\"https:\/\/tannaskroket.se\/\",\"name\":\"T\u00e4nn\u00e4skr\u00f6ket\",\"description\":\"Ett eget st\u00e4lle i fj\u00e4llen\",\"publisher\":{\"@id\":\"https:\/\/tannaskroket.se\/#organization\"},\"potentialAction\":[{\"@type\":\"SearchAction\",\"target\":{\"@type\":\"EntryPoint\",\"urlTemplate\":\"https:\/\/tannaskroket.se\/?s={search_term_string}\"},\"query-input\":{\"@type\":\"PropertyValueSpecification\",\"valueRequired\":true,\"valueName\":\"search_term_string\"}}],\"inLanguage\":\"de\"},{\"@type\":\"Organization\",\"@id\":\"https:\/\/tannaskroket.se\/#organization\",\"name\":\"T\u00e4nn\u00e4skr\u00f6ket\",\"url\":\"https:\/\/tannaskroket.se\/\",\"logo\":{\"@type\":\"ImageObject\",\"inLanguage\":\"de\",\"@id\":\"https:\/\/tannaskroket.se\/#\/schema\/logo\/image\/\",\"url\":\"https:\/\/tannaskroket.se\/wp-content\/uploads\/2022\/10\/tk_logo_100_s2.png\",\"contentUrl\":\"https:\/\/tannaskroket.se\/wp-content\/uploads\/2022\/10\/tk_logo_100_s2.png\",\"width\":100,\"height\":100,\"caption\":\"T\u00e4nn\u00e4skr\u00f6ket\"},\"image\":{\"@id\":\"https:\/\/tannaskroket.se\/#\/schema\/logo\/image\/\"},\"sameAs\":[\"https:\/\/www.facebook.com\/Tannaskroket\/\",\"https:\/\/www.instagram.com\/tannaskroket\/\"]}]}<\/script>\n<!-- \/ Yoast SEO plugin. -->","yoast_head_json":{"title":"Datenschutzerkl\u00e4rung - T\u00e4nn\u00e4skr\u00f6ket","robots":{"index":"index","follow":"follow","max-snippet":"max-snippet:-1","max-image-preview":"max-image-preview:large","max-video-preview":"max-video-preview:-1"},"canonical":"https:\/\/tannaskroket.se\/de\/datenschutzbestimmungen\/","og_locale":"de_DE","og_type":"article","og_title":"Personuppgiftspolicy - T\u00e4nn\u00e4skr\u00f6ket","og_description":"T\u00e4nn\u00e4skr\u00f6ket AB v\u00e4rnar om din personliga integritet och str\u00e4var efter att skydda dina personuppgifter p\u00e5 b\u00e4sta s\u00e4tt. Denna policy redog\u00f6r f\u00f6r T\u00e4nn\u00e4skr\u00f6kets best\u00e4mmelser kring insamlande och behandling av personuppgifter samt anv\u00e4ndande av cookies. T\u00e4nn\u00e4skr\u00f6ket f\u00f6rbinder sig att respektera och skydda s\u00e5dan information och din personliga integritet i enlighet med g\u00e4llande svensk lagstiftning. Genom att godk\u00e4nna [&hellip;]","og_url":"https:\/\/tannaskroket.se\/de\/datenschutzbestimmungen\/","og_site_name":"T\u00e4nn\u00e4skr\u00f6ket","article_publisher":"https:\/\/www.facebook.com\/Tannaskroket\/","article_modified_time":"2023-08-03T06:47:14+00:00","twitter_card":"summary_large_image","twitter_misc":{"Gesch\u00e4tzte Lesezeit":"5\u00a0Minuten"},"schema":{"@context":"https:\/\/schema.org","@graph":[{"@type":"WebPage","@id":"https:\/\/tannaskroket.se\/personuppgiftspolicy\/","url":"https:\/\/tannaskroket.se\/personuppgiftspolicy\/","name":"Datenschutzerkl\u00e4rung - T\u00e4nn\u00e4skr\u00f6ket","isPartOf":{"@id":"https:\/\/tannaskroket.se\/#website"},"datePublished":"2018-05-30T11:54:00+00:00","dateModified":"2023-08-03T06:47:14+00:00","breadcrumb":{"@id":"https:\/\/tannaskroket.se\/personuppgiftspolicy\/#breadcrumb"},"inLanguage":"de","potentialAction":[{"@type":"ReadAction","target":["https:\/\/tannaskroket.se\/personuppgiftspolicy\/"]}]},{"@type":"BreadcrumbList","@id":"https:\/\/tannaskroket.se\/personuppgiftspolicy\/#breadcrumb","itemListElement":[{"@type":"ListItem","position":1,"name":"Home","item":"https:\/\/tannaskroket.se\/"},{"@type":"ListItem","position":2,"name":"Personuppgiftspolicy"}]},{"@type":"WebSite","@id":"https:\/\/tannaskroket.se\/#website","url":"https:\/\/tannaskroket.se\/","name":"T\u00e4nn\u00e4skr\u00f6ket","description":"Ein eigener Platz in den Bergen","publisher":{"@id":"https:\/\/tannaskroket.se\/#organization"},"potentialAction":[{"@type":"SearchAction","target":{"@type":"EntryPoint","urlTemplate":"https:\/\/tannaskroket.se\/?s={search_term_string}"},"query-input":{"@type":"PropertyValueSpecification","valueRequired":true,"valueName":"search_term_string"}}],"inLanguage":"de"},{"@type":"Organization","@id":"https:\/\/tannaskroket.se\/#organization","name":"T\u00e4nn\u00e4skr\u00f6ket","url":"https:\/\/tannaskroket.se\/","logo":{"@type":"ImageObject","inLanguage":"de","@id":"https:\/\/tannaskroket.se\/#\/schema\/logo\/image\/","url":"https:\/\/tannaskroket.se\/wp-content\/uploads\/2022\/10\/tk_logo_100_s2.png","contentUrl":"https:\/\/tannaskroket.se\/wp-content\/uploads\/2022\/10\/tk_logo_100_s2.png","width":100,"height":100,"caption":"T\u00e4nn\u00e4skr\u00f6ket"},"image":{"@id":"https:\/\/tannaskroket.se\/#\/schema\/logo\/image\/"},"sameAs":["https:\/\/www.facebook.com\/Tannaskroket\/","https:\/\/www.instagram.com\/tannaskroket\/"]}]}},"_links":{"self":[{"href":"https:\/\/tannaskroket.se\/de\/wp-json\/wp\/v2\/pages\/4009","targetHints":{"allow":["GET"]}}],"collection":[{"href":"https:\/\/tannaskroket.se\/de\/wp-json\/wp\/v2\/pages"}],"about":[{"href":"https:\/\/tannaskroket.se\/de\/wp-json\/wp\/v2\/types\/page"}],"author":[{"embeddable":true,"href":"https:\/\/tannaskroket.se\/de\/wp-json\/wp\/v2\/users\/2"}],"replies":[{"embeddable":true,"href":"https:\/\/tannaskroket.se\/de\/wp-json\/wp\/v2\/comments?post=4009"}],"version-history":[{"count":1,"href":"https:\/\/tannaskroket.se\/de\/wp-json\/wp\/v2\/pages\/4009\/revisions"}],"predecessor-version":[{"id":10583,"href":"https:\/\/tannaskroket.se\/de\/wp-json\/wp\/v2\/pages\/4009\/revisions\/10583"}],"wp:attachment":[{"href":"https:\/\/tannaskroket.se\/de\/wp-json\/wp\/v2\/media?parent=4009"}],"wp:term":[{"taxonomy":"sidkategorier","embeddable":true,"href":"https:\/\/tannaskroket.se\/de\/wp-json\/wp\/v2\/sidkategorier?post=4009"}],"curies":[{"name":"wp","href":"https:\/\/api.w.org\/{rel}","templated":true}]}}