{"id":4629,"date":"2023-01-24T11:02:28","date_gmt":"2023-01-24T10:02:28","guid":{"rendered":"https:\/\/dev.tannaskroket.se\/?page_id=4629"},"modified":"2026-02-11T11:47:33","modified_gmt":"2026-02-11T10:47:33","slug":"moschusochsen-in-den-funas-bergen","status":"publish","type":"page","link":"https:\/\/tannaskroket.se\/de\/aret-runt\/myskoxar-i-funasfjallen\/","title":{"rendered":"Moschusochsen - Begegnung mit einem uralten Tier"},"content":{"rendered":"\t\t<div data-elementor-type=\"wp-page\" data-elementor-id=\"4629\" class=\"elementor elementor-4629\" data-elementor-post-type=\"page\">\n\t\t\t\t\t\t<section class=\"elementor-section elementor-top-section elementor-element elementor-element-184719ae elementor-section-height-min-height full-height-header elementor-section-boxed elementor-section-height-default elementor-section-items-middle\" data-id=\"184719ae\" data-element_type=\"section\" data-e-type=\"section\" data-settings=\"{&quot;background_background&quot;:&quot;classic&quot;,&quot;sticky&quot;:&quot;top&quot;,&quot;sticky_offset&quot;:95,&quot;sticky_on&quot;:[&quot;desktop&quot;,&quot;tablet&quot;,&quot;mobile&quot;],&quot;sticky_effects_offset&quot;:0,&quot;sticky_anchor_link_offset&quot;:0}\">\n\t\t\t\t\t\t<div class=\"elementor-container elementor-column-gap-default\">\n\t\t\t\t\t<div class=\"elementor-column elementor-col-100 elementor-top-column elementor-element elementor-element-5a9c11cf\" data-id=\"5a9c11cf\" data-element_type=\"column\" data-e-type=\"column\">\n\t\t\t<div class=\"elementor-widget-wrap elementor-element-populated\">\n\t\t\t\t\t\t<section class=\"elementor-section elementor-inner-section elementor-element elementor-element-42454e3 full-height-header-content elementor-section-boxed elementor-section-height-default elementor-section-height-default\" data-id=\"42454e3\" data-element_type=\"section\" data-e-type=\"section\" data-settings=\"{&quot;background_background&quot;:&quot;classic&quot;}\">\n\t\t\t\t\t\t<div class=\"elementor-container elementor-column-gap-default\">\n\t\t\t\t\t<div class=\"elementor-column elementor-col-100 elementor-inner-column elementor-element elementor-element-604c341d\" data-id=\"604c341d\" data-element_type=\"column\" data-e-type=\"column\">\n\t\t\t<div class=\"elementor-widget-wrap elementor-element-populated\">\n\t\t\t\t\t\t<div class=\"elementor-element elementor-element-70534584 full-height-header-h1 elementor-widget elementor-widget-heading\" data-id=\"70534584\" data-element_type=\"widget\" data-e-type=\"widget\" data-widget_type=\"heading.default\">\n\t\t\t\t<div class=\"elementor-widget-container\">\n\t\t\t\t\t<h1 class=\"elementor-heading-title elementor-size-default\">\u00d6GA MOT \u00d6GA MED ETT URTIDSDJUR<\/h1>\t\t\t\t<\/div>\n\t\t\t\t<\/div>\n\t\t\t\t<div class=\"elementor-element elementor-element-3fe568ff full-height-header-content-more elementor-widget elementor-widget-heading\" data-id=\"3fe568ff\" data-element_type=\"widget\" data-e-type=\"widget\" data-widget_type=\"heading.default\">\n\t\t\t\t<div class=\"elementor-widget-container\">\n\t\t\t\t\t<h3 class=\"elementor-heading-title elementor-size-default\">Boka guidning i myskoxh\u00e4gnet h\u00e4r<\/h3>\t\t\t\t<\/div>\n\t\t\t\t<\/div>\n\t\t\t\t<div class=\"elementor-element elementor-element-4ac892ea full-height-header-content-icon elementor-view-default elementor-widget elementor-widget-icon\" data-id=\"4ac892ea\" data-element_type=\"widget\" data-e-type=\"widget\" data-widget_type=\"icon.default\">\n\t\t\t\t<div class=\"elementor-widget-container\">\n\t\t\t\t\t\t\t<div class=\"elementor-icon-wrapper\">\n\t\t\t<div class=\"elementor-icon\">\n\t\t\t<i aria-hidden=\"true\" class=\"fas fa-chevron-down\"><\/i>\t\t\t<\/div>\n\t\t<\/div>\n\t\t\t\t\t\t<\/div>\n\t\t\t\t<\/div>\n\t\t\t\t\t<\/div>\n\t\t<\/div>\n\t\t\t\t\t<\/div>\n\t\t<\/section>\n\t\t\t\t\t<\/div>\n\t\t<\/div>\n\t\t\t\t\t<\/div>\n\t\t<\/section>\n\t\t\t\t<section class=\"elementor-section elementor-top-section elementor-element elementor-element-abe5620 elementor-standard-section elementor-section-boxed elementor-section-height-default elementor-section-height-default\" data-id=\"abe5620\" data-element_type=\"section\" data-e-type=\"section\" data-settings=\"{&quot;background_background&quot;:&quot;classic&quot;}\">\n\t\t\t\t\t\t<div class=\"elementor-container elementor-column-gap-default\">\n\t\t\t\t\t<div class=\"elementor-column elementor-col-100 elementor-top-column elementor-element elementor-element-af83ed9\" data-id=\"af83ed9\" data-element_type=\"column\" data-e-type=\"column\">\n\t\t\t<div class=\"elementor-widget-wrap elementor-element-populated\">\n\t\t\t\t\t\t<section class=\"elementor-section elementor-inner-section elementor-element elementor-element-2a811c5 elementor-section-boxed elementor-section-height-default elementor-section-height-default\" data-id=\"2a811c5\" data-element_type=\"section\" data-e-type=\"section\">\n\t\t\t\t\t\t<div class=\"elementor-container elementor-column-gap-default\">\n\t\t\t\t\t<div class=\"elementor-column elementor-col-100 elementor-inner-column elementor-element elementor-element-26aa854\" data-id=\"26aa854\" data-element_type=\"column\" data-e-type=\"column\">\n\t\t\t<div class=\"elementor-widget-wrap elementor-element-populated\">\n\t\t\t\t\t\t<div class=\"elementor-element elementor-element-a35c616 elementor-widget elementor-widget-heading\" data-id=\"a35c616\" data-element_type=\"widget\" data-e-type=\"widget\" data-widget_type=\"heading.default\">\n\t\t\t\t<div class=\"elementor-widget-container\">\n\t\t\t\t\t<h2 class=\"elementor-heading-title elementor-size-default\">Myskoxh\u00e4gnet \u2013 Tr\u00e4ffa ett urtidsdjur<\/h2>\t\t\t\t<\/div>\n\t\t\t\t<\/div>\n\t\t\t\t<div class=\"elementor-element elementor-element-9723371 elementor-widget elementor-widget-image\" data-id=\"9723371\" data-element_type=\"widget\" data-e-type=\"widget\" data-widget_type=\"image.default\">\n\t\t\t\t<div class=\"elementor-widget-container\">\n\t\t\t\t\t\t\t\t\t\t\t\t\t\t\t<img fetchpriority=\"high\" decoding=\"async\" width=\"1024\" height=\"456\" src=\"https:\/\/tannaskroket.se\/wp-content\/uploads\/2019\/01\/erbjudande_myskoxarna-1-1024x456.jpg\" class=\"attachment-large size-large wp-image-4640\" alt=\"\" srcset=\"https:\/\/tannaskroket.se\/wp-content\/uploads\/2019\/01\/erbjudande_myskoxarna-1-1024x456.jpg 1024w, https:\/\/tannaskroket.se\/wp-content\/uploads\/2019\/01\/erbjudande_myskoxarna-1-1536x684.jpg 1536w, https:\/\/tannaskroket.se\/wp-content\/uploads\/2019\/01\/erbjudande_myskoxarna-1-300x134.jpg 300w, https:\/\/tannaskroket.se\/wp-content\/uploads\/2019\/01\/erbjudande_myskoxarna-1-768x342.jpg 768w, https:\/\/tannaskroket.se\/wp-content\/uploads\/2019\/01\/erbjudande_myskoxarna-1.jpg 1908w\" sizes=\"(max-width: 1024px) 100vw, 1024px\" \/>\t\t\t\t\t\t\t\t\t\t\t\t\t\t\t<\/div>\n\t\t\t\t<\/div>\n\t\t\t\t\t<\/div>\n\t\t<\/div>\n\t\t\t\t\t<\/div>\n\t\t<\/section>\n\t\t\t\t<section class=\"elementor-section elementor-inner-section elementor-element elementor-element-e9cc29c elementor-section-boxed elementor-section-height-default elementor-section-height-default\" data-id=\"e9cc29c\" data-element_type=\"section\" data-e-type=\"section\">\n\t\t\t\t\t\t<div class=\"elementor-container elementor-column-gap-default\">\n\t\t\t\t\t<div class=\"elementor-column elementor-col-33 elementor-inner-column elementor-element elementor-element-02430f9\" data-id=\"02430f9\" data-element_type=\"column\" data-e-type=\"column\">\n\t\t\t<div class=\"elementor-widget-wrap elementor-element-populated\">\n\t\t\t\t\t\t<div class=\"elementor-element elementor-element-453000c infobox-large-text elementor-widget elementor-widget-heading\" data-id=\"453000c\" data-element_type=\"widget\" data-e-type=\"widget\" data-widget_type=\"heading.default\">\n\t\t\t\t<div class=\"elementor-widget-container\">\n\t\t\t\t\t<span class=\"elementor-heading-title elementor-size-default\">Guidning i det unika myskoxh\u00e4gnet i T\u00e4nn\u00e4s.<\/span>\t\t\t\t<\/div>\n\t\t\t\t<\/div>\n\t\t\t\t\t<\/div>\n\t\t<\/div>\n\t\t\t\t<div class=\"elementor-column elementor-col-33 elementor-inner-column elementor-element elementor-element-356f522\" data-id=\"356f522\" data-element_type=\"column\" data-e-type=\"column\">\n\t\t\t<div class=\"elementor-widget-wrap elementor-element-populated\">\n\t\t\t\t\t\t<div class=\"elementor-element elementor-element-27b3259 elementor-widget elementor-widget-text-editor\" data-id=\"27b3259\" data-element_type=\"widget\" data-e-type=\"widget\" data-widget_type=\"text-editor.default\">\n\t\t\t\t<div class=\"elementor-widget-container\">\n\t\t\t\t\t\t\t\t\t<div class=\"cb-column\"><p>H\u00e4r vistas myskoxar i sin naturliga milj\u00f6. Fr\u00e5n den h\u00f6ga rampen i visningsh\u00e4gnet har du m\u00f6jlighet att studera djuren. En entusiastisk och kunnig guide ber\u00e4ttar och informerar dig om myskoxarna.<\/p><p>Turen startar vid H\u00e4rjebrygg, Bygatan 37 i T\u00e4nn\u00e4s.<\/p><\/div>\t\t\t\t\t\t\t\t<\/div>\n\t\t\t\t<\/div>\n\t\t\t\t\t<\/div>\n\t\t<\/div>\n\t\t\t\t<div class=\"elementor-column elementor-col-33 elementor-inner-column elementor-element elementor-element-1b001ab\" data-id=\"1b001ab\" data-element_type=\"column\" data-e-type=\"column\">\n\t\t\t<div class=\"elementor-widget-wrap\">\n\t\t\t\t\t\t\t<\/div>\n\t\t<\/div>\n\t\t\t\t\t<\/div>\n\t\t<\/section>\n\t\t\t\t\t<\/div>\n\t\t<\/div>\n\t\t\t\t\t<\/div>\n\t\t<\/section>\n\t\t\t\t<\/div>\n\t\t","protected":false},"excerpt":{"rendered":"<p>\u00d6GA MOT \u00d6GA MED ETT URTIDSDJUR Boka guidning i myskoxh\u00e4gnet h\u00e4r Myskoxh\u00e4gnet \u2013 Tr\u00e4ffa ett urtidsdjur Guidning i det unika myskoxh\u00e4gnet i T\u00e4nn\u00e4s. H\u00e4r vistas myskoxar i sin naturliga milj\u00f6. Fr\u00e5n den h\u00f6ga rampen i visningsh\u00e4gnet har du m\u00f6jlighet att studera djuren. En entusiastisk och kunnig guide ber\u00e4ttar och informerar dig om myskoxarna. Turen startar [&hellip;]<\/p>\n","protected":false},"author":2,"featured_media":9948,"parent":1476,"menu_order":0,"comment_status":"closed","ping_status":"closed","template":"","meta":{"site-sidebar-layout":"no-sidebar","site-content-layout":"page-builder","ast-site-content-layout":"default","site-content-style":"default","site-sidebar-style":"default","ast-global-header-display":"","ast-banner-title-visibility":"","ast-main-header-display":"","ast-hfb-above-header-display":"","ast-hfb-below-header-display":"","ast-hfb-mobile-header-display":"","site-post-title":"disabled","ast-breadcrumbs-content":"","ast-featured-img":"disabled","footer-sml-layout":"","ast-disable-related-posts":"","theme-transparent-header-meta":"","adv-header-id-meta":"","stick-header-meta":"","header-above-stick-meta":"","header-main-stick-meta":"","header-below-stick-meta":"","astra-migrate-meta-layouts":"default","ast-page-background-enabled":"default","ast-page-background-meta":{"desktop":{"background-color":"var(--ast-global-color-4)","background-image":"","background-repeat":"repeat","background-position":"center center","background-size":"auto","background-attachment":"scroll","background-type":"","background-media":"","overlay-type":"","overlay-color":"","overlay-opacity":"","overlay-gradient":""},"tablet":{"background-color":"","background-image":"","background-repeat":"repeat","background-position":"center center","background-size":"auto","background-attachment":"scroll","background-type":"","background-media":"","overlay-type":"","overlay-color":"","overlay-opacity":"","overlay-gradient":""},"mobile":{"background-color":"","background-image":"","background-repeat":"repeat","background-position":"center center","background-size":"auto","background-attachment":"scroll","background-type":"","background-media":"","overlay-type":"","overlay-color":"","overlay-opacity":"","overlay-gradient":""}},"ast-content-background-meta":{"desktop":{"background-color":"var(--ast-global-color-5)","background-image":"","background-repeat":"repeat","background-position":"center center","background-size":"auto","background-attachment":"scroll","background-type":"","background-media":"","overlay-type":"","overlay-color":"","overlay-opacity":"","overlay-gradient":""},"tablet":{"background-color":"var(--ast-global-color-5)","background-image":"","background-repeat":"repeat","background-position":"center center","background-size":"auto","background-attachment":"scroll","background-type":"","background-media":"","overlay-type":"","overlay-color":"","overlay-opacity":"","overlay-gradient":""},"mobile":{"background-color":"var(--ast-global-color-5)","background-image":"","background-repeat":"repeat","background-position":"center center","background-size":"auto","background-attachment":"scroll","background-type":"","background-media":"","overlay-type":"","overlay-color":"","overlay-opacity":"","overlay-gradient":""}},"footnotes":""},"sidkategorier":[51,50],"class_list":["post-4629","page","type-page","status-publish","has-post-thumbnail","hentry","sidkategorier-sommar","sidkategorier-vinter"],"yoast_head":"<!-- This site is optimized with the Yoast SEO plugin v27.1.1 - https:\/\/yoast.com\/product\/yoast-seo-wordpress\/ -->\n<title>Myskoxar - Tr\u00e4ffa ett urtidsdjur - T\u00e4nn\u00e4skr\u00f6ket<\/title>\n<meta name=\"robots\" content=\"index, follow, max-snippet:-1, max-image-preview:large, max-video-preview:-1\" \/>\n<link rel=\"canonical\" href=\"https:\/\/tannaskroket.se\/de\/rund-um-das-jahr\/moschusochsen-in-den-funas-bergen\/\" \/>\n<meta property=\"og:locale\" content=\"de_DE\" \/>\n<meta property=\"og:type\" content=\"article\" \/>\n<meta property=\"og:title\" content=\"Myskoxar - Tr\u00e4ffa ett urtidsdjur - T\u00e4nn\u00e4skr\u00f6ket\" \/>\n<meta property=\"og:description\" content=\"\u00d6GA MOT \u00d6GA MED ETT URTIDSDJUR Boka guidning i myskoxh\u00e4gnet h\u00e4r Myskoxh\u00e4gnet \u2013 Tr\u00e4ffa ett urtidsdjur Guidning i det unika myskoxh\u00e4gnet i T\u00e4nn\u00e4s. H\u00e4r vistas myskoxar i sin naturliga milj\u00f6. Fr\u00e5n den h\u00f6ga rampen i visningsh\u00e4gnet har du m\u00f6jlighet att studera djuren. En entusiastisk och kunnig guide ber\u00e4ttar och informerar dig om myskoxarna. Turen startar [&hellip;]\" \/>\n<meta property=\"og:url\" content=\"https:\/\/tannaskroket.se\/de\/rund-um-das-jahr\/moschusochsen-in-den-funas-bergen\/\" \/>\n<meta property=\"og:site_name\" content=\"T\u00e4nn\u00e4skr\u00f6ket\" \/>\n<meta property=\"article:publisher\" content=\"https:\/\/www.facebook.com\/Tannaskroket\/\" \/>\n<meta property=\"article:modified_time\" content=\"2026-02-11T10:47:33+00:00\" \/>\n<meta property=\"og:image\" content=\"https:\/\/tannaskroket.se\/wp-content\/uploads\/2023\/04\/S43A2043-1-scaled.jpg\" \/>\n\t<meta property=\"og:image:width\" content=\"1920\" \/>\n\t<meta property=\"og:image:height\" content=\"2560\" \/>\n\t<meta property=\"og:image:type\" content=\"image\/jpeg\" \/>\n<meta name=\"twitter:card\" content=\"summary_large_image\" \/>\n<meta name=\"twitter:label1\" content=\"Gesch\u00e4tzte Lesezeit\" \/>\n\t<meta name=\"twitter:data1\" content=\"1\u00a0Minute\" \/>\n<script type=\"application\/ld+json\" class=\"yoast-schema-graph\">{\"@context\":\"https:\/\/schema.org\",\"@graph\":[{\"@type\":\"WebPage\",\"@id\":\"https:\/\/tannaskroket.se\/aret-runt\/myskoxar-i-funasfjallen\/\",\"url\":\"https:\/\/tannaskroket.se\/aret-runt\/myskoxar-i-funasfjallen\/\",\"name\":\"Myskoxar - Tr\u00e4ffa ett urtidsdjur - T\u00e4nn\u00e4skr\u00f6ket\",\"isPartOf\":{\"@id\":\"https:\/\/tannaskroket.se\/#website\"},\"primaryImageOfPage\":{\"@id\":\"https:\/\/tannaskroket.se\/aret-runt\/myskoxar-i-funasfjallen\/#primaryimage\"},\"image\":{\"@id\":\"https:\/\/tannaskroket.se\/aret-runt\/myskoxar-i-funasfjallen\/#primaryimage\"},\"thumbnailUrl\":\"https:\/\/tannaskroket.se\/wp-content\/uploads\/2023\/04\/S43A2043-1-scaled.jpg\",\"datePublished\":\"2023-01-24T10:02:28+00:00\",\"dateModified\":\"2026-02-11T10:47:33+00:00\",\"breadcrumb\":{\"@id\":\"https:\/\/tannaskroket.se\/aret-runt\/myskoxar-i-funasfjallen\/#breadcrumb\"},\"inLanguage\":\"de\",\"potentialAction\":[{\"@type\":\"ReadAction\",\"target\":[\"https:\/\/tannaskroket.se\/aret-runt\/myskoxar-i-funasfjallen\/\"]}]},{\"@type\":\"ImageObject\",\"inLanguage\":\"de\",\"@id\":\"https:\/\/tannaskroket.se\/aret-runt\/myskoxar-i-funasfjallen\/#primaryimage\",\"url\":\"https:\/\/tannaskroket.se\/wp-content\/uploads\/2023\/04\/S43A2043-1-scaled.jpg\",\"contentUrl\":\"https:\/\/tannaskroket.se\/wp-content\/uploads\/2023\/04\/S43A2043-1-scaled.jpg\",\"width\":1920,\"height\":2560,\"caption\":\"Myskoxe i T\u00e4nn\u00e4s\"},{\"@type\":\"BreadcrumbList\",\"@id\":\"https:\/\/tannaskroket.se\/aret-runt\/myskoxar-i-funasfjallen\/#breadcrumb\",\"itemListElement\":[{\"@type\":\"ListItem\",\"position\":1,\"name\":\"Home\",\"item\":\"https:\/\/tannaskroket.se\/\"},{\"@type\":\"ListItem\",\"position\":2,\"name\":\"\u00c5ret runt\",\"item\":\"https:\/\/tannaskroket.se\/?page_id=1476\"},{\"@type\":\"ListItem\",\"position\":3,\"name\":\"Myskoxar &#8211; Tr\u00e4ffa ett urtidsdjur\"}]},{\"@type\":\"WebSite\",\"@id\":\"https:\/\/tannaskroket.se\/#website\",\"url\":\"https:\/\/tannaskroket.se\/\",\"name\":\"T\u00e4nn\u00e4skr\u00f6ket\",\"description\":\"Ett eget st\u00e4lle i fj\u00e4llen\",\"publisher\":{\"@id\":\"https:\/\/tannaskroket.se\/#organization\"},\"potentialAction\":[{\"@type\":\"SearchAction\",\"target\":{\"@type\":\"EntryPoint\",\"urlTemplate\":\"https:\/\/tannaskroket.se\/?s={search_term_string}\"},\"query-input\":{\"@type\":\"PropertyValueSpecification\",\"valueRequired\":true,\"valueName\":\"search_term_string\"}}],\"inLanguage\":\"de\"},{\"@type\":\"Organization\",\"@id\":\"https:\/\/tannaskroket.se\/#organization\",\"name\":\"T\u00e4nn\u00e4skr\u00f6ket\",\"url\":\"https:\/\/tannaskroket.se\/\",\"logo\":{\"@type\":\"ImageObject\",\"inLanguage\":\"de\",\"@id\":\"https:\/\/tannaskroket.se\/#\/schema\/logo\/image\/\",\"url\":\"https:\/\/tannaskroket.se\/wp-content\/uploads\/2022\/10\/tk_logo_100_s2.png\",\"contentUrl\":\"https:\/\/tannaskroket.se\/wp-content\/uploads\/2022\/10\/tk_logo_100_s2.png\",\"width\":100,\"height\":100,\"caption\":\"T\u00e4nn\u00e4skr\u00f6ket\"},\"image\":{\"@id\":\"https:\/\/tannaskroket.se\/#\/schema\/logo\/image\/\"},\"sameAs\":[\"https:\/\/www.facebook.com\/Tannaskroket\/\",\"https:\/\/www.instagram.com\/tannaskroket\/\"]}]}<\/script>\n<!-- \/ Yoast SEO plugin. -->","yoast_head_json":{"title":"Moschusochsen - Begegnung mit einem uralten Tier - T\u00e4nn\u00e4skr\u00f6ket","robots":{"index":"index","follow":"follow","max-snippet":"max-snippet:-1","max-image-preview":"max-image-preview:large","max-video-preview":"max-video-preview:-1"},"canonical":"https:\/\/tannaskroket.se\/de\/rund-um-das-jahr\/moschusochsen-in-den-funas-bergen\/","og_locale":"de_DE","og_type":"article","og_title":"Myskoxar - Tr\u00e4ffa ett urtidsdjur - T\u00e4nn\u00e4skr\u00f6ket","og_description":"\u00d6GA MOT \u00d6GA MED ETT URTIDSDJUR Boka guidning i myskoxh\u00e4gnet h\u00e4r Myskoxh\u00e4gnet \u2013 Tr\u00e4ffa ett urtidsdjur Guidning i det unika myskoxh\u00e4gnet i T\u00e4nn\u00e4s. H\u00e4r vistas myskoxar i sin naturliga milj\u00f6. Fr\u00e5n den h\u00f6ga rampen i visningsh\u00e4gnet har du m\u00f6jlighet att studera djuren. En entusiastisk och kunnig guide ber\u00e4ttar och informerar dig om myskoxarna. Turen startar [&hellip;]","og_url":"https:\/\/tannaskroket.se\/de\/rund-um-das-jahr\/moschusochsen-in-den-funas-bergen\/","og_site_name":"T\u00e4nn\u00e4skr\u00f6ket","article_publisher":"https:\/\/www.facebook.com\/Tannaskroket\/","article_modified_time":"2026-02-11T10:47:33+00:00","og_image":[{"width":1920,"height":2560,"url":"https:\/\/tannaskroket.se\/wp-content\/uploads\/2023\/04\/S43A2043-1-scaled.jpg","type":"image\/jpeg"}],"twitter_card":"summary_large_image","twitter_misc":{"Gesch\u00e4tzte Lesezeit":"1\u00a0Minute"},"schema":{"@context":"https:\/\/schema.org","@graph":[{"@type":"WebPage","@id":"https:\/\/tannaskroket.se\/aret-runt\/myskoxar-i-funasfjallen\/","url":"https:\/\/tannaskroket.se\/aret-runt\/myskoxar-i-funasfjallen\/","name":"Moschusochsen - Begegnung mit einem uralten Tier - T\u00e4nn\u00e4skr\u00f6ket","isPartOf":{"@id":"https:\/\/tannaskroket.se\/#website"},"primaryImageOfPage":{"@id":"https:\/\/tannaskroket.se\/aret-runt\/myskoxar-i-funasfjallen\/#primaryimage"},"image":{"@id":"https:\/\/tannaskroket.se\/aret-runt\/myskoxar-i-funasfjallen\/#primaryimage"},"thumbnailUrl":"https:\/\/tannaskroket.se\/wp-content\/uploads\/2023\/04\/S43A2043-1-scaled.jpg","datePublished":"2023-01-24T10:02:28+00:00","dateModified":"2026-02-11T10:47:33+00:00","breadcrumb":{"@id":"https:\/\/tannaskroket.se\/aret-runt\/myskoxar-i-funasfjallen\/#breadcrumb"},"inLanguage":"de","potentialAction":[{"@type":"ReadAction","target":["https:\/\/tannaskroket.se\/aret-runt\/myskoxar-i-funasfjallen\/"]}]},{"@type":"ImageObject","inLanguage":"de","@id":"https:\/\/tannaskroket.se\/aret-runt\/myskoxar-i-funasfjallen\/#primaryimage","url":"https:\/\/tannaskroket.se\/wp-content\/uploads\/2023\/04\/S43A2043-1-scaled.jpg","contentUrl":"https:\/\/tannaskroket.se\/wp-content\/uploads\/2023\/04\/S43A2043-1-scaled.jpg","width":1920,"height":2560,"caption":"Myskoxe i T\u00e4nn\u00e4s"},{"@type":"BreadcrumbList","@id":"https:\/\/tannaskroket.se\/aret-runt\/myskoxar-i-funasfjallen\/#breadcrumb","itemListElement":[{"@type":"ListItem","position":1,"name":"Home","item":"https:\/\/tannaskroket.se\/"},{"@type":"ListItem","position":2,"name":"\u00c5ret runt","item":"https:\/\/tannaskroket.se\/?page_id=1476"},{"@type":"ListItem","position":3,"name":"Myskoxar &#8211; Tr\u00e4ffa ett urtidsdjur"}]},{"@type":"WebSite","@id":"https:\/\/tannaskroket.se\/#website","url":"https:\/\/tannaskroket.se\/","name":"T\u00e4nn\u00e4skr\u00f6ket","description":"Ein eigener Platz in den Bergen","publisher":{"@id":"https:\/\/tannaskroket.se\/#organization"},"potentialAction":[{"@type":"SearchAction","target":{"@type":"EntryPoint","urlTemplate":"https:\/\/tannaskroket.se\/?s={search_term_string}"},"query-input":{"@type":"PropertyValueSpecification","valueRequired":true,"valueName":"search_term_string"}}],"inLanguage":"de"},{"@type":"Organization","@id":"https:\/\/tannaskroket.se\/#organization","name":"T\u00e4nn\u00e4skr\u00f6ket","url":"https:\/\/tannaskroket.se\/","logo":{"@type":"ImageObject","inLanguage":"de","@id":"https:\/\/tannaskroket.se\/#\/schema\/logo\/image\/","url":"https:\/\/tannaskroket.se\/wp-content\/uploads\/2022\/10\/tk_logo_100_s2.png","contentUrl":"https:\/\/tannaskroket.se\/wp-content\/uploads\/2022\/10\/tk_logo_100_s2.png","width":100,"height":100,"caption":"T\u00e4nn\u00e4skr\u00f6ket"},"image":{"@id":"https:\/\/tannaskroket.se\/#\/schema\/logo\/image\/"},"sameAs":["https:\/\/www.facebook.com\/Tannaskroket\/","https:\/\/www.instagram.com\/tannaskroket\/"]}]}},"_links":{"self":[{"href":"https:\/\/tannaskroket.se\/de\/wp-json\/wp\/v2\/pages\/4629","targetHints":{"allow":["GET"]}}],"collection":[{"href":"https:\/\/tannaskroket.se\/de\/wp-json\/wp\/v2\/pages"}],"about":[{"href":"https:\/\/tannaskroket.se\/de\/wp-json\/wp\/v2\/types\/page"}],"author":[{"embeddable":true,"href":"https:\/\/tannaskroket.se\/de\/wp-json\/wp\/v2\/users\/2"}],"replies":[{"embeddable":true,"href":"https:\/\/tannaskroket.se\/de\/wp-json\/wp\/v2\/comments?post=4629"}],"version-history":[{"count":10,"href":"https:\/\/tannaskroket.se\/de\/wp-json\/wp\/v2\/pages\/4629\/revisions"}],"predecessor-version":[{"id":13636,"href":"https:\/\/tannaskroket.se\/de\/wp-json\/wp\/v2\/pages\/4629\/revisions\/13636"}],"up":[{"embeddable":true,"href":"https:\/\/tannaskroket.se\/de\/wp-json\/wp\/v2\/pages\/1476"}],"wp:featuredmedia":[{"embeddable":true,"href":"https:\/\/tannaskroket.se\/de\/wp-json\/wp\/v2\/media\/9948"}],"wp:attachment":[{"href":"https:\/\/tannaskroket.se\/de\/wp-json\/wp\/v2\/media?parent=4629"}],"wp:term":[{"taxonomy":"sidkategorier","embeddable":true,"href":"https:\/\/tannaskroket.se\/de\/wp-json\/wp\/v2\/sidkategorier?post=4629"}],"curies":[{"name":"wp","href":"https:\/\/api.w.org\/{rel}","templated":true}]}}