{"id":6170,"date":"2021-05-05T15:40:08","date_gmt":"2021-05-05T13:40:08","guid":{"rendered":"https:\/\/dev.tannaskroket.se\/?page_id=6170"},"modified":"2026-01-20T14:05:31","modified_gmt":"2026-01-20T13:05:31","slug":"eine-nacht-im-k2","status":"publish","type":"page","link":"https:\/\/tannaskroket.se\/de\/sommar\/en-natt-pa-k2\/","title":{"rendered":"Eine Nacht auf dem K2"},"content":{"rendered":"\t\t<div data-elementor-type=\"wp-page\" data-elementor-id=\"6170\" class=\"elementor elementor-6170\" data-elementor-post-type=\"page\">\n\t\t\t\t\t\t<section class=\"elementor-section elementor-top-section elementor-element elementor-element-e770155 elementor-section-height-min-height full-height-header elementor-section-boxed elementor-section-height-default elementor-section-items-middle\" data-id=\"e770155\" data-element_type=\"section\" data-e-type=\"section\" data-settings=\"{&quot;background_background&quot;:&quot;classic&quot;,&quot;sticky&quot;:&quot;top&quot;,&quot;sticky_offset&quot;:95,&quot;sticky_on&quot;:[&quot;desktop&quot;,&quot;tablet&quot;,&quot;mobile&quot;],&quot;sticky_effects_offset&quot;:0,&quot;sticky_anchor_link_offset&quot;:0}\">\n\t\t\t\t\t\t<div class=\"elementor-container elementor-column-gap-default\">\n\t\t\t\t\t<div class=\"elementor-column elementor-col-100 elementor-top-column elementor-element elementor-element-748843a\" data-id=\"748843a\" data-element_type=\"column\" data-e-type=\"column\">\n\t\t\t<div class=\"elementor-widget-wrap elementor-element-populated\">\n\t\t\t\t\t\t<section class=\"elementor-section elementor-inner-section elementor-element elementor-element-6c06aff full-height-header-content elementor-section-boxed elementor-section-height-default elementor-section-height-default\" data-id=\"6c06aff\" data-element_type=\"section\" data-e-type=\"section\" data-settings=\"{&quot;background_background&quot;:&quot;classic&quot;}\">\n\t\t\t\t\t\t<div class=\"elementor-container elementor-column-gap-default\">\n\t\t\t\t\t<div class=\"elementor-column elementor-col-100 elementor-inner-column elementor-element elementor-element-fc04ffc\" data-id=\"fc04ffc\" data-element_type=\"column\" data-e-type=\"column\">\n\t\t\t<div class=\"elementor-widget-wrap elementor-element-populated\">\n\t\t\t\t\t\t<div class=\"elementor-element elementor-element-e01baae full-height-header-content-h1 elementor-widget elementor-widget-heading\" data-id=\"e01baae\" data-element_type=\"widget\" data-e-type=\"widget\" data-widget_type=\"heading.default\">\n\t\t\t\t<div class=\"elementor-widget-container\">\n\t\t\t\t\t<h1 class=\"elementor-heading-title elementor-size-default\">VAKNA P\u00c5 EN FJ\u00c4LLTOPP MED UTSIKT \u00d6VER FUN\u00c4SFJ\u00c4LLEN<\/h1>\t\t\t\t<\/div>\n\t\t\t\t<\/div>\n\t\t\t\t<div class=\"elementor-element elementor-element-d712c89 full-height-header-content-more elementor-widget elementor-widget-heading\" data-id=\"d712c89\" data-element_type=\"widget\" data-e-type=\"widget\" data-widget_type=\"heading.default\">\n\t\t\t\t<div class=\"elementor-widget-container\">\n\t\t\t\t\t<h3 class=\"elementor-heading-title elementor-size-default\">L\u00e4s mer<\/h3>\t\t\t\t<\/div>\n\t\t\t\t<\/div>\n\t\t\t\t<div class=\"elementor-element elementor-element-f28e5cb full-height-header-content-icon elementor-view-default elementor-widget elementor-widget-icon\" data-id=\"f28e5cb\" data-element_type=\"widget\" data-e-type=\"widget\" data-widget_type=\"icon.default\">\n\t\t\t\t<div class=\"elementor-widget-container\">\n\t\t\t\t\t\t\t<div class=\"elementor-icon-wrapper\">\n\t\t\t<div class=\"elementor-icon\">\n\t\t\t<i aria-hidden=\"true\" class=\"fas fa-chevron-down\"><\/i>\t\t\t<\/div>\n\t\t<\/div>\n\t\t\t\t\t\t<\/div>\n\t\t\t\t<\/div>\n\t\t\t\t\t<\/div>\n\t\t<\/div>\n\t\t\t\t\t<\/div>\n\t\t<\/section>\n\t\t\t\t\t<\/div>\n\t\t<\/div>\n\t\t\t\t\t<\/div>\n\t\t<\/section>\n\t\t\t\t<section class=\"elementor-section elementor-top-section elementor-element elementor-element-4ee516d elementor-standard-section elementor-section-boxed elementor-section-height-default elementor-section-height-default\" data-id=\"4ee516d\" data-element_type=\"section\" data-e-type=\"section\" data-settings=\"{&quot;background_background&quot;:&quot;classic&quot;}\">\n\t\t\t\t\t\t<div class=\"elementor-container elementor-column-gap-default\">\n\t\t\t\t\t<div class=\"elementor-column elementor-col-100 elementor-top-column elementor-element elementor-element-4ae7d0b\" data-id=\"4ae7d0b\" data-element_type=\"column\" data-e-type=\"column\">\n\t\t\t<div class=\"elementor-widget-wrap elementor-element-populated\">\n\t\t\t\t\t\t<section class=\"elementor-section elementor-inner-section elementor-element elementor-element-b89e5d7 elementor-section-boxed elementor-section-height-default elementor-section-height-default\" data-id=\"b89e5d7\" data-element_type=\"section\" data-e-type=\"section\">\n\t\t\t\t\t\t<div class=\"elementor-container elementor-column-gap-default\">\n\t\t\t\t\t<div class=\"elementor-column elementor-col-100 elementor-inner-column elementor-element elementor-element-47f3776\" data-id=\"47f3776\" data-element_type=\"column\" data-e-type=\"column\">\n\t\t\t<div class=\"elementor-widget-wrap elementor-element-populated\">\n\t\t\t\t\t\t<div class=\"elementor-element elementor-element-a4f90cb elementor-widget elementor-widget-heading\" data-id=\"a4f90cb\" data-element_type=\"widget\" data-e-type=\"widget\" data-widget_type=\"heading.default\">\n\t\t\t\t<div class=\"elementor-widget-container\">\n\t\t\t\t\t<h2 class=\"elementor-heading-title elementor-size-default\">En natt p\u00e5 K2<\/h2>\t\t\t\t<\/div>\n\t\t\t\t<\/div>\n\t\t\t\t<div class=\"elementor-element elementor-element-28e5d80 elementor-widget elementor-widget-image\" data-id=\"28e5d80\" data-element_type=\"widget\" data-e-type=\"widget\" data-widget_type=\"image.default\">\n\t\t\t\t<div class=\"elementor-widget-container\">\n\t\t\t\t\t\t\t\t\t\t\t\t\t\t\t<img fetchpriority=\"high\" decoding=\"async\" width=\"916\" height=\"408\" src=\"https:\/\/tannaskroket.se\/wp-content\/uploads\/2022\/10\/k2talt44-916x408-1.jpg\" class=\"attachment-large size-large wp-image-7853\" alt=\"\" srcset=\"https:\/\/tannaskroket.se\/wp-content\/uploads\/2022\/10\/k2talt44-916x408-1.jpg 916w, https:\/\/tannaskroket.se\/wp-content\/uploads\/2022\/10\/k2talt44-916x408-1-300x134.jpg 300w, https:\/\/tannaskroket.se\/wp-content\/uploads\/2022\/10\/k2talt44-916x408-1-768x342.jpg 768w, https:\/\/tannaskroket.se\/wp-content\/uploads\/2022\/10\/k2talt44-916x408-1-18x8.jpg 18w\" sizes=\"(max-width: 916px) 100vw, 916px\" \/>\t\t\t\t\t\t\t\t\t\t\t\t\t\t\t<\/div>\n\t\t\t\t<\/div>\n\t\t\t\t\t<\/div>\n\t\t<\/div>\n\t\t\t\t\t<\/div>\n\t\t<\/section>\n\t\t\t\t<section class=\"elementor-section elementor-inner-section elementor-element elementor-element-4c25ed5 elementor-section-boxed elementor-section-height-default elementor-section-height-default\" data-id=\"4c25ed5\" data-element_type=\"section\" data-e-type=\"section\">\n\t\t\t\t\t\t<div class=\"elementor-container elementor-column-gap-default\">\n\t\t\t\t\t<div class=\"elementor-column elementor-col-33 elementor-inner-column elementor-element elementor-element-67bf731\" data-id=\"67bf731\" data-element_type=\"column\" data-e-type=\"column\">\n\t\t\t<div class=\"elementor-widget-wrap elementor-element-populated\">\n\t\t\t\t\t\t<div class=\"elementor-element elementor-element-3f29d87 elementor-widget elementor-widget-text-editor\" data-id=\"3f29d87\" data-element_type=\"widget\" data-e-type=\"widget\" data-widget_type=\"text-editor.default\">\n\t\t\t\t<div class=\"elementor-widget-container\">\n\t\t\t\t\t\t\t\t\t<h3>Hyr ett t\u00e4lt och upplev en natt p\u00e5 fj\u00e4llet.<\/h3><p>Vill du bryta av din vistelse med en t\u00e4lt natt s\u00e5 kan ni enkelt hyra t\u00e4lt och liggunderlag hos oss.<\/p><h3>K2 \u2013 V\u00e5rt fina utsiktsberg.<\/h3><p>H\u00e4r brukar man se ripa och ren som \u00e4r v\u00e5ra v\u00e4nner i naturen.<\/p><p>N\u00e4r ni slagit upp t\u00e4ltet och fortfarande har n\u00e5gra extra steg i benen kan ni bes\u00f6ka v\u00e5rat andra berg K1. H\u00e4r har ni chans att bestiga tv\u00e5 berg under samma tur. F\u00f6lj markerad led mot K1. V\u00e4l uppe har du en storslagen 360 graders utsikt \u00f6ver hela Fun\u00e4sfj\u00e4llen och Sonfj\u00e4llet.<\/p><p>N\u00e4r ni kommer tillbaka efter toppturen s\u00e5 passa p\u00e5 att ta ett dopp i v\u00e5r tj\u00e4rn eller hyr v\u00e5r bastuk\u00e5ta. En helt perfekt avslutning p\u00e5 en t\u00e4lttur.<\/p>\t\t\t\t\t\t\t\t<\/div>\n\t\t\t\t<\/div>\n\t\t\t\t\t<\/div>\n\t\t<\/div>\n\t\t\t\t<div class=\"elementor-column elementor-col-33 elementor-inner-column elementor-element elementor-element-60d6870\" data-id=\"60d6870\" data-element_type=\"column\" data-e-type=\"column\">\n\t\t\t<div class=\"elementor-widget-wrap elementor-element-populated\">\n\t\t\t\t\t\t<div class=\"elementor-element elementor-element-698a6f1 elementor-widget elementor-widget-text-editor\" data-id=\"698a6f1\" data-element_type=\"widget\" data-e-type=\"widget\" data-widget_type=\"text-editor.default\">\n\t\t\t\t<div class=\"elementor-widget-container\">\n\t\t\t\t\t\t\t\t\t<h3>Packlista f\u00f6r en lyckad natt p\u00e5 fj\u00e4llet<\/h3><p>F\u00f6r att f\u00e5 ut det mesta av en natt p\u00e5 fj\u00e4llet s\u00e5 \u00e4r r\u00e4tt packning en f\u00f6ruts\u00e4ttning. T\u00e4nk igenom noga vad ni vill ha med er. H\u00e4r kommer n\u00e5gra f\u00f6rslag p\u00e5 bra grejer att ha med sig!<\/p><ul><li>T\u00e4lt &amp; liggunderlag (finns att hyra)<\/li><li>Sovs\u00e4ck<\/li><li>Mats\u00e4ck<\/li><li>Stormk\u00f6k (finns att hyra)<\/li><li>T\u00e4ndstickor<\/li><li>Vatten<\/li><li>Ficklampa<\/li><li>Bra bok<\/li><li>Kl\u00e4der efter v\u00e4der<\/li><\/ul><p>Ha en god tur!<\/p>\t\t\t\t\t\t\t\t<\/div>\n\t\t\t\t<\/div>\n\t\t\t\t\t<\/div>\n\t\t<\/div>\n\t\t\t\t<div class=\"elementor-column elementor-col-33 elementor-inner-column elementor-element elementor-element-67b614d\" data-id=\"67b614d\" data-element_type=\"column\" data-e-type=\"column\">\n\t\t\t<div class=\"elementor-widget-wrap elementor-element-populated\">\n\t\t\t\t\t\t<div class=\"elementor-element elementor-element-2b360e1 elementor-arrows-position-inside elementor-pagination-position-outside elementor-widget elementor-widget-image-carousel\" data-id=\"2b360e1\" data-element_type=\"widget\" data-e-type=\"widget\" data-settings=\"{&quot;slides_to_show&quot;:&quot;1&quot;,&quot;navigation&quot;:&quot;both&quot;,&quot;autoplay&quot;:&quot;yes&quot;,&quot;pause_on_hover&quot;:&quot;yes&quot;,&quot;pause_on_interaction&quot;:&quot;yes&quot;,&quot;autoplay_speed&quot;:5000,&quot;infinite&quot;:&quot;yes&quot;,&quot;effect&quot;:&quot;slide&quot;,&quot;speed&quot;:500}\" data-widget_type=\"image-carousel.default\">\n\t\t\t\t<div class=\"elementor-widget-container\">\n\t\t\t\t\t\t\t<div class=\"elementor-image-carousel-wrapper swiper\" role=\"region\" aria-roledescription=\"carousel\" aria-label=\"Bildkarusell\" dir=\"ltr\">\n\t\t\t<div class=\"elementor-image-carousel swiper-wrapper\" aria-live=\"off\">\n\t\t\t\t\t\t\t\t<div class=\"swiper-slide\" role=\"group\" aria-roledescription=\"slide\" aria-label=\"1 von 5\"><figure class=\"swiper-slide-inner\"><img decoding=\"async\" class=\"swiper-slide-image\" src=\"https:\/\/tannaskroket.se\/wp-content\/uploads\/2024\/06\/k2talt7-683x1024.jpg\" alt=\"Utsikt sommar i fj\u00e4llen med familjen\" \/><\/figure><\/div><div class=\"swiper-slide\" role=\"group\" aria-roledescription=\"slide\" aria-label=\"2 von 5\"><figure class=\"swiper-slide-inner\"><img decoding=\"async\" class=\"swiper-slide-image\" src=\"https:\/\/tannaskroket.se\/wp-content\/uploads\/2023\/05\/k2talt12_edit-805x1024.jpg\" alt=\"Med familjen i T\u00e4nn\u00e4skr\u00f6ket\" \/><\/figure><\/div><div class=\"swiper-slide\" role=\"group\" aria-roledescription=\"slide\" aria-label=\"3 von 5\"><figure class=\"swiper-slide-inner\"><img decoding=\"async\" class=\"swiper-slide-image\" src=\"https:\/\/tannaskroket.se\/wp-content\/uploads\/2023\/05\/sater30-683x1024.jpg\" alt=\"Fj\u00e4llvatten p\u00e5 vandringen\" \/><\/figure><\/div><div class=\"swiper-slide\" role=\"group\" aria-roledescription=\"slide\" aria-label=\"4 von 5\"><figure class=\"swiper-slide-inner\"><img decoding=\"async\" class=\"swiper-slide-image\" src=\"https:\/\/tannaskroket.se\/wp-content\/uploads\/2021\/05\/k2talt44-683x1024.jpg\" alt=\"k2talt44\" \/><\/figure><\/div><div class=\"swiper-slide\" role=\"group\" aria-roledescription=\"slide\" aria-label=\"5 von 5\"><figure class=\"swiper-slide-inner\"><img decoding=\"async\" class=\"swiper-slide-image\" src=\"https:\/\/tannaskroket.se\/wp-content\/uploads\/2021\/05\/k2talt34-683x1024.jpg\" alt=\"k2talt34\" \/><\/figure><\/div>\t\t\t<\/div>\n\t\t\t\t\t\t\t\t\t\t\t\t<div class=\"elementor-swiper-button elementor-swiper-button-prev\" role=\"button\" tabindex=\"0\">\n\t\t\t\t\t\t<i aria-hidden=\"true\" class=\"eicon-chevron-left\"><\/i>\t\t\t\t\t<\/div>\n\t\t\t\t\t<div class=\"elementor-swiper-button elementor-swiper-button-next\" role=\"button\" tabindex=\"0\">\n\t\t\t\t\t\t<i aria-hidden=\"true\" class=\"eicon-chevron-right\"><\/i>\t\t\t\t\t<\/div>\n\t\t\t\t\n\t\t\t\t\t\t\t\t\t<div class=\"swiper-pagination\"><\/div>\n\t\t\t\t\t\t\t\t\t<\/div>\n\t\t\t\t\t\t<\/div>\n\t\t\t\t<\/div>\n\t\t\t\t\t<\/div>\n\t\t<\/div>\n\t\t\t\t\t<\/div>\n\t\t<\/section>\n\t\t\t\t\t<\/div>\n\t\t<\/div>\n\t\t\t\t\t<\/div>\n\t\t<\/section>\n\t\t\t\t<\/div>\n\t\t","protected":false},"excerpt":{"rendered":"<p>VAKNA P\u00c5 EN FJ\u00c4LLTOPP MED UTSIKT \u00d6VER FUN\u00c4SFJ\u00c4LLEN L\u00e4s mer En natt p\u00e5 K2 Hyr ett t\u00e4lt och upplev en natt p\u00e5 fj\u00e4llet. Vill du bryta av din vistelse med en t\u00e4lt natt s\u00e5 kan ni enkelt hyra t\u00e4lt och liggunderlag hos oss. K2 \u2013 V\u00e5rt fina utsiktsberg. H\u00e4r brukar man se ripa och ren [&hellip;]<\/p>\n","protected":false},"author":2,"featured_media":6171,"parent":1468,"menu_order":0,"comment_status":"closed","ping_status":"closed","template":"","meta":{"site-sidebar-layout":"no-sidebar","site-content-layout":"page-builder","ast-site-content-layout":"default","site-content-style":"default","site-sidebar-style":"default","ast-global-header-display":"","ast-banner-title-visibility":"","ast-main-header-display":"","ast-hfb-above-header-display":"","ast-hfb-below-header-display":"","ast-hfb-mobile-header-display":"","site-post-title":"disabled","ast-breadcrumbs-content":"","ast-featured-img":"disabled","footer-sml-layout":"","ast-disable-related-posts":"","theme-transparent-header-meta":"","adv-header-id-meta":"","stick-header-meta":"","header-above-stick-meta":"","header-main-stick-meta":"","header-below-stick-meta":"","astra-migrate-meta-layouts":"default","ast-page-background-enabled":"default","ast-page-background-meta":{"desktop":{"background-color":"var(--ast-global-color-4)","background-image":"","background-repeat":"repeat","background-position":"center center","background-size":"auto","background-attachment":"scroll","background-type":"","background-media":"","overlay-type":"","overlay-color":"","overlay-opacity":"","overlay-gradient":""},"tablet":{"background-color":"","background-image":"","background-repeat":"repeat","background-position":"center center","background-size":"auto","background-attachment":"scroll","background-type":"","background-media":"","overlay-type":"","overlay-color":"","overlay-opacity":"","overlay-gradient":""},"mobile":{"background-color":"","background-image":"","background-repeat":"repeat","background-position":"center center","background-size":"auto","background-attachment":"scroll","background-type":"","background-media":"","overlay-type":"","overlay-color":"","overlay-opacity":"","overlay-gradient":""}},"ast-content-background-meta":{"desktop":{"background-color":"var(--ast-global-color-5)","background-image":"","background-repeat":"repeat","background-position":"center center","background-size":"auto","background-attachment":"scroll","background-type":"","background-media":"","overlay-type":"","overlay-color":"","overlay-opacity":"","overlay-gradient":""},"tablet":{"background-color":"var(--ast-global-color-5)","background-image":"","background-repeat":"repeat","background-position":"center center","background-size":"auto","background-attachment":"scroll","background-type":"","background-media":"","overlay-type":"","overlay-color":"","overlay-opacity":"","overlay-gradient":""},"mobile":{"background-color":"var(--ast-global-color-5)","background-image":"","background-repeat":"repeat","background-position":"center center","background-size":"auto","background-attachment":"scroll","background-type":"","background-media":"","overlay-type":"","overlay-color":"","overlay-opacity":"","overlay-gradient":""}},"footnotes":""},"sidkategorier":[51],"class_list":["post-6170","page","type-page","status-publish","has-post-thumbnail","hentry","sidkategorier-sommar"],"yoast_head":"<!-- This site is optimized with the Yoast SEO plugin v27.1.1 - https:\/\/yoast.com\/product\/yoast-seo-wordpress\/ -->\n<title>En natt p\u00e5 K2 - T\u00e4nn\u00e4skr\u00f6ket<\/title>\n<meta name=\"robots\" content=\"index, follow, max-snippet:-1, max-image-preview:large, max-video-preview:-1\" \/>\n<link rel=\"canonical\" href=\"https:\/\/tannaskroket.se\/de\/sommer\/eine-nacht-im-k2\/\" \/>\n<meta property=\"og:locale\" content=\"de_DE\" \/>\n<meta property=\"og:type\" content=\"article\" \/>\n<meta property=\"og:title\" content=\"En natt p\u00e5 K2 - T\u00e4nn\u00e4skr\u00f6ket\" \/>\n<meta property=\"og:description\" content=\"VAKNA P\u00c5 EN FJ\u00c4LLTOPP MED UTSIKT \u00d6VER FUN\u00c4SFJ\u00c4LLEN L\u00e4s mer En natt p\u00e5 K2 Hyr ett t\u00e4lt och upplev en natt p\u00e5 fj\u00e4llet. Vill du bryta av din vistelse med en t\u00e4lt natt s\u00e5 kan ni enkelt hyra t\u00e4lt och liggunderlag hos oss. K2 \u2013 V\u00e5rt fina utsiktsberg. H\u00e4r brukar man se ripa och ren [&hellip;]\" \/>\n<meta property=\"og:url\" content=\"https:\/\/tannaskroket.se\/de\/sommer\/eine-nacht-im-k2\/\" \/>\n<meta property=\"og:site_name\" content=\"T\u00e4nn\u00e4skr\u00f6ket\" \/>\n<meta property=\"article:publisher\" content=\"https:\/\/www.facebook.com\/Tannaskroket\/\" \/>\n<meta property=\"article:modified_time\" content=\"2026-01-20T13:05:31+00:00\" \/>\n<meta property=\"og:image\" content=\"https:\/\/tannaskroket.se\/wp-content\/uploads\/2021\/05\/hemkroket20-scaled.jpg\" \/>\n\t<meta property=\"og:image:width\" content=\"5890\" \/>\n\t<meta property=\"og:image:height\" content=\"3927\" \/>\n\t<meta property=\"og:image:type\" content=\"image\/jpeg\" \/>\n<meta name=\"twitter:card\" content=\"summary_large_image\" \/>\n<meta name=\"twitter:label1\" content=\"Gesch\u00e4tzte Lesezeit\" \/>\n\t<meta name=\"twitter:data1\" content=\"1\u00a0Minute\" \/>\n<script type=\"application\/ld+json\" class=\"yoast-schema-graph\">{\"@context\":\"https:\/\/schema.org\",\"@graph\":[{\"@type\":\"WebPage\",\"@id\":\"https:\/\/tannaskroket.se\/sommar\/en-natt-pa-k2\/\",\"url\":\"https:\/\/tannaskroket.se\/sommar\/en-natt-pa-k2\/\",\"name\":\"En natt p\u00e5 K2 - T\u00e4nn\u00e4skr\u00f6ket\",\"isPartOf\":{\"@id\":\"https:\/\/tannaskroket.se\/#website\"},\"primaryImageOfPage\":{\"@id\":\"https:\/\/tannaskroket.se\/sommar\/en-natt-pa-k2\/#primaryimage\"},\"image\":{\"@id\":\"https:\/\/tannaskroket.se\/sommar\/en-natt-pa-k2\/#primaryimage\"},\"thumbnailUrl\":\"https:\/\/tannaskroket.se\/wp-content\/uploads\/2021\/05\/hemkroket20-scaled.jpg\",\"datePublished\":\"2021-05-05T13:40:08+00:00\",\"dateModified\":\"2026-01-20T13:05:31+00:00\",\"breadcrumb\":{\"@id\":\"https:\/\/tannaskroket.se\/sommar\/en-natt-pa-k2\/#breadcrumb\"},\"inLanguage\":\"de\",\"potentialAction\":[{\"@type\":\"ReadAction\",\"target\":[\"https:\/\/tannaskroket.se\/sommar\/en-natt-pa-k2\/\"]}]},{\"@type\":\"ImageObject\",\"inLanguage\":\"de\",\"@id\":\"https:\/\/tannaskroket.se\/sommar\/en-natt-pa-k2\/#primaryimage\",\"url\":\"https:\/\/tannaskroket.se\/wp-content\/uploads\/2021\/05\/hemkroket20-scaled.jpg\",\"contentUrl\":\"https:\/\/tannaskroket.se\/wp-content\/uploads\/2021\/05\/hemkroket20-scaled.jpg\",\"width\":5890,\"height\":3927},{\"@type\":\"BreadcrumbList\",\"@id\":\"https:\/\/tannaskroket.se\/sommar\/en-natt-pa-k2\/#breadcrumb\",\"itemListElement\":[{\"@type\":\"ListItem\",\"position\":1,\"name\":\"Home\",\"item\":\"https:\/\/tannaskroket.se\/\"},{\"@type\":\"ListItem\",\"position\":2,\"name\":\"Sommar\",\"item\":\"https:\/\/tannaskroket.se\/sommar\/\"},{\"@type\":\"ListItem\",\"position\":3,\"name\":\"En natt p\u00e5 K2\"}]},{\"@type\":\"WebSite\",\"@id\":\"https:\/\/tannaskroket.se\/#website\",\"url\":\"https:\/\/tannaskroket.se\/\",\"name\":\"T\u00e4nn\u00e4skr\u00f6ket\",\"description\":\"Ett eget st\u00e4lle i fj\u00e4llen\",\"publisher\":{\"@id\":\"https:\/\/tannaskroket.se\/#organization\"},\"potentialAction\":[{\"@type\":\"SearchAction\",\"target\":{\"@type\":\"EntryPoint\",\"urlTemplate\":\"https:\/\/tannaskroket.se\/?s={search_term_string}\"},\"query-input\":{\"@type\":\"PropertyValueSpecification\",\"valueRequired\":true,\"valueName\":\"search_term_string\"}}],\"inLanguage\":\"de\"},{\"@type\":\"Organization\",\"@id\":\"https:\/\/tannaskroket.se\/#organization\",\"name\":\"T\u00e4nn\u00e4skr\u00f6ket\",\"url\":\"https:\/\/tannaskroket.se\/\",\"logo\":{\"@type\":\"ImageObject\",\"inLanguage\":\"de\",\"@id\":\"https:\/\/tannaskroket.se\/#\/schema\/logo\/image\/\",\"url\":\"https:\/\/tannaskroket.se\/wp-content\/uploads\/2022\/10\/tk_logo_100_s2.png\",\"contentUrl\":\"https:\/\/tannaskroket.se\/wp-content\/uploads\/2022\/10\/tk_logo_100_s2.png\",\"width\":100,\"height\":100,\"caption\":\"T\u00e4nn\u00e4skr\u00f6ket\"},\"image\":{\"@id\":\"https:\/\/tannaskroket.se\/#\/schema\/logo\/image\/\"},\"sameAs\":[\"https:\/\/www.facebook.com\/Tannaskroket\/\",\"https:\/\/www.instagram.com\/tannaskroket\/\"]}]}<\/script>\n<!-- \/ Yoast SEO plugin. -->","yoast_head_json":{"title":"Eine Nacht im K2 - T\u00e4nn\u00e4skr\u00f6ket","robots":{"index":"index","follow":"follow","max-snippet":"max-snippet:-1","max-image-preview":"max-image-preview:large","max-video-preview":"max-video-preview:-1"},"canonical":"https:\/\/tannaskroket.se\/de\/sommer\/eine-nacht-im-k2\/","og_locale":"de_DE","og_type":"article","og_title":"En natt p\u00e5 K2 - T\u00e4nn\u00e4skr\u00f6ket","og_description":"VAKNA P\u00c5 EN FJ\u00c4LLTOPP MED UTSIKT \u00d6VER FUN\u00c4SFJ\u00c4LLEN L\u00e4s mer En natt p\u00e5 K2 Hyr ett t\u00e4lt och upplev en natt p\u00e5 fj\u00e4llet. Vill du bryta av din vistelse med en t\u00e4lt natt s\u00e5 kan ni enkelt hyra t\u00e4lt och liggunderlag hos oss. K2 \u2013 V\u00e5rt fina utsiktsberg. H\u00e4r brukar man se ripa och ren [&hellip;]","og_url":"https:\/\/tannaskroket.se\/de\/sommer\/eine-nacht-im-k2\/","og_site_name":"T\u00e4nn\u00e4skr\u00f6ket","article_publisher":"https:\/\/www.facebook.com\/Tannaskroket\/","article_modified_time":"2026-01-20T13:05:31+00:00","og_image":[{"width":5890,"height":3927,"url":"https:\/\/tannaskroket.se\/wp-content\/uploads\/2021\/05\/hemkroket20-scaled.jpg","type":"image\/jpeg"}],"twitter_card":"summary_large_image","twitter_misc":{"Gesch\u00e4tzte Lesezeit":"1\u00a0Minute"},"schema":{"@context":"https:\/\/schema.org","@graph":[{"@type":"WebPage","@id":"https:\/\/tannaskroket.se\/sommar\/en-natt-pa-k2\/","url":"https:\/\/tannaskroket.se\/sommar\/en-natt-pa-k2\/","name":"Eine Nacht im K2 - T\u00e4nn\u00e4skr\u00f6ket","isPartOf":{"@id":"https:\/\/tannaskroket.se\/#website"},"primaryImageOfPage":{"@id":"https:\/\/tannaskroket.se\/sommar\/en-natt-pa-k2\/#primaryimage"},"image":{"@id":"https:\/\/tannaskroket.se\/sommar\/en-natt-pa-k2\/#primaryimage"},"thumbnailUrl":"https:\/\/tannaskroket.se\/wp-content\/uploads\/2021\/05\/hemkroket20-scaled.jpg","datePublished":"2021-05-05T13:40:08+00:00","dateModified":"2026-01-20T13:05:31+00:00","breadcrumb":{"@id":"https:\/\/tannaskroket.se\/sommar\/en-natt-pa-k2\/#breadcrumb"},"inLanguage":"de","potentialAction":[{"@type":"ReadAction","target":["https:\/\/tannaskroket.se\/sommar\/en-natt-pa-k2\/"]}]},{"@type":"ImageObject","inLanguage":"de","@id":"https:\/\/tannaskroket.se\/sommar\/en-natt-pa-k2\/#primaryimage","url":"https:\/\/tannaskroket.se\/wp-content\/uploads\/2021\/05\/hemkroket20-scaled.jpg","contentUrl":"https:\/\/tannaskroket.se\/wp-content\/uploads\/2021\/05\/hemkroket20-scaled.jpg","width":5890,"height":3927},{"@type":"BreadcrumbList","@id":"https:\/\/tannaskroket.se\/sommar\/en-natt-pa-k2\/#breadcrumb","itemListElement":[{"@type":"ListItem","position":1,"name":"Home","item":"https:\/\/tannaskroket.se\/"},{"@type":"ListItem","position":2,"name":"Sommar","item":"https:\/\/tannaskroket.se\/sommar\/"},{"@type":"ListItem","position":3,"name":"En natt p\u00e5 K2"}]},{"@type":"WebSite","@id":"https:\/\/tannaskroket.se\/#website","url":"https:\/\/tannaskroket.se\/","name":"T\u00e4nn\u00e4skr\u00f6ket","description":"Ein eigener Platz in den Bergen","publisher":{"@id":"https:\/\/tannaskroket.se\/#organization"},"potentialAction":[{"@type":"SearchAction","target":{"@type":"EntryPoint","urlTemplate":"https:\/\/tannaskroket.se\/?s={search_term_string}"},"query-input":{"@type":"PropertyValueSpecification","valueRequired":true,"valueName":"search_term_string"}}],"inLanguage":"de"},{"@type":"Organization","@id":"https:\/\/tannaskroket.se\/#organization","name":"T\u00e4nn\u00e4skr\u00f6ket","url":"https:\/\/tannaskroket.se\/","logo":{"@type":"ImageObject","inLanguage":"de","@id":"https:\/\/tannaskroket.se\/#\/schema\/logo\/image\/","url":"https:\/\/tannaskroket.se\/wp-content\/uploads\/2022\/10\/tk_logo_100_s2.png","contentUrl":"https:\/\/tannaskroket.se\/wp-content\/uploads\/2022\/10\/tk_logo_100_s2.png","width":100,"height":100,"caption":"T\u00e4nn\u00e4skr\u00f6ket"},"image":{"@id":"https:\/\/tannaskroket.se\/#\/schema\/logo\/image\/"},"sameAs":["https:\/\/www.facebook.com\/Tannaskroket\/","https:\/\/www.instagram.com\/tannaskroket\/"]}]}},"_links":{"self":[{"href":"https:\/\/tannaskroket.se\/de\/wp-json\/wp\/v2\/pages\/6170","targetHints":{"allow":["GET"]}}],"collection":[{"href":"https:\/\/tannaskroket.se\/de\/wp-json\/wp\/v2\/pages"}],"about":[{"href":"https:\/\/tannaskroket.se\/de\/wp-json\/wp\/v2\/types\/page"}],"author":[{"embeddable":true,"href":"https:\/\/tannaskroket.se\/de\/wp-json\/wp\/v2\/users\/2"}],"replies":[{"embeddable":true,"href":"https:\/\/tannaskroket.se\/de\/wp-json\/wp\/v2\/comments?post=6170"}],"version-history":[{"count":12,"href":"https:\/\/tannaskroket.se\/de\/wp-json\/wp\/v2\/pages\/6170\/revisions"}],"predecessor-version":[{"id":18987,"href":"https:\/\/tannaskroket.se\/de\/wp-json\/wp\/v2\/pages\/6170\/revisions\/18987"}],"up":[{"embeddable":true,"href":"https:\/\/tannaskroket.se\/de\/wp-json\/wp\/v2\/pages\/1468"}],"wp:featuredmedia":[{"embeddable":true,"href":"https:\/\/tannaskroket.se\/de\/wp-json\/wp\/v2\/media\/6171"}],"wp:attachment":[{"href":"https:\/\/tannaskroket.se\/de\/wp-json\/wp\/v2\/media?parent=6170"}],"wp:term":[{"taxonomy":"sidkategorier","embeddable":true,"href":"https:\/\/tannaskroket.se\/de\/wp-json\/wp\/v2\/sidkategorier?post=6170"}],"curies":[{"name":"wp","href":"https:\/\/api.w.org\/{rel}","templated":true}]}}