{"id":6201,"date":"2021-05-26T16:23:34","date_gmt":"2021-05-26T14:23:34","guid":{"rendered":"https:\/\/dev.tannaskroket.se\/?page_id=6201"},"modified":"2024-06-30T08:35:22","modified_gmt":"2024-06-30T06:35:22","slug":"der-eigene-tumpel-des-zahnhakens","status":"publish","type":"page","link":"https:\/\/tannaskroket.se\/de\/sommar\/tannaskrokets-egen-tjarn\/","title":{"rendered":"Schwimmen in den Bergen"},"content":{"rendered":"\t\t<div data-elementor-type=\"wp-page\" data-elementor-id=\"6201\" class=\"elementor elementor-6201\" data-elementor-post-type=\"page\">\n\t\t\t\t\t\t<section class=\"elementor-section elementor-top-section elementor-element elementor-element-0f52069 elementor-section-height-min-height full-height-header elementor-section-boxed elementor-section-height-default elementor-section-items-middle\" data-id=\"0f52069\" data-element_type=\"section\" data-e-type=\"section\" data-settings=\"{&quot;background_background&quot;:&quot;classic&quot;,&quot;sticky&quot;:&quot;top&quot;,&quot;sticky_offset&quot;:95,&quot;sticky_on&quot;:[&quot;desktop&quot;,&quot;tablet&quot;,&quot;mobile&quot;],&quot;sticky_effects_offset&quot;:0,&quot;sticky_anchor_link_offset&quot;:0}\">\n\t\t\t\t\t\t<div class=\"elementor-container elementor-column-gap-default\">\n\t\t\t\t\t<div class=\"elementor-column elementor-col-100 elementor-top-column elementor-element elementor-element-27b4c23\" data-id=\"27b4c23\" data-element_type=\"column\" data-e-type=\"column\">\n\t\t\t<div class=\"elementor-widget-wrap elementor-element-populated\">\n\t\t\t\t\t\t<section class=\"elementor-section elementor-inner-section elementor-element elementor-element-48f780c full-height-header-content elementor-section-boxed elementor-section-height-default elementor-section-height-default\" data-id=\"48f780c\" data-element_type=\"section\" data-e-type=\"section\" data-settings=\"{&quot;background_background&quot;:&quot;classic&quot;}\">\n\t\t\t\t\t\t<div class=\"elementor-container elementor-column-gap-default\">\n\t\t\t\t\t<div class=\"elementor-column elementor-col-100 elementor-inner-column elementor-element elementor-element-a92cf38\" data-id=\"a92cf38\" data-element_type=\"column\" data-e-type=\"column\">\n\t\t\t<div class=\"elementor-widget-wrap elementor-element-populated\">\n\t\t\t\t\t\t<div class=\"elementor-element elementor-element-15c6a9e full-height-header-content-h1 elementor-widget elementor-widget-heading\" data-id=\"15c6a9e\" data-element_type=\"widget\" data-e-type=\"widget\" data-widget_type=\"heading.default\">\n\t\t\t\t<div class=\"elementor-widget-container\">\n\t\t\t\t\t<h1 class=\"elementor-heading-title elementor-size-default\">B\u00d6RJA DAGEN MED ETT BAD &amp; F\u00c5 ETT H\u00c4RLIGT UPPVAKNANDE F\u00d6R KROPP &amp; SJ\u00c4L!<\/h1>\t\t\t\t<\/div>\n\t\t\t\t<\/div>\n\t\t\t\t<div class=\"elementor-element elementor-element-fc91e80 full-height-header-content-more elementor-widget elementor-widget-heading\" data-id=\"fc91e80\" data-element_type=\"widget\" data-e-type=\"widget\" data-widget_type=\"heading.default\">\n\t\t\t\t<div class=\"elementor-widget-container\">\n\t\t\t\t\t<h3 class=\"elementor-heading-title elementor-size-default\">L\u00e4s mer<\/h3>\t\t\t\t<\/div>\n\t\t\t\t<\/div>\n\t\t\t\t<div class=\"elementor-element elementor-element-ff089bd full-height-header-content-icon elementor-view-default elementor-widget elementor-widget-icon\" data-id=\"ff089bd\" data-element_type=\"widget\" data-e-type=\"widget\" data-widget_type=\"icon.default\">\n\t\t\t\t<div class=\"elementor-widget-container\">\n\t\t\t\t\t\t\t<div class=\"elementor-icon-wrapper\">\n\t\t\t<div class=\"elementor-icon\">\n\t\t\t<i aria-hidden=\"true\" class=\"fas fa-chevron-down\"><\/i>\t\t\t<\/div>\n\t\t<\/div>\n\t\t\t\t\t\t<\/div>\n\t\t\t\t<\/div>\n\t\t\t\t\t<\/div>\n\t\t<\/div>\n\t\t\t\t\t<\/div>\n\t\t<\/section>\n\t\t\t\t\t<\/div>\n\t\t<\/div>\n\t\t\t\t\t<\/div>\n\t\t<\/section>\n\t\t\t\t<section class=\"elementor-section elementor-top-section elementor-element elementor-element-549293f elementor-standard-section elementor-section-boxed elementor-section-height-default elementor-section-height-default\" data-id=\"549293f\" data-element_type=\"section\" data-e-type=\"section\" data-settings=\"{&quot;background_background&quot;:&quot;classic&quot;}\">\n\t\t\t\t\t\t<div class=\"elementor-container elementor-column-gap-default\">\n\t\t\t\t\t<div class=\"elementor-column elementor-col-100 elementor-top-column elementor-element elementor-element-6439840\" data-id=\"6439840\" data-element_type=\"column\" data-e-type=\"column\">\n\t\t\t<div class=\"elementor-widget-wrap elementor-element-populated\">\n\t\t\t\t\t\t<section class=\"elementor-section elementor-inner-section elementor-element elementor-element-081d327 elementor-section-boxed elementor-section-height-default elementor-section-height-default\" data-id=\"081d327\" data-element_type=\"section\" data-e-type=\"section\">\n\t\t\t\t\t\t<div class=\"elementor-container elementor-column-gap-default\">\n\t\t\t\t\t<div class=\"elementor-column elementor-col-100 elementor-inner-column elementor-element elementor-element-5cfaf46\" data-id=\"5cfaf46\" data-element_type=\"column\" data-e-type=\"column\">\n\t\t\t<div class=\"elementor-widget-wrap elementor-element-populated\">\n\t\t\t\t\t\t<div class=\"elementor-element elementor-element-4a6ea63 elementor-widget elementor-widget-heading\" data-id=\"4a6ea63\" data-element_type=\"widget\" data-e-type=\"widget\" data-widget_type=\"heading.default\">\n\t\t\t\t<div class=\"elementor-widget-container\">\n\t\t\t\t\t<h2 class=\"elementor-heading-title elementor-size-default\">Bada i fj\u00e4llen<\/h2>\t\t\t\t<\/div>\n\t\t\t\t<\/div>\n\t\t\t\t\t<\/div>\n\t\t<\/div>\n\t\t\t\t\t<\/div>\n\t\t<\/section>\n\t\t\t\t<section class=\"elementor-section elementor-inner-section elementor-element elementor-element-518af28 elementor-section-boxed elementor-section-height-default elementor-section-height-default\" data-id=\"518af28\" data-element_type=\"section\" data-e-type=\"section\">\n\t\t\t\t\t\t<div class=\"elementor-container elementor-column-gap-default\">\n\t\t\t\t\t<div class=\"elementor-column elementor-col-50 elementor-inner-column elementor-element elementor-element-d41ab39\" data-id=\"d41ab39\" data-element_type=\"column\" data-e-type=\"column\">\n\t\t\t<div class=\"elementor-widget-wrap elementor-element-populated\">\n\t\t\t\t\t\t<div class=\"elementor-element elementor-element-14b192f elementor-widget elementor-widget-text-editor\" data-id=\"14b192f\" data-element_type=\"widget\" data-e-type=\"widget\" data-widget_type=\"text-editor.default\">\n\t\t\t\t<div class=\"elementor-widget-container\">\n\t\t\t\t\t\t\t\t\t<h3>T\u00e4nn\u00e4s \u00e4r omgivet av vattendrag<\/h3><p>H\u00e4r i T\u00e4nn\u00e4s \u00e4r vi omgivna av vattendrag som g\u00f6r att det finns massor av aktiviteter kopplat till vatten. Inget \u00e4r lika uppfriskande som ett bad i friskt fj\u00e4llvatten!<\/p><h3>\u00a0<\/h3><h3>T\u00e4nn\u00e4skr\u00f6kets egna fj\u00e4lltj\u00e4rn<\/h3><p><span style=\"font-size: 13.68px; font-style: inherit; background-color: var( --e-global-color-astglobalcolor5 ); color: var(--ast-global-color-8);\">Bara ett stenkast ifr\u00e5n huvudbyggnaden ligger v\u00e5ran egna fj\u00e4lltj\u00e4rn d\u00e4r du n\u00e4r som helst kan ta ett uppfriskande dopp. F\u00f6ljs stigen som mynnar ut mot en badbrygga och ta ett dopp mellan v\u00e5ra tv\u00e5 berg.\u00a0<\/span><\/p><h3>Badplatser i omr\u00e5det<\/h3><p>Det finns flera fina badplatser i n\u00e4romr\u00e5det. Baddammen i Tj\u00e4rnbr\u00e4cka \u00e4r mysig f\u00f6r stora som sm\u00e5 med en uppbl\u00e5sbar flytande studsmatta som man kan simma ut till.<\/p><p>Vid Lossen finns en vacker badplats med sin karga stenstrand och de omgivande fj\u00e4llen. H\u00e4r kan ni vara f\u00f6r er sj\u00e4lva, ta ett dopp och njuta av den underbara utsikten. F\u00f6r att komma hit forts\u00e4tt v\u00e4gen f\u00f6rbi Tj\u00e4rnbr\u00e4cka.<\/p><p>Om man tar sig ut mot Rogens Naturreservat s\u00e5 finns h\u00e4r flera fina badplatser.\u00a0<\/p><p>L\u00e4ngs Ljusnan kan man b\u00e5de paddla SUP och ta ett bad. Ta med dig v\u00e4skan med v\u00e5r uppbl\u00e5sbara SUP i och njut av Ljusnans ringlande vatten fr\u00e5n Flon i Bruksvallarna till Bruksg\u00e5rden.\u00a0<\/p>\t\t\t\t\t\t\t\t<\/div>\n\t\t\t\t<\/div>\n\t\t\t\t\t<\/div>\n\t\t<\/div>\n\t\t\t\t<div class=\"elementor-column elementor-col-50 elementor-inner-column elementor-element elementor-element-1e78a17\" data-id=\"1e78a17\" data-element_type=\"column\" data-e-type=\"column\">\n\t\t\t<div class=\"elementor-widget-wrap elementor-element-populated\">\n\t\t\t\t\t\t<div class=\"elementor-element elementor-element-6ed9565 elementor-widget elementor-widget-video\" data-id=\"6ed9565\" data-element_type=\"widget\" data-e-type=\"widget\" data-settings=\"{&quot;video_type&quot;:&quot;hosted&quot;,&quot;controls&quot;:&quot;yes&quot;}\" data-widget_type=\"video.default\">\n\t\t\t\t<div class=\"elementor-widget-container\">\n\t\t\t\t\t\t\t<div class=\"e-hosted-video elementor-wrapper elementor-open-inline\">\n\t\t\t\t\t<video class=\"elementor-video\" src=\"https:\/\/tannaskroket.se\/wp-content\/uploads\/2024\/06\/BAD_IMG_2362.mov\" controls=\"\" preload=\"metadata\" controlsList=\"nodownload\" poster=\"https:\/\/tannaskroket.se\/wp-content\/uploads\/2024\/06\/BAD.jpg\"><\/video>\n\t\t\t\t<\/div>\n\t\t\t\t\t\t<\/div>\n\t\t\t\t<\/div>\n\t\t\t\t\t<\/div>\n\t\t<\/div>\n\t\t\t\t\t<\/div>\n\t\t<\/section>\n\t\t\t\t\t<\/div>\n\t\t<\/div>\n\t\t\t\t\t<\/div>\n\t\t<\/section>\n\t\t\t\t<\/div>\n\t\t","protected":false},"excerpt":{"rendered":"<p>B\u00d6RJA DAGEN MED ETT BAD &#038; F\u00c5 ETT H\u00c4RLIGT UPPVAKNANDE F\u00d6R KROPP &#038; SJ\u00c4L! L\u00e4s mer Bada i fj\u00e4llen T\u00e4nn\u00e4s \u00e4r omgivet av vattendrag H\u00e4r i T\u00e4nn\u00e4s \u00e4r vi omgivna av vattendrag som g\u00f6r att det finns massor av aktiviteter kopplat till vatten. Inget \u00e4r lika uppfriskande som ett bad i friskt fj\u00e4llvatten! \u00a0 T\u00e4nn\u00e4skr\u00f6kets [&hellip;]<\/p>\n","protected":false},"author":2,"featured_media":6207,"parent":1468,"menu_order":0,"comment_status":"closed","ping_status":"closed","template":"","meta":{"site-sidebar-layout":"no-sidebar","site-content-layout":"page-builder","ast-site-content-layout":"default","site-content-style":"default","site-sidebar-style":"default","ast-global-header-display":"","ast-banner-title-visibility":"","ast-main-header-display":"","ast-hfb-above-header-display":"","ast-hfb-below-header-display":"","ast-hfb-mobile-header-display":"","site-post-title":"disabled","ast-breadcrumbs-content":"","ast-featured-img":"disabled","footer-sml-layout":"","ast-disable-related-posts":"","theme-transparent-header-meta":"","adv-header-id-meta":"","stick-header-meta":"","header-above-stick-meta":"","header-main-stick-meta":"","header-below-stick-meta":"","astra-migrate-meta-layouts":"default","ast-page-background-enabled":"default","ast-page-background-meta":{"desktop":{"background-color":"var(--ast-global-color-4)","background-image":"","background-repeat":"repeat","background-position":"center center","background-size":"auto","background-attachment":"scroll","background-type":"","background-media":"","overlay-type":"","overlay-color":"","overlay-opacity":"","overlay-gradient":""},"tablet":{"background-color":"","background-image":"","background-repeat":"repeat","background-position":"center center","background-size":"auto","background-attachment":"scroll","background-type":"","background-media":"","overlay-type":"","overlay-color":"","overlay-opacity":"","overlay-gradient":""},"mobile":{"background-color":"","background-image":"","background-repeat":"repeat","background-position":"center center","background-size":"auto","background-attachment":"scroll","background-type":"","background-media":"","overlay-type":"","overlay-color":"","overlay-opacity":"","overlay-gradient":""}},"ast-content-background-meta":{"desktop":{"background-color":"var(--ast-global-color-5)","background-image":"","background-repeat":"repeat","background-position":"center center","background-size":"auto","background-attachment":"scroll","background-type":"","background-media":"","overlay-type":"","overlay-color":"","overlay-opacity":"","overlay-gradient":""},"tablet":{"background-color":"var(--ast-global-color-5)","background-image":"","background-repeat":"repeat","background-position":"center center","background-size":"auto","background-attachment":"scroll","background-type":"","background-media":"","overlay-type":"","overlay-color":"","overlay-opacity":"","overlay-gradient":""},"mobile":{"background-color":"var(--ast-global-color-5)","background-image":"","background-repeat":"repeat","background-position":"center center","background-size":"auto","background-attachment":"scroll","background-type":"","background-media":"","overlay-type":"","overlay-color":"","overlay-opacity":"","overlay-gradient":""}},"footnotes":""},"sidkategorier":[51],"class_list":["post-6201","page","type-page","status-publish","has-post-thumbnail","hentry","sidkategorier-sommar"],"yoast_head":"<!-- This site is optimized with the Yoast SEO plugin v27.1.1 - https:\/\/yoast.com\/product\/yoast-seo-wordpress\/ -->\n<title>Bada i fj\u00e4llen - T\u00e4nn\u00e4skr\u00f6ket<\/title>\n<meta name=\"robots\" content=\"index, follow, max-snippet:-1, max-image-preview:large, max-video-preview:-1\" \/>\n<link rel=\"canonical\" href=\"https:\/\/tannaskroket.se\/de\/sommer\/der-eigene-tumpel-des-zahnhakens\/\" \/>\n<meta property=\"og:locale\" content=\"de_DE\" \/>\n<meta property=\"og:type\" content=\"article\" \/>\n<meta property=\"og:title\" content=\"Bada i fj\u00e4llen - T\u00e4nn\u00e4skr\u00f6ket\" \/>\n<meta property=\"og:description\" content=\"B\u00d6RJA DAGEN MED ETT BAD &#038; F\u00c5 ETT H\u00c4RLIGT UPPVAKNANDE F\u00d6R KROPP &#038; SJ\u00c4L! L\u00e4s mer Bada i fj\u00e4llen T\u00e4nn\u00e4s \u00e4r omgivet av vattendrag H\u00e4r i T\u00e4nn\u00e4s \u00e4r vi omgivna av vattendrag som g\u00f6r att det finns massor av aktiviteter kopplat till vatten. Inget \u00e4r lika uppfriskande som ett bad i friskt fj\u00e4llvatten! \u00a0 T\u00e4nn\u00e4skr\u00f6kets [&hellip;]\" \/>\n<meta property=\"og:url\" content=\"https:\/\/tannaskroket.se\/de\/sommer\/der-eigene-tumpel-des-zahnhakens\/\" \/>\n<meta property=\"og:site_name\" content=\"T\u00e4nn\u00e4skr\u00f6ket\" \/>\n<meta property=\"article:publisher\" content=\"https:\/\/www.facebook.com\/Tannaskroket\/\" \/>\n<meta property=\"article:modified_time\" content=\"2024-06-30T06:35:22+00:00\" \/>\n<meta name=\"twitter:card\" content=\"summary_large_image\" \/>\n<meta name=\"twitter:label1\" content=\"Gesch\u00e4tzte Lesezeit\" \/>\n\t<meta name=\"twitter:data1\" content=\"1\u00a0Minute\" \/>\n<script type=\"application\/ld+json\" class=\"yoast-schema-graph\">{\"@context\":\"https:\/\/schema.org\",\"@graph\":[{\"@type\":\"WebPage\",\"@id\":\"https:\/\/tannaskroket.se\/sommar\/tannaskrokets-egen-tjarn\/\",\"url\":\"https:\/\/tannaskroket.se\/sommar\/tannaskrokets-egen-tjarn\/\",\"name\":\"Bada i fj\u00e4llen - T\u00e4nn\u00e4skr\u00f6ket\",\"isPartOf\":{\"@id\":\"https:\/\/tannaskroket.se\/#website\"},\"primaryImageOfPage\":{\"@id\":\"https:\/\/tannaskroket.se\/sommar\/tannaskrokets-egen-tjarn\/#primaryimage\"},\"image\":{\"@id\":\"https:\/\/tannaskroket.se\/sommar\/tannaskrokets-egen-tjarn\/#primaryimage\"},\"thumbnailUrl\":\"https:\/\/tannaskroket.se\/wp-content\/uploads\/2021\/05\/Tja\u0308rnen_Bad_1-scaled.jpg\",\"datePublished\":\"2021-05-26T14:23:34+00:00\",\"dateModified\":\"2024-06-30T06:35:22+00:00\",\"breadcrumb\":{\"@id\":\"https:\/\/tannaskroket.se\/sommar\/tannaskrokets-egen-tjarn\/#breadcrumb\"},\"inLanguage\":\"de\",\"potentialAction\":[{\"@type\":\"ReadAction\",\"target\":[\"https:\/\/tannaskroket.se\/sommar\/tannaskrokets-egen-tjarn\/\"]}]},{\"@type\":\"ImageObject\",\"inLanguage\":\"de\",\"@id\":\"https:\/\/tannaskroket.se\/sommar\/tannaskrokets-egen-tjarn\/#primaryimage\",\"url\":\"https:\/\/tannaskroket.se\/wp-content\/uploads\/2021\/05\/Tja\u0308rnen_Bad_1-scaled.jpg\",\"contentUrl\":\"https:\/\/tannaskroket.se\/wp-content\/uploads\/2021\/05\/Tja\u0308rnen_Bad_1-scaled.jpg\",\"width\":4000,\"height\":6000,\"caption\":\"bad i T\u00e4nn\u00e4s i Fun\u00e4sfjallen\"},{\"@type\":\"BreadcrumbList\",\"@id\":\"https:\/\/tannaskroket.se\/sommar\/tannaskrokets-egen-tjarn\/#breadcrumb\",\"itemListElement\":[{\"@type\":\"ListItem\",\"position\":1,\"name\":\"Home\",\"item\":\"https:\/\/tannaskroket.se\/\"},{\"@type\":\"ListItem\",\"position\":2,\"name\":\"Sommar\",\"item\":\"https:\/\/tannaskroket.se\/sommar\/\"},{\"@type\":\"ListItem\",\"position\":3,\"name\":\"V\u00e5r egen tj\u00e4rn. Ta ett bad eller hyr en S.U.P.\"}]},{\"@type\":\"WebSite\",\"@id\":\"https:\/\/tannaskroket.se\/#website\",\"url\":\"https:\/\/tannaskroket.se\/\",\"name\":\"T\u00e4nn\u00e4skr\u00f6ket\",\"description\":\"Ett eget st\u00e4lle i fj\u00e4llen\",\"publisher\":{\"@id\":\"https:\/\/tannaskroket.se\/#organization\"},\"potentialAction\":[{\"@type\":\"SearchAction\",\"target\":{\"@type\":\"EntryPoint\",\"urlTemplate\":\"https:\/\/tannaskroket.se\/?s={search_term_string}\"},\"query-input\":{\"@type\":\"PropertyValueSpecification\",\"valueRequired\":true,\"valueName\":\"search_term_string\"}}],\"inLanguage\":\"de\"},{\"@type\":\"Organization\",\"@id\":\"https:\/\/tannaskroket.se\/#organization\",\"name\":\"T\u00e4nn\u00e4skr\u00f6ket\",\"url\":\"https:\/\/tannaskroket.se\/\",\"logo\":{\"@type\":\"ImageObject\",\"inLanguage\":\"de\",\"@id\":\"https:\/\/tannaskroket.se\/#\/schema\/logo\/image\/\",\"url\":\"https:\/\/tannaskroket.se\/wp-content\/uploads\/2022\/10\/tk_logo_100_s2.png\",\"contentUrl\":\"https:\/\/tannaskroket.se\/wp-content\/uploads\/2022\/10\/tk_logo_100_s2.png\",\"width\":100,\"height\":100,\"caption\":\"T\u00e4nn\u00e4skr\u00f6ket\"},\"image\":{\"@id\":\"https:\/\/tannaskroket.se\/#\/schema\/logo\/image\/\"},\"sameAs\":[\"https:\/\/www.facebook.com\/Tannaskroket\/\",\"https:\/\/www.instagram.com\/tannaskroket\/\"]}]}<\/script>\n<!-- \/ Yoast SEO plugin. -->","yoast_head_json":{"title":"Schwimmen in den Bergen - T\u00e4nn\u00e4skr\u00f6ket","robots":{"index":"index","follow":"follow","max-snippet":"max-snippet:-1","max-image-preview":"max-image-preview:large","max-video-preview":"max-video-preview:-1"},"canonical":"https:\/\/tannaskroket.se\/de\/sommer\/der-eigene-tumpel-des-zahnhakens\/","og_locale":"de_DE","og_type":"article","og_title":"Bada i fj\u00e4llen - T\u00e4nn\u00e4skr\u00f6ket","og_description":"B\u00d6RJA DAGEN MED ETT BAD &#038; F\u00c5 ETT H\u00c4RLIGT UPPVAKNANDE F\u00d6R KROPP &#038; SJ\u00c4L! L\u00e4s mer Bada i fj\u00e4llen T\u00e4nn\u00e4s \u00e4r omgivet av vattendrag H\u00e4r i T\u00e4nn\u00e4s \u00e4r vi omgivna av vattendrag som g\u00f6r att det finns massor av aktiviteter kopplat till vatten. Inget \u00e4r lika uppfriskande som ett bad i friskt fj\u00e4llvatten! \u00a0 T\u00e4nn\u00e4skr\u00f6kets [&hellip;]","og_url":"https:\/\/tannaskroket.se\/de\/sommer\/der-eigene-tumpel-des-zahnhakens\/","og_site_name":"T\u00e4nn\u00e4skr\u00f6ket","article_publisher":"https:\/\/www.facebook.com\/Tannaskroket\/","article_modified_time":"2024-06-30T06:35:22+00:00","twitter_card":"summary_large_image","twitter_misc":{"Gesch\u00e4tzte Lesezeit":"1\u00a0Minute"},"schema":{"@context":"https:\/\/schema.org","@graph":[{"@type":"WebPage","@id":"https:\/\/tannaskroket.se\/sommar\/tannaskrokets-egen-tjarn\/","url":"https:\/\/tannaskroket.se\/sommar\/tannaskrokets-egen-tjarn\/","name":"Schwimmen in den Bergen - T\u00e4nn\u00e4skr\u00f6ket","isPartOf":{"@id":"https:\/\/tannaskroket.se\/#website"},"primaryImageOfPage":{"@id":"https:\/\/tannaskroket.se\/sommar\/tannaskrokets-egen-tjarn\/#primaryimage"},"image":{"@id":"https:\/\/tannaskroket.se\/sommar\/tannaskrokets-egen-tjarn\/#primaryimage"},"thumbnailUrl":"https:\/\/tannaskroket.se\/wp-content\/uploads\/2021\/05\/Tja\u0308rnen_Bad_1-scaled.jpg","datePublished":"2021-05-26T14:23:34+00:00","dateModified":"2024-06-30T06:35:22+00:00","breadcrumb":{"@id":"https:\/\/tannaskroket.se\/sommar\/tannaskrokets-egen-tjarn\/#breadcrumb"},"inLanguage":"de","potentialAction":[{"@type":"ReadAction","target":["https:\/\/tannaskroket.se\/sommar\/tannaskrokets-egen-tjarn\/"]}]},{"@type":"ImageObject","inLanguage":"de","@id":"https:\/\/tannaskroket.se\/sommar\/tannaskrokets-egen-tjarn\/#primaryimage","url":"https:\/\/tannaskroket.se\/wp-content\/uploads\/2021\/05\/Tja\u0308rnen_Bad_1-scaled.jpg","contentUrl":"https:\/\/tannaskroket.se\/wp-content\/uploads\/2021\/05\/Tja\u0308rnen_Bad_1-scaled.jpg","width":4000,"height":6000,"caption":"bad i T\u00e4nn\u00e4s i Fun\u00e4sfjallen"},{"@type":"BreadcrumbList","@id":"https:\/\/tannaskroket.se\/sommar\/tannaskrokets-egen-tjarn\/#breadcrumb","itemListElement":[{"@type":"ListItem","position":1,"name":"Home","item":"https:\/\/tannaskroket.se\/"},{"@type":"ListItem","position":2,"name":"Sommar","item":"https:\/\/tannaskroket.se\/sommar\/"},{"@type":"ListItem","position":3,"name":"V\u00e5r egen tj\u00e4rn. Ta ett bad eller hyr en S.U.P."}]},{"@type":"WebSite","@id":"https:\/\/tannaskroket.se\/#website","url":"https:\/\/tannaskroket.se\/","name":"T\u00e4nn\u00e4skr\u00f6ket","description":"Ein eigener Platz in den Bergen","publisher":{"@id":"https:\/\/tannaskroket.se\/#organization"},"potentialAction":[{"@type":"SearchAction","target":{"@type":"EntryPoint","urlTemplate":"https:\/\/tannaskroket.se\/?s={search_term_string}"},"query-input":{"@type":"PropertyValueSpecification","valueRequired":true,"valueName":"search_term_string"}}],"inLanguage":"de"},{"@type":"Organization","@id":"https:\/\/tannaskroket.se\/#organization","name":"T\u00e4nn\u00e4skr\u00f6ket","url":"https:\/\/tannaskroket.se\/","logo":{"@type":"ImageObject","inLanguage":"de","@id":"https:\/\/tannaskroket.se\/#\/schema\/logo\/image\/","url":"https:\/\/tannaskroket.se\/wp-content\/uploads\/2022\/10\/tk_logo_100_s2.png","contentUrl":"https:\/\/tannaskroket.se\/wp-content\/uploads\/2022\/10\/tk_logo_100_s2.png","width":100,"height":100,"caption":"T\u00e4nn\u00e4skr\u00f6ket"},"image":{"@id":"https:\/\/tannaskroket.se\/#\/schema\/logo\/image\/"},"sameAs":["https:\/\/www.facebook.com\/Tannaskroket\/","https:\/\/www.instagram.com\/tannaskroket\/"]}]}},"_links":{"self":[{"href":"https:\/\/tannaskroket.se\/de\/wp-json\/wp\/v2\/pages\/6201","targetHints":{"allow":["GET"]}}],"collection":[{"href":"https:\/\/tannaskroket.se\/de\/wp-json\/wp\/v2\/pages"}],"about":[{"href":"https:\/\/tannaskroket.se\/de\/wp-json\/wp\/v2\/types\/page"}],"author":[{"embeddable":true,"href":"https:\/\/tannaskroket.se\/de\/wp-json\/wp\/v2\/users\/2"}],"replies":[{"embeddable":true,"href":"https:\/\/tannaskroket.se\/de\/wp-json\/wp\/v2\/comments?post=6201"}],"version-history":[{"count":16,"href":"https:\/\/tannaskroket.se\/de\/wp-json\/wp\/v2\/pages\/6201\/revisions"}],"predecessor-version":[{"id":14008,"href":"https:\/\/tannaskroket.se\/de\/wp-json\/wp\/v2\/pages\/6201\/revisions\/14008"}],"up":[{"embeddable":true,"href":"https:\/\/tannaskroket.se\/de\/wp-json\/wp\/v2\/pages\/1468"}],"wp:featuredmedia":[{"embeddable":true,"href":"https:\/\/tannaskroket.se\/de\/wp-json\/wp\/v2\/media\/6207"}],"wp:attachment":[{"href":"https:\/\/tannaskroket.se\/de\/wp-json\/wp\/v2\/media?parent=6201"}],"wp:term":[{"taxonomy":"sidkategorier","embeddable":true,"href":"https:\/\/tannaskroket.se\/de\/wp-json\/wp\/v2\/sidkategorier?post=6201"}],"curies":[{"name":"wp","href":"https:\/\/api.w.org\/{rel}","templated":true}]}}