{"id":13732,"date":"2016-05-20T10:49:21","date_gmt":"2016-05-20T08:49:21","guid":{"rendered":"https:\/\/tannaskroket.se\/?page_id=13732"},"modified":"2026-03-25T16:00:53","modified_gmt":"2026-03-25T15:00:53","slug":"camping-in-funasfjallen","status":"publish","type":"page","link":"https:\/\/tannaskroket.se\/en\/camping-i-funasfjallen\/","title":{"rendered":"Camping in Fun\u00e4sfj\u00e4llen"},"content":{"rendered":"\t\t<div data-elementor-type=\"wp-page\" data-elementor-id=\"13732\" class=\"elementor elementor-13732\" data-elementor-post-type=\"page\">\n\t\t\t\t\t\t<section class=\"elementor-section elementor-top-section elementor-element elementor-element-63aab59 elementor-section-height-min-height full-height-header elementor-section-boxed elementor-section-height-default elementor-section-items-middle\" data-id=\"63aab59\" data-element_type=\"section\" data-e-type=\"section\" data-settings=\"{&quot;background_background&quot;:&quot;classic&quot;,&quot;sticky&quot;:&quot;top&quot;,&quot;sticky_offset&quot;:95,&quot;sticky_on&quot;:[&quot;desktop&quot;,&quot;tablet&quot;,&quot;mobile&quot;],&quot;sticky_effects_offset&quot;:0,&quot;sticky_anchor_link_offset&quot;:0}\">\n\t\t\t\t\t\t<div class=\"elementor-container elementor-column-gap-default\">\n\t\t\t\t\t<div class=\"elementor-column elementor-col-100 elementor-top-column elementor-element elementor-element-768c0e8\" data-id=\"768c0e8\" data-element_type=\"column\" data-e-type=\"column\">\n\t\t\t<div class=\"elementor-widget-wrap elementor-element-populated\">\n\t\t\t\t\t\t<section class=\"elementor-section elementor-inner-section elementor-element elementor-element-cb7925b full-height-header-content elementor-section-boxed elementor-section-height-default elementor-section-height-default\" data-id=\"cb7925b\" data-element_type=\"section\" data-e-type=\"section\" data-settings=\"{&quot;background_background&quot;:&quot;classic&quot;}\">\n\t\t\t\t\t\t<div class=\"elementor-container elementor-column-gap-default\">\n\t\t\t\t\t<div class=\"elementor-column elementor-col-100 elementor-inner-column elementor-element elementor-element-3a53cb0\" data-id=\"3a53cb0\" data-element_type=\"column\" data-e-type=\"column\">\n\t\t\t<div class=\"elementor-widget-wrap elementor-element-populated\">\n\t\t\t\t\t\t<div class=\"elementor-element elementor-element-3cae8f9 full-height-header-content-h1 elementor-widget elementor-widget-heading\" data-id=\"3cae8f9\" data-element_type=\"widget\" data-e-type=\"widget\" data-widget_type=\"heading.default\">\n\t\t\t\t<div class=\"elementor-widget-container\">\n\t\t\t\t\t<h1 class=\"elementor-heading-title elementor-size-default\">CAMPING med utsikt<\/h1>\t\t\t\t<\/div>\n\t\t\t\t<\/div>\n\t\t\t\t<div class=\"elementor-element elementor-element-1183c82 full-height-header-content-subheading elementor-widget elementor-widget-heading\" data-id=\"1183c82\" data-element_type=\"widget\" data-e-type=\"widget\" data-widget_type=\"heading.default\">\n\t\t\t\t<div class=\"elementor-widget-container\">\n\t\t\t\t\t<span class=\"elementor-heading-title elementor-size-default\">Att bo n\u00e4ra naturen och ett brett utbud av aktiviteter \u00e5ret runt<\/span>\t\t\t\t<\/div>\n\t\t\t\t<\/div>\n\t\t\t\t<div class=\"elementor-element elementor-element-e7ff779 full-height-header-content-more elementor-widget elementor-widget-heading\" data-id=\"e7ff779\" data-element_type=\"widget\" data-e-type=\"widget\" data-widget_type=\"heading.default\">\n\t\t\t\t<div class=\"elementor-widget-container\">\n\t\t\t\t\t<h3 class=\"elementor-heading-title elementor-size-default\">L\u00e4s mer<\/h3>\t\t\t\t<\/div>\n\t\t\t\t<\/div>\n\t\t\t\t<div class=\"elementor-element elementor-element-f50a6c0 full-height-header-content-icon elementor-view-default elementor-widget elementor-widget-icon\" data-id=\"f50a6c0\" data-element_type=\"widget\" data-e-type=\"widget\" data-widget_type=\"icon.default\">\n\t\t\t\t<div class=\"elementor-widget-container\">\n\t\t\t\t\t\t\t<div class=\"elementor-icon-wrapper\">\n\t\t\t<div class=\"elementor-icon\">\n\t\t\t<i aria-hidden=\"true\" class=\"fas fa-chevron-down\"><\/i>\t\t\t<\/div>\n\t\t<\/div>\n\t\t\t\t\t\t<\/div>\n\t\t\t\t<\/div>\n\t\t\t\t\t<\/div>\n\t\t<\/div>\n\t\t\t\t\t<\/div>\n\t\t<\/section>\n\t\t\t\t\t<\/div>\n\t\t<\/div>\n\t\t\t\t\t<\/div>\n\t\t<\/section>\n\t\t\t\t<section class=\"elementor-section elementor-top-section elementor-element elementor-element-6a9c18d elementor-standard-section elementor-section-boxed elementor-section-height-default elementor-section-height-default\" data-id=\"6a9c18d\" data-element_type=\"section\" data-e-type=\"section\" data-settings=\"{&quot;background_background&quot;:&quot;classic&quot;}\">\n\t\t\t\t\t\t<div class=\"elementor-container elementor-column-gap-default\">\n\t\t\t\t\t<div class=\"elementor-column elementor-col-100 elementor-top-column elementor-element elementor-element-4f49342\" data-id=\"4f49342\" data-element_type=\"column\" data-e-type=\"column\">\n\t\t\t<div class=\"elementor-widget-wrap elementor-element-populated\">\n\t\t\t\t\t\t<section class=\"elementor-section elementor-inner-section elementor-element elementor-element-a172a51 elementor-section-boxed elementor-section-height-default elementor-section-height-default\" data-id=\"a172a51\" data-element_type=\"section\" data-e-type=\"section\">\n\t\t\t\t\t\t<div class=\"elementor-container elementor-column-gap-default\">\n\t\t\t\t\t<div class=\"elementor-column elementor-col-50 elementor-inner-column elementor-element elementor-element-958a9f0\" data-id=\"958a9f0\" data-element_type=\"column\" data-e-type=\"column\">\n\t\t\t<div class=\"elementor-widget-wrap elementor-element-populated\">\n\t\t\t\t\t\t<div class=\"elementor-element elementor-element-324c5c4 elementor-widget elementor-widget-text-editor\" data-id=\"324c5c4\" data-element_type=\"widget\" data-e-type=\"widget\" data-widget_type=\"text-editor.default\">\n\t\t\t\t<div class=\"elementor-widget-container\">\n\t\t\t\t\t\t\t\t\t<h2>Fj\u00e4llcamping\u00a0<\/h2><div class=\"flex flex-col text-sm\"><section class=\"text-token-text-primary w-full focus:outline-none [--shadow-height:45px] has-data-writing-block:pointer-events-none has-data-writing-block:-mt-(--shadow-height) has-data-writing-block:pt-(--shadow-height) [&amp;:has([data-writing-block])&gt;*]:pointer-events-auto scroll-mt-[calc(var(--header-height)+min(200px,max(70px,20svh)))]\" dir=\"auto\" data-turn-id=\"request-WEB:12c6a807-d647-4bd8-825a-fa8184e930f0-14\" data-testid=\"conversation-turn-30\" data-scroll-anchor=\"true\" data-turn=\"assistant\"><div class=\"text-base my-auto mx-auto pb-10 [--thread-content-margin:var(--thread-content-margin-xs,calc(var(--spacing)*4))] @w-sm\/main:[--thread-content-margin:var(--thread-content-margin-sm,calc(var(--spacing)*6))] @w-lg\/main:[--thread-content-margin:var(--thread-content-margin-lg,calc(var(--spacing)*16))] px-(--thread-content-margin)\"><div class=\"[--thread-content-max-width:40rem] @w-lg\/main:[--thread-content-max-width:48rem] mx-auto max-w-(--thread-content-max-width) flex-1 group\/turn-messages focus-visible:outline-hidden relative flex w-full min-w-0 flex-col agent-turn\"><div class=\"flex max-w-full flex-col gap-4 grow\"><div class=\"min-h-8 text-message relative flex w-full flex-col items-end gap-2 text-start break-words whitespace-normal outline-none keyboard-focused:focus-ring [.text-message+&amp;]:mt-1\" dir=\"auto\" tabindex=\"0\" data-message-author-role=\"assistant\" data-message-id=\"b5cbcd6e-641a-4a08-a129-36f7551ab21b\" data-message-model-slug=\"gpt-5-3\" data-turn-start-message=\"true\"><div class=\"flex w-full flex-col gap-1 empty:hidden\"><div class=\"markdown prose dark:prose-invert w-full wrap-break-word light markdown-new-styling\"><p data-start=\"0\" data-end=\"260\">P\u00e5 T\u00e4nn\u00e4skr\u00f6kets camping bor du n\u00e4ra naturen, med friheten att uppleva precis det du l\u00e4ngtar efter, \u00e5ret runt. H\u00e4r finns plats f\u00f6r husvagn, husbil och t\u00e4lt, oavsett om du stannar en natt, en s\u00e4song eller l\u00e4ngre.<\/p><p data-start=\"262\" data-end=\"583\">Campingen \u00e4r liten och mysig, med en varm, familj\u00e4r k\u00e4nsla d\u00e4r det \u00e4r l\u00e4tt att trivas. Alla platser har egen elstolpe och n\u00e4ra till servicehus samt s\u00e4llskapsrum med k\u00f6k och TV \u2013 perfekta f\u00f6r lugna kv\u00e4llar tillsammans efter en dag ute i naturen. Vid dygnshyra ing\u00e5r el, medan s\u00e4songsplatser har el efter f\u00f6rbrukning.<\/p><p data-start=\"585\" data-end=\"912\">H\u00e4r bor du med fj\u00e4llets upplevelser precis utanf\u00f6r d\u00f6rren. Restaurang \u00c1rran ligger p\u00e5 bekv\u00e4mt avst\u00e5nd, liksom skidbackar, l\u00e4ngdsp\u00e5r och skoterleder vintertid. N\u00e4r sn\u00f6n sm\u00e4lter tar vandrings- och cykelleder vid, tillsammans med kl\u00e4ttring, svalkande bad, sp\u00e4nnande m\u00f6ten med myskoxar och n\u00e5gra av Fun\u00e4sfj\u00e4llens b\u00e4sta fiskevatten.<\/p><p data-start=\"914\" data-end=\"990\" data-is-last-node=\"\" data-is-only-node=\"\">Det \u00e4r enkelt att k\u00e4nna sig hemma h\u00e4r \u2013 fast med fj\u00e4llen som n\u00e4rmsta granne.<\/p><\/div><\/div><\/div><\/div><\/div><\/div><\/section><\/div><h3>Priser 2026<\/h3><p>Hel\u00e5r: 15 300 kr (+ 300 kr f\u00f6r f\u00f6rstuga)<br \/>Sommars\u00e4song, 5 maj \u00a0&#8211; 15 sept: 4 200 kr (+ 200 kr f\u00f6r f\u00f6rstuga)<br \/>Vinters\u00e4song, 15 sept &#8211; 5 maj: 12 600 kr (+ 200 kr f\u00f6r f\u00f6rstuga)<br \/>Drop-in sommar: 350 kr<\/p><p>Drop-in g\u00e5r att boka p\u00e5 hemsida. F\u00f6r att boka s\u00e4song och hel\u00e5r, kontakta receptionen via mejl s\u00e5 hj\u00e4lper vi er!<\/p>\t\t\t\t\t\t\t\t<\/div>\n\t\t\t\t<\/div>\n\t\t\t\t<div class=\"elementor-element elementor-element-920a8f3 elementor-align-center elementor-widget elementor-widget-button\" data-id=\"920a8f3\" data-element_type=\"widget\" data-e-type=\"widget\" data-widget_type=\"button.default\">\n\t\t\t\t<div class=\"elementor-widget-container\">\n\t\t\t\t\t\t\t\t\t<div class=\"elementor-button-wrapper\">\n\t\t\t\t\t<a class=\"elementor-button elementor-button-link elementor-size-sm\" href=\"https:\/\/book.tannaskroket.se\/stays?gc-0-adults=1&#038;category=28315\">\n\t\t\t\t\t\t<span class=\"elementor-button-content-wrapper\">\n\t\t\t\t\t\t\t\t\t<span class=\"elementor-button-text\">BOKA DYGN<\/span>\n\t\t\t\t\t<\/span>\n\t\t\t\t\t<\/a>\n\t\t\t\t<\/div>\n\t\t\t\t\t\t\t\t<\/div>\n\t\t\t\t<\/div>\n\t\t\t\t<div class=\"elementor-element elementor-element-c95fd59 elementor-align-center elementor-widget elementor-widget-button\" data-id=\"c95fd59\" data-element_type=\"widget\" data-e-type=\"widget\" data-widget_type=\"button.default\">\n\t\t\t\t<div class=\"elementor-widget-container\">\n\t\t\t\t\t\t\t\t\t<div class=\"elementor-button-wrapper\">\n\t\t\t\t\t<a class=\"elementor-button elementor-button-link elementor-size-sm\" href=\"mailto:bokning@tannaskroket.se\">\n\t\t\t\t\t\t<span class=\"elementor-button-content-wrapper\">\n\t\t\t\t\t\t\t\t\t<span class=\"elementor-button-text\">BOKA S\u00c4SONG\/HEL\u00c5R<\/span>\n\t\t\t\t\t<\/span>\n\t\t\t\t\t<\/a>\n\t\t\t\t<\/div>\n\t\t\t\t\t\t\t\t<\/div>\n\t\t\t\t<\/div>\n\t\t\t\t\t<\/div>\n\t\t<\/div>\n\t\t\t\t<div class=\"elementor-column elementor-col-50 elementor-inner-column elementor-element elementor-element-950bc3e\" data-id=\"950bc3e\" data-element_type=\"column\" data-e-type=\"column\">\n\t\t\t<div class=\"elementor-widget-wrap elementor-element-populated\">\n\t\t\t\t\t\t<div class=\"elementor-element elementor-element-a32b310 elementor-widget elementor-widget-image\" data-id=\"a32b310\" data-element_type=\"widget\" data-e-type=\"widget\" data-widget_type=\"image.default\">\n\t\t\t\t<div class=\"elementor-widget-container\">\n\t\t\t\t\t\t\t\t\t\t\t\t\t\t\t<img fetchpriority=\"high\" decoding=\"async\" width=\"768\" height=\"1152\" src=\"https:\/\/tannaskroket.se\/wp-content\/uploads\/2026\/03\/camping-2-768x1152.jpg\" class=\"attachment-medium_large size-medium_large wp-image-19402\" alt=\"\" srcset=\"https:\/\/tannaskroket.se\/wp-content\/uploads\/2026\/03\/camping-2-768x1152.jpg 768w, https:\/\/tannaskroket.se\/wp-content\/uploads\/2026\/03\/camping-2-200x300.jpg 200w, https:\/\/tannaskroket.se\/wp-content\/uploads\/2026\/03\/camping-2-683x1024.jpg 683w, https:\/\/tannaskroket.se\/wp-content\/uploads\/2026\/03\/camping-2-1024x1536.jpg 1024w, https:\/\/tannaskroket.se\/wp-content\/uploads\/2026\/03\/camping-2-1365x2048.jpg 1365w, https:\/\/tannaskroket.se\/wp-content\/uploads\/2026\/03\/camping-2-8x12.jpg 8w, https:\/\/tannaskroket.se\/wp-content\/uploads\/2026\/03\/camping-2-scaled.jpg 1707w\" sizes=\"(max-width: 768px) 100vw, 768px\" \/>\t\t\t\t\t\t\t\t\t\t\t\t\t\t\t<\/div>\n\t\t\t\t<\/div>\n\t\t\t\t\t<\/div>\n\t\t<\/div>\n\t\t\t\t\t<\/div>\n\t\t<\/section>\n\t\t\t\t<div class=\"elementor-element elementor-element-7c8a409 elementor-widget elementor-widget-image\" data-id=\"7c8a409\" data-element_type=\"widget\" data-e-type=\"widget\" data-widget_type=\"image.default\">\n\t\t\t\t<div class=\"elementor-widget-container\">\n\t\t\t\t\t\t\t\t\t\t\t\t\t\t\t<img decoding=\"async\" src=\"https:\/\/tannaskroket.se\/wp-content\/uploads\/2022\/11\/GoLPHWCA-scaled.jpeg\" title=\"Camping T\u00e4nn\u00e4skr\u00f6ket\" alt=\"Camping T\u00e4nn\u00e4skr\u00f6ket\" loading=\"lazy\" \/>\t\t\t\t\t\t\t\t\t\t\t\t\t\t\t<\/div>\n\t\t\t\t<\/div>\n\t\t\t\t\t<\/div>\n\t\t<\/div>\n\t\t\t\t\t<\/div>\n\t\t<\/section>\n\t\t\t\t<\/div>\n\t\t","protected":false},"excerpt":{"rendered":"<p>CAMPING med utsikt Att bo n\u00e4ra naturen och ett brett utbud av aktiviteter \u00e5ret runt L\u00e4s mer Fj\u00e4llcamping\u00a0 P\u00e5 T\u00e4nn\u00e4skr\u00f6kets camping bor du n\u00e4ra naturen, med friheten att uppleva precis det du l\u00e4ngtar efter, \u00e5ret runt. H\u00e4r finns plats f\u00f6r husvagn, husbil och t\u00e4lt, oavsett om du stannar en natt, en s\u00e4song eller l\u00e4ngre. Campingen [&hellip;]<\/p>\n","protected":false},"author":2,"featured_media":8387,"parent":0,"menu_order":0,"comment_status":"closed","ping_status":"closed","template":"","meta":{"site-sidebar-layout":"no-sidebar","site-content-layout":"page-builder","ast-site-content-layout":"default","site-content-style":"default","site-sidebar-style":"default","ast-global-header-display":"","ast-banner-title-visibility":"","ast-main-header-display":"","ast-hfb-above-header-display":"","ast-hfb-below-header-display":"","ast-hfb-mobile-header-display":"","site-post-title":"disabled","ast-breadcrumbs-content":"","ast-featured-img":"disabled","footer-sml-layout":"","ast-disable-related-posts":"","theme-transparent-header-meta":"","adv-header-id-meta":"","stick-header-meta":"","header-above-stick-meta":"","header-main-stick-meta":"","header-below-stick-meta":"","astra-migrate-meta-layouts":"default","ast-page-background-enabled":"default","ast-page-background-meta":{"desktop":{"background-color":"var(--ast-global-color-4)","background-image":"","background-repeat":"repeat","background-position":"center center","background-size":"auto","background-attachment":"scroll","background-type":"","background-media":"","overlay-type":"","overlay-color":"","overlay-opacity":"","overlay-gradient":""},"tablet":{"background-color":"","background-image":"","background-repeat":"repeat","background-position":"center center","background-size":"auto","background-attachment":"scroll","background-type":"","background-media":"","overlay-type":"","overlay-color":"","overlay-opacity":"","overlay-gradient":""},"mobile":{"background-color":"","background-image":"","background-repeat":"repeat","background-position":"center center","background-size":"auto","background-attachment":"scroll","background-type":"","background-media":"","overlay-type":"","overlay-color":"","overlay-opacity":"","overlay-gradient":""}},"ast-content-background-meta":{"desktop":{"background-color":"var(--ast-global-color-5)","background-image":"","background-repeat":"repeat","background-position":"center center","background-size":"auto","background-attachment":"scroll","background-type":"","background-media":"","overlay-type":"","overlay-color":"","overlay-opacity":"","overlay-gradient":""},"tablet":{"background-color":"var(--ast-global-color-5)","background-image":"","background-repeat":"repeat","background-position":"center center","background-size":"auto","background-attachment":"scroll","background-type":"","background-media":"","overlay-type":"","overlay-color":"","overlay-opacity":"","overlay-gradient":""},"mobile":{"background-color":"var(--ast-global-color-5)","background-image":"","background-repeat":"repeat","background-position":"center center","background-size":"auto","background-attachment":"scroll","background-type":"","background-media":"","overlay-type":"","overlay-color":"","overlay-opacity":"","overlay-gradient":""}},"footnotes":""},"sidkategorier":[51,50],"class_list":["post-13732","page","type-page","status-publish","has-post-thumbnail","hentry","sidkategorier-sommar","sidkategorier-vinter"],"yoast_head":"<!-- This site is optimized with the Yoast SEO plugin v27.1.1 - https:\/\/yoast.com\/product\/yoast-seo-wordpress\/ -->\n<title>Camping i Fun\u00e4sfj\u00e4llen - T\u00e4nn\u00e4skr\u00f6ket<\/title>\n<meta name=\"robots\" content=\"index, follow, max-snippet:-1, max-image-preview:large, max-video-preview:-1\" \/>\n<link rel=\"canonical\" href=\"https:\/\/tannaskroket.se\/en\/camping-in-funasfjallen\/\" \/>\n<meta property=\"og:locale\" content=\"en_GB\" \/>\n<meta property=\"og:type\" content=\"article\" \/>\n<meta property=\"og:title\" content=\"Camping i Fun\u00e4sfj\u00e4llen - T\u00e4nn\u00e4skr\u00f6ket\" \/>\n<meta property=\"og:description\" content=\"CAMPING med utsikt Att bo n\u00e4ra naturen och ett brett utbud av aktiviteter \u00e5ret runt L\u00e4s mer Fj\u00e4llcamping\u00a0 P\u00e5 T\u00e4nn\u00e4skr\u00f6kets camping bor du n\u00e4ra naturen, med friheten att uppleva precis det du l\u00e4ngtar efter, \u00e5ret runt. H\u00e4r finns plats f\u00f6r husvagn, husbil och t\u00e4lt, oavsett om du stannar en natt, en s\u00e4song eller l\u00e4ngre. Campingen [&hellip;]\" \/>\n<meta property=\"og:url\" content=\"https:\/\/tannaskroket.se\/en\/camping-in-funasfjallen\/\" \/>\n<meta property=\"og:site_name\" content=\"T\u00e4nn\u00e4skr\u00f6ket\" \/>\n<meta property=\"article:publisher\" content=\"https:\/\/www.facebook.com\/Tannaskroket\/\" \/>\n<meta property=\"article:modified_time\" content=\"2026-03-25T15:00:53+00:00\" \/>\n<meta property=\"og:image\" content=\"https:\/\/tannaskroket.se\/wp-content\/uploads\/2022\/11\/J3laSpKQ-scaled.jpeg\" \/>\n\t<meta property=\"og:image:width\" content=\"1920\" \/>\n\t<meta property=\"og:image:height\" content=\"2560\" \/>\n\t<meta property=\"og:image:type\" content=\"image\/jpeg\" \/>\n<meta name=\"twitter:card\" content=\"summary_large_image\" \/>\n<meta name=\"twitter:label1\" content=\"Estimated reading time\" \/>\n\t<meta name=\"twitter:data1\" content=\"1 minute\" \/>\n<script type=\"application\/ld+json\" class=\"yoast-schema-graph\">{\"@context\":\"https:\/\/schema.org\",\"@graph\":[{\"@type\":\"WebPage\",\"@id\":\"https:\/\/tannaskroket.se\/camping-i-funasfjallen\/\",\"url\":\"https:\/\/tannaskroket.se\/camping-i-funasfjallen\/\",\"name\":\"Camping i Fun\u00e4sfj\u00e4llen - T\u00e4nn\u00e4skr\u00f6ket\",\"isPartOf\":{\"@id\":\"https:\/\/tannaskroket.se\/#website\"},\"primaryImageOfPage\":{\"@id\":\"https:\/\/tannaskroket.se\/camping-i-funasfjallen\/#primaryimage\"},\"image\":{\"@id\":\"https:\/\/tannaskroket.se\/camping-i-funasfjallen\/#primaryimage\"},\"thumbnailUrl\":\"https:\/\/tannaskroket.se\/wp-content\/uploads\/2022\/11\/J3laSpKQ-scaled.jpeg\",\"datePublished\":\"2016-05-20T08:49:21+00:00\",\"dateModified\":\"2026-03-25T15:00:53+00:00\",\"breadcrumb\":{\"@id\":\"https:\/\/tannaskroket.se\/camping-i-funasfjallen\/#breadcrumb\"},\"inLanguage\":\"en-GB\",\"potentialAction\":[{\"@type\":\"ReadAction\",\"target\":[\"https:\/\/tannaskroket.se\/camping-i-funasfjallen\/\"]}]},{\"@type\":\"ImageObject\",\"inLanguage\":\"en-GB\",\"@id\":\"https:\/\/tannaskroket.se\/camping-i-funasfjallen\/#primaryimage\",\"url\":\"https:\/\/tannaskroket.se\/wp-content\/uploads\/2022\/11\/J3laSpKQ-scaled.jpeg\",\"contentUrl\":\"https:\/\/tannaskroket.se\/wp-content\/uploads\/2022\/11\/J3laSpKQ-scaled.jpeg\",\"width\":1920,\"height\":2560,\"caption\":\"Camping T\u00e4nn\u00e4skr\u00f6ket\"},{\"@type\":\"BreadcrumbList\",\"@id\":\"https:\/\/tannaskroket.se\/camping-i-funasfjallen\/#breadcrumb\",\"itemListElement\":[{\"@type\":\"ListItem\",\"position\":1,\"name\":\"Home\",\"item\":\"https:\/\/tannaskroket.se\/\"},{\"@type\":\"ListItem\",\"position\":2,\"name\":\"Camping i Fun\u00e4sfj\u00e4llen\"}]},{\"@type\":\"WebSite\",\"@id\":\"https:\/\/tannaskroket.se\/#website\",\"url\":\"https:\/\/tannaskroket.se\/\",\"name\":\"T\u00e4nn\u00e4skr\u00f6ket\",\"description\":\"Ett eget st\u00e4lle i fj\u00e4llen\",\"publisher\":{\"@id\":\"https:\/\/tannaskroket.se\/#organization\"},\"potentialAction\":[{\"@type\":\"SearchAction\",\"target\":{\"@type\":\"EntryPoint\",\"urlTemplate\":\"https:\/\/tannaskroket.se\/?s={search_term_string}\"},\"query-input\":{\"@type\":\"PropertyValueSpecification\",\"valueRequired\":true,\"valueName\":\"search_term_string\"}}],\"inLanguage\":\"en-GB\"},{\"@type\":\"Organization\",\"@id\":\"https:\/\/tannaskroket.se\/#organization\",\"name\":\"T\u00e4nn\u00e4skr\u00f6ket\",\"url\":\"https:\/\/tannaskroket.se\/\",\"logo\":{\"@type\":\"ImageObject\",\"inLanguage\":\"en-GB\",\"@id\":\"https:\/\/tannaskroket.se\/#\/schema\/logo\/image\/\",\"url\":\"https:\/\/tannaskroket.se\/wp-content\/uploads\/2022\/10\/tk_logo_100_s2.png\",\"contentUrl\":\"https:\/\/tannaskroket.se\/wp-content\/uploads\/2022\/10\/tk_logo_100_s2.png\",\"width\":100,\"height\":100,\"caption\":\"T\u00e4nn\u00e4skr\u00f6ket\"},\"image\":{\"@id\":\"https:\/\/tannaskroket.se\/#\/schema\/logo\/image\/\"},\"sameAs\":[\"https:\/\/www.facebook.com\/Tannaskroket\/\",\"https:\/\/www.instagram.com\/tannaskroket\/\"]}]}<\/script>\n<!-- \/ Yoast SEO plugin. -->","yoast_head_json":{"title":"Camping in Fun\u00e4sfj\u00e4llen - T\u00e4nn\u00e4skr\u00f6ket","robots":{"index":"index","follow":"follow","max-snippet":"max-snippet:-1","max-image-preview":"max-image-preview:large","max-video-preview":"max-video-preview:-1"},"canonical":"https:\/\/tannaskroket.se\/en\/camping-in-funasfjallen\/","og_locale":"en_GB","og_type":"article","og_title":"Camping i Fun\u00e4sfj\u00e4llen - T\u00e4nn\u00e4skr\u00f6ket","og_description":"CAMPING med utsikt Att bo n\u00e4ra naturen och ett brett utbud av aktiviteter \u00e5ret runt L\u00e4s mer Fj\u00e4llcamping\u00a0 P\u00e5 T\u00e4nn\u00e4skr\u00f6kets camping bor du n\u00e4ra naturen, med friheten att uppleva precis det du l\u00e4ngtar efter, \u00e5ret runt. H\u00e4r finns plats f\u00f6r husvagn, husbil och t\u00e4lt, oavsett om du stannar en natt, en s\u00e4song eller l\u00e4ngre. Campingen [&hellip;]","og_url":"https:\/\/tannaskroket.se\/en\/camping-in-funasfjallen\/","og_site_name":"T\u00e4nn\u00e4skr\u00f6ket","article_publisher":"https:\/\/www.facebook.com\/Tannaskroket\/","article_modified_time":"2026-03-25T15:00:53+00:00","og_image":[{"width":1920,"height":2560,"url":"https:\/\/tannaskroket.se\/wp-content\/uploads\/2022\/11\/J3laSpKQ-scaled.jpeg","type":"image\/jpeg"}],"twitter_card":"summary_large_image","twitter_misc":{"Estimated reading time":"1 minute"},"schema":{"@context":"https:\/\/schema.org","@graph":[{"@type":"WebPage","@id":"https:\/\/tannaskroket.se\/camping-i-funasfjallen\/","url":"https:\/\/tannaskroket.se\/camping-i-funasfjallen\/","name":"Camping in Fun\u00e4sfj\u00e4llen - T\u00e4nn\u00e4skr\u00f6ket","isPartOf":{"@id":"https:\/\/tannaskroket.se\/#website"},"primaryImageOfPage":{"@id":"https:\/\/tannaskroket.se\/camping-i-funasfjallen\/#primaryimage"},"image":{"@id":"https:\/\/tannaskroket.se\/camping-i-funasfjallen\/#primaryimage"},"thumbnailUrl":"https:\/\/tannaskroket.se\/wp-content\/uploads\/2022\/11\/J3laSpKQ-scaled.jpeg","datePublished":"2016-05-20T08:49:21+00:00","dateModified":"2026-03-25T15:00:53+00:00","breadcrumb":{"@id":"https:\/\/tannaskroket.se\/camping-i-funasfjallen\/#breadcrumb"},"inLanguage":"en-GB","potentialAction":[{"@type":"ReadAction","target":["https:\/\/tannaskroket.se\/camping-i-funasfjallen\/"]}]},{"@type":"ImageObject","inLanguage":"en-GB","@id":"https:\/\/tannaskroket.se\/camping-i-funasfjallen\/#primaryimage","url":"https:\/\/tannaskroket.se\/wp-content\/uploads\/2022\/11\/J3laSpKQ-scaled.jpeg","contentUrl":"https:\/\/tannaskroket.se\/wp-content\/uploads\/2022\/11\/J3laSpKQ-scaled.jpeg","width":1920,"height":2560,"caption":"Camping T\u00e4nn\u00e4skr\u00f6ket"},{"@type":"BreadcrumbList","@id":"https:\/\/tannaskroket.se\/camping-i-funasfjallen\/#breadcrumb","itemListElement":[{"@type":"ListItem","position":1,"name":"Home","item":"https:\/\/tannaskroket.se\/"},{"@type":"ListItem","position":2,"name":"Camping i Fun\u00e4sfj\u00e4llen"}]},{"@type":"WebSite","@id":"https:\/\/tannaskroket.se\/#website","url":"https:\/\/tannaskroket.se\/","name":"T\u00e4nn\u00e4skr\u00f6ket","description":"A place of your own in the mountains","publisher":{"@id":"https:\/\/tannaskroket.se\/#organization"},"potentialAction":[{"@type":"SearchAction","target":{"@type":"EntryPoint","urlTemplate":"https:\/\/tannaskroket.se\/?s={search_term_string}"},"query-input":{"@type":"PropertyValueSpecification","valueRequired":true,"valueName":"search_term_string"}}],"inLanguage":"en-GB"},{"@type":"Organization","@id":"https:\/\/tannaskroket.se\/#organization","name":"T\u00e4nn\u00e4skr\u00f6ket","url":"https:\/\/tannaskroket.se\/","logo":{"@type":"ImageObject","inLanguage":"en-GB","@id":"https:\/\/tannaskroket.se\/#\/schema\/logo\/image\/","url":"https:\/\/tannaskroket.se\/wp-content\/uploads\/2022\/10\/tk_logo_100_s2.png","contentUrl":"https:\/\/tannaskroket.se\/wp-content\/uploads\/2022\/10\/tk_logo_100_s2.png","width":100,"height":100,"caption":"T\u00e4nn\u00e4skr\u00f6ket"},"image":{"@id":"https:\/\/tannaskroket.se\/#\/schema\/logo\/image\/"},"sameAs":["https:\/\/www.facebook.com\/Tannaskroket\/","https:\/\/www.instagram.com\/tannaskroket\/"]}]}},"_links":{"self":[{"href":"https:\/\/tannaskroket.se\/en\/wp-json\/wp\/v2\/pages\/13732","targetHints":{"allow":["GET"]}}],"collection":[{"href":"https:\/\/tannaskroket.se\/en\/wp-json\/wp\/v2\/pages"}],"about":[{"href":"https:\/\/tannaskroket.se\/en\/wp-json\/wp\/v2\/types\/page"}],"author":[{"embeddable":true,"href":"https:\/\/tannaskroket.se\/en\/wp-json\/wp\/v2\/users\/2"}],"replies":[{"embeddable":true,"href":"https:\/\/tannaskroket.se\/en\/wp-json\/wp\/v2\/comments?post=13732"}],"version-history":[{"count":13,"href":"https:\/\/tannaskroket.se\/en\/wp-json\/wp\/v2\/pages\/13732\/revisions"}],"predecessor-version":[{"id":19408,"href":"https:\/\/tannaskroket.se\/en\/wp-json\/wp\/v2\/pages\/13732\/revisions\/19408"}],"wp:featuredmedia":[{"embeddable":true,"href":"https:\/\/tannaskroket.se\/en\/wp-json\/wp\/v2\/media\/8387"}],"wp:attachment":[{"href":"https:\/\/tannaskroket.se\/en\/wp-json\/wp\/v2\/media?parent=13732"}],"wp:term":[{"taxonomy":"sidkategorier","embeddable":true,"href":"https:\/\/tannaskroket.se\/en\/wp-json\/wp\/v2\/sidkategorier?post=13732"}],"curies":[{"name":"wp","href":"https:\/\/api.w.org\/{rel}","templated":true}]}}