{"id":1499,"date":"2014-12-01T23:51:40","date_gmt":"2014-12-01T22:51:40","guid":{"rendered":"https:\/\/dev.tannaskroket.se\/?page_id=1499"},"modified":"2023-08-03T08:47:15","modified_gmt":"2023-08-03T06:47:15","slug":"tannase-croquette","status":"publish","type":"page","link":"https:\/\/tannaskroket.se\/en\/funasfjallen\/tannaskroket\/","title":{"rendered":"T\u00e4nn\u00e4skr\u00f6ket"},"content":{"rendered":"<p>About 20 minutes from Fun\u00e4sdalen village, T\u00e4nn\u00e4skr\u00f6ket is located between two mountains with a total of 17 slopes and five lifts. The atmosphere at T\u00e4nn\u00e4skr\u00f6ket is characterised by the pastoral culture.<\/p>\n<p>The T\u00e4nn\u00e4skr\u00f6kets cross-country skiing trail is part of the Nordic Ski Centre, which is one of the world's largest trail systems with over 300 km of groomed cross-country trails and 450 km of snowmobile trails connecting the entire Fun\u00e4sfj\u00e4ll area.<br \/>\nT\u00e4nn\u00e4skr\u00f6ket offers varied skiing for the whole family from child-friendly slopes to more advanced skiing. The slopes in T\u00e4nn\u00e4skr\u00f6ken are sheltered from the wind, most of them facing south. The longest run is 1900 metres.<br \/>\nHere you can stay in apartments or beautiful mountain houses with lovely views of the slopes and the Norwegian mountain range.<br \/>\nFor a taste of the wilderness, locally produced food inspired by Sami food traditions is served in the \u00c1rran restaurant, which has been named one of the best in the mountain world by the White Guide.<br \/>\nWelcome to T\u00e4nn\u00e4skr\u00f6ket, part of Fun\u00e4sfj\u00e4llen!<\/p>\n<p><em>\"T\u00e4nn\u00e4s is a slightly sleepy but irresistibly charming and slightly mysterious village in H\u00e4rjedalen. T\u00e4nn\u00e4skr\u00f6kets mountain resort is incredibly beautiful, surrounded by forest and mountains. Really good and nice with perfect slopes for families with children.\"<\/em> Pelle, Nacka<\/p>","protected":false},"excerpt":{"rendered":"<p>Ca 20 minuter fr\u00e5n Fun\u00e4sdalen by ligger T\u00e4nn\u00e4skr\u00f6ket mellan tv\u00e5 fj\u00e4ll med totalt 17 nedfarter och fem liftar. St\u00e4mningen p\u00e5 T\u00e4nn\u00e4skr\u00f6ket pr\u00e4glas av f\u00e4bodkulturen fr\u00e5n f\u00f6rr. T\u00e4nn\u00e4skr\u00f6kets l\u00e4ngdskid\u00e5kningssp\u00e5r \u00e4r en del av Nordic Ski Center som \u00e4r ett av v\u00e4rldens st\u00f6rsta sp\u00e5rsystem med \u00f6ver 300 km preparerade l\u00e4ngdsp\u00e5r och 450 km skotersp\u00e5r som binder samman [&hellip;]<\/p>\n","protected":false},"author":1,"featured_media":0,"parent":740,"menu_order":1,"comment_status":"closed","ping_status":"closed","template":"","meta":{"site-sidebar-layout":"default","site-content-layout":"","ast-site-content-layout":"default","site-content-style":"default","site-sidebar-style":"default","ast-global-header-display":"","ast-banner-title-visibility":"","ast-main-header-display":"","ast-hfb-above-header-display":"","ast-hfb-below-header-display":"","ast-hfb-mobile-header-display":"","site-post-title":"","ast-breadcrumbs-content":"","ast-featured-img":"","footer-sml-layout":"","ast-disable-related-posts":"","theme-transparent-header-meta":"","adv-header-id-meta":"","stick-header-meta":"","header-above-stick-meta":"","header-main-stick-meta":"","header-below-stick-meta":"","astra-migrate-meta-layouts":"default","ast-page-background-enabled":"default","ast-page-background-meta":{"desktop":{"background-color":"var(--ast-global-color-4)","background-image":"","background-repeat":"repeat","background-position":"center center","background-size":"auto","background-attachment":"scroll","background-type":"","background-media":"","overlay-type":"","overlay-color":"","overlay-opacity":"","overlay-gradient":""},"tablet":{"background-color":"","background-image":"","background-repeat":"repeat","background-position":"center center","background-size":"auto","background-attachment":"scroll","background-type":"","background-media":"","overlay-type":"","overlay-color":"","overlay-opacity":"","overlay-gradient":""},"mobile":{"background-color":"","background-image":"","background-repeat":"repeat","background-position":"center center","background-size":"auto","background-attachment":"scroll","background-type":"","background-media":"","overlay-type":"","overlay-color":"","overlay-opacity":"","overlay-gradient":""}},"ast-content-background-meta":{"desktop":{"background-color":"var(--ast-global-color-5)","background-image":"","background-repeat":"repeat","background-position":"center center","background-size":"auto","background-attachment":"scroll","background-type":"","background-media":"","overlay-type":"","overlay-color":"","overlay-opacity":"","overlay-gradient":""},"tablet":{"background-color":"var(--ast-global-color-5)","background-image":"","background-repeat":"repeat","background-position":"center center","background-size":"auto","background-attachment":"scroll","background-type":"","background-media":"","overlay-type":"","overlay-color":"","overlay-opacity":"","overlay-gradient":""},"mobile":{"background-color":"var(--ast-global-color-5)","background-image":"","background-repeat":"repeat","background-position":"center center","background-size":"auto","background-attachment":"scroll","background-type":"","background-media":"","overlay-type":"","overlay-color":"","overlay-opacity":"","overlay-gradient":""}},"footnotes":""},"sidkategorier":[],"class_list":["post-1499","page","type-page","status-publish","hentry"],"yoast_head":"<!-- This site is optimized with the Yoast SEO plugin v27.1.1 - https:\/\/yoast.com\/product\/yoast-seo-wordpress\/ -->\n<title>T\u00e4nn\u00e4skr\u00f6ket - En del av Fun\u00e4sfj\u00e4llen - T\u00e4nn\u00e4skr\u00f6ket<\/title>\n<meta name=\"robots\" content=\"index, follow, max-snippet:-1, max-image-preview:large, max-video-preview:-1\" \/>\n<link rel=\"canonical\" href=\"https:\/\/tannaskroket.se\/en\/funas-mountains\/tannase-croquette\/\" \/>\n<meta property=\"og:locale\" content=\"en_GB\" \/>\n<meta property=\"og:type\" content=\"article\" \/>\n<meta property=\"og:title\" content=\"T\u00e4nn\u00e4skr\u00f6ket - En del av Fun\u00e4sfj\u00e4llen - T\u00e4nn\u00e4skr\u00f6ket\" \/>\n<meta property=\"og:description\" content=\"Ca 20 minuter fr\u00e5n Fun\u00e4sdalen by ligger T\u00e4nn\u00e4skr\u00f6ket mellan tv\u00e5 fj\u00e4ll med totalt 17 nedfarter och fem liftar. St\u00e4mningen p\u00e5 T\u00e4nn\u00e4skr\u00f6ket pr\u00e4glas av f\u00e4bodkulturen fr\u00e5n f\u00f6rr. T\u00e4nn\u00e4skr\u00f6kets l\u00e4ngdskid\u00e5kningssp\u00e5r \u00e4r en del av Nordic Ski Center som \u00e4r ett av v\u00e4rldens st\u00f6rsta sp\u00e5rsystem med \u00f6ver 300 km preparerade l\u00e4ngdsp\u00e5r och 450 km skotersp\u00e5r som binder samman [&hellip;]\" \/>\n<meta property=\"og:url\" content=\"https:\/\/tannaskroket.se\/en\/funas-mountains\/tannase-croquette\/\" \/>\n<meta property=\"og:site_name\" content=\"T\u00e4nn\u00e4skr\u00f6ket\" \/>\n<meta property=\"article:publisher\" content=\"https:\/\/www.facebook.com\/Tannaskroket\/\" \/>\n<meta property=\"article:modified_time\" content=\"2023-08-03T06:47:15+00:00\" \/>\n<meta name=\"twitter:card\" content=\"summary_large_image\" \/>\n<meta name=\"twitter:label1\" content=\"Estimated reading time\" \/>\n\t<meta name=\"twitter:data1\" content=\"1 minute\" \/>\n<script type=\"application\/ld+json\" class=\"yoast-schema-graph\">{\"@context\":\"https:\/\/schema.org\",\"@graph\":[{\"@type\":\"WebPage\",\"@id\":\"https:\/\/tannaskroket.se\/funasfjallen\/tannaskroket\/\",\"url\":\"https:\/\/tannaskroket.se\/funasfjallen\/tannaskroket\/\",\"name\":\"T\u00e4nn\u00e4skr\u00f6ket - En del av Fun\u00e4sfj\u00e4llen - T\u00e4nn\u00e4skr\u00f6ket\",\"isPartOf\":{\"@id\":\"https:\/\/tannaskroket.se\/#website\"},\"datePublished\":\"2014-12-01T22:51:40+00:00\",\"dateModified\":\"2023-08-03T06:47:15+00:00\",\"breadcrumb\":{\"@id\":\"https:\/\/tannaskroket.se\/funasfjallen\/tannaskroket\/#breadcrumb\"},\"inLanguage\":\"en-GB\",\"potentialAction\":[{\"@type\":\"ReadAction\",\"target\":[\"https:\/\/tannaskroket.se\/funasfjallen\/tannaskroket\/\"]}]},{\"@type\":\"BreadcrumbList\",\"@id\":\"https:\/\/tannaskroket.se\/funasfjallen\/tannaskroket\/#breadcrumb\",\"itemListElement\":[{\"@type\":\"ListItem\",\"position\":1,\"name\":\"Home\",\"item\":\"https:\/\/tannaskroket.se\/\"},{\"@type\":\"ListItem\",\"position\":2,\"name\":\"V\u00e4lkommen till Fun\u00e4sfj\u00e4llen\",\"item\":\"https:\/\/tannaskroket.se\/funasfjallen\/\"},{\"@type\":\"ListItem\",\"position\":3,\"name\":\"T\u00e4nn\u00e4skr\u00f6ket\"}]},{\"@type\":\"WebSite\",\"@id\":\"https:\/\/tannaskroket.se\/#website\",\"url\":\"https:\/\/tannaskroket.se\/\",\"name\":\"T\u00e4nn\u00e4skr\u00f6ket\",\"description\":\"Ett eget st\u00e4lle i fj\u00e4llen\",\"publisher\":{\"@id\":\"https:\/\/tannaskroket.se\/#organization\"},\"potentialAction\":[{\"@type\":\"SearchAction\",\"target\":{\"@type\":\"EntryPoint\",\"urlTemplate\":\"https:\/\/tannaskroket.se\/?s={search_term_string}\"},\"query-input\":{\"@type\":\"PropertyValueSpecification\",\"valueRequired\":true,\"valueName\":\"search_term_string\"}}],\"inLanguage\":\"en-GB\"},{\"@type\":\"Organization\",\"@id\":\"https:\/\/tannaskroket.se\/#organization\",\"name\":\"T\u00e4nn\u00e4skr\u00f6ket\",\"url\":\"https:\/\/tannaskroket.se\/\",\"logo\":{\"@type\":\"ImageObject\",\"inLanguage\":\"en-GB\",\"@id\":\"https:\/\/tannaskroket.se\/#\/schema\/logo\/image\/\",\"url\":\"https:\/\/tannaskroket.se\/wp-content\/uploads\/2022\/10\/tk_logo_100_s2.png\",\"contentUrl\":\"https:\/\/tannaskroket.se\/wp-content\/uploads\/2022\/10\/tk_logo_100_s2.png\",\"width\":100,\"height\":100,\"caption\":\"T\u00e4nn\u00e4skr\u00f6ket\"},\"image\":{\"@id\":\"https:\/\/tannaskroket.se\/#\/schema\/logo\/image\/\"},\"sameAs\":[\"https:\/\/www.facebook.com\/Tannaskroket\/\",\"https:\/\/www.instagram.com\/tannaskroket\/\"]}]}<\/script>\n<!-- \/ Yoast SEO plugin. -->","yoast_head_json":{"title":"T\u00e4nn\u00e4skr\u00f6ket - Part of Fun\u00e4sfj\u00e4llen - T\u00e4nn\u00e4skr\u00f6ket","robots":{"index":"index","follow":"follow","max-snippet":"max-snippet:-1","max-image-preview":"max-image-preview:large","max-video-preview":"max-video-preview:-1"},"canonical":"https:\/\/tannaskroket.se\/en\/funas-mountains\/tannase-croquette\/","og_locale":"en_GB","og_type":"article","og_title":"T\u00e4nn\u00e4skr\u00f6ket - En del av Fun\u00e4sfj\u00e4llen - T\u00e4nn\u00e4skr\u00f6ket","og_description":"Ca 20 minuter fr\u00e5n Fun\u00e4sdalen by ligger T\u00e4nn\u00e4skr\u00f6ket mellan tv\u00e5 fj\u00e4ll med totalt 17 nedfarter och fem liftar. St\u00e4mningen p\u00e5 T\u00e4nn\u00e4skr\u00f6ket pr\u00e4glas av f\u00e4bodkulturen fr\u00e5n f\u00f6rr. T\u00e4nn\u00e4skr\u00f6kets l\u00e4ngdskid\u00e5kningssp\u00e5r \u00e4r en del av Nordic Ski Center som \u00e4r ett av v\u00e4rldens st\u00f6rsta sp\u00e5rsystem med \u00f6ver 300 km preparerade l\u00e4ngdsp\u00e5r och 450 km skotersp\u00e5r som binder samman [&hellip;]","og_url":"https:\/\/tannaskroket.se\/en\/funas-mountains\/tannase-croquette\/","og_site_name":"T\u00e4nn\u00e4skr\u00f6ket","article_publisher":"https:\/\/www.facebook.com\/Tannaskroket\/","article_modified_time":"2023-08-03T06:47:15+00:00","twitter_card":"summary_large_image","twitter_misc":{"Estimated reading time":"1 minute"},"schema":{"@context":"https:\/\/schema.org","@graph":[{"@type":"WebPage","@id":"https:\/\/tannaskroket.se\/funasfjallen\/tannaskroket\/","url":"https:\/\/tannaskroket.se\/funasfjallen\/tannaskroket\/","name":"T\u00e4nn\u00e4skr\u00f6ket - Part of Fun\u00e4sfj\u00e4llen - T\u00e4nn\u00e4skr\u00f6ket","isPartOf":{"@id":"https:\/\/tannaskroket.se\/#website"},"datePublished":"2014-12-01T22:51:40+00:00","dateModified":"2023-08-03T06:47:15+00:00","breadcrumb":{"@id":"https:\/\/tannaskroket.se\/funasfjallen\/tannaskroket\/#breadcrumb"},"inLanguage":"en-GB","potentialAction":[{"@type":"ReadAction","target":["https:\/\/tannaskroket.se\/funasfjallen\/tannaskroket\/"]}]},{"@type":"BreadcrumbList","@id":"https:\/\/tannaskroket.se\/funasfjallen\/tannaskroket\/#breadcrumb","itemListElement":[{"@type":"ListItem","position":1,"name":"Home","item":"https:\/\/tannaskroket.se\/"},{"@type":"ListItem","position":2,"name":"V\u00e4lkommen till Fun\u00e4sfj\u00e4llen","item":"https:\/\/tannaskroket.se\/funasfjallen\/"},{"@type":"ListItem","position":3,"name":"T\u00e4nn\u00e4skr\u00f6ket"}]},{"@type":"WebSite","@id":"https:\/\/tannaskroket.se\/#website","url":"https:\/\/tannaskroket.se\/","name":"T\u00e4nn\u00e4skr\u00f6ket","description":"A place of your own in the mountains","publisher":{"@id":"https:\/\/tannaskroket.se\/#organization"},"potentialAction":[{"@type":"SearchAction","target":{"@type":"EntryPoint","urlTemplate":"https:\/\/tannaskroket.se\/?s={search_term_string}"},"query-input":{"@type":"PropertyValueSpecification","valueRequired":true,"valueName":"search_term_string"}}],"inLanguage":"en-GB"},{"@type":"Organization","@id":"https:\/\/tannaskroket.se\/#organization","name":"T\u00e4nn\u00e4skr\u00f6ket","url":"https:\/\/tannaskroket.se\/","logo":{"@type":"ImageObject","inLanguage":"en-GB","@id":"https:\/\/tannaskroket.se\/#\/schema\/logo\/image\/","url":"https:\/\/tannaskroket.se\/wp-content\/uploads\/2022\/10\/tk_logo_100_s2.png","contentUrl":"https:\/\/tannaskroket.se\/wp-content\/uploads\/2022\/10\/tk_logo_100_s2.png","width":100,"height":100,"caption":"T\u00e4nn\u00e4skr\u00f6ket"},"image":{"@id":"https:\/\/tannaskroket.se\/#\/schema\/logo\/image\/"},"sameAs":["https:\/\/www.facebook.com\/Tannaskroket\/","https:\/\/www.instagram.com\/tannaskroket\/"]}]}},"_links":{"self":[{"href":"https:\/\/tannaskroket.se\/en\/wp-json\/wp\/v2\/pages\/1499","targetHints":{"allow":["GET"]}}],"collection":[{"href":"https:\/\/tannaskroket.se\/en\/wp-json\/wp\/v2\/pages"}],"about":[{"href":"https:\/\/tannaskroket.se\/en\/wp-json\/wp\/v2\/types\/page"}],"author":[{"embeddable":true,"href":"https:\/\/tannaskroket.se\/en\/wp-json\/wp\/v2\/users\/1"}],"replies":[{"embeddable":true,"href":"https:\/\/tannaskroket.se\/en\/wp-json\/wp\/v2\/comments?post=1499"}],"version-history":[{"count":1,"href":"https:\/\/tannaskroket.se\/en\/wp-json\/wp\/v2\/pages\/1499\/revisions"}],"predecessor-version":[{"id":10591,"href":"https:\/\/tannaskroket.se\/en\/wp-json\/wp\/v2\/pages\/1499\/revisions\/10591"}],"up":[{"embeddable":true,"href":"https:\/\/tannaskroket.se\/en\/wp-json\/wp\/v2\/pages\/740"}],"wp:attachment":[{"href":"https:\/\/tannaskroket.se\/en\/wp-json\/wp\/v2\/media?parent=1499"}],"wp:term":[{"taxonomy":"sidkategorier","embeddable":true,"href":"https:\/\/tannaskroket.se\/en\/wp-json\/wp\/v2\/sidkategorier?post=1499"}],"curies":[{"name":"wp","href":"https:\/\/api.w.org\/{rel}","templated":true}]}}