{"id":1502,"date":"2014-12-01T23:54:12","date_gmt":"2014-12-01T22:54:12","guid":{"rendered":"https:\/\/dev.tannaskroket.se\/?page_id=1502"},"modified":"2023-08-03T08:47:15","modified_gmt":"2023-08-03T06:47:15","slug":"funas-valley","status":"publish","type":"page","link":"https:\/\/tannaskroket.se\/en\/funasfjallen\/funasdalen\/","title":{"rendered":"Fun\u00e4sdalen"},"content":{"rendered":"<h3>The hub of Fun\u00e4sfj\u00e4llen<\/h3>\n<p>Fun\u00e4sdalen is an urban centre in Fun\u00e4sfj\u00e4llen and part of H\u00e4rjedalen with about 800 inhabitants. The village is the hub of Fun\u00e4sfj\u00e4llen and is wedged between Fun\u00e4sdalssj\u00f6n and Fun\u00e4sdalsberget. Here you will find restaurants, entertainment, shopping and proximity to skiing. As of Christmas 2014, Fun\u00e4sdalen is the third ski resort in Scandinavia with its own gondola. The gondola runs from the village centre to the top cabin with views of the lake and the Swedish and Norwegian mountains.<\/p>\n<h3>Fun\u00e4sdalsberget<\/h3>\n<p>Fun\u00e4sdalsberget is located close to the village centre in Fun\u00e4sdalen. Here you will find one of Sweden's steepest slopes, Nol i Egg and the longest slope in Fun\u00e4sfj\u00e4llen at 2.1 km.<\/p>\n<p>&nbsp;<\/p>","protected":false},"excerpt":{"rendered":"<p>Navet i Fun\u00e4sfj\u00e4llen Fun\u00e4sdalen \u00e4r en t\u00e4tort i Fun\u00e4sfj\u00e4llen och en del av H\u00e4rjedalen med ungef\u00e4r 800 inv\u00e5nare. Byn \u00e4r navet i Fun\u00e4sfj\u00e4llen och ligger inkilad mellan Fun\u00e4sdalssj\u00f6n och Fun\u00e4sdalsberget. H\u00e4r hittar du restauranger, n\u00f6jen, shopping och n\u00e4rheten till skid\u00e5kningen. Fr\u00e5n och med julen 2014 \u00e4r Fun\u00e4sdalen den tredje skidorten i Skandinavien med en egen [&hellip;]<\/p>\n","protected":false},"author":1,"featured_media":0,"parent":740,"menu_order":2,"comment_status":"closed","ping_status":"closed","template":"","meta":{"site-sidebar-layout":"default","site-content-layout":"","ast-site-content-layout":"default","site-content-style":"default","site-sidebar-style":"default","ast-global-header-display":"","ast-banner-title-visibility":"","ast-main-header-display":"","ast-hfb-above-header-display":"","ast-hfb-below-header-display":"","ast-hfb-mobile-header-display":"","site-post-title":"","ast-breadcrumbs-content":"","ast-featured-img":"","footer-sml-layout":"","ast-disable-related-posts":"","theme-transparent-header-meta":"","adv-header-id-meta":"","stick-header-meta":"","header-above-stick-meta":"","header-main-stick-meta":"","header-below-stick-meta":"","astra-migrate-meta-layouts":"default","ast-page-background-enabled":"default","ast-page-background-meta":{"desktop":{"background-color":"var(--ast-global-color-4)","background-image":"","background-repeat":"repeat","background-position":"center center","background-size":"auto","background-attachment":"scroll","background-type":"","background-media":"","overlay-type":"","overlay-color":"","overlay-opacity":"","overlay-gradient":""},"tablet":{"background-color":"","background-image":"","background-repeat":"repeat","background-position":"center center","background-size":"auto","background-attachment":"scroll","background-type":"","background-media":"","overlay-type":"","overlay-color":"","overlay-opacity":"","overlay-gradient":""},"mobile":{"background-color":"","background-image":"","background-repeat":"repeat","background-position":"center center","background-size":"auto","background-attachment":"scroll","background-type":"","background-media":"","overlay-type":"","overlay-color":"","overlay-opacity":"","overlay-gradient":""}},"ast-content-background-meta":{"desktop":{"background-color":"var(--ast-global-color-5)","background-image":"","background-repeat":"repeat","background-position":"center center","background-size":"auto","background-attachment":"scroll","background-type":"","background-media":"","overlay-type":"","overlay-color":"","overlay-opacity":"","overlay-gradient":""},"tablet":{"background-color":"var(--ast-global-color-5)","background-image":"","background-repeat":"repeat","background-position":"center center","background-size":"auto","background-attachment":"scroll","background-type":"","background-media":"","overlay-type":"","overlay-color":"","overlay-opacity":"","overlay-gradient":""},"mobile":{"background-color":"var(--ast-global-color-5)","background-image":"","background-repeat":"repeat","background-position":"center center","background-size":"auto","background-attachment":"scroll","background-type":"","background-media":"","overlay-type":"","overlay-color":"","overlay-opacity":"","overlay-gradient":""}},"footnotes":""},"sidkategorier":[],"class_list":["post-1502","page","type-page","status-publish","hentry"],"yoast_head":"<!-- This site is optimized with the Yoast SEO plugin v27.1.1 - https:\/\/yoast.com\/product\/yoast-seo-wordpress\/ -->\n<title>Fun\u00e4sdalen - En del av Fun\u00e4sfj\u00e4llen - T\u00e4nn\u00e4skr\u00f6ket<\/title>\n<meta name=\"robots\" content=\"index, follow, max-snippet:-1, max-image-preview:large, max-video-preview:-1\" \/>\n<link rel=\"canonical\" href=\"https:\/\/tannaskroket.se\/en\/funas-mountains\/funas-valley\/\" \/>\n<meta property=\"og:locale\" content=\"en_GB\" \/>\n<meta property=\"og:type\" content=\"article\" \/>\n<meta property=\"og:title\" content=\"Fun\u00e4sdalen - En del av Fun\u00e4sfj\u00e4llen - T\u00e4nn\u00e4skr\u00f6ket\" \/>\n<meta property=\"og:description\" content=\"Navet i Fun\u00e4sfj\u00e4llen Fun\u00e4sdalen \u00e4r en t\u00e4tort i Fun\u00e4sfj\u00e4llen och en del av H\u00e4rjedalen med ungef\u00e4r 800 inv\u00e5nare. Byn \u00e4r navet i Fun\u00e4sfj\u00e4llen och ligger inkilad mellan Fun\u00e4sdalssj\u00f6n och Fun\u00e4sdalsberget. H\u00e4r hittar du restauranger, n\u00f6jen, shopping och n\u00e4rheten till skid\u00e5kningen. Fr\u00e5n och med julen 2014 \u00e4r Fun\u00e4sdalen den tredje skidorten i Skandinavien med en egen [&hellip;]\" \/>\n<meta property=\"og:url\" content=\"https:\/\/tannaskroket.se\/en\/funas-mountains\/funas-valley\/\" \/>\n<meta property=\"og:site_name\" content=\"T\u00e4nn\u00e4skr\u00f6ket\" \/>\n<meta property=\"article:publisher\" content=\"https:\/\/www.facebook.com\/Tannaskroket\/\" \/>\n<meta property=\"article:modified_time\" content=\"2023-08-03T06:47:15+00:00\" \/>\n<meta name=\"twitter:card\" content=\"summary_large_image\" \/>\n<meta name=\"twitter:label1\" content=\"Estimated reading time\" \/>\n\t<meta name=\"twitter:data1\" content=\"1 minute\" \/>\n<script type=\"application\/ld+json\" class=\"yoast-schema-graph\">{\"@context\":\"https:\/\/schema.org\",\"@graph\":[{\"@type\":\"WebPage\",\"@id\":\"https:\/\/tannaskroket.se\/funasfjallen\/funasdalen\/\",\"url\":\"https:\/\/tannaskroket.se\/funasfjallen\/funasdalen\/\",\"name\":\"Fun\u00e4sdalen - En del av Fun\u00e4sfj\u00e4llen - T\u00e4nn\u00e4skr\u00f6ket\",\"isPartOf\":{\"@id\":\"https:\/\/tannaskroket.se\/#website\"},\"datePublished\":\"2014-12-01T22:54:12+00:00\",\"dateModified\":\"2023-08-03T06:47:15+00:00\",\"breadcrumb\":{\"@id\":\"https:\/\/tannaskroket.se\/funasfjallen\/funasdalen\/#breadcrumb\"},\"inLanguage\":\"en-GB\",\"potentialAction\":[{\"@type\":\"ReadAction\",\"target\":[\"https:\/\/tannaskroket.se\/funasfjallen\/funasdalen\/\"]}]},{\"@type\":\"BreadcrumbList\",\"@id\":\"https:\/\/tannaskroket.se\/funasfjallen\/funasdalen\/#breadcrumb\",\"itemListElement\":[{\"@type\":\"ListItem\",\"position\":1,\"name\":\"Home\",\"item\":\"https:\/\/tannaskroket.se\/\"},{\"@type\":\"ListItem\",\"position\":2,\"name\":\"V\u00e4lkommen till Fun\u00e4sfj\u00e4llen\",\"item\":\"https:\/\/tannaskroket.se\/funasfjallen\/\"},{\"@type\":\"ListItem\",\"position\":3,\"name\":\"Fun\u00e4sdalen\"}]},{\"@type\":\"WebSite\",\"@id\":\"https:\/\/tannaskroket.se\/#website\",\"url\":\"https:\/\/tannaskroket.se\/\",\"name\":\"T\u00e4nn\u00e4skr\u00f6ket\",\"description\":\"Ett eget st\u00e4lle i fj\u00e4llen\",\"publisher\":{\"@id\":\"https:\/\/tannaskroket.se\/#organization\"},\"potentialAction\":[{\"@type\":\"SearchAction\",\"target\":{\"@type\":\"EntryPoint\",\"urlTemplate\":\"https:\/\/tannaskroket.se\/?s={search_term_string}\"},\"query-input\":{\"@type\":\"PropertyValueSpecification\",\"valueRequired\":true,\"valueName\":\"search_term_string\"}}],\"inLanguage\":\"en-GB\"},{\"@type\":\"Organization\",\"@id\":\"https:\/\/tannaskroket.se\/#organization\",\"name\":\"T\u00e4nn\u00e4skr\u00f6ket\",\"url\":\"https:\/\/tannaskroket.se\/\",\"logo\":{\"@type\":\"ImageObject\",\"inLanguage\":\"en-GB\",\"@id\":\"https:\/\/tannaskroket.se\/#\/schema\/logo\/image\/\",\"url\":\"https:\/\/tannaskroket.se\/wp-content\/uploads\/2022\/10\/tk_logo_100_s2.png\",\"contentUrl\":\"https:\/\/tannaskroket.se\/wp-content\/uploads\/2022\/10\/tk_logo_100_s2.png\",\"width\":100,\"height\":100,\"caption\":\"T\u00e4nn\u00e4skr\u00f6ket\"},\"image\":{\"@id\":\"https:\/\/tannaskroket.se\/#\/schema\/logo\/image\/\"},\"sameAs\":[\"https:\/\/www.facebook.com\/Tannaskroket\/\",\"https:\/\/www.instagram.com\/tannaskroket\/\"]}]}<\/script>\n<!-- \/ Yoast SEO plugin. -->","yoast_head_json":{"title":"Fun\u00e4sdalen - Part of Fun\u00e4sfj\u00e4llen - T\u00e4nn\u00e4skr\u00f6ket","robots":{"index":"index","follow":"follow","max-snippet":"max-snippet:-1","max-image-preview":"max-image-preview:large","max-video-preview":"max-video-preview:-1"},"canonical":"https:\/\/tannaskroket.se\/en\/funas-mountains\/funas-valley\/","og_locale":"en_GB","og_type":"article","og_title":"Fun\u00e4sdalen - En del av Fun\u00e4sfj\u00e4llen - T\u00e4nn\u00e4skr\u00f6ket","og_description":"Navet i Fun\u00e4sfj\u00e4llen Fun\u00e4sdalen \u00e4r en t\u00e4tort i Fun\u00e4sfj\u00e4llen och en del av H\u00e4rjedalen med ungef\u00e4r 800 inv\u00e5nare. Byn \u00e4r navet i Fun\u00e4sfj\u00e4llen och ligger inkilad mellan Fun\u00e4sdalssj\u00f6n och Fun\u00e4sdalsberget. H\u00e4r hittar du restauranger, n\u00f6jen, shopping och n\u00e4rheten till skid\u00e5kningen. Fr\u00e5n och med julen 2014 \u00e4r Fun\u00e4sdalen den tredje skidorten i Skandinavien med en egen [&hellip;]","og_url":"https:\/\/tannaskroket.se\/en\/funas-mountains\/funas-valley\/","og_site_name":"T\u00e4nn\u00e4skr\u00f6ket","article_publisher":"https:\/\/www.facebook.com\/Tannaskroket\/","article_modified_time":"2023-08-03T06:47:15+00:00","twitter_card":"summary_large_image","twitter_misc":{"Estimated reading time":"1 minute"},"schema":{"@context":"https:\/\/schema.org","@graph":[{"@type":"WebPage","@id":"https:\/\/tannaskroket.se\/funasfjallen\/funasdalen\/","url":"https:\/\/tannaskroket.se\/funasfjallen\/funasdalen\/","name":"Fun\u00e4sdalen - Part of Fun\u00e4sfj\u00e4llen - T\u00e4nn\u00e4skr\u00f6ket","isPartOf":{"@id":"https:\/\/tannaskroket.se\/#website"},"datePublished":"2014-12-01T22:54:12+00:00","dateModified":"2023-08-03T06:47:15+00:00","breadcrumb":{"@id":"https:\/\/tannaskroket.se\/funasfjallen\/funasdalen\/#breadcrumb"},"inLanguage":"en-GB","potentialAction":[{"@type":"ReadAction","target":["https:\/\/tannaskroket.se\/funasfjallen\/funasdalen\/"]}]},{"@type":"BreadcrumbList","@id":"https:\/\/tannaskroket.se\/funasfjallen\/funasdalen\/#breadcrumb","itemListElement":[{"@type":"ListItem","position":1,"name":"Home","item":"https:\/\/tannaskroket.se\/"},{"@type":"ListItem","position":2,"name":"V\u00e4lkommen till Fun\u00e4sfj\u00e4llen","item":"https:\/\/tannaskroket.se\/funasfjallen\/"},{"@type":"ListItem","position":3,"name":"Fun\u00e4sdalen"}]},{"@type":"WebSite","@id":"https:\/\/tannaskroket.se\/#website","url":"https:\/\/tannaskroket.se\/","name":"T\u00e4nn\u00e4skr\u00f6ket","description":"A place of your own in the mountains","publisher":{"@id":"https:\/\/tannaskroket.se\/#organization"},"potentialAction":[{"@type":"SearchAction","target":{"@type":"EntryPoint","urlTemplate":"https:\/\/tannaskroket.se\/?s={search_term_string}"},"query-input":{"@type":"PropertyValueSpecification","valueRequired":true,"valueName":"search_term_string"}}],"inLanguage":"en-GB"},{"@type":"Organization","@id":"https:\/\/tannaskroket.se\/#organization","name":"T\u00e4nn\u00e4skr\u00f6ket","url":"https:\/\/tannaskroket.se\/","logo":{"@type":"ImageObject","inLanguage":"en-GB","@id":"https:\/\/tannaskroket.se\/#\/schema\/logo\/image\/","url":"https:\/\/tannaskroket.se\/wp-content\/uploads\/2022\/10\/tk_logo_100_s2.png","contentUrl":"https:\/\/tannaskroket.se\/wp-content\/uploads\/2022\/10\/tk_logo_100_s2.png","width":100,"height":100,"caption":"T\u00e4nn\u00e4skr\u00f6ket"},"image":{"@id":"https:\/\/tannaskroket.se\/#\/schema\/logo\/image\/"},"sameAs":["https:\/\/www.facebook.com\/Tannaskroket\/","https:\/\/www.instagram.com\/tannaskroket\/"]}]}},"_links":{"self":[{"href":"https:\/\/tannaskroket.se\/en\/wp-json\/wp\/v2\/pages\/1502","targetHints":{"allow":["GET"]}}],"collection":[{"href":"https:\/\/tannaskroket.se\/en\/wp-json\/wp\/v2\/pages"}],"about":[{"href":"https:\/\/tannaskroket.se\/en\/wp-json\/wp\/v2\/types\/page"}],"author":[{"embeddable":true,"href":"https:\/\/tannaskroket.se\/en\/wp-json\/wp\/v2\/users\/1"}],"replies":[{"embeddable":true,"href":"https:\/\/tannaskroket.se\/en\/wp-json\/wp\/v2\/comments?post=1502"}],"version-history":[{"count":1,"href":"https:\/\/tannaskroket.se\/en\/wp-json\/wp\/v2\/pages\/1502\/revisions"}],"predecessor-version":[{"id":10592,"href":"https:\/\/tannaskroket.se\/en\/wp-json\/wp\/v2\/pages\/1502\/revisions\/10592"}],"up":[{"embeddable":true,"href":"https:\/\/tannaskroket.se\/en\/wp-json\/wp\/v2\/pages\/740"}],"wp:attachment":[{"href":"https:\/\/tannaskroket.se\/en\/wp-json\/wp\/v2\/media?parent=1502"}],"wp:term":[{"taxonomy":"sidkategorier","embeddable":true,"href":"https:\/\/tannaskroket.se\/en\/wp-json\/wp\/v2\/sidkategorier?post=1502"}],"curies":[{"name":"wp","href":"https:\/\/api.w.org\/{rel}","templated":true}]}}