{"id":1508,"date":"2014-12-01T23:55:30","date_gmt":"2014-12-01T22:55:30","guid":{"rendered":"https:\/\/dev.tannaskroket.se\/?page_id=1508"},"modified":"2023-08-03T08:47:15","modified_gmt":"2023-08-03T06:47:15","slug":"ramund-mountain","status":"publish","type":"page","link":"https:\/\/tannaskroket.se\/en\/funasfjallen\/ramundberget\/","title":{"rendered":"Ramundberget"},"content":{"rendered":"<p>About 15-20 minutes from Fun\u00e4sdalen is Ramundberget. This ski resort is also part of the Nordic Ski Center and the world's longest cross-country skiing system.<\/p>\n<p>In total, Ramundberget offers 42 slopes, ten lifts and 3 parks for snowboarding. The longest run is 1650 metres. Ramundsberget also has a biathlon stadium with 20 floodlit courses.<br \/>\nRamundsberget offers both wide family slopes, black runs and nice off-piste.<\/p>\n<p>There are children's parks, ski school, restaurants and after-ski.<\/p>","protected":false},"excerpt":{"rendered":"<p>Ca 15-20 minuter fr\u00e5n Fun\u00e4sdalen ligger Ramundberget. Denna skidort \u00e4r \u00e4ven den en del av Nordic ski Center och v\u00e4rldens l\u00e4ngsta l\u00e4ngd\u00e5kningssystem. Totalt erbjuder Ramundberget 42 nedfarter, tio liftar och 3 parker f\u00f6r snowboard\u00e5kning. L\u00e4ngsta nedfarten \u00e4r 1650 meter. I Ramundsberget finns \u00e4ven en skidskytte-stadio med 20 belysta banor. Ramundsberget bjuder p\u00e5 b\u00e5de breda familjepister [&hellip;]<\/p>\n","protected":false},"author":1,"featured_media":0,"parent":740,"menu_order":5,"comment_status":"closed","ping_status":"closed","template":"","meta":{"site-sidebar-layout":"default","site-content-layout":"","ast-site-content-layout":"default","site-content-style":"default","site-sidebar-style":"default","ast-global-header-display":"","ast-banner-title-visibility":"","ast-main-header-display":"","ast-hfb-above-header-display":"","ast-hfb-below-header-display":"","ast-hfb-mobile-header-display":"","site-post-title":"","ast-breadcrumbs-content":"","ast-featured-img":"","footer-sml-layout":"","ast-disable-related-posts":"","theme-transparent-header-meta":"","adv-header-id-meta":"","stick-header-meta":"","header-above-stick-meta":"","header-main-stick-meta":"","header-below-stick-meta":"","astra-migrate-meta-layouts":"default","ast-page-background-enabled":"default","ast-page-background-meta":{"desktop":{"background-color":"var(--ast-global-color-4)","background-image":"","background-repeat":"repeat","background-position":"center center","background-size":"auto","background-attachment":"scroll","background-type":"","background-media":"","overlay-type":"","overlay-color":"","overlay-opacity":"","overlay-gradient":""},"tablet":{"background-color":"","background-image":"","background-repeat":"repeat","background-position":"center center","background-size":"auto","background-attachment":"scroll","background-type":"","background-media":"","overlay-type":"","overlay-color":"","overlay-opacity":"","overlay-gradient":""},"mobile":{"background-color":"","background-image":"","background-repeat":"repeat","background-position":"center center","background-size":"auto","background-attachment":"scroll","background-type":"","background-media":"","overlay-type":"","overlay-color":"","overlay-opacity":"","overlay-gradient":""}},"ast-content-background-meta":{"desktop":{"background-color":"var(--ast-global-color-5)","background-image":"","background-repeat":"repeat","background-position":"center center","background-size":"auto","background-attachment":"scroll","background-type":"","background-media":"","overlay-type":"","overlay-color":"","overlay-opacity":"","overlay-gradient":""},"tablet":{"background-color":"var(--ast-global-color-5)","background-image":"","background-repeat":"repeat","background-position":"center center","background-size":"auto","background-attachment":"scroll","background-type":"","background-media":"","overlay-type":"","overlay-color":"","overlay-opacity":"","overlay-gradient":""},"mobile":{"background-color":"var(--ast-global-color-5)","background-image":"","background-repeat":"repeat","background-position":"center center","background-size":"auto","background-attachment":"scroll","background-type":"","background-media":"","overlay-type":"","overlay-color":"","overlay-opacity":"","overlay-gradient":""}},"footnotes":""},"sidkategorier":[],"class_list":["post-1508","page","type-page","status-publish","hentry"],"yoast_head":"<!-- This site is optimized with the Yoast SEO plugin v27.1.1 - https:\/\/yoast.com\/product\/yoast-seo-wordpress\/ -->\n<title>Ramundberget - En del av Fun\u00e4sfj\u00e4llen - T\u00e4nn\u00e4skr\u00f6ket<\/title>\n<meta name=\"robots\" content=\"index, follow, max-snippet:-1, max-image-preview:large, max-video-preview:-1\" \/>\n<link rel=\"canonical\" href=\"https:\/\/tannaskroket.se\/en\/funas-mountains\/ramund-mountain\/\" \/>\n<meta property=\"og:locale\" content=\"en_GB\" \/>\n<meta property=\"og:type\" content=\"article\" \/>\n<meta property=\"og:title\" content=\"Ramundberget - En del av Fun\u00e4sfj\u00e4llen - T\u00e4nn\u00e4skr\u00f6ket\" \/>\n<meta property=\"og:description\" content=\"Ca 15-20 minuter fr\u00e5n Fun\u00e4sdalen ligger Ramundberget. Denna skidort \u00e4r \u00e4ven den en del av Nordic ski Center och v\u00e4rldens l\u00e4ngsta l\u00e4ngd\u00e5kningssystem. Totalt erbjuder Ramundberget 42 nedfarter, tio liftar och 3 parker f\u00f6r snowboard\u00e5kning. L\u00e4ngsta nedfarten \u00e4r 1650 meter. I Ramundsberget finns \u00e4ven en skidskytte-stadio med 20 belysta banor. Ramundsberget bjuder p\u00e5 b\u00e5de breda familjepister [&hellip;]\" \/>\n<meta property=\"og:url\" content=\"https:\/\/tannaskroket.se\/en\/funas-mountains\/ramund-mountain\/\" \/>\n<meta property=\"og:site_name\" content=\"T\u00e4nn\u00e4skr\u00f6ket\" \/>\n<meta property=\"article:publisher\" content=\"https:\/\/www.facebook.com\/Tannaskroket\/\" \/>\n<meta property=\"article:modified_time\" content=\"2023-08-03T06:47:15+00:00\" \/>\n<meta name=\"twitter:card\" content=\"summary_large_image\" \/>\n<script type=\"application\/ld+json\" class=\"yoast-schema-graph\">{\"@context\":\"https:\/\/schema.org\",\"@graph\":[{\"@type\":\"WebPage\",\"@id\":\"https:\/\/tannaskroket.se\/funasfjallen\/ramundberget\/\",\"url\":\"https:\/\/tannaskroket.se\/funasfjallen\/ramundberget\/\",\"name\":\"Ramundberget - En del av Fun\u00e4sfj\u00e4llen - T\u00e4nn\u00e4skr\u00f6ket\",\"isPartOf\":{\"@id\":\"https:\/\/tannaskroket.se\/#website\"},\"datePublished\":\"2014-12-01T22:55:30+00:00\",\"dateModified\":\"2023-08-03T06:47:15+00:00\",\"breadcrumb\":{\"@id\":\"https:\/\/tannaskroket.se\/funasfjallen\/ramundberget\/#breadcrumb\"},\"inLanguage\":\"en-GB\",\"potentialAction\":[{\"@type\":\"ReadAction\",\"target\":[\"https:\/\/tannaskroket.se\/funasfjallen\/ramundberget\/\"]}]},{\"@type\":\"BreadcrumbList\",\"@id\":\"https:\/\/tannaskroket.se\/funasfjallen\/ramundberget\/#breadcrumb\",\"itemListElement\":[{\"@type\":\"ListItem\",\"position\":1,\"name\":\"Home\",\"item\":\"https:\/\/tannaskroket.se\/\"},{\"@type\":\"ListItem\",\"position\":2,\"name\":\"V\u00e4lkommen till Fun\u00e4sfj\u00e4llen\",\"item\":\"https:\/\/tannaskroket.se\/funasfjallen\/\"},{\"@type\":\"ListItem\",\"position\":3,\"name\":\"Ramundberget\"}]},{\"@type\":\"WebSite\",\"@id\":\"https:\/\/tannaskroket.se\/#website\",\"url\":\"https:\/\/tannaskroket.se\/\",\"name\":\"T\u00e4nn\u00e4skr\u00f6ket\",\"description\":\"Ett eget st\u00e4lle i fj\u00e4llen\",\"publisher\":{\"@id\":\"https:\/\/tannaskroket.se\/#organization\"},\"potentialAction\":[{\"@type\":\"SearchAction\",\"target\":{\"@type\":\"EntryPoint\",\"urlTemplate\":\"https:\/\/tannaskroket.se\/?s={search_term_string}\"},\"query-input\":{\"@type\":\"PropertyValueSpecification\",\"valueRequired\":true,\"valueName\":\"search_term_string\"}}],\"inLanguage\":\"en-GB\"},{\"@type\":\"Organization\",\"@id\":\"https:\/\/tannaskroket.se\/#organization\",\"name\":\"T\u00e4nn\u00e4skr\u00f6ket\",\"url\":\"https:\/\/tannaskroket.se\/\",\"logo\":{\"@type\":\"ImageObject\",\"inLanguage\":\"en-GB\",\"@id\":\"https:\/\/tannaskroket.se\/#\/schema\/logo\/image\/\",\"url\":\"https:\/\/tannaskroket.se\/wp-content\/uploads\/2022\/10\/tk_logo_100_s2.png\",\"contentUrl\":\"https:\/\/tannaskroket.se\/wp-content\/uploads\/2022\/10\/tk_logo_100_s2.png\",\"width\":100,\"height\":100,\"caption\":\"T\u00e4nn\u00e4skr\u00f6ket\"},\"image\":{\"@id\":\"https:\/\/tannaskroket.se\/#\/schema\/logo\/image\/\"},\"sameAs\":[\"https:\/\/www.facebook.com\/Tannaskroket\/\",\"https:\/\/www.instagram.com\/tannaskroket\/\"]}]}<\/script>\n<!-- \/ Yoast SEO plugin. -->","yoast_head_json":{"title":"Ramundberget - Part of Fun\u00e4sfj\u00e4llen - T\u00e4nn\u00e4skr\u00f6ket","robots":{"index":"index","follow":"follow","max-snippet":"max-snippet:-1","max-image-preview":"max-image-preview:large","max-video-preview":"max-video-preview:-1"},"canonical":"https:\/\/tannaskroket.se\/en\/funas-mountains\/ramund-mountain\/","og_locale":"en_GB","og_type":"article","og_title":"Ramundberget - En del av Fun\u00e4sfj\u00e4llen - T\u00e4nn\u00e4skr\u00f6ket","og_description":"Ca 15-20 minuter fr\u00e5n Fun\u00e4sdalen ligger Ramundberget. Denna skidort \u00e4r \u00e4ven den en del av Nordic ski Center och v\u00e4rldens l\u00e4ngsta l\u00e4ngd\u00e5kningssystem. Totalt erbjuder Ramundberget 42 nedfarter, tio liftar och 3 parker f\u00f6r snowboard\u00e5kning. L\u00e4ngsta nedfarten \u00e4r 1650 meter. I Ramundsberget finns \u00e4ven en skidskytte-stadio med 20 belysta banor. Ramundsberget bjuder p\u00e5 b\u00e5de breda familjepister [&hellip;]","og_url":"https:\/\/tannaskroket.se\/en\/funas-mountains\/ramund-mountain\/","og_site_name":"T\u00e4nn\u00e4skr\u00f6ket","article_publisher":"https:\/\/www.facebook.com\/Tannaskroket\/","article_modified_time":"2023-08-03T06:47:15+00:00","twitter_card":"summary_large_image","schema":{"@context":"https:\/\/schema.org","@graph":[{"@type":"WebPage","@id":"https:\/\/tannaskroket.se\/funasfjallen\/ramundberget\/","url":"https:\/\/tannaskroket.se\/funasfjallen\/ramundberget\/","name":"Ramundberget - Part of Fun\u00e4sfj\u00e4llen - T\u00e4nn\u00e4skr\u00f6ket","isPartOf":{"@id":"https:\/\/tannaskroket.se\/#website"},"datePublished":"2014-12-01T22:55:30+00:00","dateModified":"2023-08-03T06:47:15+00:00","breadcrumb":{"@id":"https:\/\/tannaskroket.se\/funasfjallen\/ramundberget\/#breadcrumb"},"inLanguage":"en-GB","potentialAction":[{"@type":"ReadAction","target":["https:\/\/tannaskroket.se\/funasfjallen\/ramundberget\/"]}]},{"@type":"BreadcrumbList","@id":"https:\/\/tannaskroket.se\/funasfjallen\/ramundberget\/#breadcrumb","itemListElement":[{"@type":"ListItem","position":1,"name":"Home","item":"https:\/\/tannaskroket.se\/"},{"@type":"ListItem","position":2,"name":"V\u00e4lkommen till Fun\u00e4sfj\u00e4llen","item":"https:\/\/tannaskroket.se\/funasfjallen\/"},{"@type":"ListItem","position":3,"name":"Ramundberget"}]},{"@type":"WebSite","@id":"https:\/\/tannaskroket.se\/#website","url":"https:\/\/tannaskroket.se\/","name":"T\u00e4nn\u00e4skr\u00f6ket","description":"A place of your own in the mountains","publisher":{"@id":"https:\/\/tannaskroket.se\/#organization"},"potentialAction":[{"@type":"SearchAction","target":{"@type":"EntryPoint","urlTemplate":"https:\/\/tannaskroket.se\/?s={search_term_string}"},"query-input":{"@type":"PropertyValueSpecification","valueRequired":true,"valueName":"search_term_string"}}],"inLanguage":"en-GB"},{"@type":"Organization","@id":"https:\/\/tannaskroket.se\/#organization","name":"T\u00e4nn\u00e4skr\u00f6ket","url":"https:\/\/tannaskroket.se\/","logo":{"@type":"ImageObject","inLanguage":"en-GB","@id":"https:\/\/tannaskroket.se\/#\/schema\/logo\/image\/","url":"https:\/\/tannaskroket.se\/wp-content\/uploads\/2022\/10\/tk_logo_100_s2.png","contentUrl":"https:\/\/tannaskroket.se\/wp-content\/uploads\/2022\/10\/tk_logo_100_s2.png","width":100,"height":100,"caption":"T\u00e4nn\u00e4skr\u00f6ket"},"image":{"@id":"https:\/\/tannaskroket.se\/#\/schema\/logo\/image\/"},"sameAs":["https:\/\/www.facebook.com\/Tannaskroket\/","https:\/\/www.instagram.com\/tannaskroket\/"]}]}},"_links":{"self":[{"href":"https:\/\/tannaskroket.se\/en\/wp-json\/wp\/v2\/pages\/1508","targetHints":{"allow":["GET"]}}],"collection":[{"href":"https:\/\/tannaskroket.se\/en\/wp-json\/wp\/v2\/pages"}],"about":[{"href":"https:\/\/tannaskroket.se\/en\/wp-json\/wp\/v2\/types\/page"}],"author":[{"embeddable":true,"href":"https:\/\/tannaskroket.se\/en\/wp-json\/wp\/v2\/users\/1"}],"replies":[{"embeddable":true,"href":"https:\/\/tannaskroket.se\/en\/wp-json\/wp\/v2\/comments?post=1508"}],"version-history":[{"count":1,"href":"https:\/\/tannaskroket.se\/en\/wp-json\/wp\/v2\/pages\/1508\/revisions"}],"predecessor-version":[{"id":10595,"href":"https:\/\/tannaskroket.se\/en\/wp-json\/wp\/v2\/pages\/1508\/revisions\/10595"}],"up":[{"embeddable":true,"href":"https:\/\/tannaskroket.se\/en\/wp-json\/wp\/v2\/pages\/740"}],"wp:attachment":[{"href":"https:\/\/tannaskroket.se\/en\/wp-json\/wp\/v2\/media?parent=1508"}],"wp:term":[{"taxonomy":"sidkategorier","embeddable":true,"href":"https:\/\/tannaskroket.se\/en\/wp-json\/wp\/v2\/sidkategorier?post=1508"}],"curies":[{"name":"wp","href":"https:\/\/api.w.org\/{rel}","templated":true}]}}