{"id":16718,"date":"2025-06-22T14:21:06","date_gmt":"2025-06-22T12:21:06","guid":{"rendered":"https:\/\/tannaskroket.se\/?page_id=16718"},"modified":"2026-03-31T07:57:43","modified_gmt":"2026-03-31T05:57:43","slug":"tannasbastun-sauna-with-funasfjallens-basta-view","status":"publish","type":"page","link":"https:\/\/tannaskroket.se\/en\/aret-runt\/tannasbastun-basta-med-funasfjallens-basta-utsikt\/","title":{"rendered":"Enjoy the best views of Fun\u00e4sfj\u00e4llen"},"content":{"rendered":"\t\t<div data-elementor-type=\"wp-page\" data-elementor-id=\"16718\" class=\"elementor elementor-16718\" data-elementor-post-type=\"page\">\n\t\t\t\t\t\t<section class=\"elementor-section elementor-top-section elementor-element elementor-element-64f6a7f elementor-section-height-min-height full-height-header elementor-section-boxed elementor-section-height-default elementor-section-items-middle\" data-id=\"64f6a7f\" data-element_type=\"section\" data-e-type=\"section\" data-settings=\"{&quot;background_background&quot;:&quot;classic&quot;,&quot;sticky&quot;:&quot;top&quot;,&quot;sticky_offset&quot;:95,&quot;sticky_on&quot;:[&quot;desktop&quot;,&quot;tablet&quot;,&quot;mobile&quot;],&quot;sticky_effects_offset&quot;:0,&quot;sticky_anchor_link_offset&quot;:0}\">\n\t\t\t\t\t\t<div class=\"elementor-container elementor-column-gap-default\">\n\t\t\t\t\t<div class=\"elementor-column elementor-col-100 elementor-top-column elementor-element elementor-element-52373d7\" data-id=\"52373d7\" data-element_type=\"column\" data-e-type=\"column\">\n\t\t\t<div class=\"elementor-widget-wrap elementor-element-populated\">\n\t\t\t\t\t\t<section class=\"elementor-section elementor-inner-section elementor-element elementor-element-f9df7f9 full-height-header-content elementor-section-boxed elementor-section-height-default elementor-section-height-default\" data-id=\"f9df7f9\" data-element_type=\"section\" data-e-type=\"section\" data-settings=\"{&quot;background_background&quot;:&quot;classic&quot;}\">\n\t\t\t\t\t\t<div class=\"elementor-container elementor-column-gap-default\">\n\t\t\t\t\t<div class=\"elementor-column elementor-col-100 elementor-inner-column elementor-element elementor-element-83f2ec5\" data-id=\"83f2ec5\" data-element_type=\"column\" data-e-type=\"column\">\n\t\t\t<div class=\"elementor-widget-wrap elementor-element-populated\">\n\t\t\t\t\t\t<div class=\"elementor-element elementor-element-4a15086 full-height-header-h1 elementor-widget elementor-widget-heading\" data-id=\"4a15086\" data-element_type=\"widget\" data-e-type=\"widget\" data-widget_type=\"heading.default\">\n\t\t\t\t<div class=\"elementor-widget-container\">\n\t\t\t\t\t<h1 class=\"elementor-heading-title elementor-size-default\">\u201dBasta p\u00e5 toppen av hemkr\u00f6ket med fun\u00e4sfj\u00e4llens b\u00e4sta utsikt\u201d<\/h1>\t\t\t\t<\/div>\n\t\t\t\t<\/div>\n\t\t\t\t<div class=\"elementor-element elementor-element-679857b full-height-header-content-more elementor-widget elementor-widget-heading\" data-id=\"679857b\" data-element_type=\"widget\" data-e-type=\"widget\" data-widget_type=\"heading.default\">\n\t\t\t\t<div class=\"elementor-widget-container\">\n\t\t\t\t\t<h3 class=\"elementor-heading-title elementor-size-default\">L\u00e4s mer<\/h3>\t\t\t\t<\/div>\n\t\t\t\t<\/div>\n\t\t\t\t<div class=\"elementor-element elementor-element-0bd7573 full-height-header-content-icon elementor-view-default elementor-widget elementor-widget-icon\" data-id=\"0bd7573\" data-element_type=\"widget\" data-e-type=\"widget\" data-widget_type=\"icon.default\">\n\t\t\t\t<div class=\"elementor-widget-container\">\n\t\t\t\t\t\t\t<div class=\"elementor-icon-wrapper\">\n\t\t\t<div class=\"elementor-icon\">\n\t\t\t<i aria-hidden=\"true\" class=\"fas fa-chevron-down\"><\/i>\t\t\t<\/div>\n\t\t<\/div>\n\t\t\t\t\t\t<\/div>\n\t\t\t\t<\/div>\n\t\t\t\t\t<\/div>\n\t\t<\/div>\n\t\t\t\t\t<\/div>\n\t\t<\/section>\n\t\t\t\t\t<\/div>\n\t\t<\/div>\n\t\t\t\t\t<\/div>\n\t\t<\/section>\n\t\t\t\t<section class=\"elementor-section elementor-top-section elementor-element elementor-element-0bfdf2f elementor-standard-section elementor-section-boxed elementor-section-height-default elementor-section-height-default\" data-id=\"0bfdf2f\" data-element_type=\"section\" data-e-type=\"section\" data-settings=\"{&quot;background_background&quot;:&quot;classic&quot;}\">\n\t\t\t\t\t\t<div class=\"elementor-container elementor-column-gap-default\">\n\t\t\t\t\t<div class=\"elementor-column elementor-col-100 elementor-top-column elementor-element elementor-element-a95396f\" data-id=\"a95396f\" data-element_type=\"column\" data-e-type=\"column\">\n\t\t\t<div class=\"elementor-widget-wrap elementor-element-populated\">\n\t\t\t\t\t\t<section class=\"elementor-section elementor-inner-section elementor-element elementor-element-cbd8b0d elementor-section-boxed elementor-section-height-default elementor-section-height-default\" data-id=\"cbd8b0d\" data-element_type=\"section\" data-e-type=\"section\">\n\t\t\t\t\t\t<div class=\"elementor-container elementor-column-gap-default\">\n\t\t\t\t\t<div class=\"elementor-column elementor-col-100 elementor-inner-column elementor-element elementor-element-bd7a8fb\" data-id=\"bd7a8fb\" data-element_type=\"column\" data-e-type=\"column\">\n\t\t\t<div class=\"elementor-widget-wrap elementor-element-populated\">\n\t\t\t\t\t\t<div class=\"elementor-element elementor-element-4e474c7 elementor-widget elementor-widget-heading\" data-id=\"4e474c7\" data-element_type=\"widget\" data-e-type=\"widget\" data-widget_type=\"heading.default\">\n\t\t\t\t<div class=\"elementor-widget-container\">\n\t\t\t\t\t<h2 class=\"elementor-heading-title elementor-size-default\">BaSTU P\u00c5 toppen AV HemKR\u00d6kET<\/h2>\t\t\t\t<\/div>\n\t\t\t\t<\/div>\n\t\t\t\t\t<\/div>\n\t\t<\/div>\n\t\t\t\t\t<\/div>\n\t\t<\/section>\n\t\t\t\t<section class=\"elementor-section elementor-inner-section elementor-element elementor-element-387c939 elementor-section-boxed elementor-section-height-default elementor-section-height-default\" data-id=\"387c939\" data-element_type=\"section\" data-e-type=\"section\">\n\t\t\t\t\t\t<div class=\"elementor-container elementor-column-gap-default\">\n\t\t\t\t\t<div class=\"elementor-column elementor-col-50 elementor-inner-column elementor-element elementor-element-7a0d2a1\" data-id=\"7a0d2a1\" data-element_type=\"column\" data-e-type=\"column\">\n\t\t\t<div class=\"elementor-widget-wrap elementor-element-populated\">\n\t\t\t\t\t\t<div class=\"elementor-element elementor-element-3f2ab0f elementor-widget elementor-widget-text-editor\" data-id=\"3f2ab0f\" data-element_type=\"widget\" data-e-type=\"widget\" data-widget_type=\"text-editor.default\">\n\t\t\t\t<div class=\"elementor-widget-container\">\n\t\t\t\t\t\t\t\t\t<h3><span style=\"font-weight: bold;\">Upplev en unik bastu i linbanans arkitektritade lifthus<\/span><\/h3><p>Lifthuset p\u00e5 toppen av Linbanan har nu f\u00e5tt nytt liv i form av en bastu, med fantastiskt utsikt. H\u00e4r bastar ni med och ser samtidigt ut\u00a0 \u00f6ver Norska fj\u00e4llen, Helags, Sylarna och Fun\u00e4sfj\u00e4llens mest v\u00e4lk\u00e4nda toppar med Lossen och T\u00e4nn\u00e4s i f\u00f6rgrunden. Om vintrarna kan man se norrskenet dansa \u00f6ver Fun\u00e4sdalen i fj\u00e4rran.<\/p><p>H\u00e4r finns varken varmvatten eller dusch, avsvalkning sker medelst hink och kallvatten eller sn\u00f6.<\/p><p><em>Under vinters\u00e4songen \u00e4r bastun bokningsbar under liftarnas \u00f6ppettider.<\/em><\/p><p>Kontakta bokning@tannaskroket.se f\u00f6r att boka bastun.\u00a0<br \/><span style=\"text-decoration: underline;\">Pris<\/span> 1500:-, 2 timmar, max 6 personer.<\/p><p data-start=\"86\" data-end=\"189\"><strong data-start=\"86\" data-end=\"135\">\u00c4r bastun p\u00e5 toppen av Hemkr\u00f6ket redan bokad?<\/strong><br data-start=\"135\" data-end=\"138\" \/>Boka ist\u00e4llet Bastuk\u00e5tan eller Bastutunnan.<\/p><p data-start=\"191\" data-end=\"407\">Bastutunnan \u00e4r vedeldad och ligger med utsikt \u00f6ver T\u00e4nn\u00e4skr\u00f6kets tj\u00e4rn. H\u00e4r kan ni njuta av en avkopplande stund vid vattnet \u2013 kanske grilla en korv eller fiska lite medan bastun v\u00e4rms upp till \u00f6nskad temperatur.<br \/>L\u00e4r mer om den <a href=\"https:\/\/tannaskroket.se\/aret-runt\/bastutunna\/\">h\u00e4r.<\/a><\/p><p>Eller boka Bastuk\u00e5tan, bel\u00e4gen n\u00e4ra Renstr\u00e5ket ett lite lyxigare alternativ med b\u00e5de omkl\u00e4dningsrum och duschar i huset. L\u00e4s mer <a href=\"https:\/\/tannaskroket.se\/aret-runt\/bastukatan\/\">h\u00e4r.<\/a><\/p>\t\t\t\t\t\t\t\t<\/div>\n\t\t\t\t<\/div>\n\t\t\t\t\t<\/div>\n\t\t<\/div>\n\t\t\t\t<div class=\"elementor-column elementor-col-50 elementor-inner-column elementor-element elementor-element-a6b74f2\" data-id=\"a6b74f2\" data-element_type=\"column\" data-e-type=\"column\">\n\t\t\t<div class=\"elementor-widget-wrap elementor-element-populated\">\n\t\t\t\t\t\t<div class=\"elementor-element elementor-element-3eecd19 elementor-widget elementor-widget-image\" data-id=\"3eecd19\" data-element_type=\"widget\" data-e-type=\"widget\" data-widget_type=\"image.default\">\n\t\t\t\t<div class=\"elementor-widget-container\">\n\t\t\t\t\t\t\t\t\t\t\t\t\t\t\t<img fetchpriority=\"high\" decoding=\"async\" width=\"830\" height=\"1024\" src=\"https:\/\/tannaskroket.se\/wp-content\/uploads\/2023\/04\/Foto-2021-01-27-16-39-36-830x1024.jpg\" class=\"attachment-large size-large wp-image-10035\" alt=\"Bastu\" srcset=\"https:\/\/tannaskroket.se\/wp-content\/uploads\/2023\/04\/Foto-2021-01-27-16-39-36-830x1024.jpg 830w, https:\/\/tannaskroket.se\/wp-content\/uploads\/2023\/04\/Foto-2021-01-27-16-39-36-243x300.jpg 243w, https:\/\/tannaskroket.se\/wp-content\/uploads\/2023\/04\/Foto-2021-01-27-16-39-36-768x947.jpg 768w, https:\/\/tannaskroket.se\/wp-content\/uploads\/2023\/04\/Foto-2021-01-27-16-39-36-1245x1536.jpg 1245w, https:\/\/tannaskroket.se\/wp-content\/uploads\/2023\/04\/Foto-2021-01-27-16-39-36-1661x2048.jpg 1661w, https:\/\/tannaskroket.se\/wp-content\/uploads\/2023\/04\/Foto-2021-01-27-16-39-36-10x12.jpg 10w, https:\/\/tannaskroket.se\/wp-content\/uploads\/2023\/04\/Foto-2021-01-27-16-39-36-19x24.jpg 19w, https:\/\/tannaskroket.se\/wp-content\/uploads\/2023\/04\/Foto-2021-01-27-16-39-36-29x36.jpg 29w, https:\/\/tannaskroket.se\/wp-content\/uploads\/2023\/04\/Foto-2021-01-27-16-39-36-39x48.jpg 39w\" sizes=\"(max-width: 830px) 100vw, 830px\" \/>\t\t\t\t\t\t\t\t\t\t\t\t\t\t\t<\/div>\n\t\t\t\t<\/div>\n\t\t\t\t\t<\/div>\n\t\t<\/div>\n\t\t\t\t\t<\/div>\n\t\t<\/section>\n\t\t\t\t\t<\/div>\n\t\t<\/div>\n\t\t\t\t\t<\/div>\n\t\t<\/section>\n\t\t\t\t<\/div>\n\t\t","protected":false},"excerpt":{"rendered":"<p>\u201dBasta p\u00e5 toppen av hemkr\u00f6ket med fun\u00e4sfj\u00e4llens b\u00e4sta utsikt\u201d L\u00e4s mer BaSTU P\u00c5 toppen AV HemKR\u00d6kET Upplev en unik bastu i linbanans arkitektritade lifthus Lifthuset p\u00e5 toppen av Linbanan har nu f\u00e5tt nytt liv i form av en bastu, med fantastiskt utsikt. H\u00e4r bastar ni med och ser samtidigt ut\u00a0 \u00f6ver Norska fj\u00e4llen, Helags, Sylarna [&hellip;]<\/p>\n","protected":false},"author":12,"featured_media":16720,"parent":1476,"menu_order":2,"comment_status":"closed","ping_status":"closed","template":"","meta":{"site-sidebar-layout":"no-sidebar","site-content-layout":"page-builder","ast-site-content-layout":"default","site-content-style":"default","site-sidebar-style":"default","ast-global-header-display":"","ast-banner-title-visibility":"","ast-main-header-display":"","ast-hfb-above-header-display":"","ast-hfb-below-header-display":"","ast-hfb-mobile-header-display":"","site-post-title":"disabled","ast-breadcrumbs-content":"","ast-featured-img":"disabled","footer-sml-layout":"","ast-disable-related-posts":"","theme-transparent-header-meta":"","adv-header-id-meta":"","stick-header-meta":"","header-above-stick-meta":"","header-main-stick-meta":"","header-below-stick-meta":"","astra-migrate-meta-layouts":"default","ast-page-background-enabled":"default","ast-page-background-meta":{"desktop":{"background-color":"var(--ast-global-color-4)","background-image":"","background-repeat":"repeat","background-position":"center center","background-size":"auto","background-attachment":"scroll","background-type":"","background-media":"","overlay-type":"","overlay-color":"","overlay-opacity":"","overlay-gradient":""},"tablet":{"background-color":"","background-image":"","background-repeat":"repeat","background-position":"center center","background-size":"auto","background-attachment":"scroll","background-type":"","background-media":"","overlay-type":"","overlay-color":"","overlay-opacity":"","overlay-gradient":""},"mobile":{"background-color":"","background-image":"","background-repeat":"repeat","background-position":"center center","background-size":"auto","background-attachment":"scroll","background-type":"","background-media":"","overlay-type":"","overlay-color":"","overlay-opacity":"","overlay-gradient":""}},"ast-content-background-meta":{"desktop":{"background-color":"var(--ast-global-color-5)","background-image":"","background-repeat":"repeat","background-position":"center center","background-size":"auto","background-attachment":"scroll","background-type":"","background-media":"","overlay-type":"","overlay-color":"","overlay-opacity":"","overlay-gradient":""},"tablet":{"background-color":"var(--ast-global-color-5)","background-image":"","background-repeat":"repeat","background-position":"center center","background-size":"auto","background-attachment":"scroll","background-type":"","background-media":"","overlay-type":"","overlay-color":"","overlay-opacity":"","overlay-gradient":""},"mobile":{"background-color":"var(--ast-global-color-5)","background-image":"","background-repeat":"repeat","background-position":"center center","background-size":"auto","background-attachment":"scroll","background-type":"","background-media":"","overlay-type":"","overlay-color":"","overlay-opacity":"","overlay-gradient":""}},"footnotes":""},"sidkategorier":[],"class_list":["post-16718","page","type-page","status-publish","has-post-thumbnail","hentry"],"yoast_head":"<!-- This site is optimized with the Yoast SEO plugin v27.1.1 - https:\/\/yoast.com\/product\/yoast-seo-wordpress\/ -->\n<title>Spak\u00e5tan - En plats att koppla av p\u00e5 - T\u00e4nn\u00e4skr\u00f6ket<\/title>\n<meta name=\"robots\" content=\"index, follow, max-snippet:-1, max-image-preview:large, max-video-preview:-1\" \/>\n<link rel=\"canonical\" href=\"https:\/\/tannaskroket.se\/en\/around-the-year\/tannasbastun-sauna-with-funasfjallens-basta-view\/\" \/>\n<meta property=\"og:locale\" content=\"en_GB\" \/>\n<meta property=\"og:type\" content=\"article\" \/>\n<meta property=\"og:title\" content=\"Spak\u00e5tan - En plats att koppla av p\u00e5 - T\u00e4nn\u00e4skr\u00f6ket\" \/>\n<meta property=\"og:description\" content=\"\u201dBasta p\u00e5 toppen av hemkr\u00f6ket med fun\u00e4sfj\u00e4llens b\u00e4sta utsikt\u201d L\u00e4s mer BaSTU P\u00c5 toppen AV HemKR\u00d6kET Upplev en unik bastu i linbanans arkitektritade lifthus Lifthuset p\u00e5 toppen av Linbanan har nu f\u00e5tt nytt liv i form av en bastu, med fantastiskt utsikt. H\u00e4r bastar ni med och ser samtidigt ut\u00a0 \u00f6ver Norska fj\u00e4llen, Helags, Sylarna [&hellip;]\" \/>\n<meta property=\"og:url\" content=\"https:\/\/tannaskroket.se\/en\/around-the-year\/tannasbastun-sauna-with-funasfjallens-basta-view\/\" \/>\n<meta property=\"og:site_name\" content=\"T\u00e4nn\u00e4skr\u00f6ket\" \/>\n<meta property=\"article:publisher\" content=\"https:\/\/www.facebook.com\/Tannaskroket\/\" \/>\n<meta property=\"article:modified_time\" content=\"2026-03-31T05:57:43+00:00\" \/>\n<meta property=\"og:image\" content=\"https:\/\/tannaskroket.se\/wp-content\/uploads\/2025\/05\/Kroketbastun-1-scaled.jpg\" \/>\n\t<meta property=\"og:image:width\" content=\"2560\" \/>\n\t<meta property=\"og:image:height\" content=\"1536\" \/>\n\t<meta property=\"og:image:type\" content=\"image\/jpeg\" \/>\n<meta name=\"twitter:card\" content=\"summary_large_image\" \/>\n<meta name=\"twitter:label1\" content=\"Estimated reading time\" \/>\n\t<meta name=\"twitter:data1\" content=\"1 minute\" \/>\n<script type=\"application\/ld+json\" class=\"yoast-schema-graph\">{\"@context\":\"https:\/\/schema.org\",\"@graph\":[{\"@type\":\"WebPage\",\"@id\":\"https:\/\/tannaskroket.se\/aret-runt\/tannasbastun-basta-med-funasfjallens-basta-utsikt\/\",\"url\":\"https:\/\/tannaskroket.se\/aret-runt\/tannasbastun-basta-med-funasfjallens-basta-utsikt\/\",\"name\":\"Spak\u00e5tan - En plats att koppla av p\u00e5 - T\u00e4nn\u00e4skr\u00f6ket\",\"isPartOf\":{\"@id\":\"https:\/\/tannaskroket.se\/#website\"},\"primaryImageOfPage\":{\"@id\":\"https:\/\/tannaskroket.se\/aret-runt\/tannasbastun-basta-med-funasfjallens-basta-utsikt\/#primaryimage\"},\"image\":{\"@id\":\"https:\/\/tannaskroket.se\/aret-runt\/tannasbastun-basta-med-funasfjallens-basta-utsikt\/#primaryimage\"},\"thumbnailUrl\":\"https:\/\/tannaskroket.se\/wp-content\/uploads\/2025\/05\/Kroketbastun-1-scaled.jpg\",\"datePublished\":\"2025-06-22T12:21:06+00:00\",\"dateModified\":\"2026-03-31T05:57:43+00:00\",\"breadcrumb\":{\"@id\":\"https:\/\/tannaskroket.se\/aret-runt\/tannasbastun-basta-med-funasfjallens-basta-utsikt\/#breadcrumb\"},\"inLanguage\":\"en-GB\",\"potentialAction\":[{\"@type\":\"ReadAction\",\"target\":[\"https:\/\/tannaskroket.se\/aret-runt\/tannasbastun-basta-med-funasfjallens-basta-utsikt\/\"]}]},{\"@type\":\"ImageObject\",\"inLanguage\":\"en-GB\",\"@id\":\"https:\/\/tannaskroket.se\/aret-runt\/tannasbastun-basta-med-funasfjallens-basta-utsikt\/#primaryimage\",\"url\":\"https:\/\/tannaskroket.se\/wp-content\/uploads\/2025\/05\/Kroketbastun-1-scaled.jpg\",\"contentUrl\":\"https:\/\/tannaskroket.se\/wp-content\/uploads\/2025\/05\/Kroketbastun-1-scaled.jpg\",\"width\":2560,\"height\":1536,\"caption\":\"default\"},{\"@type\":\"BreadcrumbList\",\"@id\":\"https:\/\/tannaskroket.se\/aret-runt\/tannasbastun-basta-med-funasfjallens-basta-utsikt\/#breadcrumb\",\"itemListElement\":[{\"@type\":\"ListItem\",\"position\":1,\"name\":\"Home\",\"item\":\"https:\/\/tannaskroket.se\/\"},{\"@type\":\"ListItem\",\"position\":2,\"name\":\"\u00c5ret runt\",\"item\":\"https:\/\/tannaskroket.se\/?page_id=1476\"},{\"@type\":\"ListItem\",\"position\":3,\"name\":\"Basta med Fun\u00e4sfj\u00e4llens b\u00e4sta utsikt\"}]},{\"@type\":\"WebSite\",\"@id\":\"https:\/\/tannaskroket.se\/#website\",\"url\":\"https:\/\/tannaskroket.se\/\",\"name\":\"T\u00e4nn\u00e4skr\u00f6ket\",\"description\":\"Ett eget st\u00e4lle i fj\u00e4llen\",\"publisher\":{\"@id\":\"https:\/\/tannaskroket.se\/#organization\"},\"potentialAction\":[{\"@type\":\"SearchAction\",\"target\":{\"@type\":\"EntryPoint\",\"urlTemplate\":\"https:\/\/tannaskroket.se\/?s={search_term_string}\"},\"query-input\":{\"@type\":\"PropertyValueSpecification\",\"valueRequired\":true,\"valueName\":\"search_term_string\"}}],\"inLanguage\":\"en-GB\"},{\"@type\":\"Organization\",\"@id\":\"https:\/\/tannaskroket.se\/#organization\",\"name\":\"T\u00e4nn\u00e4skr\u00f6ket\",\"url\":\"https:\/\/tannaskroket.se\/\",\"logo\":{\"@type\":\"ImageObject\",\"inLanguage\":\"en-GB\",\"@id\":\"https:\/\/tannaskroket.se\/#\/schema\/logo\/image\/\",\"url\":\"https:\/\/tannaskroket.se\/wp-content\/uploads\/2022\/10\/tk_logo_100_s2.png\",\"contentUrl\":\"https:\/\/tannaskroket.se\/wp-content\/uploads\/2022\/10\/tk_logo_100_s2.png\",\"width\":100,\"height\":100,\"caption\":\"T\u00e4nn\u00e4skr\u00f6ket\"},\"image\":{\"@id\":\"https:\/\/tannaskroket.se\/#\/schema\/logo\/image\/\"},\"sameAs\":[\"https:\/\/www.facebook.com\/Tannaskroket\/\",\"https:\/\/www.instagram.com\/tannaskroket\/\"]}]}<\/script>\n<!-- \/ Yoast SEO plugin. -->","yoast_head_json":{"title":"Spak\u00e5tan - A place to relax - T\u00e4nn\u00e4skr\u00f6ket","robots":{"index":"index","follow":"follow","max-snippet":"max-snippet:-1","max-image-preview":"max-image-preview:large","max-video-preview":"max-video-preview:-1"},"canonical":"https:\/\/tannaskroket.se\/en\/around-the-year\/tannasbastun-sauna-with-funasfjallens-basta-view\/","og_locale":"en_GB","og_type":"article","og_title":"Spak\u00e5tan - En plats att koppla av p\u00e5 - T\u00e4nn\u00e4skr\u00f6ket","og_description":"\u201dBasta p\u00e5 toppen av hemkr\u00f6ket med fun\u00e4sfj\u00e4llens b\u00e4sta utsikt\u201d L\u00e4s mer BaSTU P\u00c5 toppen AV HemKR\u00d6kET Upplev en unik bastu i linbanans arkitektritade lifthus Lifthuset p\u00e5 toppen av Linbanan har nu f\u00e5tt nytt liv i form av en bastu, med fantastiskt utsikt. H\u00e4r bastar ni med och ser samtidigt ut\u00a0 \u00f6ver Norska fj\u00e4llen, Helags, Sylarna [&hellip;]","og_url":"https:\/\/tannaskroket.se\/en\/around-the-year\/tannasbastun-sauna-with-funasfjallens-basta-view\/","og_site_name":"T\u00e4nn\u00e4skr\u00f6ket","article_publisher":"https:\/\/www.facebook.com\/Tannaskroket\/","article_modified_time":"2026-03-31T05:57:43+00:00","og_image":[{"width":2560,"height":1536,"url":"https:\/\/tannaskroket.se\/wp-content\/uploads\/2025\/05\/Kroketbastun-1-scaled.jpg","type":"image\/jpeg"}],"twitter_card":"summary_large_image","twitter_misc":{"Estimated reading time":"1 minute"},"schema":{"@context":"https:\/\/schema.org","@graph":[{"@type":"WebPage","@id":"https:\/\/tannaskroket.se\/aret-runt\/tannasbastun-basta-med-funasfjallens-basta-utsikt\/","url":"https:\/\/tannaskroket.se\/aret-runt\/tannasbastun-basta-med-funasfjallens-basta-utsikt\/","name":"Spak\u00e5tan - A place to relax - T\u00e4nn\u00e4skr\u00f6ket","isPartOf":{"@id":"https:\/\/tannaskroket.se\/#website"},"primaryImageOfPage":{"@id":"https:\/\/tannaskroket.se\/aret-runt\/tannasbastun-basta-med-funasfjallens-basta-utsikt\/#primaryimage"},"image":{"@id":"https:\/\/tannaskroket.se\/aret-runt\/tannasbastun-basta-med-funasfjallens-basta-utsikt\/#primaryimage"},"thumbnailUrl":"https:\/\/tannaskroket.se\/wp-content\/uploads\/2025\/05\/Kroketbastun-1-scaled.jpg","datePublished":"2025-06-22T12:21:06+00:00","dateModified":"2026-03-31T05:57:43+00:00","breadcrumb":{"@id":"https:\/\/tannaskroket.se\/aret-runt\/tannasbastun-basta-med-funasfjallens-basta-utsikt\/#breadcrumb"},"inLanguage":"en-GB","potentialAction":[{"@type":"ReadAction","target":["https:\/\/tannaskroket.se\/aret-runt\/tannasbastun-basta-med-funasfjallens-basta-utsikt\/"]}]},{"@type":"ImageObject","inLanguage":"en-GB","@id":"https:\/\/tannaskroket.se\/aret-runt\/tannasbastun-basta-med-funasfjallens-basta-utsikt\/#primaryimage","url":"https:\/\/tannaskroket.se\/wp-content\/uploads\/2025\/05\/Kroketbastun-1-scaled.jpg","contentUrl":"https:\/\/tannaskroket.se\/wp-content\/uploads\/2025\/05\/Kroketbastun-1-scaled.jpg","width":2560,"height":1536,"caption":"default"},{"@type":"BreadcrumbList","@id":"https:\/\/tannaskroket.se\/aret-runt\/tannasbastun-basta-med-funasfjallens-basta-utsikt\/#breadcrumb","itemListElement":[{"@type":"ListItem","position":1,"name":"Home","item":"https:\/\/tannaskroket.se\/"},{"@type":"ListItem","position":2,"name":"\u00c5ret runt","item":"https:\/\/tannaskroket.se\/?page_id=1476"},{"@type":"ListItem","position":3,"name":"Basta med Fun\u00e4sfj\u00e4llens b\u00e4sta utsikt"}]},{"@type":"WebSite","@id":"https:\/\/tannaskroket.se\/#website","url":"https:\/\/tannaskroket.se\/","name":"T\u00e4nn\u00e4skr\u00f6ket","description":"A place of your own in the mountains","publisher":{"@id":"https:\/\/tannaskroket.se\/#organization"},"potentialAction":[{"@type":"SearchAction","target":{"@type":"EntryPoint","urlTemplate":"https:\/\/tannaskroket.se\/?s={search_term_string}"},"query-input":{"@type":"PropertyValueSpecification","valueRequired":true,"valueName":"search_term_string"}}],"inLanguage":"en-GB"},{"@type":"Organization","@id":"https:\/\/tannaskroket.se\/#organization","name":"T\u00e4nn\u00e4skr\u00f6ket","url":"https:\/\/tannaskroket.se\/","logo":{"@type":"ImageObject","inLanguage":"en-GB","@id":"https:\/\/tannaskroket.se\/#\/schema\/logo\/image\/","url":"https:\/\/tannaskroket.se\/wp-content\/uploads\/2022\/10\/tk_logo_100_s2.png","contentUrl":"https:\/\/tannaskroket.se\/wp-content\/uploads\/2022\/10\/tk_logo_100_s2.png","width":100,"height":100,"caption":"T\u00e4nn\u00e4skr\u00f6ket"},"image":{"@id":"https:\/\/tannaskroket.se\/#\/schema\/logo\/image\/"},"sameAs":["https:\/\/www.facebook.com\/Tannaskroket\/","https:\/\/www.instagram.com\/tannaskroket\/"]}]}},"_links":{"self":[{"href":"https:\/\/tannaskroket.se\/en\/wp-json\/wp\/v2\/pages\/16718","targetHints":{"allow":["GET"]}}],"collection":[{"href":"https:\/\/tannaskroket.se\/en\/wp-json\/wp\/v2\/pages"}],"about":[{"href":"https:\/\/tannaskroket.se\/en\/wp-json\/wp\/v2\/types\/page"}],"author":[{"embeddable":true,"href":"https:\/\/tannaskroket.se\/en\/wp-json\/wp\/v2\/users\/12"}],"replies":[{"embeddable":true,"href":"https:\/\/tannaskroket.se\/en\/wp-json\/wp\/v2\/comments?post=16718"}],"version-history":[{"count":27,"href":"https:\/\/tannaskroket.se\/en\/wp-json\/wp\/v2\/pages\/16718\/revisions"}],"predecessor-version":[{"id":19438,"href":"https:\/\/tannaskroket.se\/en\/wp-json\/wp\/v2\/pages\/16718\/revisions\/19438"}],"up":[{"embeddable":true,"href":"https:\/\/tannaskroket.se\/en\/wp-json\/wp\/v2\/pages\/1476"}],"wp:featuredmedia":[{"embeddable":true,"href":"https:\/\/tannaskroket.se\/en\/wp-json\/wp\/v2\/media\/16720"}],"wp:attachment":[{"href":"https:\/\/tannaskroket.se\/en\/wp-json\/wp\/v2\/media?parent=16718"}],"wp:term":[{"taxonomy":"sidkategorier","embeddable":true,"href":"https:\/\/tannaskroket.se\/en\/wp-json\/wp\/v2\/sidkategorier?post=16718"}],"curies":[{"name":"wp","href":"https:\/\/api.w.org\/{rel}","templated":true}]}}