{"id":4009,"date":"2018-05-30T13:54:00","date_gmt":"2018-05-30T11:54:00","guid":{"rendered":"https:\/\/dev.tannaskroket.se\/?page_id=4009"},"modified":"2023-08-03T08:47:14","modified_gmt":"2023-08-03T06:47:14","slug":"privacy-policy","status":"publish","type":"page","link":"https:\/\/tannaskroket.se\/en\/personuppgiftspolicy\/","title":{"rendered":"Personal data policy"},"content":{"rendered":"<p>T\u00e4nn\u00e4skr\u00f6ket AB cares about your privacy and strives to protect your personal data in the best possible way. This policy sets out T\u00e4nn\u00e4skr\u00f6ket's rules on the collection and processing of personal data and the use of cookies. T\u00e4nn\u00e4skr\u00f6ket is committed to respecting and protecting such information and your privacy in accordance with applicable Swedish law. By agreeing to our terms, you consent to our use of your personal data in this way. We will not share your personal data with partners or third parties, unless there are special reasons, such as police, prosecutors or similar requesting information.<\/p>\n<h5>WHAT PERSONAL DATA WE PROCESS<\/h5>\n<p><strong>When booking<\/strong><br \/>\nWhen you book with us, you provide certain information about yourself. We process and protect your personal data in accordance with applicable personal data legislation. We use the information to identify you. We also use the information to send you information about news and offers that we think may be of interest to you. Your personal data is only transferred to our partners when it is necessary for us to carry out the stated purposes. For example, your contact details are checked, updated and supplemented by our partners to ensure that we have the correct information for you. We never sell your personal data to third parties. Furthermore, we use your data for certain analytical, and statistical purposes.<\/p>\n<p><strong>When visiting the website<\/strong><br \/>\nT\u00e4nn\u00e4skr\u00f6ket can save your IP address, what you post on the internet via social media, for example, searches you make via search engines on the internet, which website you come from, which website you go to after visiting, as well as what choices you make and what type of information and events you show interest in. Demographic and geographic information may also be stored.<\/p>\n<p><strong>When responding to a survey\/market research<\/strong><br \/>\nT\u00e4nn\u00e4skr\u00f6ket saves information from marketing surveys and mailings: your responses to, and use of, marketing surveys, promotional mailings and emails may be saved. Among other things, information about your use of email newsletters, including the opening of newsletters, which links are clicked and the type of information you show interest in may be stored.<\/p>\n<p><strong>Information you provide when contacting T\u00e4nn\u00e4skr\u00f6ket<\/strong><br \/>\nYou can provide T\u00e4nn\u00e4skr\u00f6ket with information when creating an account, choosing settings or services, booking accommodation\/activities on the Internet, contacting T\u00e4nn\u00e4skr\u00f6ket by telephone, using web forms or e-mail, etc.<\/p>\n<p><strong>Data about your preferences and usage<\/strong><br \/>\nRetrieved through so-called cookies placed by T\u00e4nn\u00e4skr\u00f6ket, or placed there by third parties. T\u00e4nn\u00e4skr\u00f6ket may also collect such information from social networks or other third parties such as advertising networks or newsletter providers.<\/p>\n<h5>WHY WE PROCESS PERSONAL DATA<\/h5>\n<p>- To enable us to carry out the usual customer administration and to fulfil our obligations to you<br \/>\n- Be able to offer a higher level of service<br \/>\n- Ensure that each accommodation\/activity has access to reliable personal documentation in the event of an accident<br \/>\n- In order to provide you with relevant content in the form of newsletters, advertisements, SMS or any other type of information that you request.<\/p>\n<h5>WITH WHOM WE SHARE PERSONAL DATA<\/h5>\n<p>As part of T\u00e4nn\u00e4skr\u00f6ket's processing of collected information, we may transfer it to companies\/products we provide. This means that certain information about you and your preferences may be transferred to third parties, including in countries outside the EU, either automatically through third party intermediaries or via agents. For countries outside the EU, different legislation may apply regarding the protection of your personal data.<\/p>\n<h5>HOW LONG WE KEEP YOUR DATA<\/h5>\n<p>T\u00e4nn\u00e4skr\u00f6ket saves your personal data for as long as it is necessary to achieve the purposes described in the policy. If you unsubscribe from our services, we will delete your personal data as soon as we can, with the exception of de-identified data that we may keep for statistical purposes and for additional posts published on our social media channels.<\/p>\n<h5>IF YOU WANT TO KNOW MORE<\/h5>\n<p>Once a calendar year, you can find out free of charge which of your personal data we are processing. Your written request should be sent to the postal address below and must be signed by you personally. You can request us to correct or delete your data at any time if it is found to be inaccurate or out of date.<\/p>\n<p>T\u00e4nn\u00e4skr\u00f6ket AB (5566607171) is the data controller in accordance with the General Data Protection Regulation (GDPR)<\/p>\n<p><strong>Contact details<\/strong><br \/>\nT\u00e4nn\u00e4skr\u00f6ket AB<br \/>\nKarl Johans V\u00e4g 1, 840 94 T\u00e4nn\u00e4s<\/p>\n<h5>HOW DO I CANCEL AND DELETE MY PERSONAL DATA?<\/h5>\n<p>If you want to unsubscribe, please email to <a href=\"mailto:bokning@tannaskroket.se\">bokning@tannaskroket.se<\/a>\u00a0we will delete you from our register and you will receive a confirmation that this has been done.<\/p>\n<h5>COOKIES<\/h5>\n<p>our websites use cookies to make the site work better for you. By continuing to browse, you agree to our use of cookies.<\/p>\n<p>What are cookies ? Link to explanation below.<\/p>\n<p><a href=\"https:\/\/www.skatteverket.se\/4.14c8822103addae55580003.html\" target=\"_blank\" rel=\"noopener\">https:\/\/www.skatteverket.se\/4.14c8822103addae55580003.html<\/a><\/p>","protected":false},"excerpt":{"rendered":"<p>T\u00e4nn\u00e4skr\u00f6ket AB v\u00e4rnar om din personliga integritet och str\u00e4var efter att skydda dina personuppgifter p\u00e5 b\u00e4sta s\u00e4tt. Denna policy redog\u00f6r f\u00f6r T\u00e4nn\u00e4skr\u00f6kets best\u00e4mmelser kring insamlande och behandling av personuppgifter samt anv\u00e4ndande av cookies. T\u00e4nn\u00e4skr\u00f6ket f\u00f6rbinder sig att respektera och skydda s\u00e5dan information och din personliga integritet i enlighet med g\u00e4llande svensk lagstiftning. Genom att godk\u00e4nna [&hellip;]<\/p>\n","protected":false},"author":2,"featured_media":0,"parent":0,"menu_order":0,"comment_status":"closed","ping_status":"open","template":"","meta":{"site-sidebar-layout":"default","site-content-layout":"","ast-site-content-layout":"default","site-content-style":"default","site-sidebar-style":"default","ast-global-header-display":"","ast-banner-title-visibility":"","ast-main-header-display":"","ast-hfb-above-header-display":"","ast-hfb-below-header-display":"","ast-hfb-mobile-header-display":"","site-post-title":"","ast-breadcrumbs-content":"","ast-featured-img":"","footer-sml-layout":"","ast-disable-related-posts":"","theme-transparent-header-meta":"","adv-header-id-meta":"","stick-header-meta":"","header-above-stick-meta":"","header-main-stick-meta":"","header-below-stick-meta":"","astra-migrate-meta-layouts":"default","ast-page-background-enabled":"default","ast-page-background-meta":{"desktop":{"background-color":"var(--ast-global-color-4)","background-image":"","background-repeat":"repeat","background-position":"center center","background-size":"auto","background-attachment":"scroll","background-type":"","background-media":"","overlay-type":"","overlay-color":"","overlay-opacity":"","overlay-gradient":""},"tablet":{"background-color":"","background-image":"","background-repeat":"repeat","background-position":"center center","background-size":"auto","background-attachment":"scroll","background-type":"","background-media":"","overlay-type":"","overlay-color":"","overlay-opacity":"","overlay-gradient":""},"mobile":{"background-color":"","background-image":"","background-repeat":"repeat","background-position":"center center","background-size":"auto","background-attachment":"scroll","background-type":"","background-media":"","overlay-type":"","overlay-color":"","overlay-opacity":"","overlay-gradient":""}},"ast-content-background-meta":{"desktop":{"background-color":"var(--ast-global-color-5)","background-image":"","background-repeat":"repeat","background-position":"center center","background-size":"auto","background-attachment":"scroll","background-type":"","background-media":"","overlay-type":"","overlay-color":"","overlay-opacity":"","overlay-gradient":""},"tablet":{"background-color":"var(--ast-global-color-5)","background-image":"","background-repeat":"repeat","background-position":"center center","background-size":"auto","background-attachment":"scroll","background-type":"","background-media":"","overlay-type":"","overlay-color":"","overlay-opacity":"","overlay-gradient":""},"mobile":{"background-color":"var(--ast-global-color-5)","background-image":"","background-repeat":"repeat","background-position":"center center","background-size":"auto","background-attachment":"scroll","background-type":"","background-media":"","overlay-type":"","overlay-color":"","overlay-opacity":"","overlay-gradient":""}},"footnotes":""},"sidkategorier":[],"class_list":["post-4009","page","type-page","status-publish","hentry"],"yoast_head":"<!-- This site is optimized with the Yoast SEO plugin v27.1.1 - https:\/\/yoast.com\/product\/yoast-seo-wordpress\/ -->\n<title>Personuppgiftspolicy - T\u00e4nn\u00e4skr\u00f6ket<\/title>\n<meta name=\"robots\" content=\"index, follow, max-snippet:-1, max-image-preview:large, max-video-preview:-1\" \/>\n<link rel=\"canonical\" href=\"https:\/\/tannaskroket.se\/en\/privacy-policy\/\" \/>\n<meta property=\"og:locale\" content=\"en_GB\" \/>\n<meta property=\"og:type\" content=\"article\" \/>\n<meta property=\"og:title\" content=\"Personuppgiftspolicy - T\u00e4nn\u00e4skr\u00f6ket\" \/>\n<meta property=\"og:description\" content=\"T\u00e4nn\u00e4skr\u00f6ket AB v\u00e4rnar om din personliga integritet och str\u00e4var efter att skydda dina personuppgifter p\u00e5 b\u00e4sta s\u00e4tt. Denna policy redog\u00f6r f\u00f6r T\u00e4nn\u00e4skr\u00f6kets best\u00e4mmelser kring insamlande och behandling av personuppgifter samt anv\u00e4ndande av cookies. T\u00e4nn\u00e4skr\u00f6ket f\u00f6rbinder sig att respektera och skydda s\u00e5dan information och din personliga integritet i enlighet med g\u00e4llande svensk lagstiftning. Genom att godk\u00e4nna [&hellip;]\" \/>\n<meta property=\"og:url\" content=\"https:\/\/tannaskroket.se\/en\/privacy-policy\/\" \/>\n<meta property=\"og:site_name\" content=\"T\u00e4nn\u00e4skr\u00f6ket\" \/>\n<meta property=\"article:publisher\" content=\"https:\/\/www.facebook.com\/Tannaskroket\/\" \/>\n<meta property=\"article:modified_time\" content=\"2023-08-03T06:47:14+00:00\" \/>\n<meta name=\"twitter:card\" content=\"summary_large_image\" \/>\n<meta name=\"twitter:label1\" content=\"Estimated reading time\" \/>\n\t<meta name=\"twitter:data1\" content=\"5 minutes\" \/>\n<script type=\"application\/ld+json\" class=\"yoast-schema-graph\">{\"@context\":\"https:\/\/schema.org\",\"@graph\":[{\"@type\":\"WebPage\",\"@id\":\"https:\/\/tannaskroket.se\/personuppgiftspolicy\/\",\"url\":\"https:\/\/tannaskroket.se\/personuppgiftspolicy\/\",\"name\":\"Personuppgiftspolicy - T\u00e4nn\u00e4skr\u00f6ket\",\"isPartOf\":{\"@id\":\"https:\/\/tannaskroket.se\/#website\"},\"datePublished\":\"2018-05-30T11:54:00+00:00\",\"dateModified\":\"2023-08-03T06:47:14+00:00\",\"breadcrumb\":{\"@id\":\"https:\/\/tannaskroket.se\/personuppgiftspolicy\/#breadcrumb\"},\"inLanguage\":\"en-GB\",\"potentialAction\":[{\"@type\":\"ReadAction\",\"target\":[\"https:\/\/tannaskroket.se\/personuppgiftspolicy\/\"]}]},{\"@type\":\"BreadcrumbList\",\"@id\":\"https:\/\/tannaskroket.se\/personuppgiftspolicy\/#breadcrumb\",\"itemListElement\":[{\"@type\":\"ListItem\",\"position\":1,\"name\":\"Home\",\"item\":\"https:\/\/tannaskroket.se\/\"},{\"@type\":\"ListItem\",\"position\":2,\"name\":\"Personuppgiftspolicy\"}]},{\"@type\":\"WebSite\",\"@id\":\"https:\/\/tannaskroket.se\/#website\",\"url\":\"https:\/\/tannaskroket.se\/\",\"name\":\"T\u00e4nn\u00e4skr\u00f6ket\",\"description\":\"Ett eget st\u00e4lle i fj\u00e4llen\",\"publisher\":{\"@id\":\"https:\/\/tannaskroket.se\/#organization\"},\"potentialAction\":[{\"@type\":\"SearchAction\",\"target\":{\"@type\":\"EntryPoint\",\"urlTemplate\":\"https:\/\/tannaskroket.se\/?s={search_term_string}\"},\"query-input\":{\"@type\":\"PropertyValueSpecification\",\"valueRequired\":true,\"valueName\":\"search_term_string\"}}],\"inLanguage\":\"en-GB\"},{\"@type\":\"Organization\",\"@id\":\"https:\/\/tannaskroket.se\/#organization\",\"name\":\"T\u00e4nn\u00e4skr\u00f6ket\",\"url\":\"https:\/\/tannaskroket.se\/\",\"logo\":{\"@type\":\"ImageObject\",\"inLanguage\":\"en-GB\",\"@id\":\"https:\/\/tannaskroket.se\/#\/schema\/logo\/image\/\",\"url\":\"https:\/\/tannaskroket.se\/wp-content\/uploads\/2022\/10\/tk_logo_100_s2.png\",\"contentUrl\":\"https:\/\/tannaskroket.se\/wp-content\/uploads\/2022\/10\/tk_logo_100_s2.png\",\"width\":100,\"height\":100,\"caption\":\"T\u00e4nn\u00e4skr\u00f6ket\"},\"image\":{\"@id\":\"https:\/\/tannaskroket.se\/#\/schema\/logo\/image\/\"},\"sameAs\":[\"https:\/\/www.facebook.com\/Tannaskroket\/\",\"https:\/\/www.instagram.com\/tannaskroket\/\"]}]}<\/script>\n<!-- \/ Yoast SEO plugin. -->","yoast_head_json":{"title":"Privacy policy - T\u00e4nn\u00e4skr\u00f6ket","robots":{"index":"index","follow":"follow","max-snippet":"max-snippet:-1","max-image-preview":"max-image-preview:large","max-video-preview":"max-video-preview:-1"},"canonical":"https:\/\/tannaskroket.se\/en\/privacy-policy\/","og_locale":"en_GB","og_type":"article","og_title":"Personuppgiftspolicy - T\u00e4nn\u00e4skr\u00f6ket","og_description":"T\u00e4nn\u00e4skr\u00f6ket AB v\u00e4rnar om din personliga integritet och str\u00e4var efter att skydda dina personuppgifter p\u00e5 b\u00e4sta s\u00e4tt. Denna policy redog\u00f6r f\u00f6r T\u00e4nn\u00e4skr\u00f6kets best\u00e4mmelser kring insamlande och behandling av personuppgifter samt anv\u00e4ndande av cookies. T\u00e4nn\u00e4skr\u00f6ket f\u00f6rbinder sig att respektera och skydda s\u00e5dan information och din personliga integritet i enlighet med g\u00e4llande svensk lagstiftning. Genom att godk\u00e4nna [&hellip;]","og_url":"https:\/\/tannaskroket.se\/en\/privacy-policy\/","og_site_name":"T\u00e4nn\u00e4skr\u00f6ket","article_publisher":"https:\/\/www.facebook.com\/Tannaskroket\/","article_modified_time":"2023-08-03T06:47:14+00:00","twitter_card":"summary_large_image","twitter_misc":{"Estimated reading time":"5 minutes"},"schema":{"@context":"https:\/\/schema.org","@graph":[{"@type":"WebPage","@id":"https:\/\/tannaskroket.se\/personuppgiftspolicy\/","url":"https:\/\/tannaskroket.se\/personuppgiftspolicy\/","name":"Privacy policy - T\u00e4nn\u00e4skr\u00f6ket","isPartOf":{"@id":"https:\/\/tannaskroket.se\/#website"},"datePublished":"2018-05-30T11:54:00+00:00","dateModified":"2023-08-03T06:47:14+00:00","breadcrumb":{"@id":"https:\/\/tannaskroket.se\/personuppgiftspolicy\/#breadcrumb"},"inLanguage":"en-GB","potentialAction":[{"@type":"ReadAction","target":["https:\/\/tannaskroket.se\/personuppgiftspolicy\/"]}]},{"@type":"BreadcrumbList","@id":"https:\/\/tannaskroket.se\/personuppgiftspolicy\/#breadcrumb","itemListElement":[{"@type":"ListItem","position":1,"name":"Home","item":"https:\/\/tannaskroket.se\/"},{"@type":"ListItem","position":2,"name":"Personuppgiftspolicy"}]},{"@type":"WebSite","@id":"https:\/\/tannaskroket.se\/#website","url":"https:\/\/tannaskroket.se\/","name":"T\u00e4nn\u00e4skr\u00f6ket","description":"A place of your own in the mountains","publisher":{"@id":"https:\/\/tannaskroket.se\/#organization"},"potentialAction":[{"@type":"SearchAction","target":{"@type":"EntryPoint","urlTemplate":"https:\/\/tannaskroket.se\/?s={search_term_string}"},"query-input":{"@type":"PropertyValueSpecification","valueRequired":true,"valueName":"search_term_string"}}],"inLanguage":"en-GB"},{"@type":"Organization","@id":"https:\/\/tannaskroket.se\/#organization","name":"T\u00e4nn\u00e4skr\u00f6ket","url":"https:\/\/tannaskroket.se\/","logo":{"@type":"ImageObject","inLanguage":"en-GB","@id":"https:\/\/tannaskroket.se\/#\/schema\/logo\/image\/","url":"https:\/\/tannaskroket.se\/wp-content\/uploads\/2022\/10\/tk_logo_100_s2.png","contentUrl":"https:\/\/tannaskroket.se\/wp-content\/uploads\/2022\/10\/tk_logo_100_s2.png","width":100,"height":100,"caption":"T\u00e4nn\u00e4skr\u00f6ket"},"image":{"@id":"https:\/\/tannaskroket.se\/#\/schema\/logo\/image\/"},"sameAs":["https:\/\/www.facebook.com\/Tannaskroket\/","https:\/\/www.instagram.com\/tannaskroket\/"]}]}},"_links":{"self":[{"href":"https:\/\/tannaskroket.se\/en\/wp-json\/wp\/v2\/pages\/4009","targetHints":{"allow":["GET"]}}],"collection":[{"href":"https:\/\/tannaskroket.se\/en\/wp-json\/wp\/v2\/pages"}],"about":[{"href":"https:\/\/tannaskroket.se\/en\/wp-json\/wp\/v2\/types\/page"}],"author":[{"embeddable":true,"href":"https:\/\/tannaskroket.se\/en\/wp-json\/wp\/v2\/users\/2"}],"replies":[{"embeddable":true,"href":"https:\/\/tannaskroket.se\/en\/wp-json\/wp\/v2\/comments?post=4009"}],"version-history":[{"count":1,"href":"https:\/\/tannaskroket.se\/en\/wp-json\/wp\/v2\/pages\/4009\/revisions"}],"predecessor-version":[{"id":10583,"href":"https:\/\/tannaskroket.se\/en\/wp-json\/wp\/v2\/pages\/4009\/revisions\/10583"}],"wp:attachment":[{"href":"https:\/\/tannaskroket.se\/en\/wp-json\/wp\/v2\/media?parent=4009"}],"wp:term":[{"taxonomy":"sidkategorier","embeddable":true,"href":"https:\/\/tannaskroket.se\/en\/wp-json\/wp\/v2\/sidkategorier?post=4009"}],"curies":[{"name":"wp","href":"https:\/\/api.w.org\/{rel}","templated":true}]}}