{"id":5778,"date":"2018-08-21T13:39:23","date_gmt":"2018-08-21T11:39:23","guid":{"rendered":"https:\/\/dev.tannaskroket.se\/?page_id=5778"},"modified":"2024-04-05T09:44:45","modified_gmt":"2024-04-05T07:44:45","slug":"cross-country-skiing-with-headlamp","status":"publish","type":"page","link":"https:\/\/tannaskroket.se\/en\/vinter\/langdskidakning-med-pannlampa\/","title":{"rendered":"Cross-country skiing with headlamp"},"content":{"rendered":"\t\t<div data-elementor-type=\"wp-page\" data-elementor-id=\"5778\" class=\"elementor elementor-5778\" data-elementor-post-type=\"page\">\n\t\t\t\t\t\t<section class=\"elementor-section elementor-top-section elementor-element elementor-element-6f230f45 elementor-section-height-min-height full-height-header elementor-section-boxed elementor-section-height-default elementor-section-items-middle\" data-id=\"6f230f45\" data-element_type=\"section\" data-e-type=\"section\" data-settings=\"{&quot;background_background&quot;:&quot;classic&quot;,&quot;sticky&quot;:&quot;top&quot;,&quot;sticky_offset&quot;:95,&quot;sticky_on&quot;:[&quot;desktop&quot;,&quot;tablet&quot;,&quot;mobile&quot;],&quot;sticky_effects_offset&quot;:0,&quot;sticky_anchor_link_offset&quot;:0}\">\n\t\t\t\t\t\t<div class=\"elementor-container elementor-column-gap-default\">\n\t\t\t\t\t<div class=\"elementor-column elementor-col-100 elementor-top-column elementor-element elementor-element-75d09700\" data-id=\"75d09700\" data-element_type=\"column\" data-e-type=\"column\">\n\t\t\t<div class=\"elementor-widget-wrap elementor-element-populated\">\n\t\t\t\t\t\t<section class=\"elementor-section elementor-inner-section elementor-element elementor-element-476e3d4 full-height-header-content elementor-section-boxed elementor-section-height-default elementor-section-height-default\" data-id=\"476e3d4\" data-element_type=\"section\" data-e-type=\"section\" data-settings=\"{&quot;background_background&quot;:&quot;classic&quot;}\">\n\t\t\t\t\t\t<div class=\"elementor-container elementor-column-gap-default\">\n\t\t\t\t\t<div class=\"elementor-column elementor-col-100 elementor-inner-column elementor-element elementor-element-5885657c\" data-id=\"5885657c\" data-element_type=\"column\" data-e-type=\"column\">\n\t\t\t<div class=\"elementor-widget-wrap elementor-element-populated\">\n\t\t\t\t\t\t<div class=\"elementor-element elementor-element-38d788ff full-height-header-h1 elementor-widget elementor-widget-heading\" data-id=\"38d788ff\" data-element_type=\"widget\" data-e-type=\"widget\" data-widget_type=\"heading.default\">\n\t\t\t\t<div class=\"elementor-widget-container\">\n\t\t\t\t\t<h1 class=\"elementor-heading-title elementor-size-default\">IBLAND \u00c4R DAGARNA KORTA I NORR - F\u00d6RL\u00c4NG DAGEN MED EN L\u00c4NGDTUR I LAMPANS KLARA SKEN!<\/h1>\t\t\t\t<\/div>\n\t\t\t\t<\/div>\n\t\t\t\t<div class=\"elementor-element elementor-element-9e3b34f full-height-header-content-more elementor-widget elementor-widget-heading\" data-id=\"9e3b34f\" data-element_type=\"widget\" data-e-type=\"widget\" data-widget_type=\"heading.default\">\n\t\t\t\t<div class=\"elementor-widget-container\">\n\t\t\t\t\t<h3 class=\"elementor-heading-title elementor-size-default\">L\u00e4s mer<\/h3>\t\t\t\t<\/div>\n\t\t\t\t<\/div>\n\t\t\t\t<div class=\"elementor-element elementor-element-7c386e96 full-height-header-content-icon elementor-view-default elementor-widget elementor-widget-icon\" data-id=\"7c386e96\" data-element_type=\"widget\" data-e-type=\"widget\" data-widget_type=\"icon.default\">\n\t\t\t\t<div class=\"elementor-widget-container\">\n\t\t\t\t\t\t\t<div class=\"elementor-icon-wrapper\">\n\t\t\t<div class=\"elementor-icon\">\n\t\t\t<i aria-hidden=\"true\" class=\"fas fa-chevron-down\"><\/i>\t\t\t<\/div>\n\t\t<\/div>\n\t\t\t\t\t\t<\/div>\n\t\t\t\t<\/div>\n\t\t\t\t\t<\/div>\n\t\t<\/div>\n\t\t\t\t\t<\/div>\n\t\t<\/section>\n\t\t\t\t\t<\/div>\n\t\t<\/div>\n\t\t\t\t\t<\/div>\n\t\t<\/section>\n\t\t\t\t<section class=\"elementor-section elementor-top-section elementor-element elementor-element-5160e5db elementor-standard-section elementor-section-boxed elementor-section-height-default elementor-section-height-default\" data-id=\"5160e5db\" data-element_type=\"section\" data-e-type=\"section\" data-settings=\"{&quot;background_background&quot;:&quot;classic&quot;}\">\n\t\t\t\t\t\t<div class=\"elementor-container elementor-column-gap-default\">\n\t\t\t\t\t<div class=\"elementor-column elementor-col-100 elementor-top-column elementor-element elementor-element-678a5236\" data-id=\"678a5236\" data-element_type=\"column\" data-e-type=\"column\">\n\t\t\t<div class=\"elementor-widget-wrap elementor-element-populated\">\n\t\t\t\t\t\t<section class=\"elementor-section elementor-inner-section elementor-element elementor-element-9aaa573 elementor-section-boxed elementor-section-height-default elementor-section-height-default\" data-id=\"9aaa573\" data-element_type=\"section\" data-e-type=\"section\">\n\t\t\t\t\t\t<div class=\"elementor-container elementor-column-gap-default\">\n\t\t\t\t\t<div class=\"elementor-column elementor-col-33 elementor-inner-column elementor-element elementor-element-8d1b81f\" data-id=\"8d1b81f\" data-element_type=\"column\" data-e-type=\"column\">\n\t\t\t<div class=\"elementor-widget-wrap elementor-element-populated\">\n\t\t\t\t\t\t<div class=\"elementor-element elementor-element-c60e95a elementor-widget elementor-widget-text-editor\" data-id=\"c60e95a\" data-element_type=\"widget\" data-e-type=\"widget\" data-widget_type=\"text-editor.default\">\n\t\t\t\t<div class=\"elementor-widget-container\">\n\t\t\t\t\t\t\t\t\t<div class=\"cb-column\"><p>Hyr en pannlampa och ger dig ut p\u00e5 en motionsrunda i v\u00e5ra l\u00e4ngdsp\u00e5r. Med pannlampans sken blir det till ett \u00e4ventyr f\u00f6r b\u00e5de kropp och sj\u00e4l.<\/p><p>Ni hyr pannlamporna inne i v\u00e5r shop p\u00e5 T\u00e4nn\u00e4skr\u00f6ket. D\u00e4r s\u00e4ljer vi \u00e4ven Nordic Ski passen f\u00f6r hela Fun\u00e4sfj\u00e4llen.<\/p><\/div><div id=\"cb_js_detail_info_1940679\" class=\"cb-clmn-2\"><div class=\"cb-descr\"><div class=\"cb-cnt-tgl cb-clpsd cb-js-descr\"><p>Vi vill vi inspirera er att prova nya aktiviteter och \u00e4ventyr hos oss. Det kan vara en kv\u00e4llstur f\u00f6r att se p\u00e5 himmeln med alla stj\u00e4rnor eller varf\u00f6r inte tr\u00e4na fl\u00e5set en stund i v\u00e5ra motionssp\u00e5r.<\/p><\/div><\/div><\/div>\t\t\t\t\t\t\t\t<\/div>\n\t\t\t\t<\/div>\n\t\t\t\t\t<\/div>\n\t\t<\/div>\n\t\t\t\t<div class=\"elementor-column elementor-col-33 elementor-inner-column elementor-element elementor-element-c2a6fd1\" data-id=\"c2a6fd1\" data-element_type=\"column\" data-e-type=\"column\">\n\t\t\t<div class=\"elementor-widget-wrap\">\n\t\t\t\t\t\t\t<\/div>\n\t\t<\/div>\n\t\t\t\t<div class=\"elementor-column elementor-col-33 elementor-inner-column elementor-element elementor-element-818038b\" data-id=\"818038b\" data-element_type=\"column\" data-e-type=\"column\">\n\t\t\t<div class=\"elementor-widget-wrap elementor-element-populated\">\n\t\t\t\t\t\t<div class=\"elementor-element elementor-element-45b3968 elementor-widget elementor-widget-image\" data-id=\"45b3968\" data-element_type=\"widget\" data-e-type=\"widget\" data-widget_type=\"image.default\">\n\t\t\t\t<div class=\"elementor-widget-container\">\n\t\t\t\t\t\t\t\t\t\t\t\t\t\t\t<img fetchpriority=\"high\" decoding=\"async\" width=\"284\" height=\"367\" src=\"https:\/\/tannaskroket.se\/wp-content\/uploads\/2015\/08\/winter-cross-country-04.jpg\" class=\"attachment-full size-full wp-image-1972\" alt=\"\" srcset=\"https:\/\/tannaskroket.se\/wp-content\/uploads\/2015\/08\/winter-cross-country-04.jpg 284w, https:\/\/tannaskroket.se\/wp-content\/uploads\/2015\/08\/winter-cross-country-04-232x300.jpg 232w\" sizes=\"(max-width: 284px) 100vw, 284px\" \/>\t\t\t\t\t\t\t\t\t\t\t\t\t\t\t<\/div>\n\t\t\t\t<\/div>\n\t\t\t\t\t<\/div>\n\t\t<\/div>\n\t\t\t\t\t<\/div>\n\t\t<\/section>\n\t\t\t\t\t<\/div>\n\t\t<\/div>\n\t\t\t\t\t<\/div>\n\t\t<\/section>\n\t\t\t\t<\/div>\n\t\t","protected":false},"excerpt":{"rendered":"<p>IBLAND \u00c4R DAGARNA KORTA I NORR &#8211; F\u00d6RL\u00c4NG DAGEN MED EN L\u00c4NGDTUR I LAMPANS KLARA SKEN! L\u00e4s mer Hyr en pannlampa och ger dig ut p\u00e5 en motionsrunda i v\u00e5ra l\u00e4ngdsp\u00e5r. Med pannlampans sken blir det till ett \u00e4ventyr f\u00f6r b\u00e5de kropp och sj\u00e4l. Ni hyr pannlamporna inne i v\u00e5r shop p\u00e5 T\u00e4nn\u00e4skr\u00f6ket. D\u00e4r s\u00e4ljer [&hellip;]<\/p>\n","protected":false},"author":2,"featured_media":5779,"parent":1459,"menu_order":0,"comment_status":"closed","ping_status":"closed","template":"","meta":{"site-sidebar-layout":"no-sidebar","site-content-layout":"page-builder","ast-site-content-layout":"full-width-container","site-content-style":"unboxed","site-sidebar-style":"unboxed","ast-global-header-display":"","ast-banner-title-visibility":"","ast-main-header-display":"","ast-hfb-above-header-display":"","ast-hfb-below-header-display":"","ast-hfb-mobile-header-display":"","site-post-title":"disabled","ast-breadcrumbs-content":"","ast-featured-img":"disabled","footer-sml-layout":"","ast-disable-related-posts":"","theme-transparent-header-meta":"","adv-header-id-meta":"","stick-header-meta":"","header-above-stick-meta":"","header-main-stick-meta":"","header-below-stick-meta":"","astra-migrate-meta-layouts":"set","ast-page-background-enabled":"default","ast-page-background-meta":{"desktop":{"background-color":"var(--ast-global-color-4)","background-image":"","background-repeat":"repeat","background-position":"center center","background-size":"auto","background-attachment":"scroll","background-type":"","background-media":"","overlay-type":"","overlay-color":"","overlay-opacity":"","overlay-gradient":""},"tablet":{"background-color":"","background-image":"","background-repeat":"repeat","background-position":"center center","background-size":"auto","background-attachment":"scroll","background-type":"","background-media":"","overlay-type":"","overlay-color":"","overlay-opacity":"","overlay-gradient":""},"mobile":{"background-color":"","background-image":"","background-repeat":"repeat","background-position":"center center","background-size":"auto","background-attachment":"scroll","background-type":"","background-media":"","overlay-type":"","overlay-color":"","overlay-opacity":"","overlay-gradient":""}},"ast-content-background-meta":{"desktop":{"background-color":"var(--ast-global-color-5)","background-image":"","background-repeat":"repeat","background-position":"center center","background-size":"auto","background-attachment":"scroll","background-type":"","background-media":"","overlay-type":"","overlay-color":"","overlay-opacity":"","overlay-gradient":""},"tablet":{"background-color":"var(--ast-global-color-5)","background-image":"","background-repeat":"repeat","background-position":"center center","background-size":"auto","background-attachment":"scroll","background-type":"","background-media":"","overlay-type":"","overlay-color":"","overlay-opacity":"","overlay-gradient":""},"mobile":{"background-color":"var(--ast-global-color-5)","background-image":"","background-repeat":"repeat","background-position":"center center","background-size":"auto","background-attachment":"scroll","background-type":"","background-media":"","overlay-type":"","overlay-color":"","overlay-opacity":"","overlay-gradient":""}},"footnotes":""},"sidkategorier":[50],"class_list":["post-5778","page","type-page","status-publish","has-post-thumbnail","hentry","sidkategorier-vinter"],"yoast_head":"<!-- This site is optimized with the Yoast SEO plugin v27.1.1 - https:\/\/yoast.com\/product\/yoast-seo-wordpress\/ -->\n<title>L\u00e4ngdskid\u00e5kning med pannlampa - T\u00e4nn\u00e4skr\u00f6ket<\/title>\n<meta name=\"description\" content=\"Hyr en pannlampa och ger dig ut p\u00e5 en motionsrunda i v\u00e5ra l\u00e4ngdsp\u00e5r. Med pannlampans sken blir det till ett \u00e4ventyr f\u00f6r b\u00e5de kropp och sj\u00e4l.\" \/>\n<meta name=\"robots\" content=\"index, follow, max-snippet:-1, max-image-preview:large, max-video-preview:-1\" \/>\n<link rel=\"canonical\" href=\"https:\/\/tannaskroket.se\/en\/winter\/cross-country-skiing-with-headlamp\/\" \/>\n<meta property=\"og:locale\" content=\"en_GB\" \/>\n<meta property=\"og:type\" content=\"article\" \/>\n<meta property=\"og:title\" content=\"L\u00e4ngdskid\u00e5kning med pannlampa - T\u00e4nn\u00e4skr\u00f6ket\" \/>\n<meta property=\"og:description\" content=\"Hyr en pannlampa och ger dig ut p\u00e5 en motionsrunda i v\u00e5ra l\u00e4ngdsp\u00e5r. Med pannlampans sken blir det till ett \u00e4ventyr f\u00f6r b\u00e5de kropp och sj\u00e4l.\" \/>\n<meta property=\"og:url\" content=\"https:\/\/tannaskroket.se\/en\/winter\/cross-country-skiing-with-headlamp\/\" \/>\n<meta property=\"og:site_name\" content=\"T\u00e4nn\u00e4skr\u00f6ket\" \/>\n<meta property=\"article:publisher\" content=\"https:\/\/www.facebook.com\/Tannaskroket\/\" \/>\n<meta property=\"article:modified_time\" content=\"2024-04-05T07:44:45+00:00\" \/>\n<meta property=\"og:image\" content=\"https:\/\/tannaskroket.se\/wp-content\/uploads\/2020\/08\/DJI_0781-scaled-e1598009213100.jpg\" \/>\n\t<meta property=\"og:image:width\" content=\"2560\" \/>\n\t<meta property=\"og:image:height\" content=\"2048\" \/>\n\t<meta property=\"og:image:type\" content=\"image\/jpeg\" \/>\n<meta name=\"twitter:card\" content=\"summary_large_image\" \/>\n<meta name=\"twitter:label1\" content=\"Estimated reading time\" \/>\n\t<meta name=\"twitter:data1\" content=\"1 minute\" \/>\n<script type=\"application\/ld+json\" class=\"yoast-schema-graph\">{\"@context\":\"https:\/\/schema.org\",\"@graph\":[{\"@type\":\"WebPage\",\"@id\":\"https:\/\/tannaskroket.se\/vinter\/langdskidakning-med-pannlampa\/\",\"url\":\"https:\/\/tannaskroket.se\/vinter\/langdskidakning-med-pannlampa\/\",\"name\":\"L\u00e4ngdskid\u00e5kning med pannlampa - T\u00e4nn\u00e4skr\u00f6ket\",\"isPartOf\":{\"@id\":\"https:\/\/tannaskroket.se\/#website\"},\"primaryImageOfPage\":{\"@id\":\"https:\/\/tannaskroket.se\/vinter\/langdskidakning-med-pannlampa\/#primaryimage\"},\"image\":{\"@id\":\"https:\/\/tannaskroket.se\/vinter\/langdskidakning-med-pannlampa\/#primaryimage\"},\"thumbnailUrl\":\"https:\/\/tannaskroket.se\/wp-content\/uploads\/2020\/08\/DJI_0781-scaled-e1598009213100.jpg\",\"datePublished\":\"2018-08-21T11:39:23+00:00\",\"dateModified\":\"2024-04-05T07:44:45+00:00\",\"description\":\"Hyr en pannlampa och ger dig ut p\u00e5 en motionsrunda i v\u00e5ra l\u00e4ngdsp\u00e5r. Med pannlampans sken blir det till ett \u00e4ventyr f\u00f6r b\u00e5de kropp och sj\u00e4l.\",\"breadcrumb\":{\"@id\":\"https:\/\/tannaskroket.se\/vinter\/langdskidakning-med-pannlampa\/#breadcrumb\"},\"inLanguage\":\"en-GB\",\"potentialAction\":[{\"@type\":\"ReadAction\",\"target\":[\"https:\/\/tannaskroket.se\/vinter\/langdskidakning-med-pannlampa\/\"]}]},{\"@type\":\"ImageObject\",\"inLanguage\":\"en-GB\",\"@id\":\"https:\/\/tannaskroket.se\/vinter\/langdskidakning-med-pannlampa\/#primaryimage\",\"url\":\"https:\/\/tannaskroket.se\/wp-content\/uploads\/2020\/08\/DJI_0781-scaled-e1598009213100.jpg\",\"contentUrl\":\"https:\/\/tannaskroket.se\/wp-content\/uploads\/2020\/08\/DJI_0781-scaled-e1598009213100.jpg\",\"width\":2773,\"height\":3466,\"caption\":\"L\u00e4ngdskid\u00e5kning med pannlampa\"},{\"@type\":\"BreadcrumbList\",\"@id\":\"https:\/\/tannaskroket.se\/vinter\/langdskidakning-med-pannlampa\/#breadcrumb\",\"itemListElement\":[{\"@type\":\"ListItem\",\"position\":1,\"name\":\"Home\",\"item\":\"https:\/\/tannaskroket.se\/\"},{\"@type\":\"ListItem\",\"position\":2,\"name\":\"Vinter\",\"item\":\"https:\/\/tannaskroket.se\/vinter\/\"},{\"@type\":\"ListItem\",\"position\":3,\"name\":\"L\u00e4ngdskid\u00e5kning med pannlampa\"}]},{\"@type\":\"WebSite\",\"@id\":\"https:\/\/tannaskroket.se\/#website\",\"url\":\"https:\/\/tannaskroket.se\/\",\"name\":\"T\u00e4nn\u00e4skr\u00f6ket\",\"description\":\"Ett eget st\u00e4lle i fj\u00e4llen\",\"publisher\":{\"@id\":\"https:\/\/tannaskroket.se\/#organization\"},\"potentialAction\":[{\"@type\":\"SearchAction\",\"target\":{\"@type\":\"EntryPoint\",\"urlTemplate\":\"https:\/\/tannaskroket.se\/?s={search_term_string}\"},\"query-input\":{\"@type\":\"PropertyValueSpecification\",\"valueRequired\":true,\"valueName\":\"search_term_string\"}}],\"inLanguage\":\"en-GB\"},{\"@type\":\"Organization\",\"@id\":\"https:\/\/tannaskroket.se\/#organization\",\"name\":\"T\u00e4nn\u00e4skr\u00f6ket\",\"url\":\"https:\/\/tannaskroket.se\/\",\"logo\":{\"@type\":\"ImageObject\",\"inLanguage\":\"en-GB\",\"@id\":\"https:\/\/tannaskroket.se\/#\/schema\/logo\/image\/\",\"url\":\"https:\/\/tannaskroket.se\/wp-content\/uploads\/2022\/10\/tk_logo_100_s2.png\",\"contentUrl\":\"https:\/\/tannaskroket.se\/wp-content\/uploads\/2022\/10\/tk_logo_100_s2.png\",\"width\":100,\"height\":100,\"caption\":\"T\u00e4nn\u00e4skr\u00f6ket\"},\"image\":{\"@id\":\"https:\/\/tannaskroket.se\/#\/schema\/logo\/image\/\"},\"sameAs\":[\"https:\/\/www.facebook.com\/Tannaskroket\/\",\"https:\/\/www.instagram.com\/tannaskroket\/\"]}]}<\/script>\n<!-- \/ Yoast SEO plugin. -->","yoast_head_json":{"title":"Cross-country skiing with headlamp - T\u00e4nn\u00e4skr\u00f6ket","description":"Rent a headlamp and go for a run on our cross-country trails. With the glow of the headlamp, it becomes an adventure for both body and soul.","robots":{"index":"index","follow":"follow","max-snippet":"max-snippet:-1","max-image-preview":"max-image-preview:large","max-video-preview":"max-video-preview:-1"},"canonical":"https:\/\/tannaskroket.se\/en\/winter\/cross-country-skiing-with-headlamp\/","og_locale":"en_GB","og_type":"article","og_title":"L\u00e4ngdskid\u00e5kning med pannlampa - T\u00e4nn\u00e4skr\u00f6ket","og_description":"Hyr en pannlampa och ger dig ut p\u00e5 en motionsrunda i v\u00e5ra l\u00e4ngdsp\u00e5r. Med pannlampans sken blir det till ett \u00e4ventyr f\u00f6r b\u00e5de kropp och sj\u00e4l.","og_url":"https:\/\/tannaskroket.se\/en\/winter\/cross-country-skiing-with-headlamp\/","og_site_name":"T\u00e4nn\u00e4skr\u00f6ket","article_publisher":"https:\/\/www.facebook.com\/Tannaskroket\/","article_modified_time":"2024-04-05T07:44:45+00:00","og_image":[{"width":2560,"height":2048,"url":"https:\/\/tannaskroket.se\/wp-content\/uploads\/2020\/08\/DJI_0781-scaled-e1598009213100.jpg","type":"image\/jpeg"}],"twitter_card":"summary_large_image","twitter_misc":{"Estimated reading time":"1 minute"},"schema":{"@context":"https:\/\/schema.org","@graph":[{"@type":"WebPage","@id":"https:\/\/tannaskroket.se\/vinter\/langdskidakning-med-pannlampa\/","url":"https:\/\/tannaskroket.se\/vinter\/langdskidakning-med-pannlampa\/","name":"Cross-country skiing with headlamp - T\u00e4nn\u00e4skr\u00f6ket","isPartOf":{"@id":"https:\/\/tannaskroket.se\/#website"},"primaryImageOfPage":{"@id":"https:\/\/tannaskroket.se\/vinter\/langdskidakning-med-pannlampa\/#primaryimage"},"image":{"@id":"https:\/\/tannaskroket.se\/vinter\/langdskidakning-med-pannlampa\/#primaryimage"},"thumbnailUrl":"https:\/\/tannaskroket.se\/wp-content\/uploads\/2020\/08\/DJI_0781-scaled-e1598009213100.jpg","datePublished":"2018-08-21T11:39:23+00:00","dateModified":"2024-04-05T07:44:45+00:00","description":"Rent a headlamp and go for a run on our cross-country trails. With the glow of the headlamp, it becomes an adventure for both body and soul.","breadcrumb":{"@id":"https:\/\/tannaskroket.se\/vinter\/langdskidakning-med-pannlampa\/#breadcrumb"},"inLanguage":"en-GB","potentialAction":[{"@type":"ReadAction","target":["https:\/\/tannaskroket.se\/vinter\/langdskidakning-med-pannlampa\/"]}]},{"@type":"ImageObject","inLanguage":"en-GB","@id":"https:\/\/tannaskroket.se\/vinter\/langdskidakning-med-pannlampa\/#primaryimage","url":"https:\/\/tannaskroket.se\/wp-content\/uploads\/2020\/08\/DJI_0781-scaled-e1598009213100.jpg","contentUrl":"https:\/\/tannaskroket.se\/wp-content\/uploads\/2020\/08\/DJI_0781-scaled-e1598009213100.jpg","width":2773,"height":3466,"caption":"L\u00e4ngdskid\u00e5kning med pannlampa"},{"@type":"BreadcrumbList","@id":"https:\/\/tannaskroket.se\/vinter\/langdskidakning-med-pannlampa\/#breadcrumb","itemListElement":[{"@type":"ListItem","position":1,"name":"Home","item":"https:\/\/tannaskroket.se\/"},{"@type":"ListItem","position":2,"name":"Vinter","item":"https:\/\/tannaskroket.se\/vinter\/"},{"@type":"ListItem","position":3,"name":"L\u00e4ngdskid\u00e5kning med pannlampa"}]},{"@type":"WebSite","@id":"https:\/\/tannaskroket.se\/#website","url":"https:\/\/tannaskroket.se\/","name":"T\u00e4nn\u00e4skr\u00f6ket","description":"A place of your own in the mountains","publisher":{"@id":"https:\/\/tannaskroket.se\/#organization"},"potentialAction":[{"@type":"SearchAction","target":{"@type":"EntryPoint","urlTemplate":"https:\/\/tannaskroket.se\/?s={search_term_string}"},"query-input":{"@type":"PropertyValueSpecification","valueRequired":true,"valueName":"search_term_string"}}],"inLanguage":"en-GB"},{"@type":"Organization","@id":"https:\/\/tannaskroket.se\/#organization","name":"T\u00e4nn\u00e4skr\u00f6ket","url":"https:\/\/tannaskroket.se\/","logo":{"@type":"ImageObject","inLanguage":"en-GB","@id":"https:\/\/tannaskroket.se\/#\/schema\/logo\/image\/","url":"https:\/\/tannaskroket.se\/wp-content\/uploads\/2022\/10\/tk_logo_100_s2.png","contentUrl":"https:\/\/tannaskroket.se\/wp-content\/uploads\/2022\/10\/tk_logo_100_s2.png","width":100,"height":100,"caption":"T\u00e4nn\u00e4skr\u00f6ket"},"image":{"@id":"https:\/\/tannaskroket.se\/#\/schema\/logo\/image\/"},"sameAs":["https:\/\/www.facebook.com\/Tannaskroket\/","https:\/\/www.instagram.com\/tannaskroket\/"]}]}},"_links":{"self":[{"href":"https:\/\/tannaskroket.se\/en\/wp-json\/wp\/v2\/pages\/5778","targetHints":{"allow":["GET"]}}],"collection":[{"href":"https:\/\/tannaskroket.se\/en\/wp-json\/wp\/v2\/pages"}],"about":[{"href":"https:\/\/tannaskroket.se\/en\/wp-json\/wp\/v2\/types\/page"}],"author":[{"embeddable":true,"href":"https:\/\/tannaskroket.se\/en\/wp-json\/wp\/v2\/users\/2"}],"replies":[{"embeddable":true,"href":"https:\/\/tannaskroket.se\/en\/wp-json\/wp\/v2\/comments?post=5778"}],"version-history":[{"count":5,"href":"https:\/\/tannaskroket.se\/en\/wp-json\/wp\/v2\/pages\/5778\/revisions"}],"predecessor-version":[{"id":13500,"href":"https:\/\/tannaskroket.se\/en\/wp-json\/wp\/v2\/pages\/5778\/revisions\/13500"}],"up":[{"embeddable":true,"href":"https:\/\/tannaskroket.se\/en\/wp-json\/wp\/v2\/pages\/1459"}],"wp:featuredmedia":[{"embeddable":true,"href":"https:\/\/tannaskroket.se\/en\/wp-json\/wp\/v2\/media\/5779"}],"wp:attachment":[{"href":"https:\/\/tannaskroket.se\/en\/wp-json\/wp\/v2\/media?parent=5778"}],"wp:term":[{"taxonomy":"sidkategorier","embeddable":true,"href":"https:\/\/tannaskroket.se\/en\/wp-json\/wp\/v2\/sidkategorier?post=5778"}],"curies":[{"name":"wp","href":"https:\/\/api.w.org\/{rel}","templated":true}]}}